{"id":3489,"date":"2025-03-09T13:12:06","date_gmt":"2025-03-09T13:12:06","guid":{"rendered":"https:\/\/artstella-elixirs-floraux.com\/product\/defender-of-the-source-15-ml-ltoe\/"},"modified":"2026-05-06T17:39:58","modified_gmt":"2026-05-06T17:39:58","slug":"defender-of-the-source-15-ml-ltoe","status":"publish","type":"product","link":"https:\/\/artstella-elixirs-floraux.com\/en\/product\/defender-of-the-source-15-ml-ltoe\/","title":{"rendered":"DEFENDER OF THE SOURCE 15 ML LTOE"},"content":{"rendered":"<p><strong><em>Defender of the Source \/ D\u00e9fense de la Source *<\/em><\/strong><em> (Defender from the Dark et Source of Life).<\/em>\u00a0 Ce dernier \u00e9veille \u00e0 la beaut\u00e9 du second chakra, pour exprimer la sexualit\u00e9 de fa\u00e7on naturelle. Cependant, l\u2019\u00e9nergie sexuelle poss\u00e8de des aspects sombres\u00a0; ce compos\u00e9 prot\u00e8gera la r\u00e9gion du chakra sacr\u00e9 contre l\u2019interf\u00e9rence de ces \u00e9nergies n\u00e9gatives. Cet \u00e9lixir semble agir comme un gardien des portes de l\u2019\u00e2me<\/p>","protected":false},"excerpt":{"rendered":"<p><strong><em>Defender of the Source \/ D\u00e9fense de la Source\u00a0<\/em><\/strong><em> (compos\u00e9 de Defender from the Dark et Source of Life).<\/em>\u00a0 Ce compos\u00e9 prot\u00e8gera la r\u00e9gion du chakra sacr\u00e9 contre l\u2019interf\u00e9rence de ces \u00e9nergies n\u00e9gatives. Cet \u00e9lixir semble agir comme un gardien des portes de l\u2019\u00e2me<\/p>","protected":false},"featured_media":7652,"template":"","meta":[],"product_brand":[],"product_cat":[131],"product_tag":[],"class_list":{"0":"post-3489","1":"product","2":"type-product","3":"status-publish","4":"has-post-thumbnail","6":"product_cat-les-composes","8":"first","9":"instock","10":"taxable","11":"shipping-taxable","12":"purchasable","13":"product-type-simple"},"etheme_brands":{"errors":{"invalid_taxonomy":["Invalid taxonomy."]},"error_data":[]},"jetpack_sharing_enabled":true,"jetpack-related-posts":[{"id":3529,"url":"https:\/\/artstella-elixirs-floraux.com\/en\/product\/vital-defense-15-ml-ltoe\/","url_meta":{"origin":3489,"position":0},"title":"VITAL DEFENSE 15 ML LTOE","author":"eveapprill","date":"27 May 2025","format":false,"excerpt":"Vital Defense \/ D\u00e9fense Vitale (Defender from the Dark et Vital Core). Il aide \u00e0 clarifier les aspects sombres du 2eme chakra et ils peuvent ainsi \u00eatre un compl\u00e9ment \u00e0 Defender of the Source. Ces \u00e9lixirs r\u00e9pondent tous au besoin de l\u2019accroissement n\u00e9cessaire de la conscience par rapport aux vrais\u2026","rel":"","context":"Similar post","block_context":{"text":"Similar post","link":""},"img":{"alt_text":"","src":"https:\/\/i0.wp.com\/artstella-elixirs-floraux.com\/wp-content\/uploads\/2025\/03\/917e648b-5ecb-49a5-84e1-a9642b54369f.jpg?resize=350%2C200&ssl=1","width":350,"height":200,"srcset":"https:\/\/i0.wp.com\/artstella-elixirs-floraux.com\/wp-content\/uploads\/2025\/03\/917e648b-5ecb-49a5-84e1-a9642b54369f.jpg?resize=350%2C200&ssl=1 1x, https:\/\/i0.wp.com\/artstella-elixirs-floraux.com\/wp-content\/uploads\/2025\/03\/917e648b-5ecb-49a5-84e1-a9642b54369f.jpg?resize=525%2C300&ssl=1 1.5x, https:\/\/i0.wp.com\/artstella-elixirs-floraux.com\/wp-content\/uploads\/2025\/03\/917e648b-5ecb-49a5-84e1-a9642b54369f.jpg?resize=700%2C400&ssl=1 2x"},"classes":[]},{"id":3487,"url":"https:\/\/artstella-elixirs-floraux.com\/en\/product\/defender-of-the-light-ltoe-15ml\/","url_meta":{"origin":3489,"position":1},"title":"DEFENDER OF THE LIGHT LTOE 15ML","author":"eveapprill","date":"9 March 2025","format":false,"excerpt":"Defender of Ligth \/ D\u00e9fenseur de la lumi\u00e8re * (Defender from the Dark et Violacea Veritas), L\u2019effet de Viola Veritas ouvrant et activant le troisi\u00e8me \u0153il peut amener la personne \u00e0 faire face \u00e0 des \u00e9nergies n\u00e9gatives, pouvant troubler la psych\u00e9.","rel":"","context":"Similar post","block_context":{"text":"Similar post","link":""},"img":{"alt_text":"","src":"https:\/\/i0.wp.com\/artstella-elixirs-floraux.com\/wp-content\/uploads\/2025\/03\/0c234c02-a4d7-4c04-87cb-0336c64d2c8a.jpg?resize=350%2C200&ssl=1","width":350,"height":200,"srcset":"https:\/\/i0.wp.com\/artstella-elixirs-floraux.com\/wp-content\/uploads\/2025\/03\/0c234c02-a4d7-4c04-87cb-0336c64d2c8a.jpg?resize=350%2C200&ssl=1 1x, https:\/\/i0.wp.com\/artstella-elixirs-floraux.com\/wp-content\/uploads\/2025\/03\/0c234c02-a4d7-4c04-87cb-0336c64d2c8a.jpg?resize=525%2C300&ssl=1 1.5x, https:\/\/i0.wp.com\/artstella-elixirs-floraux.com\/wp-content\/uploads\/2025\/03\/0c234c02-a4d7-4c04-87cb-0336c64d2c8a.jpg?resize=700%2C400&ssl=1 2x"},"classes":[]},{"id":3485,"url":"https:\/\/artstella-elixirs-floraux.com\/en\/product\/defend-and-protect-15-ml-ltoe\/","url_meta":{"origin":3489,"position":2},"title":"DEFEND AND PROTECT 15 ML LTOE","author":"eveapprill","date":"9 March 2025","format":false,"excerpt":"Defend and Protect \/ D\u00e9fense et Protection * (Defender from the Dark et Protective Presence) Il y a une similarit\u00e9 entre ces deux orchid\u00e9es en ce qu\u2019elles apportent une attention \u00e0 toute \u00e9preuve face aux influences malignes. Quand on doit faire face \u00e0 des entit\u00e9s n\u00e9gatives, ce compos\u00e9 apporte une\u2026","rel":"","context":"Similar post","block_context":{"text":"Similar post","link":""},"img":{"alt_text":"","src":"https:\/\/i0.wp.com\/artstella-elixirs-floraux.com\/wp-content\/uploads\/2025\/03\/56bfa7bf-53e2-4519-8fed-67e2d0d481ea.jpg?resize=350%2C200&ssl=1","width":350,"height":200,"srcset":"https:\/\/i0.wp.com\/artstella-elixirs-floraux.com\/wp-content\/uploads\/2025\/03\/56bfa7bf-53e2-4519-8fed-67e2d0d481ea.jpg?resize=350%2C200&ssl=1 1x, https:\/\/i0.wp.com\/artstella-elixirs-floraux.com\/wp-content\/uploads\/2025\/03\/56bfa7bf-53e2-4519-8fed-67e2d0d481ea.jpg?resize=525%2C300&ssl=1 1.5x, https:\/\/i0.wp.com\/artstella-elixirs-floraux.com\/wp-content\/uploads\/2025\/03\/56bfa7bf-53e2-4519-8fed-67e2d0d481ea.jpg?resize=700%2C400&ssl=1 2x"},"classes":[]},{"id":5488,"url":"https:\/\/artstella-elixirs-floraux.com\/en\/product\/shield-of-light-spray\/","url_meta":{"origin":3489,"position":3},"title":"SHIELD OF LIGHT SPRAY","author":"eveapprill","date":"9 March 2025","format":false,"excerpt":"Shield of light - Bouclier de lumi\u00e8re Parmi les derni\u00e8res cr\u00e9ations de Don Denis en collaboration du Dr. Adrian Brito-Babapulle, voici un nouveau compos\u00e9 majeur pour se prot\u00e9ger des \u00e9nergies sombres. Sa formule permet \u00e0 l\u2019aura de refl\u00e9ter tel un miroir, de fa\u00e7on \u00e0 ce que de telles \u00e9nergies ne\u2026","rel":"","context":"Similar post","block_context":{"text":"Similar post","link":""},"img":{"alt_text":"","src":"","width":0,"height":0},"classes":[]},{"id":5344,"url":"https:\/\/artstella-elixirs-floraux.com\/en\/product\/shadow-defense-spray\/","url_meta":{"origin":3489,"position":4},"title":"SHADOW DEFENSE SPRAY","author":"eveapprill","date":"9 March 2025","format":false,"excerpt":"Shadow Defense (Se d\u00e9fendre contre l\u2019ombre) Ce compos\u00e9 nous prot\u00e8ge contre l\u2019ombre dans ses aspects int\u00e9rieurs comme ext\u00e9rieurs. \u00ab\u00a0jaune\u00a0\u00bb\u00a0: avec les huiles essentielles de Bois de Santal, C\u00e8dre de l\u2019Altlas et de Leleshwa (Sauge africaine sauvage)","rel":"","context":"Similar post","block_context":{"text":"Similar post","link":""},"img":{"alt_text":"","src":"https:\/\/i0.wp.com\/artstella-elixirs-floraux.com\/wp-content\/uploads\/2025\/03\/wp-image1736.png?resize=350%2C200&ssl=1","width":350,"height":200},"classes":[]},{"id":5340,"url":"https:\/\/artstella-elixirs-floraux.com\/en\/product\/defend-and-protect\/","url_meta":{"origin":3489,"position":5},"title":"DEFEND and PROTECT SPRAY","author":"eveapprill","date":"9 March 2025","format":false,"excerpt":"Defend and Protect \/ D\u00e9fense et Protection \u00a0(Defender from the Dark et protective Presence) Il y a une similarit\u00e9 entre ces deux orchid\u00e9es en ce qu\u2019elles apportent une attention \u00e0 toute \u00e9preuve face aux influences malignes. Quand on doit faire face \u00e0 des entit\u00e9s n\u00e9gatives, ce compos\u00e9 apporte une armure\u2026","rel":"","context":"Similar post","block_context":{"text":"Similar post","link":""},"img":{"alt_text":"","src":"https:\/\/i0.wp.com\/artstella-elixirs-floraux.com\/wp-content\/uploads\/2025\/03\/wp-image1738.png?resize=350%2C200&ssl=1","width":350,"height":200},"classes":[]}],"_links":{"self":[{"href":"https:\/\/artstella-elixirs-floraux.com\/en\/wp-json\/wp\/v2\/product\/3489","targetHints":{"allow":["GET"]}}],"collection":[{"href":"https:\/\/artstella-elixirs-floraux.com\/en\/wp-json\/wp\/v2\/product"}],"about":[{"href":"https:\/\/artstella-elixirs-floraux.com\/en\/wp-json\/wp\/v2\/types\/product"}],"version-history":[{"count":1,"href":"https:\/\/artstella-elixirs-floraux.com\/en\/wp-json\/wp\/v2\/product\/3489\/revisions"}],"predecessor-version":[{"id":12674,"href":"https:\/\/artstella-elixirs-floraux.com\/en\/wp-json\/wp\/v2\/product\/3489\/revisions\/12674"}],"wp:featuredmedia":[{"embeddable":true,"href":"https:\/\/artstella-elixirs-floraux.com\/en\/wp-json\/wp\/v2\/media\/7652"}],"wp:attachment":[{"href":"https:\/\/artstella-elixirs-floraux.com\/en\/wp-json\/wp\/v2\/media?parent=3489"}],"wp:term":[{"taxonomy":"product_brand","embeddable":true,"href":"https:\/\/artstella-elixirs-floraux.com\/en\/wp-json\/wp\/v2\/product_brand?post=3489"},{"taxonomy":"product_cat","embeddable":true,"href":"https:\/\/artstella-elixirs-floraux.com\/en\/wp-json\/wp\/v2\/product_cat?post=3489"},{"taxonomy":"product_tag","embeddable":true,"href":"https:\/\/artstella-elixirs-floraux.com\/en\/wp-json\/wp\/v2\/product_tag?post=3489"}],"curies":[{"name":"wp","href":"https:\/\/api.w.org\/{rel}","templated":true}]}}