{"id":3491,"date":"2025-03-09T13:12:07","date_gmt":"2025-03-09T13:12:07","guid":{"rendered":"https:\/\/artstella-elixirs-floraux.com\/product\/double-espresso-ltoe-15-ml\/"},"modified":"2026-05-06T17:38:22","modified_gmt":"2026-05-06T17:38:22","slug":"double-espresso-ltoe-15-ml","status":"publish","type":"product","link":"https:\/\/artstella-elixirs-floraux.com\/en\/product\/double-espresso-ltoe-15-ml\/","title":{"rendered":"DOUBLE ESPRESSO LTOE 15 ML"},"content":{"rendered":"","protected":false},"excerpt":{"rendered":"<h5><strong><span style=\"color: #008000;\">Double espresso\/Double Espresso<\/span><\/strong><\/h5>\n<p>Comme son nom l\u2019indique, ce complexe donne un coup de fouet lorsqu\u2019on manque d\u2019\u00e9nergie. Il n\u2019est pas recommand\u00e9 d\u2019en prendre tous les jours ou m\u00eame fr\u00e9quemment ; \u00e0 r\u00e9server plut\u00f4t pour un usage ponctuel.<\/p>","protected":false},"featured_media":7653,"template":"","meta":[],"product_brand":[],"product_cat":[131],"product_tag":[],"class_list":{"0":"post-3491","1":"product","2":"type-product","3":"status-publish","4":"has-post-thumbnail","6":"product_cat-les-composes","8":"first","9":"instock","10":"taxable","11":"shipping-taxable","12":"purchasable","13":"product-type-simple"},"etheme_brands":{"errors":{"invalid_taxonomy":["Invalid taxonomy."]},"error_data":[]},"jetpack_sharing_enabled":true,"jetpack-related-posts":[{"id":3495,"url":"https:\/\/artstella-elixirs-floraux.com\/en\/product\/gentle-geisha-ltoe-15-ml\/","url_meta":{"origin":3491,"position":0},"title":"GENTLE GEISHA LTOE 15 ML","author":"eveapprill","date":"9 March 2025","format":false,"excerpt":"Douce geisha\/Gentle Geisha Au niveau \u00e9nerg\u00e9tique, ce complexe se situe presque \u00e0 l\u2019oppos\u00e9 du Double espresso (voir ci-dessus). Il favorise la d\u00e9tente en fin de journ\u00e9e, apaise un mental trop actif et ram\u00e8ne doucement et gracieusement l\u2019attention dans le corps.","rel":"","context":"Similar post","block_context":{"text":"Similar post","link":""},"img":{"alt_text":"","src":"https:\/\/i0.wp.com\/artstella-elixirs-floraux.com\/wp-content\/uploads\/2025\/03\/7abf70dc-35d5-4f0b-937b-a0efdde3f41c.jpg?resize=350%2C200&ssl=1","width":350,"height":200,"srcset":"https:\/\/i0.wp.com\/artstella-elixirs-floraux.com\/wp-content\/uploads\/2025\/03\/7abf70dc-35d5-4f0b-937b-a0efdde3f41c.jpg?resize=350%2C200&ssl=1 1x, https:\/\/i0.wp.com\/artstella-elixirs-floraux.com\/wp-content\/uploads\/2025\/03\/7abf70dc-35d5-4f0b-937b-a0efdde3f41c.jpg?resize=525%2C300&ssl=1 1.5x, https:\/\/i0.wp.com\/artstella-elixirs-floraux.com\/wp-content\/uploads\/2025\/03\/7abf70dc-35d5-4f0b-937b-a0efdde3f41c.jpg?resize=700%2C400&ssl=1 2x"},"classes":[]},{"id":3531,"url":"https:\/\/artstella-elixirs-floraux.com\/en\/product\/vital-lift-ltoe-15-ml\/","url_meta":{"origin":3491,"position":1},"title":"VITAL LIFT LTOE 15 ML","author":"eveapprill","date":"9 March 2025","format":false,"excerpt":"\u00c9nergie vitale\/Vital Lift Ce complexe calme, dynamise et invite \u00e0 habiter le corps. Il favorise \u00e9galement la concentration et l\u2019endurance n\u00e9cessaires au travail soutenu. Il fut cr\u00e9\u00e9 \u00e0 base de Double espresso et de Tr\u00e9fonds de l\u2019\u00eatre, dont l\u2019effet apaisant aide \u00e0 s\u2019aligner sur ses valeurs spirituelles.","rel":"","context":"Similar post","block_context":{"text":"Similar post","link":""},"img":{"alt_text":"Les compos\u00e9s living tree orchid\u00e9es","src":"https:\/\/i0.wp.com\/artstella-elixirs-floraux.com\/wp-content\/uploads\/2025\/03\/13643efd-b41f-4e38-8845-0013b9beda26.jpg?resize=350%2C200&ssl=1","width":350,"height":200,"srcset":"https:\/\/i0.wp.com\/artstella-elixirs-floraux.com\/wp-content\/uploads\/2025\/03\/13643efd-b41f-4e38-8845-0013b9beda26.jpg?resize=350%2C200&ssl=1 1x, https:\/\/i0.wp.com\/artstella-elixirs-floraux.com\/wp-content\/uploads\/2025\/03\/13643efd-b41f-4e38-8845-0013b9beda26.jpg?resize=525%2C300&ssl=1 1.5x, https:\/\/i0.wp.com\/artstella-elixirs-floraux.com\/wp-content\/uploads\/2025\/03\/13643efd-b41f-4e38-8845-0013b9beda26.jpg?resize=700%2C400&ssl=1 2x"},"classes":[]}],"_links":{"self":[{"href":"https:\/\/artstella-elixirs-floraux.com\/en\/wp-json\/wp\/v2\/product\/3491","targetHints":{"allow":["GET"]}}],"collection":[{"href":"https:\/\/artstella-elixirs-floraux.com\/en\/wp-json\/wp\/v2\/product"}],"about":[{"href":"https:\/\/artstella-elixirs-floraux.com\/en\/wp-json\/wp\/v2\/types\/product"}],"version-history":[{"count":1,"href":"https:\/\/artstella-elixirs-floraux.com\/en\/wp-json\/wp\/v2\/product\/3491\/revisions"}],"predecessor-version":[{"id":12673,"href":"https:\/\/artstella-elixirs-floraux.com\/en\/wp-json\/wp\/v2\/product\/3491\/revisions\/12673"}],"wp:featuredmedia":[{"embeddable":true,"href":"https:\/\/artstella-elixirs-floraux.com\/en\/wp-json\/wp\/v2\/media\/7653"}],"wp:attachment":[{"href":"https:\/\/artstella-elixirs-floraux.com\/en\/wp-json\/wp\/v2\/media?parent=3491"}],"wp:term":[{"taxonomy":"product_brand","embeddable":true,"href":"https:\/\/artstella-elixirs-floraux.com\/en\/wp-json\/wp\/v2\/product_brand?post=3491"},{"taxonomy":"product_cat","embeddable":true,"href":"https:\/\/artstella-elixirs-floraux.com\/en\/wp-json\/wp\/v2\/product_cat?post=3491"},{"taxonomy":"product_tag","embeddable":true,"href":"https:\/\/artstella-elixirs-floraux.com\/en\/wp-json\/wp\/v2\/product_tag?post=3491"}],"curies":[{"name":"wp","href":"https:\/\/api.w.org\/{rel}","templated":true}]}}