{"id":3495,"date":"2025-03-09T13:12:09","date_gmt":"2025-03-09T13:12:09","guid":{"rendered":"https:\/\/artstella-elixirs-floraux.com\/product\/gentle-geisha-ltoe-15-ml\/"},"modified":"2026-05-06T17:36:40","modified_gmt":"2026-05-06T17:36:40","slug":"gentle-geisha-ltoe-15-ml","status":"publish","type":"product","link":"https:\/\/artstella-elixirs-floraux.com\/en\/product\/gentle-geisha-ltoe-15-ml\/","title":{"rendered":"GENTLE GEISHA LTOE 15 ML"},"content":{"rendered":"<h5><span style=\"color: #008000;\"><strong>Douce geisha\/Gentle Geisha<\/strong><\/span><\/h5>\n<p>Au niveau \u00e9nerg\u00e9tique, ce complexe se situe presque \u00e0 l\u2019oppos\u00e9 du Double espresso (voir ci-dessus). Il favorise la d\u00e9tente en fin de journ\u00e9e, apaise un mental trop actif et ram\u00e8ne doucement et gracieusement l\u2019attention dans le corps. Il invite \u00e0 l\u00e2cher prise, affirmant qu\u2019il y a des moments o\u00f9 l\u2019on se doit de mettre de c\u00f4t\u00e9 les pr\u00e9occupations du quotidien. Alors on se d\u00e9tend avec une tisane, et on s\u2019imagine en train de s\u2019enfoncer doucement sur un oreiller soyeux pendant que l\u2019\u00e9nergie de ces trois belles orchid\u00e9es r\u00e9conforte et apaise l\u2019esprit.<\/p>","protected":false},"excerpt":{"rendered":"<h5><strong><span style=\"color: #008000;\">Douce geisha\/Gentle Geisha<\/span><\/strong><\/h5>\n<p>Au niveau \u00e9nerg\u00e9tique, ce complexe se situe presque \u00e0 l\u2019oppos\u00e9 du Double espresso (voir ci-dessus). Il favorise la d\u00e9tente en fin de journ\u00e9e, apaise un mental trop actif et ram\u00e8ne doucement et gracieusement l\u2019attention dans le corps.<\/p>","protected":false},"featured_media":7655,"template":"","meta":[],"product_brand":[],"product_cat":[131],"product_tag":[],"class_list":{"0":"post-3495","1":"product","2":"type-product","3":"status-publish","4":"has-post-thumbnail","6":"product_cat-les-composes","8":"first","9":"instock","10":"taxable","11":"shipping-taxable","12":"purchasable","13":"product-type-simple"},"etheme_brands":{"errors":{"invalid_taxonomy":["Invalid taxonomy."]},"error_data":[]},"jetpack_sharing_enabled":true,"jetpack-related-posts":[{"id":3497,"url":"https:\/\/artstella-elixirs-floraux.com\/en\/product\/gentle-sleep-ltoe-15ml\/","url_meta":{"origin":3495,"position":0},"title":"GENTLE SLEEP LTOE 15ML","author":"eveapprill","date":"9 March 2025","format":false,"excerpt":"Gentle sleep \/ Doux sommeil : Est une version am\u00e9lior\u00e9e de Gentle Geisha avec le Rhododendron griffithianum, made by Don dans les jardins d'Achamore House.","rel":"","context":"Similar post","block_context":{"text":"Similar post","link":""},"img":{"alt_text":"","src":"https:\/\/i0.wp.com\/artstella-elixirs-floraux.com\/wp-content\/uploads\/2025\/03\/f1da7075-2893-4090-8141-56d98c0424f3.jpg?resize=350%2C200&ssl=1","width":350,"height":200,"srcset":"https:\/\/i0.wp.com\/artstella-elixirs-floraux.com\/wp-content\/uploads\/2025\/03\/f1da7075-2893-4090-8141-56d98c0424f3.jpg?resize=350%2C200&ssl=1 1x, https:\/\/i0.wp.com\/artstella-elixirs-floraux.com\/wp-content\/uploads\/2025\/03\/f1da7075-2893-4090-8141-56d98c0424f3.jpg?resize=525%2C300&ssl=1 1.5x, https:\/\/i0.wp.com\/artstella-elixirs-floraux.com\/wp-content\/uploads\/2025\/03\/f1da7075-2893-4090-8141-56d98c0424f3.jpg?resize=700%2C400&ssl=1 2x"},"classes":[]},{"id":3531,"url":"https:\/\/artstella-elixirs-floraux.com\/en\/product\/vital-lift-ltoe-15-ml\/","url_meta":{"origin":3495,"position":1},"title":"VITAL LIFT LTOE 15 ML","author":"eveapprill","date":"9 March 2025","format":false,"excerpt":"\u00c9nergie vitale\/Vital Lift Ce complexe calme, dynamise et invite \u00e0 habiter le corps. Il favorise \u00e9galement la concentration et l\u2019endurance n\u00e9cessaires au travail soutenu. Il fut cr\u00e9\u00e9 \u00e0 base de Double espresso et de Tr\u00e9fonds de l\u2019\u00eatre, dont l\u2019effet apaisant aide \u00e0 s\u2019aligner sur ses valeurs spirituelles.","rel":"","context":"Similar post","block_context":{"text":"Similar post","link":""},"img":{"alt_text":"Les compos\u00e9s living tree orchid\u00e9es","src":"https:\/\/i0.wp.com\/artstella-elixirs-floraux.com\/wp-content\/uploads\/2025\/03\/13643efd-b41f-4e38-8845-0013b9beda26.jpg?resize=350%2C200&ssl=1","width":350,"height":200,"srcset":"https:\/\/i0.wp.com\/artstella-elixirs-floraux.com\/wp-content\/uploads\/2025\/03\/13643efd-b41f-4e38-8845-0013b9beda26.jpg?resize=350%2C200&ssl=1 1x, https:\/\/i0.wp.com\/artstella-elixirs-floraux.com\/wp-content\/uploads\/2025\/03\/13643efd-b41f-4e38-8845-0013b9beda26.jpg?resize=525%2C300&ssl=1 1.5x, https:\/\/i0.wp.com\/artstella-elixirs-floraux.com\/wp-content\/uploads\/2025\/03\/13643efd-b41f-4e38-8845-0013b9beda26.jpg?resize=700%2C400&ssl=1 2x"},"classes":[]},{"id":3491,"url":"https:\/\/artstella-elixirs-floraux.com\/en\/product\/double-espresso-ltoe-15-ml\/","url_meta":{"origin":3495,"position":2},"title":"DOUBLE ESPRESSO LTOE 15 ML","author":"eveapprill","date":"9 March 2025","format":false,"excerpt":"Double espresso\/Double Espresso Comme son nom l\u2019indique, ce complexe donne un coup de fouet lorsqu\u2019on manque d\u2019\u00e9nergie. Il n\u2019est pas recommand\u00e9 d\u2019en prendre tous les jours ou m\u00eame fr\u00e9quemment ; \u00e0 r\u00e9server plut\u00f4t pour un usage ponctuel.","rel":"","context":"Similar post","block_context":{"text":"Similar post","link":""},"img":{"alt_text":"","src":"https:\/\/i0.wp.com\/artstella-elixirs-floraux.com\/wp-content\/uploads\/2025\/03\/3c24fb1a-a84d-4d35-bba9-bb1f5713b10f.jpg?resize=350%2C200&ssl=1","width":350,"height":200,"srcset":"https:\/\/i0.wp.com\/artstella-elixirs-floraux.com\/wp-content\/uploads\/2025\/03\/3c24fb1a-a84d-4d35-bba9-bb1f5713b10f.jpg?resize=350%2C200&ssl=1 1x, https:\/\/i0.wp.com\/artstella-elixirs-floraux.com\/wp-content\/uploads\/2025\/03\/3c24fb1a-a84d-4d35-bba9-bb1f5713b10f.jpg?resize=525%2C300&ssl=1 1.5x, https:\/\/i0.wp.com\/artstella-elixirs-floraux.com\/wp-content\/uploads\/2025\/03\/3c24fb1a-a84d-4d35-bba9-bb1f5713b10f.jpg?resize=700%2C400&ssl=1 2x"},"classes":[]},{"id":3649,"url":"https:\/\/artstella-elixirs-floraux.com\/en\/product\/49-renewing-life-ltoe-15-ml\/","url_meta":{"origin":3495,"position":3},"title":"RENEWING LIFE LTOE 15 ML","author":"eveapprill","date":"9 March 2025","format":false,"excerpt":"Renewing Life \/ Redonner vie : Subtil et profond, il agit doucement \u00e0 plusieurs niveaux : lib\u00e9rant, au niveau cellulaire, des anciens reliquats \u00e9nerg\u00e9tiques n\u00e9gatifs;","rel":"","context":"Similar post","block_context":{"text":"Similar post","link":""},"img":{"alt_text":"","src":"https:\/\/i0.wp.com\/artstella-elixirs-floraux.com\/wp-content\/uploads\/2025\/03\/50eb3023-9af5-4171-b38d-4ecf01690847.jpg?resize=350%2C200&ssl=1","width":350,"height":200,"srcset":"https:\/\/i0.wp.com\/artstella-elixirs-floraux.com\/wp-content\/uploads\/2025\/03\/50eb3023-9af5-4171-b38d-4ecf01690847.jpg?resize=350%2C200&ssl=1 1x, https:\/\/i0.wp.com\/artstella-elixirs-floraux.com\/wp-content\/uploads\/2025\/03\/50eb3023-9af5-4171-b38d-4ecf01690847.jpg?resize=525%2C300&ssl=1 1.5x, https:\/\/i0.wp.com\/artstella-elixirs-floraux.com\/wp-content\/uploads\/2025\/03\/50eb3023-9af5-4171-b38d-4ecf01690847.jpg?resize=700%2C400&ssl=1 2x"},"classes":[]},{"id":3061,"url":"https:\/\/artstella-elixirs-floraux.com\/en\/product\/zircon-phi-15-ml\/","url_meta":{"origin":3495,"position":4},"title":"ZIRCON PHI 15 ML","author":"eveapprill","date":"9 March 2025","format":false,"excerpt":"Zircon L'\u00e9lixir poss\u00e8de une vibration tr\u00e8s douce qui offre de l'harmonie \u00e0 l'\u00e2me et apaise le mental. Il nous aide \u00e0 entendre notre voix int\u00e9rieure et donne la patience d'\u00e9couter les autres.","rel":"","context":"Similar post","block_context":{"text":"Similar post","link":""},"img":{"alt_text":"","src":"","width":0,"height":0},"classes":[]},{"id":3499,"url":"https:\/\/artstella-elixirs-floraux.com\/en\/product\/happy-relief-ltoe-15-ml\/","url_meta":{"origin":3495,"position":5},"title":"HAPPY RELIEF LTOE 15 ML","author":"eveapprill","date":"9 March 2025","format":false,"excerpt":"\u00a0Heureux soulagement \/Happy Relief Ce complexe apporte du bonheur et une \u00e9nergie vitale \u00e0 la fois douce et dynamique. Il est surprenant\u00a0 \u00e0 quel point ce complexe rend heureux, tout en soulageant la d\u00e9tresse et les tensions mentales et \u00e9motionnelles.","rel":"","context":"Similar post","block_context":{"text":"Similar post","link":""},"img":{"alt_text":"","src":"https:\/\/i0.wp.com\/artstella-elixirs-floraux.com\/wp-content\/uploads\/2025\/03\/71c05749-40b8-4b08-b170-fcbcf19b9429.jpg?resize=350%2C200&ssl=1","width":350,"height":200,"srcset":"https:\/\/i0.wp.com\/artstella-elixirs-floraux.com\/wp-content\/uploads\/2025\/03\/71c05749-40b8-4b08-b170-fcbcf19b9429.jpg?resize=350%2C200&ssl=1 1x, https:\/\/i0.wp.com\/artstella-elixirs-floraux.com\/wp-content\/uploads\/2025\/03\/71c05749-40b8-4b08-b170-fcbcf19b9429.jpg?resize=525%2C300&ssl=1 1.5x, https:\/\/i0.wp.com\/artstella-elixirs-floraux.com\/wp-content\/uploads\/2025\/03\/71c05749-40b8-4b08-b170-fcbcf19b9429.jpg?resize=700%2C400&ssl=1 2x"},"classes":[]}],"_links":{"self":[{"href":"https:\/\/artstella-elixirs-floraux.com\/en\/wp-json\/wp\/v2\/product\/3495","targetHints":{"allow":["GET"]}}],"collection":[{"href":"https:\/\/artstella-elixirs-floraux.com\/en\/wp-json\/wp\/v2\/product"}],"about":[{"href":"https:\/\/artstella-elixirs-floraux.com\/en\/wp-json\/wp\/v2\/types\/product"}],"version-history":[{"count":1,"href":"https:\/\/artstella-elixirs-floraux.com\/en\/wp-json\/wp\/v2\/product\/3495\/revisions"}],"predecessor-version":[{"id":12671,"href":"https:\/\/artstella-elixirs-floraux.com\/en\/wp-json\/wp\/v2\/product\/3495\/revisions\/12671"}],"wp:featuredmedia":[{"embeddable":true,"href":"https:\/\/artstella-elixirs-floraux.com\/en\/wp-json\/wp\/v2\/media\/7655"}],"wp:attachment":[{"href":"https:\/\/artstella-elixirs-floraux.com\/en\/wp-json\/wp\/v2\/media?parent=3495"}],"wp:term":[{"taxonomy":"product_brand","embeddable":true,"href":"https:\/\/artstella-elixirs-floraux.com\/en\/wp-json\/wp\/v2\/product_brand?post=3495"},{"taxonomy":"product_cat","embeddable":true,"href":"https:\/\/artstella-elixirs-floraux.com\/en\/wp-json\/wp\/v2\/product_cat?post=3495"},{"taxonomy":"product_tag","embeddable":true,"href":"https:\/\/artstella-elixirs-floraux.com\/en\/wp-json\/wp\/v2\/product_tag?post=3495"}],"curies":[{"name":"wp","href":"https:\/\/api.w.org\/{rel}","templated":true}]}}