{"id":3497,"date":"2025-03-09T13:12:10","date_gmt":"2025-03-09T13:12:10","guid":{"rendered":"https:\/\/artstella-elixirs-floraux.com\/product\/gentle-sleep-ltoe-15ml\/"},"modified":"2026-05-06T17:35:51","modified_gmt":"2026-05-06T17:35:51","slug":"gentle-sleep-ltoe-15ml","status":"publish","type":"product","link":"https:\/\/artstella-elixirs-floraux.com\/en\/product\/gentle-sleep-ltoe-15ml\/","title":{"rendered":"GENTLE SLEEP LTOE 15ML"},"content":{"rendered":"<p><span style=\"color: #008000;\"><strong><em>Gentle sleep \/ Doux sommeil : <\/em><\/strong><\/span>Est une version am\u00e9lior\u00e9e de Gentle Geisha avec le Rhododendron griffithianum, made by Don dans les jardins d&rsquo;Achamore House. Le rhododendron n&rsquo;est pas une orchid\u00e9e, mais il favorise le lien \u00e0 notre tradition pour faire face \u00e0 ce probl\u00e8me r\u00e9current dans notre soci\u00e9t\u00e9 de troubles du sommeil. Ce m\u00e9lange d&rsquo;\u00e9lixirs apporte une \u00e9nergie tr\u00e8s relaxante, calmante et apaisante. Il favorise un sommeil plus profond et plus r\u00e9parateur.<\/p>","protected":false},"excerpt":{"rendered":"<p><span style=\"color: #008000;\"><strong><em>Gentle sleep \/ Doux sommeil :<\/em><\/strong><\/span><\/p>\n<p>Est une version am\u00e9lior\u00e9e de Gentle Geisha avec le Rhododendron griffithianum, made by Don dans les jardins d&rsquo;Achamore House.<\/p>","protected":false},"featured_media":7656,"template":"","meta":[],"product_brand":[],"product_cat":[131],"product_tag":[],"class_list":{"0":"post-3497","1":"product","2":"type-product","3":"status-publish","4":"has-post-thumbnail","6":"product_cat-les-composes","8":"first","9":"instock","10":"taxable","11":"shipping-taxable","12":"purchasable","13":"product-type-simple"},"etheme_brands":{"errors":{"invalid_taxonomy":["Invalid taxonomy."]},"error_data":[]},"jetpack_sharing_enabled":true,"jetpack-related-posts":[{"id":6086,"url":"https:\/\/artstella-elixirs-floraux.com\/en\/product\/gentle-sleep-spray-ltoe-100ml\/","url_meta":{"origin":3497,"position":0},"title":"Gentle sleep spray LTOE","author":"eveapprill","date":"9 March 2025","format":false,"excerpt":"Gentle sleep\u00a0 (Bon sommeil) De nos jours, les troubles du sommeil touchent un grand nombre de personnes. Pollution \u00e9lectromagn\u00e9tique, t\u00e9l\u00e9phones portables, t\u00e9l\u00e9phones sans fils, le WIFI peuvent alt\u00e9rer le sommeil. Ce spray a \u00e9t\u00e9 cr\u00e9\u00e9 pour prot\u00e9ger le sommeil de ces diff\u00e9rents stress.","rel":"","context":"Similar post","block_context":{"text":"Similar post","link":""},"img":{"alt_text":"","src":"https:\/\/i0.wp.com\/artstella-elixirs-floraux.com\/wp-content\/uploads\/2025\/03\/wp-image2120.png?resize=350%2C200&ssl=1","width":350,"height":200},"classes":[]},{"id":3517,"url":"https:\/\/artstella-elixirs-floraux.com\/en\/product\/sleep-of-peace-lto-15-ml\/","url_meta":{"origin":3497,"position":1},"title":"SLEEP OF PEACE LTO 15 ML","author":"eveapprill","date":"9 March 2025","format":false,"excerpt":"Sleep of peace \/ Dormir en paix : am\u00e9liore la qualit\u00e9 du sommeil et la quantit\u00e9 de sommeil, diff\u00e9remment de Gentle Sleep, en ce qu'il touche les sch\u00e9mas du sommeil.","rel":"","context":"Similar post","block_context":{"text":"Similar post","link":""},"img":{"alt_text":"","src":"https:\/\/i0.wp.com\/artstella-elixirs-floraux.com\/wp-content\/uploads\/2025\/03\/215447f8-a671-498d-9849-7286bf5b6f82.jpg?resize=350%2C200&ssl=1","width":350,"height":200,"srcset":"https:\/\/i0.wp.com\/artstella-elixirs-floraux.com\/wp-content\/uploads\/2025\/03\/215447f8-a671-498d-9849-7286bf5b6f82.jpg?resize=350%2C200&ssl=1 1x, https:\/\/i0.wp.com\/artstella-elixirs-floraux.com\/wp-content\/uploads\/2025\/03\/215447f8-a671-498d-9849-7286bf5b6f82.jpg?resize=525%2C300&ssl=1 1.5x, https:\/\/i0.wp.com\/artstella-elixirs-floraux.com\/wp-content\/uploads\/2025\/03\/215447f8-a671-498d-9849-7286bf5b6f82.jpg?resize=700%2C400&ssl=1 2x"},"classes":[]},{"id":3495,"url":"https:\/\/artstella-elixirs-floraux.com\/en\/product\/gentle-geisha-ltoe-15-ml\/","url_meta":{"origin":3497,"position":2},"title":"GENTLE GEISHA LTOE 15 ML","author":"eveapprill","date":"9 March 2025","format":false,"excerpt":"Douce geisha\/Gentle Geisha Au niveau \u00e9nerg\u00e9tique, ce complexe se situe presque \u00e0 l\u2019oppos\u00e9 du Double espresso (voir ci-dessus). Il favorise la d\u00e9tente en fin de journ\u00e9e, apaise un mental trop actif et ram\u00e8ne doucement et gracieusement l\u2019attention dans le corps.","rel":"","context":"Similar post","block_context":{"text":"Similar post","link":""},"img":{"alt_text":"","src":"https:\/\/i0.wp.com\/artstella-elixirs-floraux.com\/wp-content\/uploads\/2025\/03\/7abf70dc-35d5-4f0b-937b-a0efdde3f41c.jpg?resize=350%2C200&ssl=1","width":350,"height":200,"srcset":"https:\/\/i0.wp.com\/artstella-elixirs-floraux.com\/wp-content\/uploads\/2025\/03\/7abf70dc-35d5-4f0b-937b-a0efdde3f41c.jpg?resize=350%2C200&ssl=1 1x, https:\/\/i0.wp.com\/artstella-elixirs-floraux.com\/wp-content\/uploads\/2025\/03\/7abf70dc-35d5-4f0b-937b-a0efdde3f41c.jpg?resize=525%2C300&ssl=1 1.5x, https:\/\/i0.wp.com\/artstella-elixirs-floraux.com\/wp-content\/uploads\/2025\/03\/7abf70dc-35d5-4f0b-937b-a0efdde3f41c.jpg?resize=700%2C400&ssl=1 2x"},"classes":[]},{"id":3651,"url":"https:\/\/artstella-elixirs-floraux.com\/en\/product\/rhododendron-brocade-plus-15-ml\/","url_meta":{"origin":3497,"position":3},"title":"RHODODENDRON BROCADE PLUS 15 ML","author":"eveapprill","date":"9 March 2025","format":false,"excerpt":"Rhododendron Brocade Plus Une fleur hybride d\u2019un magnifique rose. C\u2019est l\u2019\u00e9lixir de la joie rayonnante, comme une fontaine douce et riante jaillissant dans le c\u0153ur.","rel":"","context":"Similar post","block_context":{"text":"Similar post","link":""},"img":{"alt_text":"","src":"https:\/\/i0.wp.com\/artstella-elixirs-floraux.com\/wp-content\/uploads\/2025\/03\/a02b41b3-178b-4b88-90a3-5af9addc9b43.jpg?resize=350%2C200&ssl=1","width":350,"height":200,"srcset":"https:\/\/i0.wp.com\/artstella-elixirs-floraux.com\/wp-content\/uploads\/2025\/03\/a02b41b3-178b-4b88-90a3-5af9addc9b43.jpg?resize=350%2C200&ssl=1 1x, https:\/\/i0.wp.com\/artstella-elixirs-floraux.com\/wp-content\/uploads\/2025\/03\/a02b41b3-178b-4b88-90a3-5af9addc9b43.jpg?resize=525%2C300&ssl=1 1.5x, https:\/\/i0.wp.com\/artstella-elixirs-floraux.com\/wp-content\/uploads\/2025\/03\/a02b41b3-178b-4b88-90a3-5af9addc9b43.jpg?resize=700%2C400&ssl=1 2x"},"classes":[]},{"id":6396,"url":"https:\/\/artstella-elixirs-floraux.com\/en\/product\/sleep-sommeil-spay-50ml-bush-australien\/","url_meta":{"origin":3497,"position":4},"title":"Sleep &#8211; Sommeil Spray 50ml Bush Australien","author":"eveapprill","date":"9 March 2025","format":false,"excerpt":"Un nouveau spray du Bush australien pour favoriser le sommeil.","rel":"","context":"Similar post","block_context":{"text":"Similar post","link":""},"img":{"alt_text":"Sommeil Spray 50ml Bush Australien","src":"https:\/\/i0.wp.com\/artstella-elixirs-floraux.com\/wp-content\/uploads\/2025\/03\/7efb9cc8-f479-4a0f-be39-aca972b654d6.webp?resize=350%2C200&ssl=1","width":350,"height":200,"srcset":"https:\/\/i0.wp.com\/artstella-elixirs-floraux.com\/wp-content\/uploads\/2025\/03\/7efb9cc8-f479-4a0f-be39-aca972b654d6.webp?resize=350%2C200&ssl=1 1x, https:\/\/i0.wp.com\/artstella-elixirs-floraux.com\/wp-content\/uploads\/2025\/03\/7efb9cc8-f479-4a0f-be39-aca972b654d6.webp?resize=525%2C300&ssl=1 1.5x, https:\/\/i0.wp.com\/artstella-elixirs-floraux.com\/wp-content\/uploads\/2025\/03\/7efb9cc8-f479-4a0f-be39-aca972b654d6.webp?resize=700%2C400&ssl=1 2x"},"classes":[]},{"id":3653,"url":"https:\/\/artstella-elixirs-floraux.com\/en\/product\/rhododendron-griffithianum-15-ml-ltoe\/","url_meta":{"origin":3497,"position":5},"title":"RHODODENDRON GRIFFITHIANUM 15 ML LTOE","author":"eveapprill","date":"9 March 2025","format":false,"excerpt":"Rhododendron griffithianum Une esp\u00e8ce d\u2019un blanc presque immacul\u00e9. En prenant quelques gouttes on peut ressentir rapidement s\u00e9r\u00e9nit\u00e9, paix et tranquillit\u00e9.","rel":"","context":"Similar post","block_context":{"text":"Similar post","link":""},"img":{"alt_text":"","src":"https:\/\/i0.wp.com\/artstella-elixirs-floraux.com\/wp-content\/uploads\/2025\/03\/7059cac5-ea4f-40bb-b387-bd96b7f95ccb.jpg?resize=350%2C200&ssl=1","width":350,"height":200,"srcset":"https:\/\/i0.wp.com\/artstella-elixirs-floraux.com\/wp-content\/uploads\/2025\/03\/7059cac5-ea4f-40bb-b387-bd96b7f95ccb.jpg?resize=350%2C200&ssl=1 1x, https:\/\/i0.wp.com\/artstella-elixirs-floraux.com\/wp-content\/uploads\/2025\/03\/7059cac5-ea4f-40bb-b387-bd96b7f95ccb.jpg?resize=525%2C300&ssl=1 1.5x, https:\/\/i0.wp.com\/artstella-elixirs-floraux.com\/wp-content\/uploads\/2025\/03\/7059cac5-ea4f-40bb-b387-bd96b7f95ccb.jpg?resize=700%2C400&ssl=1 2x"},"classes":[]}],"_links":{"self":[{"href":"https:\/\/artstella-elixirs-floraux.com\/en\/wp-json\/wp\/v2\/product\/3497","targetHints":{"allow":["GET"]}}],"collection":[{"href":"https:\/\/artstella-elixirs-floraux.com\/en\/wp-json\/wp\/v2\/product"}],"about":[{"href":"https:\/\/artstella-elixirs-floraux.com\/en\/wp-json\/wp\/v2\/types\/product"}],"version-history":[{"count":1,"href":"https:\/\/artstella-elixirs-floraux.com\/en\/wp-json\/wp\/v2\/product\/3497\/revisions"}],"predecessor-version":[{"id":12670,"href":"https:\/\/artstella-elixirs-floraux.com\/en\/wp-json\/wp\/v2\/product\/3497\/revisions\/12670"}],"wp:featuredmedia":[{"embeddable":true,"href":"https:\/\/artstella-elixirs-floraux.com\/en\/wp-json\/wp\/v2\/media\/7656"}],"wp:attachment":[{"href":"https:\/\/artstella-elixirs-floraux.com\/en\/wp-json\/wp\/v2\/media?parent=3497"}],"wp:term":[{"taxonomy":"product_brand","embeddable":true,"href":"https:\/\/artstella-elixirs-floraux.com\/en\/wp-json\/wp\/v2\/product_brand?post=3497"},{"taxonomy":"product_cat","embeddable":true,"href":"https:\/\/artstella-elixirs-floraux.com\/en\/wp-json\/wp\/v2\/product_cat?post=3497"},{"taxonomy":"product_tag","embeddable":true,"href":"https:\/\/artstella-elixirs-floraux.com\/en\/wp-json\/wp\/v2\/product_tag?post=3497"}],"curies":[{"name":"wp","href":"https:\/\/api.w.org\/{rel}","templated":true}]}}