{"id":3503,"date":"2025-03-09T13:12:15","date_gmt":"2025-03-09T13:12:15","guid":{"rendered":"https:\/\/artstella-elixirs-floraux.com\/product\/love-beyond-love-15-ml-ltoe\/"},"modified":"2026-05-06T17:31:10","modified_gmt":"2026-05-06T17:31:10","slug":"love-beyond-love-15-ml-ltoe","status":"publish","type":"product","link":"https:\/\/artstella-elixirs-floraux.com\/en\/product\/love-beyond-love-15-ml-ltoe\/","title":{"rendered":"LOVE BEYOND LOVE 15 ML LTOE"},"content":{"rendered":"<p><strong><em>Love beyond love<\/em><\/strong><em><strong> \/ L&rsquo;amour au-del\u00e0 de l&rsquo;amour (<\/strong>Just me, Love\u2019s secret, Moon Child, Unconditional snuggles et White Beauty)<\/em> Pour les enfants ou les adultes qui n\u2019ont pas \u00e9t\u00e9 aim\u00e9s pendant la grossesse et qui en souffrent. Le message sous-jacent est que si l\u2019on n\u2019est pas d\u00e9sir\u00e9, on ne m\u00e9rite pas d\u2019\u00eatre aim\u00e9. Ce m\u00e9lange aide \u00e0 lever ces empreintes dans la psych\u00e9, pour aider l\u2019enfant int\u00e9rieur \u00e0 savoir qu\u2019il ou elle est aim\u00e9(e) et qu\u2019il ou (elle) m\u00e9rite de l\u2019\u00eatre.<\/p>","protected":false},"excerpt":{"rendered":"<p><strong><em>Love beyond love<\/em><\/strong><em>\u00a0 \/ <strong>L&rsquo;amour au-del\u00e0 de l&rsquo;amour<\/strong> (Just me, Love\u2019s secret, Moon Child, Unconditional snuggles et White Beauty)<\/em> Pour les enfants ou les adultes qui n\u2019ont pas \u00e9t\u00e9 aim\u00e9s pendant la grossesse et qui en souffrent.<\/p>","protected":false},"featured_media":9925,"template":"","meta":[],"product_brand":[],"product_cat":[131],"product_tag":[],"class_list":{"0":"post-3503","1":"product","2":"type-product","3":"status-publish","4":"has-post-thumbnail","6":"product_cat-les-composes","8":"first","9":"instock","10":"taxable","11":"shipping-taxable","12":"purchasable","13":"product-type-simple"},"etheme_brands":{"errors":{"invalid_taxonomy":["Invalid taxonomy."]},"error_data":[]},"jetpack_sharing_enabled":true,"jetpack-related-posts":[{"id":6308,"url":"https:\/\/artstella-elixirs-floraux.com\/en\/product\/unconditional-love-ltoe15ml\/","url_meta":{"origin":3503,"position":0},"title":"UNCONDITIONAL LOVE LTOE15ML","author":"eveapprill","date":"9 March 2025","format":false,"excerpt":"Unconditional Love \u2013 Amour Inconditionnel L\u2019\u00e2me aspire \u00e0 se reconnecter \u00e0 notre source ultime, avec l\u2019Etre qui est au-del\u00e0 de notre compr\u00e9hension. Une \u00e9tape cl\u00e9 sur ce chemin vers ce que certains appellent le Divin est de l\u00e2cher les sch\u00e9mas restrictifs qui conditionnent l\u2019ouverture du c\u0153ur aux autres.","rel":"","context":"Similar post","block_context":{"text":"Similar post","link":""},"img":{"alt_text":"","src":"https:\/\/i0.wp.com\/artstella-elixirs-floraux.com\/wp-content\/uploads\/2025\/03\/wp-image2242.png?resize=350%2C200&ssl=1","width":350,"height":200,"srcset":"https:\/\/i0.wp.com\/artstella-elixirs-floraux.com\/wp-content\/uploads\/2025\/03\/wp-image2242.png?resize=350%2C200&ssl=1 1x, https:\/\/i0.wp.com\/artstella-elixirs-floraux.com\/wp-content\/uploads\/2025\/03\/wp-image2242.png?resize=525%2C300&ssl=1 1.5x, https:\/\/i0.wp.com\/artstella-elixirs-floraux.com\/wp-content\/uploads\/2025\/03\/wp-image2242.png?resize=700%2C400&ssl=1 2x, https:\/\/i0.wp.com\/artstella-elixirs-floraux.com\/wp-content\/uploads\/2025\/03\/wp-image2242.png?resize=1050%2C600&ssl=1 3x, https:\/\/i0.wp.com\/artstella-elixirs-floraux.com\/wp-content\/uploads\/2025\/03\/wp-image2242.png?resize=1400%2C800&ssl=1 4x"},"classes":[]},{"id":3617,"url":"https:\/\/artstella-elixirs-floraux.com\/en\/product\/secret-damour-ltoe-15-ml\/","url_meta":{"origin":3503,"position":1},"title":"Love&rsquo;s Secret LTOE 15 ML","author":"eveapprill","date":"9 March 2025","format":false,"excerpt":"Love's Secret \/ Secret d\u2019Amour \u2013 La m\u00e9ditation d\u2019une femme r\u00e9sume bien l\u2019action de cet \u00e9lixir\u00a0: au milieu d\u2019une for\u00eat, elle voit Aphrodite se baignant dans un bassin d\u2019une eau cristalline, iris\u00e9e de multiples couleurs.","rel":"","context":"Similar post","block_context":{"text":"Similar post","link":""},"img":{"alt_text":"Secret d\u2019Amour LTOE 15 ML","src":"https:\/\/i0.wp.com\/artstella-elixirs-floraux.com\/wp-content\/uploads\/2025\/03\/ce253a07-0222-4d44-81a8-987479204035.jpg?resize=350%2C200&ssl=1","width":350,"height":200,"srcset":"https:\/\/i0.wp.com\/artstella-elixirs-floraux.com\/wp-content\/uploads\/2025\/03\/ce253a07-0222-4d44-81a8-987479204035.jpg?resize=350%2C200&ssl=1 1x, https:\/\/i0.wp.com\/artstella-elixirs-floraux.com\/wp-content\/uploads\/2025\/03\/ce253a07-0222-4d44-81a8-987479204035.jpg?resize=525%2C300&ssl=1 1.5x, https:\/\/i0.wp.com\/artstella-elixirs-floraux.com\/wp-content\/uploads\/2025\/03\/ce253a07-0222-4d44-81a8-987479204035.jpg?resize=700%2C400&ssl=1 2x"},"classes":[]},{"id":3677,"url":"https:\/\/artstella-elixirs-floraux.com\/en\/product\/65-unconditional-snuggles-ltoe-15-ml\/","url_meta":{"origin":3503,"position":2},"title":"UNCONDITIONAL SNUGGLES LTOE 15 ML","author":"eveapprill","date":"9 March 2025","format":false,"excerpt":"\u00a0 Unconditional Snuggles\/C\u00e2lins inconditionnels Comme un c\u00e2lin doux et rassurant qui n\u2019en finit pas, cet \u00e9lixir est excellent pour des adultes \u00e0 la fin d\u2019une journ\u00e9e exigeante, et pour les enfants \u00e0 tous moments. Que dire de plus ?","rel":"","context":"Similar post","block_context":{"text":"Similar post","link":""},"img":{"alt_text":"","src":"https:\/\/i0.wp.com\/artstella-elixirs-floraux.com\/wp-content\/uploads\/2025\/03\/6b1a7de1-fe7e-40d5-940c-bff434305bcd.jpg?resize=350%2C200&ssl=1","width":350,"height":200,"srcset":"https:\/\/i0.wp.com\/artstella-elixirs-floraux.com\/wp-content\/uploads\/2025\/03\/6b1a7de1-fe7e-40d5-940c-bff434305bcd.jpg?resize=350%2C200&ssl=1 1x, https:\/\/i0.wp.com\/artstella-elixirs-floraux.com\/wp-content\/uploads\/2025\/03\/6b1a7de1-fe7e-40d5-940c-bff434305bcd.jpg?resize=525%2C300&ssl=1 1.5x, https:\/\/i0.wp.com\/artstella-elixirs-floraux.com\/wp-content\/uploads\/2025\/03\/6b1a7de1-fe7e-40d5-940c-bff434305bcd.jpg?resize=700%2C400&ssl=1 2x"},"classes":[]},{"id":3519,"url":"https:\/\/artstella-elixirs-floraux.com\/en\/product\/solus-15-ml-ltoe\/","url_meta":{"origin":3503,"position":3},"title":"SOLUS 15 ML LTOE","author":"eveapprill","date":"9 March 2025","format":false,"excerpt":"Solus - Solitaire (moon child, Nigth Soul, Voice of Courage, Viola veritas) Ce compos\u00e9 s\u2019adresse au sympt\u00f4me de l\u2019enfant unique dans lequel celui-ci grandit en individu solitaire et autocentr\u00e9.","rel":"","context":"Similar post","block_context":{"text":"Similar post","link":""},"img":{"alt_text":"","src":"https:\/\/i0.wp.com\/artstella-elixirs-floraux.com\/wp-content\/uploads\/2025\/03\/4437235a-4d74-446c-82ce-4dc2573c253c.jpg?resize=350%2C200&ssl=1","width":350,"height":200,"srcset":"https:\/\/i0.wp.com\/artstella-elixirs-floraux.com\/wp-content\/uploads\/2025\/03\/4437235a-4d74-446c-82ce-4dc2573c253c.jpg?resize=350%2C200&ssl=1 1x, https:\/\/i0.wp.com\/artstella-elixirs-floraux.com\/wp-content\/uploads\/2025\/03\/4437235a-4d74-446c-82ce-4dc2573c253c.jpg?resize=525%2C300&ssl=1 1.5x, https:\/\/i0.wp.com\/artstella-elixirs-floraux.com\/wp-content\/uploads\/2025\/03\/4437235a-4d74-446c-82ce-4dc2573c253c.jpg?resize=700%2C400&ssl=1 2x"},"classes":[]},{"id":4403,"url":"https:\/\/artstella-elixirs-floraux.com\/en\/product\/sharing-love-wea-30-ml\/","url_meta":{"origin":3503,"position":4},"title":"SHARING LOVE WEA 30 ML","author":"eveapprill","date":"9 March 2025","format":false,"excerpt":"Sharing Love\u00a0(partager l'amour)\u00a0\u00a0 Profond soutien dans les relations avec les autres, et le partage de l\u2019amour dans tous les domaines de sa vie. Ce complexe comprend : ....","rel":"","context":"Similar post","block_context":{"text":"Similar post","link":""},"img":{"alt_text":"","src":"","width":0,"height":0},"classes":[]},{"id":3812,"url":"https:\/\/artstella-elixirs-floraux.com\/en\/product\/love-orchid-phi\/","url_meta":{"origin":3503,"position":5},"title":"LOVE ORCHID PHI","author":"eveapprill","date":"9 March 2025","format":false,"excerpt":"Love orchid (Oncidium abortivun) Nous aide \u00e0 laisser passer en nous le courant de l'\u00e9nergie de l'amour. Lib\u00e8re notre chakra du c\u0153ur d'o\u00f9 peut s'\u00e9couler une pure \u00e9nergie d'amour. Il soutient les th\u00e9rapies \u00e9nerg\u00e9tiques.","rel":"","context":"Similar post","block_context":{"text":"Similar post","link":""},"img":{"alt_text":"","src":"https:\/\/i0.wp.com\/artstella-elixirs-floraux.com\/wp-content\/uploads\/2025\/03\/wp-image514.png?resize=350%2C200&ssl=1","width":350,"height":200},"classes":[]}],"_links":{"self":[{"href":"https:\/\/artstella-elixirs-floraux.com\/en\/wp-json\/wp\/v2\/product\/3503","targetHints":{"allow":["GET"]}}],"collection":[{"href":"https:\/\/artstella-elixirs-floraux.com\/en\/wp-json\/wp\/v2\/product"}],"about":[{"href":"https:\/\/artstella-elixirs-floraux.com\/en\/wp-json\/wp\/v2\/types\/product"}],"version-history":[{"count":2,"href":"https:\/\/artstella-elixirs-floraux.com\/en\/wp-json\/wp\/v2\/product\/3503\/revisions"}],"predecessor-version":[{"id":12667,"href":"https:\/\/artstella-elixirs-floraux.com\/en\/wp-json\/wp\/v2\/product\/3503\/revisions\/12667"}],"wp:featuredmedia":[{"embeddable":true,"href":"https:\/\/artstella-elixirs-floraux.com\/en\/wp-json\/wp\/v2\/media\/9925"}],"wp:attachment":[{"href":"https:\/\/artstella-elixirs-floraux.com\/en\/wp-json\/wp\/v2\/media?parent=3503"}],"wp:term":[{"taxonomy":"product_brand","embeddable":true,"href":"https:\/\/artstella-elixirs-floraux.com\/en\/wp-json\/wp\/v2\/product_brand?post=3503"},{"taxonomy":"product_cat","embeddable":true,"href":"https:\/\/artstella-elixirs-floraux.com\/en\/wp-json\/wp\/v2\/product_cat?post=3503"},{"taxonomy":"product_tag","embeddable":true,"href":"https:\/\/artstella-elixirs-floraux.com\/en\/wp-json\/wp\/v2\/product_tag?post=3503"}],"curies":[{"name":"wp","href":"https:\/\/api.w.org\/{rel}","templated":true}]}}