{"id":3509,"date":"2025-03-09T13:12:19","date_gmt":"2025-03-09T13:12:19","guid":{"rendered":"https:\/\/artstella-elixirs-floraux.com\/product\/positive-flow-lto-15-ml\/"},"modified":"2026-05-06T17:26:26","modified_gmt":"2026-05-06T17:26:26","slug":"positive-flow-lto-15-ml","status":"publish","type":"product","link":"https:\/\/artstella-elixirs-floraux.com\/en\/product\/positive-flow-lto-15-ml\/","title":{"rendered":"POSITIVE FLOW LTO 15 ML"},"content":{"rendered":"<p><span style=\"color: #008000;\"><strong><em>Positive flow \/ <\/em><\/strong><strong><em>Flux positif <\/em><\/strong><strong>:<\/strong><\/span><\/p>\n<p>Est compos\u00e9 de \u00ab\u00a0Pushing back the Nigth\u00a0\u00bb et de \u00ab\u00a0Positive Outcome\u00a0\u00bb, pour favoriser l&rsquo;abondance. Ce compos\u00e9 a une forte action sur le plexus solaire de m\u00eame que le centre \u00ab\u00a0ajana\u00a0\u00bb entre les sourcils et soutient un sentiment de \u00ab\u00a0je peux le faire\u00a0\u00bb. Dans les temps difficiles de l&rsquo;\u00e9conomie globalis\u00e9e, il peut \u00eatre facile de devenir d\u00e9faitiste, notamment en \u00e9coutant les mauvaises nouvelles diffus\u00e9es par la TV. \u00ab\u00a0Positive flow\u00a0\u00bb nous aide \u00e0 retrouver un esprit concentr\u00e9 sur le positif, qui en favorisera la concr\u00e9tisation dans nos vies.<\/p>","protected":false},"excerpt":{"rendered":"<p><span style=\"color: #008000;\"><strong><em>Positive flow \/ Flux positif <\/em>:<\/strong><\/span><\/p>\n<p>Est compos\u00e9 de \u00ab\u00a0Pushing back the Nigth\u00a0\u00bb et de \u00ab\u00a0Positive Outcome\u00a0\u00bb, pour favoriser l&rsquo;abondance. Ce compos\u00e9 a une forte action sur le plexus solaire de m\u00eame que le centre \u00ab\u00a0ajana\u00a0\u00bb entre les sourcils et soutient un sentiment de \u00ab\u00a0je peux le faire<\/p>","protected":false},"featured_media":7642,"template":"","meta":[],"product_brand":[],"product_cat":[131],"product_tag":[],"class_list":{"0":"post-3509","1":"product","2":"type-product","3":"status-publish","4":"has-post-thumbnail","6":"product_cat-les-composes","8":"first","9":"instock","10":"taxable","11":"shipping-taxable","12":"purchasable","13":"product-type-simple"},"etheme_brands":{"errors":{"invalid_taxonomy":["Invalid taxonomy."]},"error_data":[]},"jetpack_sharing_enabled":true,"jetpack-related-posts":[{"id":5183,"url":"https:\/\/artstella-elixirs-floraux.com\/en\/product\/positive-flow-bleu\/","url_meta":{"origin":3509,"position":0},"title":"POSITIVE FLOW SPRAY","author":"eveapprill","date":"9 March 2025","format":false,"excerpt":"Positive Flow (Flux positif) Est compos\u00e9 de \"Pushing back the Nigth\" et de \"Positive Outcome\", pour favoriser l'abondance. Cette combinaison a une forte action sur le plexus solaire de m\u00eame que le centre \"ajana\" entre les sourcils et soutient un sentiment de \"je peux le faire\". \"Bleu\" avec Cardamone, Gen\u00e9vrier,\u2026","rel":"","context":"Similar post","block_context":{"text":"Similar post","link":""},"img":{"alt_text":"","src":"","width":0,"height":0},"classes":[]},{"id":3633,"url":"https:\/\/artstella-elixirs-floraux.com\/en\/product\/42-positive-outcome-ltoe-15-ml\/","url_meta":{"origin":3509,"position":1},"title":"POSITIVE OUTCOME LTOE 15 ML","author":"eveapprill","date":"9 March 2025","format":false,"excerpt":"Positive Outcome\/ Issue positive Cet \u00e9lixir aide \u00e0 garder un optimisme \u00e0 toute \u00e9preuve et fournit une endurance remarquable.","rel":"","context":"Similar post","block_context":{"text":"Similar post","link":""},"img":{"alt_text":"","src":"https:\/\/i0.wp.com\/artstella-elixirs-floraux.com\/wp-content\/uploads\/2025\/03\/3b42a2f2-8bfb-46cb-bc88-cb3ba763587c.jpg?resize=350%2C200&ssl=1","width":350,"height":200,"srcset":"https:\/\/i0.wp.com\/artstella-elixirs-floraux.com\/wp-content\/uploads\/2025\/03\/3b42a2f2-8bfb-46cb-bc88-cb3ba763587c.jpg?resize=350%2C200&ssl=1 1x, https:\/\/i0.wp.com\/artstella-elixirs-floraux.com\/wp-content\/uploads\/2025\/03\/3b42a2f2-8bfb-46cb-bc88-cb3ba763587c.jpg?resize=525%2C300&ssl=1 1.5x, https:\/\/i0.wp.com\/artstella-elixirs-floraux.com\/wp-content\/uploads\/2025\/03\/3b42a2f2-8bfb-46cb-bc88-cb3ba763587c.jpg?resize=700%2C400&ssl=1 2x"},"classes":[]},{"id":3513,"url":"https:\/\/artstella-elixirs-floraux.com\/en\/product\/shadow-defense-15-ml-ltoe\/","url_meta":{"origin":3509,"position":2},"title":"SHADOW DEFENSE 15 ML LTOE","author":"eveapprill","date":"9 March 2025","format":false,"excerpt":"Shadow defense \/ Defense contre l\u2019ombre : (Defender from the Dark, Pushing Back the Night et Shadow Warrior). Ce compos\u00e9 nous prot\u00e8ge contre l\u2019ombre dans ses aspects int\u00e9rieurs comme ext\u00e9rieurs.","rel":"","context":"Similar post","block_context":{"text":"Similar post","link":""},"img":{"alt_text":"","src":"https:\/\/i0.wp.com\/artstella-elixirs-floraux.com\/wp-content\/uploads\/2025\/03\/ba8ee7a7-51f8-4e02-93c8-03d13e3b73e1.jpg?resize=350%2C200&ssl=1","width":350,"height":200,"srcset":"https:\/\/i0.wp.com\/artstella-elixirs-floraux.com\/wp-content\/uploads\/2025\/03\/ba8ee7a7-51f8-4e02-93c8-03d13e3b73e1.jpg?resize=350%2C200&ssl=1 1x, https:\/\/i0.wp.com\/artstella-elixirs-floraux.com\/wp-content\/uploads\/2025\/03\/ba8ee7a7-51f8-4e02-93c8-03d13e3b73e1.jpg?resize=525%2C300&ssl=1 1.5x, https:\/\/i0.wp.com\/artstella-elixirs-floraux.com\/wp-content\/uploads\/2025\/03\/ba8ee7a7-51f8-4e02-93c8-03d13e3b73e1.jpg?resize=700%2C400&ssl=1 2x"},"classes":[]},{"id":5344,"url":"https:\/\/artstella-elixirs-floraux.com\/en\/product\/shadow-defense-spray\/","url_meta":{"origin":3509,"position":3},"title":"SHADOW DEFENSE SPRAY","author":"eveapprill","date":"9 March 2025","format":false,"excerpt":"Shadow Defense (Se d\u00e9fendre contre l\u2019ombre) Ce compos\u00e9 nous prot\u00e8ge contre l\u2019ombre dans ses aspects int\u00e9rieurs comme ext\u00e9rieurs. \u00ab\u00a0jaune\u00a0\u00bb\u00a0: avec les huiles essentielles de Bois de Santal, C\u00e8dre de l\u2019Altlas et de Leleshwa (Sauge africaine sauvage)","rel":"","context":"Similar post","block_context":{"text":"Similar post","link":""},"img":{"alt_text":"","src":"https:\/\/i0.wp.com\/artstella-elixirs-floraux.com\/wp-content\/uploads\/2025\/03\/wp-image1736.png?resize=350%2C200&ssl=1","width":350,"height":200},"classes":[]},{"id":3505,"url":"https:\/\/artstella-elixirs-floraux.com\/en\/product\/memory-enhancer-15-ml-ltoe\/","url_meta":{"origin":3509,"position":4},"title":"MEMORY ENHANCER 15 ML LTOE","author":"eveapprill","date":"9 March 2025","format":false,"excerpt":"Memory enhancer \/M\u00e9moire (Liberation\/deception, Moon Child, Positive outcome, Serene overview) Ces quatre \u00e9lixirs ont chacun un effet qui \u00e9claircit les processus du mental et am\u00e9liore les capacit\u00e9s m\u00e9morielles.","rel":"","context":"Similar post","block_context":{"text":"Similar post","link":""},"img":{"alt_text":"","src":"https:\/\/i0.wp.com\/artstella-elixirs-floraux.com\/wp-content\/uploads\/2025\/03\/6f562d30-1a12-4d19-8bbb-1d51a2239783.jpg?resize=350%2C200&ssl=1","width":350,"height":200,"srcset":"https:\/\/i0.wp.com\/artstella-elixirs-floraux.com\/wp-content\/uploads\/2025\/03\/6f562d30-1a12-4d19-8bbb-1d51a2239783.jpg?resize=350%2C200&ssl=1 1x, https:\/\/i0.wp.com\/artstella-elixirs-floraux.com\/wp-content\/uploads\/2025\/03\/6f562d30-1a12-4d19-8bbb-1d51a2239783.jpg?resize=525%2C300&ssl=1 1.5x, https:\/\/i0.wp.com\/artstella-elixirs-floraux.com\/wp-content\/uploads\/2025\/03\/6f562d30-1a12-4d19-8bbb-1d51a2239783.jpg?resize=700%2C400&ssl=1 2x"},"classes":[]},{"id":3642,"url":"https:\/\/artstella-elixirs-floraux.com\/en\/product\/46-pushing-back-the-night-ltoe-15-ml\/","url_meta":{"origin":3509,"position":5},"title":"PUSHING BACK THE NIGHT LTOE 15 ML","author":"eveapprill","date":"9 March 2025","format":false,"excerpt":"Pushing Back the Night\u00a0 \/ Repousser la nuit Cet \u00e9lixir favorise un \u00e9tat d\u2019esprit o\u00f9 vision et lumi\u00e8re se confondent, permettant de prendre conscience que la vie est sacr\u00e9e. Son but est d\u2019aider \u00e0 gu\u00e9rir le destin de l\u2019humanit\u00e9.","rel":"","context":"Similar post","block_context":{"text":"Similar post","link":""},"img":{"alt_text":"","src":"https:\/\/i0.wp.com\/artstella-elixirs-floraux.com\/wp-content\/uploads\/2025\/03\/2b1ff100-6342-4cb5-a1c6-56a752173a69.jpg?resize=350%2C200&ssl=1","width":350,"height":200,"srcset":"https:\/\/i0.wp.com\/artstella-elixirs-floraux.com\/wp-content\/uploads\/2025\/03\/2b1ff100-6342-4cb5-a1c6-56a752173a69.jpg?resize=350%2C200&ssl=1 1x, https:\/\/i0.wp.com\/artstella-elixirs-floraux.com\/wp-content\/uploads\/2025\/03\/2b1ff100-6342-4cb5-a1c6-56a752173a69.jpg?resize=525%2C300&ssl=1 1.5x, https:\/\/i0.wp.com\/artstella-elixirs-floraux.com\/wp-content\/uploads\/2025\/03\/2b1ff100-6342-4cb5-a1c6-56a752173a69.jpg?resize=700%2C400&ssl=1 2x"},"classes":[]}],"_links":{"self":[{"href":"https:\/\/artstella-elixirs-floraux.com\/en\/wp-json\/wp\/v2\/product\/3509","targetHints":{"allow":["GET"]}}],"collection":[{"href":"https:\/\/artstella-elixirs-floraux.com\/en\/wp-json\/wp\/v2\/product"}],"about":[{"href":"https:\/\/artstella-elixirs-floraux.com\/en\/wp-json\/wp\/v2\/types\/product"}],"version-history":[{"count":2,"href":"https:\/\/artstella-elixirs-floraux.com\/en\/wp-json\/wp\/v2\/product\/3509\/revisions"}],"predecessor-version":[{"id":12663,"href":"https:\/\/artstella-elixirs-floraux.com\/en\/wp-json\/wp\/v2\/product\/3509\/revisions\/12663"}],"wp:featuredmedia":[{"embeddable":true,"href":"https:\/\/artstella-elixirs-floraux.com\/en\/wp-json\/wp\/v2\/media\/7642"}],"wp:attachment":[{"href":"https:\/\/artstella-elixirs-floraux.com\/en\/wp-json\/wp\/v2\/media?parent=3509"}],"wp:term":[{"taxonomy":"product_brand","embeddable":true,"href":"https:\/\/artstella-elixirs-floraux.com\/en\/wp-json\/wp\/v2\/product_brand?post=3509"},{"taxonomy":"product_cat","embeddable":true,"href":"https:\/\/artstella-elixirs-floraux.com\/en\/wp-json\/wp\/v2\/product_cat?post=3509"},{"taxonomy":"product_tag","embeddable":true,"href":"https:\/\/artstella-elixirs-floraux.com\/en\/wp-json\/wp\/v2\/product_tag?post=3509"}],"curies":[{"name":"wp","href":"https:\/\/api.w.org\/{rel}","templated":true}]}}