{"id":3513,"date":"2025-03-09T13:12:21","date_gmt":"2025-03-09T13:12:21","guid":{"rendered":"https:\/\/artstella-elixirs-floraux.com\/product\/shadow-defense-15-ml-ltoe\/"},"modified":"2026-05-06T17:24:28","modified_gmt":"2026-05-06T17:24:28","slug":"shadow-defense-15-ml-ltoe","status":"publish","type":"product","link":"https:\/\/artstella-elixirs-floraux.com\/en\/product\/shadow-defense-15-ml-ltoe\/","title":{"rendered":"SHADOW DEFENSE 15 ML LTOE"},"content":{"rendered":"<p>Shadow Warrior permet que notre aspect sombre ne pr\u00e9domine pas dans notre vie. Pushing Back the Nigth apporte un soutien \u00e9nerg\u00e9tique de protection en renfor\u00e7ant et \u00e9levant notre alignement int\u00e9rieur. Defender from the Dark prot\u00e8ge ce processus int\u00e9rieur en emp\u00eachant les influences ext\u00e9rieures sombres d\u2019interf\u00e9rer.<\/p>","protected":false},"excerpt":{"rendered":"<p><em><strong>Shadow defense \/ Defense contre l\u2019ombre<\/strong> <\/em>: (Defender from the Dark, Pushing Back the Night et Shadow Warrior). Ce compos\u00e9 nous prot\u00e8ge contre l\u2019ombre dans ses aspects int\u00e9rieurs comme ext\u00e9rieurs.<\/p>","protected":false},"featured_media":7644,"template":"","meta":[],"product_brand":[],"product_cat":[131],"product_tag":[],"class_list":{"0":"post-3513","1":"product","2":"type-product","3":"status-publish","4":"has-post-thumbnail","6":"product_cat-les-composes","8":"first","9":"instock","10":"taxable","11":"shipping-taxable","12":"purchasable","13":"product-type-simple"},"etheme_brands":{"errors":{"invalid_taxonomy":["Invalid taxonomy."]},"error_data":[]},"jetpack_sharing_enabled":true,"jetpack-related-posts":[{"id":5344,"url":"https:\/\/artstella-elixirs-floraux.com\/en\/product\/shadow-defense-spray\/","url_meta":{"origin":3513,"position":0},"title":"SHADOW DEFENSE SPRAY","author":"eveapprill","date":"9 March 2025","format":false,"excerpt":"Shadow Defense (Se d\u00e9fendre contre l\u2019ombre) Ce compos\u00e9 nous prot\u00e8ge contre l\u2019ombre dans ses aspects int\u00e9rieurs comme ext\u00e9rieurs. \u00ab\u00a0jaune\u00a0\u00bb\u00a0: avec les huiles essentielles de Bois de Santal, C\u00e8dre de l\u2019Altlas et de Leleshwa (Sauge africaine sauvage)","rel":"","context":"Similar post","block_context":{"text":"Similar post","link":""},"img":{"alt_text":"","src":"https:\/\/i0.wp.com\/artstella-elixirs-floraux.com\/wp-content\/uploads\/2025\/03\/wp-image1736.png?resize=350%2C200&ssl=1","width":350,"height":200},"classes":[]},{"id":3713,"url":"https:\/\/artstella-elixirs-floraux.com\/en\/product\/defender-from-the-dark-spray\/","url_meta":{"origin":3513,"position":1},"title":"DEFENDER from the DARK SPRAY","author":"eveapprill","date":"9 March 2025","format":false,"excerpt":"Defender from the Dark (Protection de l\u2019obscurit\u00e9) En r\u00e9ponse aux d\u00e9fis dus au changement \u00e9nerg\u00e9tique global, cette orchid\u00e9e a demand\u00e9 \u00e0 \u00eatre pr\u00e9par\u00e9e en \u00e9lixir, en octobre 2010. Elle rappelle les images de Tolkien. Ainsi, bien que connaissant l\u2019ombre, elle n\u2019est pas de l\u2019ombre. \"Bleu\" : avec les huiles essentielles\u2026","rel":"","context":"Similar post","block_context":{"text":"Similar post","link":""},"img":{"alt_text":"sprays d\u00e9fense","src":"https:\/\/i0.wp.com\/artstella-elixirs-floraux.com\/wp-content\/uploads\/2025\/03\/wp-image1735.png?resize=350%2C200&ssl=1","width":350,"height":200},"classes":[]},{"id":3489,"url":"https:\/\/artstella-elixirs-floraux.com\/en\/product\/defender-of-the-source-15-ml-ltoe\/","url_meta":{"origin":3513,"position":2},"title":"DEFENDER OF THE SOURCE 15 ML LTOE","author":"eveapprill","date":"9 March 2025","format":false,"excerpt":"Defender of the Source \/ D\u00e9fense de la Source\u00a0 (compos\u00e9 de Defender from the Dark et Source of Life).\u00a0 Ce compos\u00e9 prot\u00e8gera la r\u00e9gion du chakra sacr\u00e9 contre l\u2019interf\u00e9rence de ces \u00e9nergies n\u00e9gatives. Cet \u00e9lixir semble agir comme un gardien des portes de l\u2019\u00e2me","rel":"","context":"Similar post","block_context":{"text":"Similar post","link":""},"img":{"alt_text":"","src":"https:\/\/i0.wp.com\/artstella-elixirs-floraux.com\/wp-content\/uploads\/2025\/03\/1daefbf9-9d3a-4242-991c-8fc13d1e5a8a.jpg?resize=350%2C200&ssl=1","width":350,"height":200,"srcset":"https:\/\/i0.wp.com\/artstella-elixirs-floraux.com\/wp-content\/uploads\/2025\/03\/1daefbf9-9d3a-4242-991c-8fc13d1e5a8a.jpg?resize=350%2C200&ssl=1 1x, https:\/\/i0.wp.com\/artstella-elixirs-floraux.com\/wp-content\/uploads\/2025\/03\/1daefbf9-9d3a-4242-991c-8fc13d1e5a8a.jpg?resize=525%2C300&ssl=1 1.5x, https:\/\/i0.wp.com\/artstella-elixirs-floraux.com\/wp-content\/uploads\/2025\/03\/1daefbf9-9d3a-4242-991c-8fc13d1e5a8a.jpg?resize=700%2C400&ssl=1 2x"},"classes":[]},{"id":5191,"url":"https:\/\/artstella-elixirs-floraux.com\/en\/product\/soul-shield-spray\/","url_meta":{"origin":3513,"position":3},"title":"SOUL SHIELD SPRAY LTOE","author":"eveapprill","date":"9 March 2025","format":false,"excerpt":"Soul Shield + (Bouclier de l\u2019\u00e2me) Protection psychique Pour les moments o\u00f9 l\u2019on a besoin de protection. Prot\u00e8ge l\u2019aura corporelle ou les espaces de vie de l\u2019incursion d\u2019\u00e9nergies psychiques n\u00e9gatives. Les personnes travaillant avec la lumi\u00e8re peuvent facilement s\u2019attirer des d\u00e9fis divers et parfois des \u00e9nergies \u00ab\u00a0sombres\u00a0\u00bb. \u00ab\u00a0bleu\u00a0\u00bb avec les\u2026","rel":"","context":"Similar post","block_context":{"text":"Similar post","link":""},"img":{"alt_text":"","src":"https:\/\/i0.wp.com\/artstella-elixirs-floraux.com\/wp-content\/uploads\/2025\/03\/wp-image1737.png?resize=350%2C200&ssl=1","width":350,"height":200},"classes":[]},{"id":3529,"url":"https:\/\/artstella-elixirs-floraux.com\/en\/product\/vital-defense-15-ml-ltoe\/","url_meta":{"origin":3513,"position":4},"title":"VITAL DEFENSE 15 ML LTOE","author":"eveapprill","date":"27 May 2025","format":false,"excerpt":"Vital Defense \/ D\u00e9fense Vitale (Defender from the Dark et Vital Core). Il aide \u00e0 clarifier les aspects sombres du 2eme chakra et ils peuvent ainsi \u00eatre un compl\u00e9ment \u00e0 Defender of the Source. Ces \u00e9lixirs r\u00e9pondent tous au besoin de l\u2019accroissement n\u00e9cessaire de la conscience par rapport aux vrais\u2026","rel":"","context":"Similar post","block_context":{"text":"Similar post","link":""},"img":{"alt_text":"","src":"https:\/\/i0.wp.com\/artstella-elixirs-floraux.com\/wp-content\/uploads\/2025\/03\/917e648b-5ecb-49a5-84e1-a9642b54369f.jpg?resize=350%2C200&ssl=1","width":350,"height":200,"srcset":"https:\/\/i0.wp.com\/artstella-elixirs-floraux.com\/wp-content\/uploads\/2025\/03\/917e648b-5ecb-49a5-84e1-a9642b54369f.jpg?resize=350%2C200&ssl=1 1x, https:\/\/i0.wp.com\/artstella-elixirs-floraux.com\/wp-content\/uploads\/2025\/03\/917e648b-5ecb-49a5-84e1-a9642b54369f.jpg?resize=525%2C300&ssl=1 1.5x, https:\/\/i0.wp.com\/artstella-elixirs-floraux.com\/wp-content\/uploads\/2025\/03\/917e648b-5ecb-49a5-84e1-a9642b54369f.jpg?resize=700%2C400&ssl=1 2x"},"classes":[]},{"id":3521,"url":"https:\/\/artstella-elixirs-floraux.com\/en\/product\/soul-shield-ltoe-15-ml\/","url_meta":{"origin":3513,"position":5},"title":"SOUL SHIELD + LTOE 15 ML","author":"eveapprill","date":"9 March 2025","format":false,"excerpt":"Bouclier de l\u2019\u00e2me \/ Soul Shield On a parfois besoin de se prot\u00e9ger, pour toutes sortes de raisons. Ceux qui travaillent avec la lumi\u00e8re peuvent, \u00e0 l\u2019occasion, \u00eatre sujets \u00e0 des attaques \u00e9nerg\u00e9tiques\u00a0;","rel":"","context":"Similar post","block_context":{"text":"Similar post","link":""},"img":{"alt_text":"","src":"https:\/\/i0.wp.com\/artstella-elixirs-floraux.com\/wp-content\/uploads\/2025\/03\/ed2b69e3-6c8e-46f6-92d8-02e5adb4a16f.jpg?resize=350%2C200&ssl=1","width":350,"height":200,"srcset":"https:\/\/i0.wp.com\/artstella-elixirs-floraux.com\/wp-content\/uploads\/2025\/03\/ed2b69e3-6c8e-46f6-92d8-02e5adb4a16f.jpg?resize=350%2C200&ssl=1 1x, https:\/\/i0.wp.com\/artstella-elixirs-floraux.com\/wp-content\/uploads\/2025\/03\/ed2b69e3-6c8e-46f6-92d8-02e5adb4a16f.jpg?resize=525%2C300&ssl=1 1.5x, https:\/\/i0.wp.com\/artstella-elixirs-floraux.com\/wp-content\/uploads\/2025\/03\/ed2b69e3-6c8e-46f6-92d8-02e5adb4a16f.jpg?resize=700%2C400&ssl=1 2x"},"classes":[]}],"_links":{"self":[{"href":"https:\/\/artstella-elixirs-floraux.com\/en\/wp-json\/wp\/v2\/product\/3513","targetHints":{"allow":["GET"]}}],"collection":[{"href":"https:\/\/artstella-elixirs-floraux.com\/en\/wp-json\/wp\/v2\/product"}],"about":[{"href":"https:\/\/artstella-elixirs-floraux.com\/en\/wp-json\/wp\/v2\/types\/product"}],"version-history":[{"count":1,"href":"https:\/\/artstella-elixirs-floraux.com\/en\/wp-json\/wp\/v2\/product\/3513\/revisions"}],"predecessor-version":[{"id":12660,"href":"https:\/\/artstella-elixirs-floraux.com\/en\/wp-json\/wp\/v2\/product\/3513\/revisions\/12660"}],"wp:featuredmedia":[{"embeddable":true,"href":"https:\/\/artstella-elixirs-floraux.com\/en\/wp-json\/wp\/v2\/media\/7644"}],"wp:attachment":[{"href":"https:\/\/artstella-elixirs-floraux.com\/en\/wp-json\/wp\/v2\/media?parent=3513"}],"wp:term":[{"taxonomy":"product_brand","embeddable":true,"href":"https:\/\/artstella-elixirs-floraux.com\/en\/wp-json\/wp\/v2\/product_brand?post=3513"},{"taxonomy":"product_cat","embeddable":true,"href":"https:\/\/artstella-elixirs-floraux.com\/en\/wp-json\/wp\/v2\/product_cat?post=3513"},{"taxonomy":"product_tag","embeddable":true,"href":"https:\/\/artstella-elixirs-floraux.com\/en\/wp-json\/wp\/v2\/product_tag?post=3513"}],"curies":[{"name":"wp","href":"https:\/\/api.w.org\/{rel}","templated":true}]}}