{"id":3527,"date":"2025-03-09T13:12:43","date_gmt":"2025-03-09T13:12:43","guid":{"rendered":"https:\/\/artstella-elixirs-floraux.com\/product\/temple-of-light-5-lto-15-ml\/"},"modified":"2026-05-06T17:16:48","modified_gmt":"2026-05-06T17:16:48","slug":"temple-of-light-5-lto-15-ml","status":"publish","type":"product","link":"https:\/\/artstella-elixirs-floraux.com\/en\/product\/temple-of-light-5-lto-15-ml\/","title":{"rendered":"TEMPLE OF LIGHT \u00ab\u00a05\u00a0\u00bb LTOE 15 ML"},"content":{"rendered":"","protected":false},"excerpt":{"rendered":"<p><span style=\"color: #008000;\"><strong><em>Temple of light (5) \/ Temple de lumi\u00e8re :<\/em><\/strong><\/span><\/p>\n<p>permet une utilisation prolong\u00e9e pour faire face \u00e0 l&rsquo;instabilit\u00e9 \u00e9nerg\u00e9tique des la connexion entre les quatre points cit\u00e9s plus haut.<\/p>","protected":false},"featured_media":7651,"template":"","meta":[],"product_brand":[],"product_cat":[131],"product_tag":[],"class_list":{"0":"post-3527","1":"product","2":"type-product","3":"status-publish","4":"has-post-thumbnail","6":"product_cat-les-composes","8":"first","9":"instock","10":"taxable","11":"shipping-taxable","12":"purchasable","13":"product-type-simple"},"etheme_brands":{"errors":{"invalid_taxonomy":["Invalid taxonomy."]},"error_data":[]},"jetpack_sharing_enabled":true,"jetpack-related-posts":[{"id":3726,"url":"https:\/\/artstella-elixirs-floraux.com\/en\/product\/temple-of-light-blue-spray\/","url_meta":{"origin":3527,"position":0},"title":"TEMPLE OF LIGHT BLUE SPRAY","author":"eveapprill","date":"9 March 2025","format":false,"excerpt":"Temple of light (Temple de lumi\u00e8re) Ce spray a \u00e9t\u00e9 cr\u00e9\u00e9 pour harmoniser un d\u00e9s\u00e9quilibre entre le point Ba-Hui qui gouverne les principaux m\u00e9ridiens d'acupuncture et la chambre int\u00e9rieure du chakra... \u00ab\u00a0bleu\u00a0\u00bb avec les huiles essentielles de rose Bulgare.","rel":"","context":"Similar post","block_context":{"text":"Similar post","link":""},"img":{"alt_text":"","src":"","width":0,"height":0},"classes":[]},{"id":5488,"url":"https:\/\/artstella-elixirs-floraux.com\/en\/product\/shield-of-light-spray\/","url_meta":{"origin":3527,"position":1},"title":"SHIELD OF LIGHT SPRAY","author":"eveapprill","date":"9 March 2025","format":false,"excerpt":"Shield of light - Bouclier de lumi\u00e8re Parmi les derni\u00e8res cr\u00e9ations de Don Denis en collaboration du Dr. Adrian Brito-Babapulle, voici un nouveau compos\u00e9 majeur pour se prot\u00e9ger des \u00e9nergies sombres. Sa formule permet \u00e0 l\u2019aura de refl\u00e9ter tel un miroir, de fa\u00e7on \u00e0 ce que de telles \u00e9nergies ne\u2026","rel":"","context":"Similar post","block_context":{"text":"Similar post","link":""},"img":{"alt_text":"","src":"","width":0,"height":0},"classes":[]},{"id":3594,"url":"https:\/\/artstella-elixirs-floraux.com\/en\/product\/23-heart-of-light-ltoe-15-ml\/","url_meta":{"origin":3527,"position":2},"title":"HEART OF LIGHT LTOE 15 ML","author":"eveapprill","date":"9 March 2025","format":false,"excerpt":"\u00a0Heart of Light \/Coeur de lumi\u00e8re opulse vers une conscience de l\u2019interd\u00e9pendance universelle, ressentie dans sa fluidit\u00e9 \u00e9nerg\u00e9tique.","rel":"","context":"Similar post","block_context":{"text":"Similar post","link":""},"img":{"alt_text":"","src":"https:\/\/i0.wp.com\/artstella-elixirs-floraux.com\/wp-content\/uploads\/2025\/03\/34ec927e-397f-45c1-bc66-b98e57ac44d1.jpg?resize=350%2C200&ssl=1","width":350,"height":200,"srcset":"https:\/\/i0.wp.com\/artstella-elixirs-floraux.com\/wp-content\/uploads\/2025\/03\/34ec927e-397f-45c1-bc66-b98e57ac44d1.jpg?resize=350%2C200&ssl=1 1x, https:\/\/i0.wp.com\/artstella-elixirs-floraux.com\/wp-content\/uploads\/2025\/03\/34ec927e-397f-45c1-bc66-b98e57ac44d1.jpg?resize=525%2C300&ssl=1 1.5x, https:\/\/i0.wp.com\/artstella-elixirs-floraux.com\/wp-content\/uploads\/2025\/03\/34ec927e-397f-45c1-bc66-b98e57ac44d1.jpg?resize=700%2C400&ssl=1 2x"},"classes":[]},{"id":4110,"url":"https:\/\/artstella-elixirs-floraux.com\/en\/product\/puma-el-chamaniques-15-ml\/","url_meta":{"origin":3527,"position":3},"title":"PUMA EL CHAMANIQUES 15 ML","author":"eveapprill","date":"9 March 2025","format":false,"excerpt":"PUMA\u00a0 \" Le Gardien du Temple\" Leadership \u2013 Contr\u00f4le de l\u2019ego - Pouvoir L\u2019\u00e9lixir aide \u00e0 prendre nos responsabilit\u00e9s. Il soutient l\u2019action efficace et apporte l\u2019aide n\u00e9cessaire pour manifester nos r\u00eaves et nos visions.","rel":"","context":"Similar post","block_context":{"text":"Similar post","link":""},"img":{"alt_text":"","src":"","width":0,"height":0},"classes":[]},{"id":3615,"url":"https:\/\/artstella-elixirs-floraux.com\/en\/product\/33-light-of-my-eye-15-ml\/","url_meta":{"origin":3527,"position":4},"title":"LIGHT OF MY EYE 15 ML","author":"eveapprill","date":"9 March 2025","format":false,"excerpt":"Light of My Eye\/ \u00c9toile filante Selon la tradition am\u00e9rindienne, la Grenouille regarde vers les \u00e9toiles et le Grand Manitou la couvre de lumi\u00e8re c\u00e9leste (les grenouilles captent la lumi\u00e8re des \u00e9toiles","rel":"","context":"Similar post","block_context":{"text":"Similar post","link":""},"img":{"alt_text":"33. LIGHT OF MY EYE 15 ML","src":"https:\/\/i0.wp.com\/artstella-elixirs-floraux.com\/wp-content\/uploads\/2025\/03\/009eab9c-bfae-4b17-aa75-d7c293c51d7c.jpg?resize=350%2C200&ssl=1","width":350,"height":200,"srcset":"https:\/\/i0.wp.com\/artstella-elixirs-floraux.com\/wp-content\/uploads\/2025\/03\/009eab9c-bfae-4b17-aa75-d7c293c51d7c.jpg?resize=350%2C200&ssl=1 1x, https:\/\/i0.wp.com\/artstella-elixirs-floraux.com\/wp-content\/uploads\/2025\/03\/009eab9c-bfae-4b17-aa75-d7c293c51d7c.jpg?resize=525%2C300&ssl=1 1.5x, https:\/\/i0.wp.com\/artstella-elixirs-floraux.com\/wp-content\/uploads\/2025\/03\/009eab9c-bfae-4b17-aa75-d7c293c51d7c.jpg?resize=700%2C400&ssl=1 2x"},"classes":[]},{"id":5124,"url":"https:\/\/artstella-elixirs-floraux.com\/en\/product\/shield-of-light-ltoe\/","url_meta":{"origin":3527,"position":5},"title":"SHIELD OF LIGHT &#8211; LTOE","author":"eveapprill","date":"9 March 2025","format":false,"excerpt":"Bouclier de Lumi\u00e8re - Elixir majeur pour se prot\u00e9ger des \u00e9nergies sombres. Sa formule permet \u00e0 l\u2019aura de refl\u00e9ter tel un miroir, de fa\u00e7on \u00e0 ce que de telles \u00e9nergies ne puissent pas la p\u00e9n\u00e9trer. En les r\u00e9fl\u00e9chissant, elle les renvoie vers la Source. L\u2019\u00e9lixir apporte courage et restaure la\u2026","rel":"","context":"Similar post","block_context":{"text":"Similar post","link":""},"img":{"alt_text":"","src":"https:\/\/i0.wp.com\/artstella-elixirs-floraux.com\/wp-content\/uploads\/2025\/03\/b5481c95-dc21-4a86-a775-92ba801c9614.jpg?resize=350%2C200&ssl=1","width":350,"height":200,"srcset":"https:\/\/i0.wp.com\/artstella-elixirs-floraux.com\/wp-content\/uploads\/2025\/03\/b5481c95-dc21-4a86-a775-92ba801c9614.jpg?resize=350%2C200&ssl=1 1x, https:\/\/i0.wp.com\/artstella-elixirs-floraux.com\/wp-content\/uploads\/2025\/03\/b5481c95-dc21-4a86-a775-92ba801c9614.jpg?resize=525%2C300&ssl=1 1.5x, https:\/\/i0.wp.com\/artstella-elixirs-floraux.com\/wp-content\/uploads\/2025\/03\/b5481c95-dc21-4a86-a775-92ba801c9614.jpg?resize=700%2C400&ssl=1 2x"},"classes":[]}],"_links":{"self":[{"href":"https:\/\/artstella-elixirs-floraux.com\/en\/wp-json\/wp\/v2\/product\/3527","targetHints":{"allow":["GET"]}}],"collection":[{"href":"https:\/\/artstella-elixirs-floraux.com\/en\/wp-json\/wp\/v2\/product"}],"about":[{"href":"https:\/\/artstella-elixirs-floraux.com\/en\/wp-json\/wp\/v2\/types\/product"}],"version-history":[{"count":1,"href":"https:\/\/artstella-elixirs-floraux.com\/en\/wp-json\/wp\/v2\/product\/3527\/revisions"}],"predecessor-version":[{"id":12652,"href":"https:\/\/artstella-elixirs-floraux.com\/en\/wp-json\/wp\/v2\/product\/3527\/revisions\/12652"}],"wp:featuredmedia":[{"embeddable":true,"href":"https:\/\/artstella-elixirs-floraux.com\/en\/wp-json\/wp\/v2\/media\/7651"}],"wp:attachment":[{"href":"https:\/\/artstella-elixirs-floraux.com\/en\/wp-json\/wp\/v2\/media?parent=3527"}],"wp:term":[{"taxonomy":"product_brand","embeddable":true,"href":"https:\/\/artstella-elixirs-floraux.com\/en\/wp-json\/wp\/v2\/product_brand?post=3527"},{"taxonomy":"product_cat","embeddable":true,"href":"https:\/\/artstella-elixirs-floraux.com\/en\/wp-json\/wp\/v2\/product_cat?post=3527"},{"taxonomy":"product_tag","embeddable":true,"href":"https:\/\/artstella-elixirs-floraux.com\/en\/wp-json\/wp\/v2\/product_tag?post=3527"}],"curies":[{"name":"wp","href":"https:\/\/api.w.org\/{rel}","templated":true}]}}