{"id":3529,"date":"2025-05-27T16:37:09","date_gmt":"2025-05-27T16:37:09","guid":{"rendered":"https:\/\/artstella-elixirs-floraux.com\/?post_type=product&#038;p=3529"},"modified":"2026-05-06T14:30:48","modified_gmt":"2026-05-06T14:30:48","slug":"vital-defense-15-ml-ltoe","status":"publish","type":"product","link":"https:\/\/artstella-elixirs-floraux.com\/en\/product\/vital-defense-15-ml-ltoe\/","title":{"rendered":"VITAL DEFENSE 15 ML LTOE"},"content":{"rendered":"<p>Poss\u00e8de une affinit\u00e9 avec les portes sacr\u00e9es (r\u00e9cepteurs \u00e9nerg\u00e9tiques situ\u00e9s dans le bas du dos)<\/p>","protected":false},"excerpt":{"rendered":"<p><strong>Vital Defense \/ D\u00e9fense Vitale<\/strong> <em>(Defender from the Dark et Vital Core)<\/em>. Il aide \u00e0 clarifier les aspects sombres du 2eme chakra et ils peuvent ainsi \u00eatre un compl\u00e9ment \u00e0 Defender of the Source. Ces \u00e9lixirs r\u00e9pondent tous au besoin de l\u2019accroissement n\u00e9cessaire de la conscience par rapport aux vrais buts de notre \u00e2me, sans le poids de nos \u00ab\u00a0valises\u00a0\u00bb que nous portons invariablement.<\/p>","protected":false},"featured_media":7639,"template":"","meta":[],"product_brand":[],"product_cat":[131],"product_tag":[],"class_list":{"0":"post-3529","1":"product","2":"type-product","3":"status-publish","4":"has-post-thumbnail","6":"product_cat-les-composes","8":"first","9":"instock","10":"taxable","11":"shipping-taxable","12":"purchasable","13":"product-type-simple"},"etheme_brands":{"errors":{"invalid_taxonomy":["Invalid taxonomy."]},"error_data":[]},"jetpack_sharing_enabled":true,"jetpack-related-posts":[{"id":5340,"url":"https:\/\/artstella-elixirs-floraux.com\/en\/product\/defend-and-protect\/","url_meta":{"origin":3529,"position":0},"title":"DEFEND and PROTECT SPRAY","author":"eveapprill","date":"9 March 2025","format":false,"excerpt":"Defend and Protect \/ D\u00e9fense et Protection \u00a0(Defender from the Dark et protective Presence) Il y a une similarit\u00e9 entre ces deux orchid\u00e9es en ce qu\u2019elles apportent une attention \u00e0 toute \u00e9preuve face aux influences malignes. Quand on doit faire face \u00e0 des entit\u00e9s n\u00e9gatives, ce compos\u00e9 apporte une armure\u2026","rel":"","context":"Similar post","block_context":{"text":"Similar post","link":""},"img":{"alt_text":"","src":"https:\/\/i0.wp.com\/artstella-elixirs-floraux.com\/wp-content\/uploads\/2025\/03\/wp-image1738.png?resize=350%2C200&ssl=1","width":350,"height":200},"classes":[]},{"id":5344,"url":"https:\/\/artstella-elixirs-floraux.com\/en\/product\/shadow-defense-spray\/","url_meta":{"origin":3529,"position":1},"title":"SHADOW DEFENSE SPRAY","author":"eveapprill","date":"9 March 2025","format":false,"excerpt":"Shadow Defense (Se d\u00e9fendre contre l\u2019ombre) Ce compos\u00e9 nous prot\u00e8ge contre l\u2019ombre dans ses aspects int\u00e9rieurs comme ext\u00e9rieurs. \u00ab\u00a0jaune\u00a0\u00bb\u00a0: avec les huiles essentielles de Bois de Santal, C\u00e8dre de l\u2019Altlas et de Leleshwa (Sauge africaine sauvage)","rel":"","context":"Similar post","block_context":{"text":"Similar post","link":""},"img":{"alt_text":"","src":"https:\/\/i0.wp.com\/artstella-elixirs-floraux.com\/wp-content\/uploads\/2025\/03\/wp-image1736.png?resize=350%2C200&ssl=1","width":350,"height":200},"classes":[]},{"id":3513,"url":"https:\/\/artstella-elixirs-floraux.com\/en\/product\/shadow-defense-15-ml-ltoe\/","url_meta":{"origin":3529,"position":2},"title":"SHADOW DEFENSE 15 ML LTOE","author":"eveapprill","date":"9 March 2025","format":false,"excerpt":"Shadow defense \/ Defense contre l\u2019ombre : (Defender from the Dark, Pushing Back the Night et Shadow Warrior). Ce compos\u00e9 nous prot\u00e8ge contre l\u2019ombre dans ses aspects int\u00e9rieurs comme ext\u00e9rieurs.","rel":"","context":"Similar post","block_context":{"text":"Similar post","link":""},"img":{"alt_text":"","src":"https:\/\/i0.wp.com\/artstella-elixirs-floraux.com\/wp-content\/uploads\/2025\/03\/ba8ee7a7-51f8-4e02-93c8-03d13e3b73e1.jpg?resize=350%2C200&ssl=1","width":350,"height":200,"srcset":"https:\/\/i0.wp.com\/artstella-elixirs-floraux.com\/wp-content\/uploads\/2025\/03\/ba8ee7a7-51f8-4e02-93c8-03d13e3b73e1.jpg?resize=350%2C200&ssl=1 1x, https:\/\/i0.wp.com\/artstella-elixirs-floraux.com\/wp-content\/uploads\/2025\/03\/ba8ee7a7-51f8-4e02-93c8-03d13e3b73e1.jpg?resize=525%2C300&ssl=1 1.5x, https:\/\/i0.wp.com\/artstella-elixirs-floraux.com\/wp-content\/uploads\/2025\/03\/ba8ee7a7-51f8-4e02-93c8-03d13e3b73e1.jpg?resize=700%2C400&ssl=1 2x"},"classes":[]},{"id":3713,"url":"https:\/\/artstella-elixirs-floraux.com\/en\/product\/defender-from-the-dark-spray\/","url_meta":{"origin":3529,"position":3},"title":"DEFENDER from the DARK SPRAY","author":"eveapprill","date":"9 March 2025","format":false,"excerpt":"Defender from the Dark (Protection de l\u2019obscurit\u00e9) En r\u00e9ponse aux d\u00e9fis dus au changement \u00e9nerg\u00e9tique global, cette orchid\u00e9e a demand\u00e9 \u00e0 \u00eatre pr\u00e9par\u00e9e en \u00e9lixir, en octobre 2010. Elle rappelle les images de Tolkien. Ainsi, bien que connaissant l\u2019ombre, elle n\u2019est pas de l\u2019ombre. \"Bleu\" : avec les huiles essentielles\u2026","rel":"","context":"Similar post","block_context":{"text":"Similar post","link":""},"img":{"alt_text":"sprays d\u00e9fense","src":"https:\/\/i0.wp.com\/artstella-elixirs-floraux.com\/wp-content\/uploads\/2025\/03\/wp-image1735.png?resize=350%2C200&ssl=1","width":350,"height":200},"classes":[]},{"id":3489,"url":"https:\/\/artstella-elixirs-floraux.com\/en\/product\/defender-of-the-source-15-ml-ltoe\/","url_meta":{"origin":3529,"position":4},"title":"DEFENDER OF THE SOURCE 15 ML LTOE","author":"eveapprill","date":"9 March 2025","format":false,"excerpt":"Defender of the Source \/ D\u00e9fense de la Source\u00a0 (compos\u00e9 de Defender from the Dark et Source of Life).\u00a0 Ce compos\u00e9 prot\u00e8gera la r\u00e9gion du chakra sacr\u00e9 contre l\u2019interf\u00e9rence de ces \u00e9nergies n\u00e9gatives. Cet \u00e9lixir semble agir comme un gardien des portes de l\u2019\u00e2me","rel":"","context":"Similar post","block_context":{"text":"Similar post","link":""},"img":{"alt_text":"","src":"https:\/\/i0.wp.com\/artstella-elixirs-floraux.com\/wp-content\/uploads\/2025\/03\/1daefbf9-9d3a-4242-991c-8fc13d1e5a8a.jpg?resize=350%2C200&ssl=1","width":350,"height":200,"srcset":"https:\/\/i0.wp.com\/artstella-elixirs-floraux.com\/wp-content\/uploads\/2025\/03\/1daefbf9-9d3a-4242-991c-8fc13d1e5a8a.jpg?resize=350%2C200&ssl=1 1x, https:\/\/i0.wp.com\/artstella-elixirs-floraux.com\/wp-content\/uploads\/2025\/03\/1daefbf9-9d3a-4242-991c-8fc13d1e5a8a.jpg?resize=525%2C300&ssl=1 1.5x, https:\/\/i0.wp.com\/artstella-elixirs-floraux.com\/wp-content\/uploads\/2025\/03\/1daefbf9-9d3a-4242-991c-8fc13d1e5a8a.jpg?resize=700%2C400&ssl=1 2x"},"classes":[]},{"id":3485,"url":"https:\/\/artstella-elixirs-floraux.com\/en\/product\/defend-and-protect-15-ml-ltoe\/","url_meta":{"origin":3529,"position":5},"title":"DEFEND AND PROTECT 15 ML LTOE","author":"eveapprill","date":"9 March 2025","format":false,"excerpt":"Defend and Protect \/ D\u00e9fense et Protection * (Defender from the Dark et Protective Presence) Il y a une similarit\u00e9 entre ces deux orchid\u00e9es en ce qu\u2019elles apportent une attention \u00e0 toute \u00e9preuve face aux influences malignes. Quand on doit faire face \u00e0 des entit\u00e9s n\u00e9gatives, ce compos\u00e9 apporte une\u2026","rel":"","context":"Similar post","block_context":{"text":"Similar post","link":""},"img":{"alt_text":"","src":"https:\/\/i0.wp.com\/artstella-elixirs-floraux.com\/wp-content\/uploads\/2025\/03\/56bfa7bf-53e2-4519-8fed-67e2d0d481ea.jpg?resize=350%2C200&ssl=1","width":350,"height":200,"srcset":"https:\/\/i0.wp.com\/artstella-elixirs-floraux.com\/wp-content\/uploads\/2025\/03\/56bfa7bf-53e2-4519-8fed-67e2d0d481ea.jpg?resize=350%2C200&ssl=1 1x, https:\/\/i0.wp.com\/artstella-elixirs-floraux.com\/wp-content\/uploads\/2025\/03\/56bfa7bf-53e2-4519-8fed-67e2d0d481ea.jpg?resize=525%2C300&ssl=1 1.5x, https:\/\/i0.wp.com\/artstella-elixirs-floraux.com\/wp-content\/uploads\/2025\/03\/56bfa7bf-53e2-4519-8fed-67e2d0d481ea.jpg?resize=700%2C400&ssl=1 2x"},"classes":[]}],"_links":{"self":[{"href":"https:\/\/artstella-elixirs-floraux.com\/en\/wp-json\/wp\/v2\/product\/3529","targetHints":{"allow":["GET"]}}],"collection":[{"href":"https:\/\/artstella-elixirs-floraux.com\/en\/wp-json\/wp\/v2\/product"}],"about":[{"href":"https:\/\/artstella-elixirs-floraux.com\/en\/wp-json\/wp\/v2\/types\/product"}],"version-history":[{"count":1,"href":"https:\/\/artstella-elixirs-floraux.com\/en\/wp-json\/wp\/v2\/product\/3529\/revisions"}],"predecessor-version":[{"id":12536,"href":"https:\/\/artstella-elixirs-floraux.com\/en\/wp-json\/wp\/v2\/product\/3529\/revisions\/12536"}],"wp:featuredmedia":[{"embeddable":true,"href":"https:\/\/artstella-elixirs-floraux.com\/en\/wp-json\/wp\/v2\/media\/7639"}],"wp:attachment":[{"href":"https:\/\/artstella-elixirs-floraux.com\/en\/wp-json\/wp\/v2\/media?parent=3529"}],"wp:term":[{"taxonomy":"product_brand","embeddable":true,"href":"https:\/\/artstella-elixirs-floraux.com\/en\/wp-json\/wp\/v2\/product_brand?post=3529"},{"taxonomy":"product_cat","embeddable":true,"href":"https:\/\/artstella-elixirs-floraux.com\/en\/wp-json\/wp\/v2\/product_cat?post=3529"},{"taxonomy":"product_tag","embeddable":true,"href":"https:\/\/artstella-elixirs-floraux.com\/en\/wp-json\/wp\/v2\/product_tag?post=3529"}],"curies":[{"name":"wp","href":"https:\/\/api.w.org\/{rel}","templated":true}]}}