{"id":3531,"date":"2025-03-09T13:12:46","date_gmt":"2025-03-09T13:12:46","guid":{"rendered":"https:\/\/artstella-elixirs-floraux.com\/product\/vital-lift-ltoe-15-ml\/"},"modified":"2026-05-06T17:15:44","modified_gmt":"2026-05-06T17:15:44","slug":"vital-lift-ltoe-15-ml","status":"publish","type":"product","link":"https:\/\/artstella-elixirs-floraux.com\/en\/product\/vital-lift-ltoe-15-ml\/","title":{"rendered":"VITAL LIFT LTOE 15 ML"},"content":{"rendered":"","protected":false},"excerpt":{"rendered":"<p><span style=\"color: #008000;\"><strong>\u00c9nergie vitale\/Vital Lift<\/strong><\/span><\/p>\n<p>Ce complexe calme, dynamise et invite \u00e0 habiter le corps. Il favorise \u00e9galement la concentration et l\u2019endurance n\u00e9cessaires au travail soutenu. Il fut cr\u00e9\u00e9 \u00e0 base de Double espresso et de Tr\u00e9fonds de l\u2019\u00eatre, dont l\u2019effet apaisant aide \u00e0 s\u2019aligner sur ses valeurs spirituelles.<\/p>","protected":false},"featured_media":7640,"template":"","meta":[],"product_brand":[],"product_cat":[131],"product_tag":[],"class_list":{"0":"post-3531","1":"product","2":"type-product","3":"status-publish","4":"has-post-thumbnail","6":"product_cat-les-composes","8":"first","9":"instock","10":"taxable","11":"shipping-taxable","12":"purchasable","13":"product-type-simple"},"etheme_brands":{"errors":{"invalid_taxonomy":["Invalid taxonomy."]},"error_data":[]},"jetpack_sharing_enabled":true,"jetpack-related-posts":[{"id":3529,"url":"https:\/\/artstella-elixirs-floraux.com\/en\/product\/vital-defense-15-ml-ltoe\/","url_meta":{"origin":3531,"position":0},"title":"VITAL DEFENSE 15 ML LTOE","author":"eveapprill","date":"27 May 2025","format":false,"excerpt":"Vital Defense \/ D\u00e9fense Vitale (Defender from the Dark et Vital Core). Il aide \u00e0 clarifier les aspects sombres du 2eme chakra et ils peuvent ainsi \u00eatre un compl\u00e9ment \u00e0 Defender of the Source. Ces \u00e9lixirs r\u00e9pondent tous au besoin de l\u2019accroissement n\u00e9cessaire de la conscience par rapport aux vrais\u2026","rel":"","context":"Similar post","block_context":{"text":"Similar post","link":""},"img":{"alt_text":"","src":"https:\/\/i0.wp.com\/artstella-elixirs-floraux.com\/wp-content\/uploads\/2025\/03\/917e648b-5ecb-49a5-84e1-a9642b54369f.jpg?resize=350%2C200&ssl=1","width":350,"height":200,"srcset":"https:\/\/i0.wp.com\/artstella-elixirs-floraux.com\/wp-content\/uploads\/2025\/03\/917e648b-5ecb-49a5-84e1-a9642b54369f.jpg?resize=350%2C200&ssl=1 1x, https:\/\/i0.wp.com\/artstella-elixirs-floraux.com\/wp-content\/uploads\/2025\/03\/917e648b-5ecb-49a5-84e1-a9642b54369f.jpg?resize=525%2C300&ssl=1 1.5x, https:\/\/i0.wp.com\/artstella-elixirs-floraux.com\/wp-content\/uploads\/2025\/03\/917e648b-5ecb-49a5-84e1-a9642b54369f.jpg?resize=700%2C400&ssl=1 2x"},"classes":[]},{"id":3685,"url":"https:\/\/artstella-elixirs-floraux.com\/en\/product\/69-vital-core-ltoe-15ml\/","url_meta":{"origin":3531,"position":1},"title":"VITAL CORE LTOE 15ML","author":"eveapprill","date":"9 March 2025","format":false,"excerpt":"Vital core \/ Centre vital Apporte une forte \u00e9nergie d\u2019enracinement et au 2\u00e8me chakra de m\u00eame qu\u2019au m\u00e9ridien de la v\u00e9sicule biliaire. Tout en ayant une action sur le chakra coronal, laryng\u00e9 et du c\u0153ur, celle-ci est principalement remarquable","rel":"","context":"Similar post","block_context":{"text":"Similar post","link":""},"img":{"alt_text":"","src":"https:\/\/i0.wp.com\/artstella-elixirs-floraux.com\/wp-content\/uploads\/2025\/03\/b7fd20da-5fb4-4b7c-83f1-7cba0c405f2b.jpg?resize=350%2C200&ssl=1","width":350,"height":200,"srcset":"https:\/\/i0.wp.com\/artstella-elixirs-floraux.com\/wp-content\/uploads\/2025\/03\/b7fd20da-5fb4-4b7c-83f1-7cba0c405f2b.jpg?resize=350%2C200&ssl=1 1x, https:\/\/i0.wp.com\/artstella-elixirs-floraux.com\/wp-content\/uploads\/2025\/03\/b7fd20da-5fb4-4b7c-83f1-7cba0c405f2b.jpg?resize=525%2C300&ssl=1 1.5x, https:\/\/i0.wp.com\/artstella-elixirs-floraux.com\/wp-content\/uploads\/2025\/03\/b7fd20da-5fb4-4b7c-83f1-7cba0c405f2b.jpg?resize=700%2C400&ssl=1 2x"},"classes":[]},{"id":6076,"url":"https:\/\/artstella-elixirs-floraux.com\/en\/product\/vital-light-15-ml-ltoe\/","url_meta":{"origin":3531,"position":2},"title":"Vital Light 15 ml LTOE","author":"eveapprill","date":"9 March 2025","format":false,"excerpt":"Vital Light\u00a0- Cet \u00e9lixir cumule les effets de ces 3 composants, Vital core, Vital Clarity agisant sur les corps subtils inf\u00e9rieurs et Kuan Yin fluorite sur le chakra du c\u0153ur vers le haut. Invoquant un chariot mystique de l\u2019\u00e2me, le Merkabah. Vital Light est rafra\u00eechissant, apportant vitalit\u00e9 et \u00e9nergie.","rel":"","context":"Similar post","block_context":{"text":"Similar post","link":""},"img":{"alt_text":"","src":"https:\/\/i0.wp.com\/artstella-elixirs-floraux.com\/wp-content\/uploads\/2025\/03\/61681582-05e5-47ee-8b72-56d99fa23113.jpg?resize=350%2C200&ssl=1","width":350,"height":200,"srcset":"https:\/\/i0.wp.com\/artstella-elixirs-floraux.com\/wp-content\/uploads\/2025\/03\/61681582-05e5-47ee-8b72-56d99fa23113.jpg?resize=350%2C200&ssl=1 1x, https:\/\/i0.wp.com\/artstella-elixirs-floraux.com\/wp-content\/uploads\/2025\/03\/61681582-05e5-47ee-8b72-56d99fa23113.jpg?resize=525%2C300&ssl=1 1.5x, https:\/\/i0.wp.com\/artstella-elixirs-floraux.com\/wp-content\/uploads\/2025\/03\/61681582-05e5-47ee-8b72-56d99fa23113.jpg?resize=700%2C400&ssl=1 2x"},"classes":[]},{"id":4531,"url":"https:\/\/artstella-elixirs-floraux.com\/en\/product\/collier-paradies-phi\/","url_meta":{"origin":3531,"position":3},"title":"COLLIER PARADIES PHI","author":"eveapprill","date":"9 March 2025","format":false,"excerpt":"Le pendentif \u00ab\u00a0Paradise\u00a0\u00bb\u00a0: Energie vitale En verre souffl\u00e9 transparent avec une perle de tourmaline noire Renforce l\u2019\u00e9nergie vitale ainsi que les pens\u00e9es positives. Aide les personnes dans les situations difficiles \u00e0 voir positivement et \u00e0 se relier au Divin.","rel":"","context":"Similar post","block_context":{"text":"Similar post","link":""},"img":{"alt_text":"","src":"","width":0,"height":0},"classes":[]},{"id":12375,"url":"https:\/\/artstella-elixirs-floraux.com\/en\/product\/rubis-rubi-15ml-sylfos\/","url_meta":{"origin":3531,"position":4},"title":"RUBIS &#8211; RUBI 15ml Sylfos","author":"eveapprill","date":"16 March 2026","format":false,"excerpt":"Le rubis active la force vitale et \u00e9veille une profonde motivation face \u00e0 la vie. Il est utile en cas d'apathie, de d\u00e9couragement ou de d\u00e9connexion \u00e9motionnelle. Il aide \u00e0 retrouver \u00e9nergie, passion et direction int\u00e9rieure. Son action transforme l'inertie en \u00e9lan vital plein de sens.","rel":"","context":"Similar post","block_context":{"text":"Similar post","link":""},"img":{"alt_text":"","src":"https:\/\/i0.wp.com\/artstella-elixirs-floraux.com\/wp-content\/uploads\/2026\/03\/Rubi_1.png?resize=350%2C200&ssl=1","width":350,"height":200},"classes":[]},{"id":4056,"url":"https:\/\/artstella-elixirs-floraux.com\/en\/product\/ortiga-brava-pavot-15-ml-sylfos\/","url_meta":{"origin":3531,"position":5},"title":"ORTIGA BRAVA \/ PAVOT PIQUANT SYLFOS","author":"eveapprill","date":"9 March 2025","format":false,"excerpt":"ORTIGA BRAVA Loasa tricolor Vitalit\u00e9, capacit\u00e9 \u00e0 aller de l'avant. Pour les p\u00e9riodes de stagnation et de r\u00e9tention d\u2019\u00e9nergie vitale.","rel":"","context":"Similar post","block_context":{"text":"Similar post","link":""},"img":{"alt_text":"","src":"","width":0,"height":0},"classes":[]}],"_links":{"self":[{"href":"https:\/\/artstella-elixirs-floraux.com\/en\/wp-json\/wp\/v2\/product\/3531","targetHints":{"allow":["GET"]}}],"collection":[{"href":"https:\/\/artstella-elixirs-floraux.com\/en\/wp-json\/wp\/v2\/product"}],"about":[{"href":"https:\/\/artstella-elixirs-floraux.com\/en\/wp-json\/wp\/v2\/types\/product"}],"version-history":[{"count":1,"href":"https:\/\/artstella-elixirs-floraux.com\/en\/wp-json\/wp\/v2\/product\/3531\/revisions"}],"predecessor-version":[{"id":12651,"href":"https:\/\/artstella-elixirs-floraux.com\/en\/wp-json\/wp\/v2\/product\/3531\/revisions\/12651"}],"wp:featuredmedia":[{"embeddable":true,"href":"https:\/\/artstella-elixirs-floraux.com\/en\/wp-json\/wp\/v2\/media\/7640"}],"wp:attachment":[{"href":"https:\/\/artstella-elixirs-floraux.com\/en\/wp-json\/wp\/v2\/media?parent=3531"}],"wp:term":[{"taxonomy":"product_brand","embeddable":true,"href":"https:\/\/artstella-elixirs-floraux.com\/en\/wp-json\/wp\/v2\/product_brand?post=3531"},{"taxonomy":"product_cat","embeddable":true,"href":"https:\/\/artstella-elixirs-floraux.com\/en\/wp-json\/wp\/v2\/product_cat?post=3531"},{"taxonomy":"product_tag","embeddable":true,"href":"https:\/\/artstella-elixirs-floraux.com\/en\/wp-json\/wp\/v2\/product_tag?post=3531"}],"curies":[{"name":"wp","href":"https:\/\/api.w.org\/{rel}","templated":true}]}}