{"id":3539,"date":"2025-03-09T13:12:50","date_gmt":"2025-03-09T13:12:50","guid":{"rendered":"https:\/\/artstella-elixirs-floraux.com\/product\/3-base-regulator-lto-15-ml\/"},"modified":"2026-05-06T17:09:09","modified_gmt":"2026-05-06T17:09:09","slug":"regulateur-de-la-base-lto-15-ml","status":"publish","type":"product","link":"https:\/\/artstella-elixirs-floraux.com\/en\/product\/regulateur-de-la-base-lto-15-ml\/","title":{"rendered":"Base Regulator LTOE 15 ML"},"content":{"rendered":"<p>D\u00e9couvrez le<strong> R\u00e9gulateur de la Base,<\/strong> connue sous le nom de Bulbophyllum gracillimum. Ce produit est sp\u00e9cialement con\u00e7u pour agir sur les centres pelviens et le chakra coronal, favorisant l&rsquo;\u00e9quilibre en clarifiant les exc\u00e8s d&rsquo;\u00e9nergies sexuelles. En outre, il aide \u00e0 apaiser le foie en r\u00e9duisant sa &lsquo;chaleur&rsquo;, ce qui peut contribuer \u00e0 \u00e9quilibrer l&rsquo;hyperglyc\u00e9mie. Une v\u00e9ritable synergie pour votre bien-\u00eatre physique et \u00e9nerg\u00e9tique.<\/p>","protected":false},"excerpt":{"rendered":"<p><strong>R\u00e9gulateur de la base \/ Base Regulator<\/strong><strong><br \/>\n<\/strong>(Bulbophyllum gracillimum)Profond sur les centres pelviens de m\u00eame que sur le chakra coronal. Il clarifie l\u2019exc\u00e8s d\u2019\u00e9nergies sexuelles. Il poss\u00e8de \u00e9galement une action sur le foie qui en r\u00e9duit la \u00ab\u00a0chaleur\u00a0\u00bb, permettant d\u2019\u00e9quilibrer l\u2019hyperglyc\u00e9mie.<\/p>","protected":false},"featured_media":7522,"template":"","meta":[],"product_brand":[],"product_cat":[95],"product_tag":[],"class_list":{"0":"post-3539","1":"product","2":"type-product","3":"status-publish","4":"has-post-thumbnail","6":"product_cat-les-elixirs-unitaires","8":"first","9":"instock","10":"taxable","11":"shipping-taxable","12":"purchasable","13":"product-type-simple"},"etheme_brands":{"errors":{"invalid_taxonomy":["Invalid taxonomy."]},"error_data":[]},"jetpack_sharing_enabled":true,"jetpack-related-posts":[{"id":3569,"url":"https:\/\/artstella-elixirs-floraux.com\/en\/product\/13-core-release-ltoe-15-ml\/","url_meta":{"origin":3539,"position":0},"title":"CORE RELEASE LTOE 15 ML","author":"eveapprill","date":"9 March 2025","format":false,"excerpt":"Core Release L\u00e2cher prise au c\u0153ur de l\u2019\u00eatre. (Bulbophyllum gracillimum) Est r\u00e9alis\u00e9 avec la m\u00eame orchid\u00e9e que Base Regulator, son impact sur la r\u00e9gion pelvienne est notable, mais sans effet abaissant la libido","rel":"","context":"Similar post","block_context":{"text":"Similar post","link":""},"img":{"alt_text":"","src":"https:\/\/i0.wp.com\/artstella-elixirs-floraux.com\/wp-content\/uploads\/2025\/03\/fc2d7cb0-2144-4388-a626-91075c653f74.jpg?resize=350%2C200&ssl=1","width":350,"height":200,"srcset":"https:\/\/i0.wp.com\/artstella-elixirs-floraux.com\/wp-content\/uploads\/2025\/03\/fc2d7cb0-2144-4388-a626-91075c653f74.jpg?resize=350%2C200&ssl=1 1x, https:\/\/i0.wp.com\/artstella-elixirs-floraux.com\/wp-content\/uploads\/2025\/03\/fc2d7cb0-2144-4388-a626-91075c653f74.jpg?resize=525%2C300&ssl=1 1.5x, https:\/\/i0.wp.com\/artstella-elixirs-floraux.com\/wp-content\/uploads\/2025\/03\/fc2d7cb0-2144-4388-a626-91075c653f74.jpg?resize=700%2C400&ssl=1 2x"},"classes":[]},{"id":3511,"url":"https:\/\/artstella-elixirs-floraux.com\/en\/product\/sacral-regulator-ltoe-15-ml\/","url_meta":{"origin":3539,"position":1},"title":"SACRAL REGULATOR LTOE 15 ML","author":"eveapprill","date":"9 March 2025","format":false,"excerpt":"Sacral regulator \/ Equilibre du chakra sacr\u00e9 (Core Release\u00a0 Source of Life, et Child\u2019s play, un \u00e9lixir pr\u00e9par\u00e9 par Rose Tichiner). Apporte une sensation de bien-\u00eatre \u00e0 partir de la zone pelvienne et en m\u00eame temps augmente la vigilance.","rel":"","context":"Similar post","block_context":{"text":"Similar post","link":""},"img":{"alt_text":"","src":"https:\/\/i0.wp.com\/artstella-elixirs-floraux.com\/wp-content\/uploads\/2025\/03\/34ae063d-1d35-4f2e-a197-387ddb3f215c.jpg?resize=350%2C200&ssl=1","width":350,"height":200,"srcset":"https:\/\/i0.wp.com\/artstella-elixirs-floraux.com\/wp-content\/uploads\/2025\/03\/34ae063d-1d35-4f2e-a197-387ddb3f215c.jpg?resize=350%2C200&ssl=1 1x, https:\/\/i0.wp.com\/artstella-elixirs-floraux.com\/wp-content\/uploads\/2025\/03\/34ae063d-1d35-4f2e-a197-387ddb3f215c.jpg?resize=525%2C300&ssl=1 1.5x, https:\/\/i0.wp.com\/artstella-elixirs-floraux.com\/wp-content\/uploads\/2025\/03\/34ae063d-1d35-4f2e-a197-387ddb3f215c.jpg?resize=700%2C400&ssl=1 2x"},"classes":[]},{"id":3685,"url":"https:\/\/artstella-elixirs-floraux.com\/en\/product\/69-vital-core-ltoe-15ml\/","url_meta":{"origin":3539,"position":2},"title":"VITAL CORE LTOE 15ML","author":"eveapprill","date":"9 March 2025","format":false,"excerpt":"Vital core \/ Centre vital Apporte une forte \u00e9nergie d\u2019enracinement et au 2\u00e8me chakra de m\u00eame qu\u2019au m\u00e9ridien de la v\u00e9sicule biliaire. Tout en ayant une action sur le chakra coronal, laryng\u00e9 et du c\u0153ur, celle-ci est principalement remarquable","rel":"","context":"Similar post","block_context":{"text":"Similar post","link":""},"img":{"alt_text":"","src":"https:\/\/i0.wp.com\/artstella-elixirs-floraux.com\/wp-content\/uploads\/2025\/03\/b7fd20da-5fb4-4b7c-83f1-7cba0c405f2b.jpg?resize=350%2C200&ssl=1","width":350,"height":200,"srcset":"https:\/\/i0.wp.com\/artstella-elixirs-floraux.com\/wp-content\/uploads\/2025\/03\/b7fd20da-5fb4-4b7c-83f1-7cba0c405f2b.jpg?resize=350%2C200&ssl=1 1x, https:\/\/i0.wp.com\/artstella-elixirs-floraux.com\/wp-content\/uploads\/2025\/03\/b7fd20da-5fb4-4b7c-83f1-7cba0c405f2b.jpg?resize=525%2C300&ssl=1 1.5x, https:\/\/i0.wp.com\/artstella-elixirs-floraux.com\/wp-content\/uploads\/2025\/03\/b7fd20da-5fb4-4b7c-83f1-7cba0c405f2b.jpg?resize=700%2C400&ssl=1 2x"},"classes":[]},{"id":5108,"url":"https:\/\/artstella-elixirs-floraux.com\/en\/product\/tourmalated-quartz-30-ml-gem-sup\/","url_meta":{"origin":3539,"position":3},"title":"TOURMALATED QUARTZ 30 ML GEM SUP","author":"eveapprill","date":"9 April 2025","format":false,"excerpt":"Tourmalated Quartz \u2013 Quartz tourmaline Indications\u00a0: flux d\u2019\u00e9nergie congestionn\u00e9 ou d\u00e9s\u00e9quilibr\u00e9 entre les chakras et les corps subtils\u00a0; \u00e9nergie toxique dans l\u2019aura\u00a0; manque de circulation dans les chakras inf\u00e9rieurs d\u2019\u00e9nergies spirituelles","rel":"","context":"Similar post","block_context":{"text":"Similar post","link":""},"img":{"alt_text":"","src":"https:\/\/i0.wp.com\/artstella-elixirs-floraux.com\/wp-content\/uploads\/2025\/03\/wp-image1420.png?resize=350%2C200&ssl=1","width":350,"height":200},"classes":[]},{"id":3671,"url":"https:\/\/artstella-elixirs-floraux.com\/en\/product\/61-source-of-life-lto-15-ml\/","url_meta":{"origin":3539,"position":4},"title":"SOURCE OF LIFE LTO 15 ML","author":"eveapprill","date":"9 March 2025","format":false,"excerpt":"Source of Life \/ Source de vie Un\u00a0 \u00e9lixir unique pour s\u2019adresser aux aspects sexuels du 2\u00e8me chakra. \u00a0","rel":"","context":"Similar post","block_context":{"text":"Similar post","link":""},"img":{"alt_text":"","src":"https:\/\/i0.wp.com\/artstella-elixirs-floraux.com\/wp-content\/uploads\/2025\/03\/2246925e-0c0b-4269-8b46-a4b4ef4dce55.jpg?resize=350%2C200&ssl=1","width":350,"height":200,"srcset":"https:\/\/i0.wp.com\/artstella-elixirs-floraux.com\/wp-content\/uploads\/2025\/03\/2246925e-0c0b-4269-8b46-a4b4ef4dce55.jpg?resize=350%2C200&ssl=1 1x, https:\/\/i0.wp.com\/artstella-elixirs-floraux.com\/wp-content\/uploads\/2025\/03\/2246925e-0c0b-4269-8b46-a4b4ef4dce55.jpg?resize=525%2C300&ssl=1 1.5x, https:\/\/i0.wp.com\/artstella-elixirs-floraux.com\/wp-content\/uploads\/2025\/03\/2246925e-0c0b-4269-8b46-a4b4ef4dce55.jpg?resize=700%2C400&ssl=1 2x"},"classes":[]},{"id":3588,"url":"https:\/\/artstella-elixirs-floraux.com\/en\/product\/hara-au-coeur-ltoe-15-ml\/","url_meta":{"origin":3539,"position":5},"title":"Hara to Heart LTOE 15 ml","author":"eveapprill","date":"9 March 2025","format":false,"excerpt":"Du hara au c\u0153ur\/Hara to Heart (Bulbophyllum lobbii - Asie du Sud-Est) Cet \u00e9lixir donne du c\u0153ur au centre, et s\u2019av\u00e8re tr\u00e8s efficace pour ceux qui h\u00e9sitent \u00e0 s\u2019incarner. Il ram\u00e8ne l\u2019\u00e9nergie au 2e chakra,","rel":"","context":"Similar post","block_context":{"text":"Similar post","link":""},"img":{"alt_text":"","src":"https:\/\/i0.wp.com\/artstella-elixirs-floraux.com\/wp-content\/uploads\/2025\/03\/495034bb-0110-4c4b-a090-0c4cb69f1a81.jpg?resize=350%2C200&ssl=1","width":350,"height":200,"srcset":"https:\/\/i0.wp.com\/artstella-elixirs-floraux.com\/wp-content\/uploads\/2025\/03\/495034bb-0110-4c4b-a090-0c4cb69f1a81.jpg?resize=350%2C200&ssl=1 1x, https:\/\/i0.wp.com\/artstella-elixirs-floraux.com\/wp-content\/uploads\/2025\/03\/495034bb-0110-4c4b-a090-0c4cb69f1a81.jpg?resize=525%2C300&ssl=1 1.5x, https:\/\/i0.wp.com\/artstella-elixirs-floraux.com\/wp-content\/uploads\/2025\/03\/495034bb-0110-4c4b-a090-0c4cb69f1a81.jpg?resize=700%2C400&ssl=1 2x"},"classes":[]}],"_links":{"self":[{"href":"https:\/\/artstella-elixirs-floraux.com\/en\/wp-json\/wp\/v2\/product\/3539","targetHints":{"allow":["GET"]}}],"collection":[{"href":"https:\/\/artstella-elixirs-floraux.com\/en\/wp-json\/wp\/v2\/product"}],"about":[{"href":"https:\/\/artstella-elixirs-floraux.com\/en\/wp-json\/wp\/v2\/types\/product"}],"version-history":[{"count":1,"href":"https:\/\/artstella-elixirs-floraux.com\/en\/wp-json\/wp\/v2\/product\/3539\/revisions"}],"predecessor-version":[{"id":12647,"href":"https:\/\/artstella-elixirs-floraux.com\/en\/wp-json\/wp\/v2\/product\/3539\/revisions\/12647"}],"wp:featuredmedia":[{"embeddable":true,"href":"https:\/\/artstella-elixirs-floraux.com\/en\/wp-json\/wp\/v2\/media\/7522"}],"wp:attachment":[{"href":"https:\/\/artstella-elixirs-floraux.com\/en\/wp-json\/wp\/v2\/media?parent=3539"}],"wp:term":[{"taxonomy":"product_brand","embeddable":true,"href":"https:\/\/artstella-elixirs-floraux.com\/en\/wp-json\/wp\/v2\/product_brand?post=3539"},{"taxonomy":"product_cat","embeddable":true,"href":"https:\/\/artstella-elixirs-floraux.com\/en\/wp-json\/wp\/v2\/product_cat?post=3539"},{"taxonomy":"product_tag","embeddable":true,"href":"https:\/\/artstella-elixirs-floraux.com\/en\/wp-json\/wp\/v2\/product_tag?post=3539"}],"curies":[{"name":"wp","href":"https:\/\/api.w.org\/{rel}","templated":true}]}}