{"id":3548,"date":"2025-03-09T13:12:55","date_gmt":"2025-03-09T13:12:55","guid":{"rendered":"https:\/\/artstella-elixirs-floraux.com\/product\/6-being-in-time-ltoe-15-ml\/"},"modified":"2025-04-06T10:11:23","modified_gmt":"2025-04-06T10:11:23","slug":"6-being-in-time-ltoe-15-ml","status":"publish","type":"product","link":"https:\/\/artstella-elixirs-floraux.com\/en\/product\/6-being-in-time-ltoe-15-ml\/","title":{"rendered":"6. BEING IN TIME LTOE 15 ML"},"content":{"rendered":"<p><span style=\"color: #008000;\"><strong>Harmonisation horaire\/<\/strong><strong>Being in Time<\/strong><\/span> (Phragmipedium Ainsworthii)<br \/>\nCet \u00e9lixir ram\u00e8ne le corps dans les 3 dimensions du moment pr\u00e9sent. Il s\u2019av\u00e8re \u00eatre un excellent outil th\u00e9rapeutique, invitant la personne \u00e0 prendre contact avec la partie inf\u00e9rieure de son corps et \u00e0 y habiter. Il est utile pour ceux qui h\u00e9sitent \u00e0 s\u2019incarner pleinement dans l\u2019ici et maintenant. Cet \u00e9lixir harmonise les cycles \u00e9th\u00e9riques du corps avec ceux de la nature. Le r\u00e9sultat de cette harmonisation est une meilleure gestion du temps, surtout lorsqu\u2019on a l\u2019impression qu\u2019il y a trop \u00e0 faire et trop peu de temps pour l\u2019accomplir. <strong>Excellent pour pr\u00e9venir le d\u00e9calage horaire<\/strong>. Le corps s\u2019harmonise imm\u00e9diatement avec le fuseau horaire de la destination, peu importe la distance ou la direction du voyage.<\/p>","protected":false},"excerpt":{"rendered":"<p><span style=\"color: #008000;\"><strong>Harmonisation horaire\/<\/strong><strong>Being in Time<\/strong><\/span> (Phragmipedium Ainsworthii)<br \/>\nCet \u00e9lixir ram\u00e8ne le corps dans les 3 dimensions du moment pr\u00e9sent. Il s\u2019av\u00e8re \u00eatre un excellent outil th\u00e9rapeutique, invitant la personne \u00e0 prendre contact avec la partie inf\u00e9rieure de son corps et \u00e0 y habiter<\/p>","protected":false},"featured_media":7713,"template":"","meta":[],"product_brand":[],"product_cat":[95],"product_tag":[],"class_list":{"0":"post-3548","1":"product","2":"type-product","3":"status-publish","4":"has-post-thumbnail","6":"product_cat-les-elixirs-unitaires","8":"first","9":"instock","10":"taxable","11":"shipping-taxable","12":"purchasable","13":"product-type-simple"},"etheme_brands":{"errors":{"invalid_taxonomy":["Invalid taxonomy."]},"error_data":[]},"jetpack_sharing_enabled":true,"jetpack-related-posts":[{"id":3479,"url":"https:\/\/artstella-elixirs-floraux.com\/en\/product\/being-present-ltoe-15-ml\/","url_meta":{"origin":3548,"position":0},"title":"BEING PRESENT LTOE 15 ML","author":"eveapprill","date":"9 March 2025","format":false,"excerpt":"Pr\u00e9sence attentive\/Being Present Compos\u00e9 de Pieds sur terre et de Harmonisation horaire, ce complexe aide \u00e0 \u00eatre totalement pr\u00e9sent l\u00e0 o\u00f9 on se trouve. Tr\u00e8s b\u00e9n\u00e9fique apr\u00e8s un long voyage, il invite toutes les parties du corps et de l\u2019esprit \u00e0 arriver \u00e0 destination. De plus, il apporte courage pour\u2026","rel":"","context":"Similar post","block_context":{"text":"Similar post","link":""},"img":{"alt_text":"","src":"https:\/\/i0.wp.com\/artstella-elixirs-floraux.com\/wp-content\/uploads\/2025\/03\/3f568360-2413-47a3-8175-c6c4ab682b96.jpg?resize=350%2C200&ssl=1","width":350,"height":200,"srcset":"https:\/\/i0.wp.com\/artstella-elixirs-floraux.com\/wp-content\/uploads\/2025\/03\/3f568360-2413-47a3-8175-c6c4ab682b96.jpg?resize=350%2C200&ssl=1 1x, https:\/\/i0.wp.com\/artstella-elixirs-floraux.com\/wp-content\/uploads\/2025\/03\/3f568360-2413-47a3-8175-c6c4ab682b96.jpg?resize=525%2C300&ssl=1 1.5x, https:\/\/i0.wp.com\/artstella-elixirs-floraux.com\/wp-content\/uploads\/2025\/03\/3f568360-2413-47a3-8175-c6c4ab682b96.jpg?resize=700%2C400&ssl=1 2x"},"classes":[]},{"id":3566,"url":"https:\/\/artstella-elixirs-floraux.com\/en\/product\/12-core-of-being-ltoe-15-ml\/","url_meta":{"origin":3548,"position":1},"title":"12. CORE OF BEING LTOE 15 ML","author":"eveapprill","date":"9 March 2025","format":false,"excerpt":"Tr\u00e9fonds de l\u2019\u00eatre\/Core of Being (Nanodes medusae\u00a0\u00a0 (\u00c9quateur) Voici un \u00e9lixir tr\u00e8s efficace pour se r\u00e9aligner sur son axe spirituel. Il p\u00e9n\u00e8tre le corps causal (lumi\u00e8re blanche spirituelle).","rel":"","context":"Similar post","block_context":{"text":"Similar post","link":""},"img":{"alt_text":"","src":"https:\/\/i0.wp.com\/artstella-elixirs-floraux.com\/wp-content\/uploads\/2025\/03\/68ad64f9-1ba6-47fd-af78-70df93f47b98.jpg?resize=350%2C200&ssl=1","width":350,"height":200,"srcset":"https:\/\/i0.wp.com\/artstella-elixirs-floraux.com\/wp-content\/uploads\/2025\/03\/68ad64f9-1ba6-47fd-af78-70df93f47b98.jpg?resize=350%2C200&ssl=1 1x, https:\/\/i0.wp.com\/artstella-elixirs-floraux.com\/wp-content\/uploads\/2025\/03\/68ad64f9-1ba6-47fd-af78-70df93f47b98.jpg?resize=525%2C300&ssl=1 1.5x, https:\/\/i0.wp.com\/artstella-elixirs-floraux.com\/wp-content\/uploads\/2025\/03\/68ad64f9-1ba6-47fd-af78-70df93f47b98.jpg?resize=700%2C400&ssl=1 2x"},"classes":[]},{"id":12245,"url":"https:\/\/artstella-elixirs-floraux.com\/en\/product\/4-orchidee-de-lequilibre-phragmipedium-longifolium-sylfos\/","url_meta":{"origin":3548,"position":2},"title":"04. ORCHID\u00c9E DE L\u2019\u00c9QUILIBRE Phragmipedium longifolium Sylfos","author":"eveapprill","date":"13 March 2026","format":false,"excerpt":"Orchid\u00e9e de l\u2019\u00c9quilibre \u2013 Phragmipedium longifolium \u00c9lixir de\u00a0paix int\u00e9rieure et d\u2019harmonisation \u00e9motionnelle. Stabilise les \u00e9motions, clarifie l\u2019esprit et aide \u00e0 transformer les tensions affectives en s\u00e9r\u00e9nit\u00e9 et maturit\u00e9.","rel":"","context":"Similar post","block_context":{"text":"Similar post","link":""},"img":{"alt_text":"","src":"https:\/\/i0.wp.com\/artstella-elixirs-floraux.com\/wp-content\/uploads\/2026\/03\/4_EQUILIBRIO_-WEB.png?resize=350%2C200&ssl=1","width":350,"height":200},"classes":[]},{"id":6052,"url":"https:\/\/artstella-elixirs-floraux.com\/en\/product\/elixir-ocean-n12-phi-15ml\/","url_meta":{"origin":3548,"position":3},"title":"ELIXIR OCEAN N\u00b012 PHI 15ML","author":"eveapprill","date":"9 March 2025","format":false,"excerpt":"L\u2019\u00e9lixir nous ram\u00e8ne au tout d\u00e9but, \u00e0 la cr\u00e9ation divine. Il nous relie avec l\u2019information originelle, pure, qui est aussi contenue dans les toutes premi\u00e8res cellules. Equilibre le plexus solaire et le chakra du c\u0153ur. Harmonise et \u00e9quilibre le sentiment d\u2019\u00eatre reli\u00e9 \u00e0 la Source.","rel":"","context":"Similar post","block_context":{"text":"Similar post","link":""},"img":{"alt_text":"","src":"https:\/\/i0.wp.com\/artstella-elixirs-floraux.com\/wp-content\/uploads\/2025\/03\/wp-image2050.png?resize=350%2C200&ssl=1","width":350,"height":200},"classes":[]},{"id":3268,"url":"https:\/\/artstella-elixirs-floraux.com\/en\/product\/sauge-15-ml-phi\/","url_meta":{"origin":3548,"position":4},"title":"SAUGE 15 ML PHI","author":"eveapprill","date":"9 March 2025","format":false,"excerpt":"Sauge (Salvia officinalis (Salbei) Son action purifiante au niveau \u00e9nerg\u00e9tique est tr\u00e8s puissante. L'\u00e9lixir favorise l'accord avec nos rythmes internes et les harmonise, notamment en cas de d\u00e9calages horaires. Il favorise \u00e9galement l'int\u00e9gration consciente de nos exp\u00e9riences de vie.","rel":"","context":"Similar post","block_context":{"text":"Similar post","link":""},"img":{"alt_text":"","src":"https:\/\/i0.wp.com\/artstella-elixirs-floraux.com\/wp-content\/uploads\/2025\/03\/wp-image675.png?resize=350%2C200&ssl=1","width":350,"height":200},"classes":[]},{"id":4518,"url":"https:\/\/artstella-elixirs-floraux.com\/en\/product\/rq7\/","url_meta":{"origin":3548,"position":5},"title":"RQ7 15ml","author":"eveapprill","date":"27 May 2025","format":false,"excerpt":"RQ7 M\u00e9lange de fleurs faisant partie de la gamme des fleurs classiques mises au point par le Dr Bach. Cet \u00e9lixir correspond au rem\u00e8de d\u2019urgence traditionnel. A. Korte y a ajout\u00e9 le Lotus pour l\u2019harmonisation et la Brunelle pour l\u2019auto gu\u00e9rison. Cet \u00e9lixir combat le stress, r\u00e9\u00e9quilibre et r\u00e9 harmonise\u2026","rel":"","context":"Similar post","block_context":{"text":"Similar post","link":""},"img":{"alt_text":"","src":"","width":0,"height":0},"classes":[]}],"_links":{"self":[{"href":"https:\/\/artstella-elixirs-floraux.com\/en\/wp-json\/wp\/v2\/product\/3548","targetHints":{"allow":["GET"]}}],"collection":[{"href":"https:\/\/artstella-elixirs-floraux.com\/en\/wp-json\/wp\/v2\/product"}],"about":[{"href":"https:\/\/artstella-elixirs-floraux.com\/en\/wp-json\/wp\/v2\/types\/product"}],"version-history":[{"count":0,"href":"https:\/\/artstella-elixirs-floraux.com\/en\/wp-json\/wp\/v2\/product\/3548\/revisions"}],"wp:featuredmedia":[{"embeddable":true,"href":"https:\/\/artstella-elixirs-floraux.com\/en\/wp-json\/wp\/v2\/media\/7713"}],"wp:attachment":[{"href":"https:\/\/artstella-elixirs-floraux.com\/en\/wp-json\/wp\/v2\/media?parent=3548"}],"wp:term":[{"taxonomy":"product_brand","embeddable":true,"href":"https:\/\/artstella-elixirs-floraux.com\/en\/wp-json\/wp\/v2\/product_brand?post=3548"},{"taxonomy":"product_cat","embeddable":true,"href":"https:\/\/artstella-elixirs-floraux.com\/en\/wp-json\/wp\/v2\/product_cat?post=3548"},{"taxonomy":"product_tag","embeddable":true,"href":"https:\/\/artstella-elixirs-floraux.com\/en\/wp-json\/wp\/v2\/product_tag?post=3548"}],"curies":[{"name":"wp","href":"https:\/\/api.w.org\/{rel}","templated":true}]}}