{"id":3554,"date":"2025-03-09T13:12:58","date_gmt":"2025-03-09T13:12:58","guid":{"rendered":"https:\/\/artstella-elixirs-floraux.com\/product\/8-carnival-ltoe-15-ml\/"},"modified":"2026-05-06T17:05:19","modified_gmt":"2026-05-06T17:05:19","slug":"8-carnival-ltoe-15-ml","status":"publish","type":"product","link":"https:\/\/artstella-elixirs-floraux.com\/en\/product\/8-carnival-ltoe-15-ml\/","title":{"rendered":"CARNIVAL LTOE 15 ML"},"content":{"rendered":"<p><span style=\"color: #008000;\"><strong>Carnaval\/<\/strong><\/span><strong><span style=\"color: #008000;\">Carniva<\/span>l<\/strong> (Laelia crispa &#8211; Br\u00e9sil)<br \/>\nVoici un \u00e9lixir \u00e0 prononcer avec un accent br\u00e9silien\u2026 Rythm\u00e9 et passionn\u00e9ment sensuel, il s\u2019av\u00e8re b\u00e9n\u00e9fique pour ceux qui sont trop intellectuels et qui n\u2019habitent pas leur corps. Cr\u00e9\u00e9 \u00e0 partir d\u2019une orchid\u00e9e \u00e0 tr\u00e8s grosses fleurs, il invite \u00e0 la d\u00e9tente et \u00e0 une appr\u00e9ciation grandissante des plaisirs simples de la vie.<\/p>","protected":false},"excerpt":{"rendered":"<p><strong>Carnaval\/<\/strong><strong>Carnival<\/strong> (Laelia crispa &#8211; Br\u00e9sil)<br \/>\nVoici un \u00e9lixir \u00e0 prononcer avec un accent br\u00e9silien\u2026 Rythm\u00e9 et passionn\u00e9ment sensuel, il s\u2019av\u00e8re b\u00e9n\u00e9fique pour ceux qui sont trop intellectuels et qui n\u2019habitent pas leur corps.<\/p>","protected":false},"featured_media":10510,"template":"","meta":[],"product_brand":[],"product_cat":[95],"product_tag":[],"class_list":{"0":"post-3554","1":"product","2":"type-product","3":"status-publish","4":"has-post-thumbnail","6":"product_cat-les-elixirs-unitaires","8":"first","9":"instock","10":"taxable","11":"shipping-taxable","12":"purchasable","13":"product-type-simple"},"etheme_brands":{"errors":{"invalid_taxonomy":["Invalid taxonomy."]},"error_data":[]},"jetpack_sharing_enabled":true,"jetpack-related-posts":[{"id":3548,"url":"https:\/\/artstella-elixirs-floraux.com\/en\/product\/6-being-in-time-ltoe-15-ml\/","url_meta":{"origin":3554,"position":0},"title":"BEING IN TIME LTOE 15 ML","author":"eveapprill","date":"9 March 2025","format":false,"excerpt":"Harmonisation horaire\/Being in Time (Phragmipedium Ainsworthii) Cet \u00e9lixir ram\u00e8ne le corps dans les 3 dimensions du moment pr\u00e9sent. Il s\u2019av\u00e8re \u00eatre un excellent outil th\u00e9rapeutique, invitant la personne \u00e0 prendre contact avec la partie inf\u00e9rieure de son corps et \u00e0 y habiter","rel":"","context":"Similar post","block_context":{"text":"Similar post","link":""},"img":{"alt_text":"","src":"https:\/\/i0.wp.com\/artstella-elixirs-floraux.com\/wp-content\/uploads\/2025\/03\/1a7b9608-2c6d-4c38-8343-d074457b4e40.jpg?resize=350%2C200&ssl=1","width":350,"height":200,"srcset":"https:\/\/i0.wp.com\/artstella-elixirs-floraux.com\/wp-content\/uploads\/2025\/03\/1a7b9608-2c6d-4c38-8343-d074457b4e40.jpg?resize=350%2C200&ssl=1 1x, https:\/\/i0.wp.com\/artstella-elixirs-floraux.com\/wp-content\/uploads\/2025\/03\/1a7b9608-2c6d-4c38-8343-d074457b4e40.jpg?resize=525%2C300&ssl=1 1.5x, https:\/\/i0.wp.com\/artstella-elixirs-floraux.com\/wp-content\/uploads\/2025\/03\/1a7b9608-2c6d-4c38-8343-d074457b4e40.jpg?resize=700%2C400&ssl=1 2x"},"classes":[]},{"id":3689,"url":"https:\/\/artstella-elixirs-floraux.com\/en\/product\/71-walking-earth-rythm-ltoe-15-ml\/","url_meta":{"origin":3554,"position":1},"title":"WALKING EARTH RYTHM LTOE 15 ML","author":"eveapprill","date":"9 March 2025","format":false,"excerpt":"Walking to the Earth\u2019s Rhythm \/ Les Pieds sur terre : un \u00e9lixir rassurant et apaisant qui agit \u00e0 deux niveaux : il facilite un retour \u00e0 l\u2019empreinte \u00e9nerg\u00e9tique d\u2019origine, perturb\u00e9e par la pollution \u00e9lectromagn\u00e9tique, et travaille tout particuli\u00e8rement \u00e0 r\u00e9parer","rel":"","context":"Similar post","block_context":{"text":"Similar post","link":""},"img":{"alt_text":"","src":"https:\/\/i0.wp.com\/artstella-elixirs-floraux.com\/wp-content\/uploads\/2025\/03\/6aac49c4-c7d8-4552-a5a4-fa7b45c3d5bd.jpg?resize=350%2C200&ssl=1","width":350,"height":200,"srcset":"https:\/\/i0.wp.com\/artstella-elixirs-floraux.com\/wp-content\/uploads\/2025\/03\/6aac49c4-c7d8-4552-a5a4-fa7b45c3d5bd.jpg?resize=350%2C200&ssl=1 1x, https:\/\/i0.wp.com\/artstella-elixirs-floraux.com\/wp-content\/uploads\/2025\/03\/6aac49c4-c7d8-4552-a5a4-fa7b45c3d5bd.jpg?resize=525%2C300&ssl=1 1.5x, https:\/\/i0.wp.com\/artstella-elixirs-floraux.com\/wp-content\/uploads\/2025\/03\/6aac49c4-c7d8-4552-a5a4-fa7b45c3d5bd.jpg?resize=700%2C400&ssl=1 2x"},"classes":[]},{"id":3444,"url":"https:\/\/artstella-elixirs-floraux.com\/en\/product\/pezize-orangee-15-ml-phi\/","url_meta":{"origin":3554,"position":2},"title":"PEZIZE ORANGEE 15 ML PHI","author":"eveapprill","date":"9 March 2025","format":false,"excerpt":"\u00a0Pezize orang\u00e9e (Aleuria aurantia) (Orangebecherling) L'\u00e9lixir am\u00e9liore l'\u00e9quilibre entre la mati\u00e8re et l'esprit, autant pour ceux qui sont trop accroch\u00e9s \u00e0 la mati\u00e8re que pour ceux qui sont uniquement tourn\u00e9s vers l'esprit et n\u00e9gligent les besoins du corps.","rel":"","context":"Similar post","block_context":{"text":"Similar post","link":""},"img":{"alt_text":"","src":"https:\/\/i0.wp.com\/artstella-elixirs-floraux.com\/wp-content\/uploads\/2025\/03\/wp-image322.png?resize=350%2C200&ssl=1","width":350,"height":200},"classes":[]},{"id":3588,"url":"https:\/\/artstella-elixirs-floraux.com\/en\/product\/hara-au-coeur-ltoe-15-ml\/","url_meta":{"origin":3554,"position":3},"title":"Hara to Heart LTOE 15 ml","author":"eveapprill","date":"9 March 2025","format":false,"excerpt":"Du hara au c\u0153ur\/Hara to Heart (Bulbophyllum lobbii - Asie du Sud-Est) Cet \u00e9lixir donne du c\u0153ur au centre, et s\u2019av\u00e8re tr\u00e8s efficace pour ceux qui h\u00e9sitent \u00e0 s\u2019incarner. Il ram\u00e8ne l\u2019\u00e9nergie au 2e chakra,","rel":"","context":"Similar post","block_context":{"text":"Similar post","link":""},"img":{"alt_text":"","src":"https:\/\/i0.wp.com\/artstella-elixirs-floraux.com\/wp-content\/uploads\/2025\/03\/495034bb-0110-4c4b-a090-0c4cb69f1a81.jpg?resize=350%2C200&ssl=1","width":350,"height":200,"srcset":"https:\/\/i0.wp.com\/artstella-elixirs-floraux.com\/wp-content\/uploads\/2025\/03\/495034bb-0110-4c4b-a090-0c4cb69f1a81.jpg?resize=350%2C200&ssl=1 1x, https:\/\/i0.wp.com\/artstella-elixirs-floraux.com\/wp-content\/uploads\/2025\/03\/495034bb-0110-4c4b-a090-0c4cb69f1a81.jpg?resize=525%2C300&ssl=1 1.5x, https:\/\/i0.wp.com\/artstella-elixirs-floraux.com\/wp-content\/uploads\/2025\/03\/495034bb-0110-4c4b-a090-0c4cb69f1a81.jpg?resize=700%2C400&ssl=1 2x"},"classes":[]},{"id":3609,"url":"https:\/\/artstella-elixirs-floraux.com\/en\/product\/papillons-rieurs-ltoe-15-ml\/","url_meta":{"origin":3554,"position":4},"title":"Laughing Butterflies\u00a0LTOE 15 ml","author":"eveapprill","date":"9 March 2025","format":false,"excerpt":"Papillons rieurs \/ Laughing Butterflies\u00a0 Un \u00e9lixir, tr\u00e8s enjou\u00e9 qui favorise le pardon, tel un gros rire du Bouddha heureux. Aide \u00e0 se d\u00e9faire des pr\u00e9occupations, qui s\u2019\u00e9vaporent sans effort.","rel":"","context":"Similar post","block_context":{"text":"Similar post","link":""},"img":{"alt_text":"","src":"https:\/\/i0.wp.com\/artstella-elixirs-floraux.com\/wp-content\/uploads\/2025\/03\/12f7cb6a-ba10-4402-ab26-fd2f78bc80e0.jpg?resize=350%2C200&ssl=1","width":350,"height":200,"srcset":"https:\/\/i0.wp.com\/artstella-elixirs-floraux.com\/wp-content\/uploads\/2025\/03\/12f7cb6a-ba10-4402-ab26-fd2f78bc80e0.jpg?resize=350%2C200&ssl=1 1x, https:\/\/i0.wp.com\/artstella-elixirs-floraux.com\/wp-content\/uploads\/2025\/03\/12f7cb6a-ba10-4402-ab26-fd2f78bc80e0.jpg?resize=525%2C300&ssl=1 1.5x, https:\/\/i0.wp.com\/artstella-elixirs-floraux.com\/wp-content\/uploads\/2025\/03\/12f7cb6a-ba10-4402-ab26-fd2f78bc80e0.jpg?resize=700%2C400&ssl=1 2x"},"classes":[]},{"id":3661,"url":"https:\/\/artstella-elixirs-floraux.com\/en\/product\/55-serendipity-ltoe-14-ml\/","url_meta":{"origin":3554,"position":5},"title":"SERENDIPITY LTOE 14 ML","author":"eveapprill","date":"9 March 2025","format":false,"excerpt":"Serendipity \/ Opportunit\u00e9s Un antidote contre la monotonie du quotidien, cet \u00e9lixir s\u2019av\u00e8re utile lorsqu\u2019on a l\u2019impression de s\u2019\u00e9crouler sous le poids des responsabilit\u00e9s ou que tout est devenu trop routinier. Il aide \u00e0 se pr\u00e9parer \u00e0 des gestes qui sont en accord avec les valeurs profondes.","rel":"","context":"Similar post","block_context":{"text":"Similar post","link":""},"img":{"alt_text":"","src":"https:\/\/i0.wp.com\/artstella-elixirs-floraux.com\/wp-content\/uploads\/2025\/03\/c1d1868b-f0e5-40e2-a5ec-4c35da75f2fd.jpg?resize=350%2C200&ssl=1","width":350,"height":200,"srcset":"https:\/\/i0.wp.com\/artstella-elixirs-floraux.com\/wp-content\/uploads\/2025\/03\/c1d1868b-f0e5-40e2-a5ec-4c35da75f2fd.jpg?resize=350%2C200&ssl=1 1x, https:\/\/i0.wp.com\/artstella-elixirs-floraux.com\/wp-content\/uploads\/2025\/03\/c1d1868b-f0e5-40e2-a5ec-4c35da75f2fd.jpg?resize=525%2C300&ssl=1 1.5x, https:\/\/i0.wp.com\/artstella-elixirs-floraux.com\/wp-content\/uploads\/2025\/03\/c1d1868b-f0e5-40e2-a5ec-4c35da75f2fd.jpg?resize=700%2C400&ssl=1 2x"},"classes":[]}],"_links":{"self":[{"href":"https:\/\/artstella-elixirs-floraux.com\/en\/wp-json\/wp\/v2\/product\/3554","targetHints":{"allow":["GET"]}}],"collection":[{"href":"https:\/\/artstella-elixirs-floraux.com\/en\/wp-json\/wp\/v2\/product"}],"about":[{"href":"https:\/\/artstella-elixirs-floraux.com\/en\/wp-json\/wp\/v2\/types\/product"}],"version-history":[{"count":1,"href":"https:\/\/artstella-elixirs-floraux.com\/en\/wp-json\/wp\/v2\/product\/3554\/revisions"}],"predecessor-version":[{"id":12642,"href":"https:\/\/artstella-elixirs-floraux.com\/en\/wp-json\/wp\/v2\/product\/3554\/revisions\/12642"}],"wp:featuredmedia":[{"embeddable":true,"href":"https:\/\/artstella-elixirs-floraux.com\/en\/wp-json\/wp\/v2\/media\/10510"}],"wp:attachment":[{"href":"https:\/\/artstella-elixirs-floraux.com\/en\/wp-json\/wp\/v2\/media?parent=3554"}],"wp:term":[{"taxonomy":"product_brand","embeddable":true,"href":"https:\/\/artstella-elixirs-floraux.com\/en\/wp-json\/wp\/v2\/product_brand?post=3554"},{"taxonomy":"product_cat","embeddable":true,"href":"https:\/\/artstella-elixirs-floraux.com\/en\/wp-json\/wp\/v2\/product_cat?post=3554"},{"taxonomy":"product_tag","embeddable":true,"href":"https:\/\/artstella-elixirs-floraux.com\/en\/wp-json\/wp\/v2\/product_tag?post=3554"}],"curies":[{"name":"wp","href":"https:\/\/api.w.org\/{rel}","templated":true}]}}