{"id":3566,"date":"2025-03-09T13:13:04","date_gmt":"2025-03-09T13:13:04","guid":{"rendered":"https:\/\/artstella-elixirs-floraux.com\/product\/12-core-of-being-ltoe-15-ml\/"},"modified":"2025-06-08T16:20:57","modified_gmt":"2025-06-08T16:20:57","slug":"12-core-of-being-ltoe-15-ml","status":"publish","type":"product","link":"https:\/\/artstella-elixirs-floraux.com\/en\/product\/12-core-of-being-ltoe-15-ml\/","title":{"rendered":"12. CORE OF BEING LTOE 15 ML"},"content":{"rendered":"<p><span style=\"color: #008000;\"><strong>Tr\u00e9fonds de l\u2019\u00eatre\/<\/strong><\/span><strong>Core of Being<\/strong> (Nanodes medusae\u00a0\u00a0 (\u00c9quateur)<br \/>\nVoici un \u00e9lixir tr\u00e8s efficace pour se r\u00e9aligner sur son axe spirituel. Il p\u00e9n\u00e8tre le corps causal (lumi\u00e8re blanche spirituelle). Per\u00e7u comme un axe central, cet \u00e9troit puits de lumi\u00e8re, situ\u00e9 juste devant la colonne vert\u00e9brale et parall\u00e8le \u00e0 celle-ci, est \u00e0 l\u2019origine du syst\u00e8me de chakras. L\u2019effet subtil mais profond de cet \u00e9lixir permet de s\u2019aligner sur les chakras sup\u00e9rieurs qui composent et cr\u00e9ent le puits de lumi\u00e8re du corps causal et les champs auriques causal et c\u00e9leste. Ainsi, les corps \u00e9th\u00e9rique, astral et mental viennent s\u2019harmoniser.<\/p>","protected":false},"excerpt":{"rendered":"<p><strong>Tr\u00e9fonds de l\u2019\u00eatre\/<\/strong><strong>Core of Being<\/strong> (Nanodes medusae\u00a0\u00a0 (\u00c9quateur)<br \/>\nVoici un \u00e9lixir tr\u00e8s efficace pour se r\u00e9aligner sur son axe spirituel. Il p\u00e9n\u00e8tre le corps causal (lumi\u00e8re blanche spirituelle).<\/p>","protected":false},"featured_media":10522,"template":"","meta":[],"product_brand":[],"product_cat":[95],"product_tag":[],"class_list":{"0":"post-3566","1":"product","2":"type-product","3":"status-publish","4":"has-post-thumbnail","6":"product_cat-les-elixirs-unitaires","8":"first","9":"instock","10":"taxable","11":"shipping-taxable","12":"purchasable","13":"product-type-simple"},"etheme_brands":{"errors":{"invalid_taxonomy":["Invalid taxonomy."]},"error_data":[]},"jetpack_sharing_enabled":true,"jetpack-related-posts":[{"id":3665,"url":"https:\/\/artstella-elixirs-floraux.com\/en\/product\/58-shadow-warrior-lto-15-ml\/","url_meta":{"origin":3566,"position":0},"title":"58. SHADOW WARRIOR LTO 15 ML","author":"eveapprill","date":"9 March 2025","format":false,"excerpt":"Shadow warrior \/Le guerrier de l'ombre Une orchid\u00e9e extraordinaire\u2026 L'\u00e9lixir a \u00e9t\u00e9 r\u00e9alis\u00e9 pour mieux\u00a0 int\u00e9grer l'ombre sur le chemin de notre \u00e2me vers la lumi\u00e8re.","rel":"","context":"Similar post","block_context":{"text":"Similar post","link":""},"img":{"alt_text":"","src":"https:\/\/i0.wp.com\/artstella-elixirs-floraux.com\/wp-content\/uploads\/2025\/03\/82238735-1972-4453-8b4d-001baabff31a.jpg?resize=350%2C200&ssl=1","width":350,"height":200,"srcset":"https:\/\/i0.wp.com\/artstella-elixirs-floraux.com\/wp-content\/uploads\/2025\/03\/82238735-1972-4453-8b4d-001baabff31a.jpg?resize=350%2C200&ssl=1 1x, https:\/\/i0.wp.com\/artstella-elixirs-floraux.com\/wp-content\/uploads\/2025\/03\/82238735-1972-4453-8b4d-001baabff31a.jpg?resize=525%2C300&ssl=1 1.5x, https:\/\/i0.wp.com\/artstella-elixirs-floraux.com\/wp-content\/uploads\/2025\/03\/82238735-1972-4453-8b4d-001baabff31a.jpg?resize=700%2C400&ssl=1 2x"},"classes":[]},{"id":3697,"url":"https:\/\/artstella-elixirs-floraux.com\/en\/product\/75-wisdom-of-compassion-ltoe-15-ml\/","url_meta":{"origin":3566,"position":1},"title":"75. WISDOM OF COMPASSION LTOE 15 ML","author":"eveapprill","date":"9 March 2025","format":false,"excerpt":"Wisdom of Compassion\/ Sagesse et compassion il fut cr\u00e9\u00e9 un soir de pleine lune, je jour anniversaire de l\u2019illumination du Bouddha. L\u2019orchid\u00e9e a demand\u00e9 doucement, mais clairement, qu\u2019on en fasse un \u00e9lixir afin de partager son message de compassion envers tous.","rel":"","context":"Similar post","block_context":{"text":"Similar post","link":""},"img":{"alt_text":"","src":"https:\/\/i0.wp.com\/artstella-elixirs-floraux.com\/wp-content\/uploads\/2025\/03\/cb85053d-2957-46e4-aff2-8c69846c56ad.jpg?resize=350%2C200&ssl=1","width":350,"height":200,"srcset":"https:\/\/i0.wp.com\/artstella-elixirs-floraux.com\/wp-content\/uploads\/2025\/03\/cb85053d-2957-46e4-aff2-8c69846c56ad.jpg?resize=350%2C200&ssl=1 1x, https:\/\/i0.wp.com\/artstella-elixirs-floraux.com\/wp-content\/uploads\/2025\/03\/cb85053d-2957-46e4-aff2-8c69846c56ad.jpg?resize=525%2C300&ssl=1 1.5x, https:\/\/i0.wp.com\/artstella-elixirs-floraux.com\/wp-content\/uploads\/2025\/03\/cb85053d-2957-46e4-aff2-8c69846c56ad.jpg?resize=700%2C400&ssl=1 2x"},"classes":[]},{"id":3594,"url":"https:\/\/artstella-elixirs-floraux.com\/en\/product\/23-heart-of-light-ltoe-15-ml\/","url_meta":{"origin":3566,"position":2},"title":"23. HEART OF LIGHT LTOE 15 ML","author":"eveapprill","date":"9 March 2025","format":false,"excerpt":"\u00a0Heart of Light \/Coeur de lumi\u00e8reopulse vers une conscience de l\u2019interd\u00e9pendance universelle, ressentie dans sa fluidit\u00e9 \u00e9nerg\u00e9tique.","rel":"","context":"Similar post","block_context":{"text":"Similar post","link":""},"img":{"alt_text":"","src":"https:\/\/i0.wp.com\/artstella-elixirs-floraux.com\/wp-content\/uploads\/2025\/03\/34ec927e-397f-45c1-bc66-b98e57ac44d1.jpg?resize=350%2C200&ssl=1","width":350,"height":200,"srcset":"https:\/\/i0.wp.com\/artstella-elixirs-floraux.com\/wp-content\/uploads\/2025\/03\/34ec927e-397f-45c1-bc66-b98e57ac44d1.jpg?resize=350%2C200&ssl=1 1x, https:\/\/i0.wp.com\/artstella-elixirs-floraux.com\/wp-content\/uploads\/2025\/03\/34ec927e-397f-45c1-bc66-b98e57ac44d1.jpg?resize=525%2C300&ssl=1 1.5x, https:\/\/i0.wp.com\/artstella-elixirs-floraux.com\/wp-content\/uploads\/2025\/03\/34ec927e-397f-45c1-bc66-b98e57ac44d1.jpg?resize=700%2C400&ssl=1 2x"},"classes":[]},{"id":6064,"url":"https:\/\/artstella-elixirs-floraux.com\/en\/product\/elixir-ocean-n18-phi-15ml\/","url_meta":{"origin":3566,"position":3},"title":"ELIXIR OCEAN N\u00b018 PHI 15ML","author":"eveapprill","date":"9 March 2025","format":false,"excerpt":"L\u2019\u00e9lixir aide \u00e0 nettoyer le corps mental. Son action commence dans la zone de la t\u00eate, les pens\u00e9es peuvent s\u2019\u00e9claircir et \u00eatre trait\u00e9es avec plus de facilit\u00e9. La t\u00eate est libre, les pens\u00e9es claires et conscientes. Ensuite, cette lumi\u00e8re coule dans le corps.","rel":"","context":"Similar post","block_context":{"text":"Similar post","link":""},"img":{"alt_text":"","src":"","width":0,"height":0},"classes":[]},{"id":3515,"url":"https:\/\/artstella-elixirs-floraux.com\/en\/product\/shivas-crown-lto-15-ml\/","url_meta":{"origin":3566,"position":4},"title":"SHIVAS CROWN LTO 15 ML","author":"eveapprill","date":"9 March 2025","format":false,"excerpt":"Shiva's crown \/ Couronne de Shiva : Approfondit la compr\u00e9hension au niveau de notre \u00e2me du voyage dans le corps physique. Cette pr\u00e9paration va jusqu'\u00e0 une partie du cerveau appel\u00e9e syst\u00e8me\u00a0 limbique","rel":"","context":"Similar post","block_context":{"text":"Similar post","link":""},"img":{"alt_text":"","src":"https:\/\/i0.wp.com\/artstella-elixirs-floraux.com\/wp-content\/uploads\/2025\/03\/7844c974-3a24-4e36-8826-337620b0fdaf.jpg?resize=350%2C200&ssl=1","width":350,"height":200,"srcset":"https:\/\/i0.wp.com\/artstella-elixirs-floraux.com\/wp-content\/uploads\/2025\/03\/7844c974-3a24-4e36-8826-337620b0fdaf.jpg?resize=350%2C200&ssl=1 1x, https:\/\/i0.wp.com\/artstella-elixirs-floraux.com\/wp-content\/uploads\/2025\/03\/7844c974-3a24-4e36-8826-337620b0fdaf.jpg?resize=525%2C300&ssl=1 1.5x, https:\/\/i0.wp.com\/artstella-elixirs-floraux.com\/wp-content\/uploads\/2025\/03\/7844c974-3a24-4e36-8826-337620b0fdaf.jpg?resize=700%2C400&ssl=1 2x"},"classes":[]},{"id":3548,"url":"https:\/\/artstella-elixirs-floraux.com\/en\/product\/6-being-in-time-ltoe-15-ml\/","url_meta":{"origin":3566,"position":5},"title":"6. BEING IN TIME LTOE 15 ML","author":"eveapprill","date":"9 March 2025","format":false,"excerpt":"Harmonisation horaire\/Being in Time (Phragmipedium Ainsworthii) Cet \u00e9lixir ram\u00e8ne le corps dans les 3 dimensions du moment pr\u00e9sent. Il s\u2019av\u00e8re \u00eatre un excellent outil th\u00e9rapeutique, invitant la personne \u00e0 prendre contact avec la partie inf\u00e9rieure de son corps et \u00e0 y habiter","rel":"","context":"Similar post","block_context":{"text":"Similar post","link":""},"img":{"alt_text":"","src":"https:\/\/i0.wp.com\/artstella-elixirs-floraux.com\/wp-content\/uploads\/2025\/03\/1a7b9608-2c6d-4c38-8343-d074457b4e40.jpg?resize=350%2C200&ssl=1","width":350,"height":200,"srcset":"https:\/\/i0.wp.com\/artstella-elixirs-floraux.com\/wp-content\/uploads\/2025\/03\/1a7b9608-2c6d-4c38-8343-d074457b4e40.jpg?resize=350%2C200&ssl=1 1x, https:\/\/i0.wp.com\/artstella-elixirs-floraux.com\/wp-content\/uploads\/2025\/03\/1a7b9608-2c6d-4c38-8343-d074457b4e40.jpg?resize=525%2C300&ssl=1 1.5x, https:\/\/i0.wp.com\/artstella-elixirs-floraux.com\/wp-content\/uploads\/2025\/03\/1a7b9608-2c6d-4c38-8343-d074457b4e40.jpg?resize=700%2C400&ssl=1 2x"},"classes":[]}],"_links":{"self":[{"href":"https:\/\/artstella-elixirs-floraux.com\/en\/wp-json\/wp\/v2\/product\/3566","targetHints":{"allow":["GET"]}}],"collection":[{"href":"https:\/\/artstella-elixirs-floraux.com\/en\/wp-json\/wp\/v2\/product"}],"about":[{"href":"https:\/\/artstella-elixirs-floraux.com\/en\/wp-json\/wp\/v2\/types\/product"}],"version-history":[{"count":0,"href":"https:\/\/artstella-elixirs-floraux.com\/en\/wp-json\/wp\/v2\/product\/3566\/revisions"}],"wp:featuredmedia":[{"embeddable":true,"href":"https:\/\/artstella-elixirs-floraux.com\/en\/wp-json\/wp\/v2\/media\/10522"}],"wp:attachment":[{"href":"https:\/\/artstella-elixirs-floraux.com\/en\/wp-json\/wp\/v2\/media?parent=3566"}],"wp:term":[{"taxonomy":"product_brand","embeddable":true,"href":"https:\/\/artstella-elixirs-floraux.com\/en\/wp-json\/wp\/v2\/product_brand?post=3566"},{"taxonomy":"product_cat","embeddable":true,"href":"https:\/\/artstella-elixirs-floraux.com\/en\/wp-json\/wp\/v2\/product_cat?post=3566"},{"taxonomy":"product_tag","embeddable":true,"href":"https:\/\/artstella-elixirs-floraux.com\/en\/wp-json\/wp\/v2\/product_tag?post=3566"}],"curies":[{"name":"wp","href":"https:\/\/api.w.org\/{rel}","templated":true}]}}