{"id":3569,"date":"2025-03-09T13:13:06","date_gmt":"2025-03-09T13:13:06","guid":{"rendered":"https:\/\/artstella-elixirs-floraux.com\/product\/13-core-release-ltoe-15-ml\/"},"modified":"2025-04-06T10:11:22","modified_gmt":"2025-04-06T10:11:22","slug":"13-core-release-ltoe-15-ml","status":"publish","type":"product","link":"https:\/\/artstella-elixirs-floraux.com\/en\/product\/13-core-release-ltoe-15-ml\/","title":{"rendered":"13. CORE RELEASE LTOE 15 ML"},"content":{"rendered":"<p><span style=\"color: #008000;\"><strong>Core Release <em>L\u00e2cher prise au c\u0153ur de l\u2019\u00eatre. <\/em><\/strong><\/span>(Bulbophyllum gracillimum)<\/p>\n<p>Est r\u00e9alis\u00e9 avec la m\u00eame orchid\u00e9e que Base Regulator, son impact sur la r\u00e9gion pelvienne est notable, mais sans effet abaissant la libido. Cet \u00e9lixir augmente la sensibilit\u00e9 du centre sexuel tout en apportant un \u00e9l\u00e9ment de protection sur toute la zone. Il soutient l\u2019impulsion pour finir les choses en attente, par son action sur le 3\u00e8me chakra et le centre ajana. L\u2019intuition s\u2019en trouve renforc\u00e9e.<\/p>","protected":false},"excerpt":{"rendered":"<p><strong>Core Release <em>L\u00e2cher prise au c\u0153ur de l\u2019\u00eatre. <\/em><\/strong>(Bulbophyllum gracillimum)<br \/>\nEst r\u00e9alis\u00e9 avec la m\u00eame orchid\u00e9e que Base Regulator, son impact sur la r\u00e9gion pelvienne est notable, mais sans effet abaissant la libido<\/p>","protected":false},"featured_media":6847,"template":"","meta":[],"product_brand":[],"product_cat":[95],"product_tag":[],"class_list":{"0":"post-3569","1":"product","2":"type-product","3":"status-publish","4":"has-post-thumbnail","6":"product_cat-les-elixirs-unitaires","8":"first","9":"instock","10":"taxable","11":"shipping-taxable","12":"purchasable","13":"product-type-simple"},"etheme_brands":{"errors":{"invalid_taxonomy":["Invalid taxonomy."]},"error_data":[]},"jetpack_sharing_enabled":true,"jetpack-related-posts":[{"id":3511,"url":"https:\/\/artstella-elixirs-floraux.com\/en\/product\/sacral-regulator-ltoe-15-ml\/","url_meta":{"origin":3569,"position":0},"title":"SACRAL REGULATOR LTOE 15 ML","author":"eveapprill","date":"9 March 2025","format":false,"excerpt":"Sacral regulator \/ Equilibre du chakra sacr\u00e9 (Core Release\u00a0 Source of Life, et Child\u2019s play, un \u00e9lixir pr\u00e9par\u00e9 par Rose Tichiner). Apporte une sensation de bien-\u00eatre \u00e0 partir de la zone pelvienne et en m\u00eame temps augmente la vigilance.","rel":"","context":"Similar post","block_context":{"text":"Similar post","link":""},"img":{"alt_text":"","src":"https:\/\/i0.wp.com\/artstella-elixirs-floraux.com\/wp-content\/uploads\/2025\/03\/34ae063d-1d35-4f2e-a197-387ddb3f215c.jpg?resize=350%2C200&ssl=1","width":350,"height":200,"srcset":"https:\/\/i0.wp.com\/artstella-elixirs-floraux.com\/wp-content\/uploads\/2025\/03\/34ae063d-1d35-4f2e-a197-387ddb3f215c.jpg?resize=350%2C200&ssl=1 1x, https:\/\/i0.wp.com\/artstella-elixirs-floraux.com\/wp-content\/uploads\/2025\/03\/34ae063d-1d35-4f2e-a197-387ddb3f215c.jpg?resize=525%2C300&ssl=1 1.5x, https:\/\/i0.wp.com\/artstella-elixirs-floraux.com\/wp-content\/uploads\/2025\/03\/34ae063d-1d35-4f2e-a197-387ddb3f215c.jpg?resize=700%2C400&ssl=1 2x"},"classes":[]},{"id":3539,"url":"https:\/\/artstella-elixirs-floraux.com\/en\/product\/regulateur-de-la-base-lto-15-ml\/","url_meta":{"origin":3569,"position":1},"title":"R\u00e9gulateur de la base LTO 15 ML","author":"eveapprill","date":"9 March 2025","format":false,"excerpt":"R\u00e9gulateur de la base \/ Base Regulator (Bulbophyllum gracillimum)Profond sur les centres pelviens de m\u00eame que sur le chakra coronal. Il clarifie l\u2019exc\u00e8s d\u2019\u00e9nergies sexuelles. Il poss\u00e8de \u00e9galement une action sur le foie qui en r\u00e9duit la \u00ab\u00a0chaleur\u00a0\u00bb, permettant d\u2019\u00e9quilibrer l\u2019hyperglyc\u00e9mie.","rel":"","context":"Similar post","block_context":{"text":"Similar post","link":""},"img":{"alt_text":"","src":"https:\/\/i0.wp.com\/artstella-elixirs-floraux.com\/wp-content\/uploads\/2025\/03\/93c38b70-1e87-4a94-84ea-2c40152db0a3.jpg?resize=350%2C200&ssl=1","width":350,"height":200,"srcset":"https:\/\/i0.wp.com\/artstella-elixirs-floraux.com\/wp-content\/uploads\/2025\/03\/93c38b70-1e87-4a94-84ea-2c40152db0a3.jpg?resize=350%2C200&ssl=1 1x, https:\/\/i0.wp.com\/artstella-elixirs-floraux.com\/wp-content\/uploads\/2025\/03\/93c38b70-1e87-4a94-84ea-2c40152db0a3.jpg?resize=525%2C300&ssl=1 1.5x, https:\/\/i0.wp.com\/artstella-elixirs-floraux.com\/wp-content\/uploads\/2025\/03\/93c38b70-1e87-4a94-84ea-2c40152db0a3.jpg?resize=700%2C400&ssl=1 2x"},"classes":[]},{"id":3675,"url":"https:\/\/artstella-elixirs-floraux.com\/en\/product\/63-thoracic-alignement-lto-15-ml\/","url_meta":{"origin":3569,"position":2},"title":"63. THORACIC ALIGNEMENT LTO 15 ML","author":"eveapprill","date":"9 March 2025","format":false,"excerpt":"Thoracic alignment \/ Alignement thoracique: r\u00e9alis\u00e9 avec la m\u00eame orchid\u00e9e que Core of being mais quand la plante n'\u00e9tait pas en fleur. Son action est plus reli\u00e9e au corps physique, la colonne vert\u00e9brale et la cage thoracique. Favorise un meilleur flux \u00e9nerg\u00e9tique, mieux ancr\u00e9 qui laisse plus de place au\u2026","rel":"","context":"Similar post","block_context":{"text":"Similar post","link":""},"img":{"alt_text":"","src":"https:\/\/i0.wp.com\/artstella-elixirs-floraux.com\/wp-content\/uploads\/2025\/03\/aff17d9d-7fbc-40c9-91e8-1461eeafbab2.jpg?resize=350%2C200&ssl=1","width":350,"height":200,"srcset":"https:\/\/i0.wp.com\/artstella-elixirs-floraux.com\/wp-content\/uploads\/2025\/03\/aff17d9d-7fbc-40c9-91e8-1461eeafbab2.jpg?resize=350%2C200&ssl=1 1x, https:\/\/i0.wp.com\/artstella-elixirs-floraux.com\/wp-content\/uploads\/2025\/03\/aff17d9d-7fbc-40c9-91e8-1461eeafbab2.jpg?resize=525%2C300&ssl=1 1.5x, https:\/\/i0.wp.com\/artstella-elixirs-floraux.com\/wp-content\/uploads\/2025\/03\/aff17d9d-7fbc-40c9-91e8-1461eeafbab2.jpg?resize=700%2C400&ssl=1 2x"},"classes":[]},{"id":3657,"url":"https:\/\/artstella-elixirs-floraux.com\/en\/product\/53-sacral-release-ltoe-15-ml\/","url_meta":{"origin":3569,"position":3},"title":"53. SACRAL RELEASE LTOE 15 ML","author":"eveapprill","date":"9 March 2025","format":false,"excerpt":"Sacral Release\/ Lib\u00e9ration sacrale V\u00e9hiculant s\u00e9curit\u00e9 et force, il soutient l'\u00e9nergie vitale qui aide au l\u00e2cher prise.","rel":"","context":"Similar post","block_context":{"text":"Similar post","link":""},"img":{"alt_text":"","src":"https:\/\/i0.wp.com\/artstella-elixirs-floraux.com\/wp-content\/uploads\/2025\/03\/6e154e2b-ecb4-4f43-bda7-dd59af754b4e.jpg?resize=350%2C200&ssl=1","width":350,"height":200,"srcset":"https:\/\/i0.wp.com\/artstella-elixirs-floraux.com\/wp-content\/uploads\/2025\/03\/6e154e2b-ecb4-4f43-bda7-dd59af754b4e.jpg?resize=350%2C200&ssl=1 1x, https:\/\/i0.wp.com\/artstella-elixirs-floraux.com\/wp-content\/uploads\/2025\/03\/6e154e2b-ecb4-4f43-bda7-dd59af754b4e.jpg?resize=525%2C300&ssl=1 1.5x, https:\/\/i0.wp.com\/artstella-elixirs-floraux.com\/wp-content\/uploads\/2025\/03\/6e154e2b-ecb4-4f43-bda7-dd59af754b4e.jpg?resize=700%2C400&ssl=1 2x"},"classes":[]},{"id":3685,"url":"https:\/\/artstella-elixirs-floraux.com\/en\/product\/69-vital-core-ltoe-15ml\/","url_meta":{"origin":3569,"position":4},"title":"69. VITAL CORE LTOE 15ML","author":"eveapprill","date":"9 March 2025","format":false,"excerpt":"Vital core \/ Centre vital Apporte une forte \u00e9nergie d\u2019enracinement et au 2\u00e8me chakra de m\u00eame qu\u2019au m\u00e9ridien de la v\u00e9sicule biliaire. Tout en ayant une action sur le chakra coronal, laryng\u00e9 et du c\u0153ur, celle-ci est principalement remarquable","rel":"","context":"Similar post","block_context":{"text":"Similar post","link":""},"img":{"alt_text":"","src":"https:\/\/i0.wp.com\/artstella-elixirs-floraux.com\/wp-content\/uploads\/2025\/03\/b7fd20da-5fb4-4b7c-83f1-7cba0c405f2b.jpg?resize=350%2C200&ssl=1","width":350,"height":200,"srcset":"https:\/\/i0.wp.com\/artstella-elixirs-floraux.com\/wp-content\/uploads\/2025\/03\/b7fd20da-5fb4-4b7c-83f1-7cba0c405f2b.jpg?resize=350%2C200&ssl=1 1x, https:\/\/i0.wp.com\/artstella-elixirs-floraux.com\/wp-content\/uploads\/2025\/03\/b7fd20da-5fb4-4b7c-83f1-7cba0c405f2b.jpg?resize=525%2C300&ssl=1 1.5x, https:\/\/i0.wp.com\/artstella-elixirs-floraux.com\/wp-content\/uploads\/2025\/03\/b7fd20da-5fb4-4b7c-83f1-7cba0c405f2b.jpg?resize=700%2C400&ssl=1 2x"},"classes":[]},{"id":12309,"url":"https:\/\/artstella-elixirs-floraux.com\/en\/product\/17-orchidee-wakanki-masdevallia-veitchiana-sylfos\/","url_meta":{"origin":3569,"position":5},"title":"17. ORCHID\u00c9E WAKANKI (Masdevallia veitchiana) Sylfos","author":"eveapprill","date":"13 March 2026","format":false,"excerpt":"Voil\u00e0 l\u2019\u00c9lixir du principe f\u00e9minin pour incarner la lumi\u00e8re divine et percevoir notre raison d\u2019\u00eatre cosmique. Il favorise le l\u00e2cher-prise face aux \u00e9motions et circonstances difficiles de la vie.","rel":"","context":"Similar post","block_context":{"text":"Similar post","link":""},"img":{"alt_text":"","src":"https:\/\/i0.wp.com\/artstella-elixirs-floraux.com\/wp-content\/uploads\/2026\/03\/17_WALKANKI-WEB.png?resize=350%2C200&ssl=1","width":350,"height":200},"classes":[]}],"_links":{"self":[{"href":"https:\/\/artstella-elixirs-floraux.com\/en\/wp-json\/wp\/v2\/product\/3569","targetHints":{"allow":["GET"]}}],"collection":[{"href":"https:\/\/artstella-elixirs-floraux.com\/en\/wp-json\/wp\/v2\/product"}],"about":[{"href":"https:\/\/artstella-elixirs-floraux.com\/en\/wp-json\/wp\/v2\/types\/product"}],"version-history":[{"count":0,"href":"https:\/\/artstella-elixirs-floraux.com\/en\/wp-json\/wp\/v2\/product\/3569\/revisions"}],"wp:featuredmedia":[{"embeddable":true,"href":"https:\/\/artstella-elixirs-floraux.com\/en\/wp-json\/wp\/v2\/media\/6847"}],"wp:attachment":[{"href":"https:\/\/artstella-elixirs-floraux.com\/en\/wp-json\/wp\/v2\/media?parent=3569"}],"wp:term":[{"taxonomy":"product_brand","embeddable":true,"href":"https:\/\/artstella-elixirs-floraux.com\/en\/wp-json\/wp\/v2\/product_brand?post=3569"},{"taxonomy":"product_cat","embeddable":true,"href":"https:\/\/artstella-elixirs-floraux.com\/en\/wp-json\/wp\/v2\/product_cat?post=3569"},{"taxonomy":"product_tag","embeddable":true,"href":"https:\/\/artstella-elixirs-floraux.com\/en\/wp-json\/wp\/v2\/product_tag?post=3569"}],"curies":[{"name":"wp","href":"https:\/\/api.w.org\/{rel}","templated":true}]}}