{"id":3572,"date":"2025-03-09T13:13:07","date_gmt":"2025-03-09T13:13:07","guid":{"rendered":"https:\/\/artstella-elixirs-floraux.com\/product\/14-crown-of-consciousness-ltoe-15-ml\/"},"modified":"2025-06-08T16:06:41","modified_gmt":"2025-06-08T16:06:41","slug":"14-crown-of-consciousness-ltoe-15-ml","status":"publish","type":"product","link":"https:\/\/artstella-elixirs-floraux.com\/en\/product\/14-crown-of-consciousness-ltoe-15-ml\/","title":{"rendered":"14. CROWN OF CONSCIOUSNESS LTOE 15 ML"},"content":{"rendered":"","protected":false},"excerpt":{"rendered":"<p><strong><span style=\"color: #008000;\">Couronne de conscience<\/span>\/<\/strong><strong>Crown of Consciousness<\/strong> (Masdevallia reginae &#8211; \u00c9quateur)<br \/>\nCelui-ci est un \u00c9LIXIR MAJEUR qui permet une exp\u00e9rience totale du chakra coronal afin de se faire accueillir \u00e0 la Biblioth\u00e8que Akashique &#8211; espace int\u00e9rieur<\/p>","protected":false},"featured_media":10506,"template":"","meta":[],"product_brand":[],"product_cat":[95],"product_tag":[],"class_list":{"0":"post-3572","1":"product","2":"type-product","3":"status-publish","4":"has-post-thumbnail","6":"product_cat-les-elixirs-unitaires","8":"first","9":"instock","10":"taxable","11":"shipping-taxable","12":"purchasable","13":"product-type-simple"},"etheme_brands":{"errors":{"invalid_taxonomy":["Invalid taxonomy."]},"error_data":[]},"jetpack_sharing_enabled":true,"jetpack-related-posts":[{"id":3515,"url":"https:\/\/artstella-elixirs-floraux.com\/en\/product\/shivas-crown-lto-15-ml\/","url_meta":{"origin":3572,"position":0},"title":"SHIVAS CROWN LTO 15 ML","author":"eveapprill","date":"9 March 2025","format":false,"excerpt":"Shiva's crown \/ Couronne de Shiva : Approfondit la compr\u00e9hension au niveau de notre \u00e2me du voyage dans le corps physique. Cette pr\u00e9paration va jusqu'\u00e0 une partie du cerveau appel\u00e9e syst\u00e8me\u00a0 limbique","rel":"","context":"Similar post","block_context":{"text":"Similar post","link":""},"img":{"alt_text":"","src":"https:\/\/i0.wp.com\/artstella-elixirs-floraux.com\/wp-content\/uploads\/2025\/03\/7844c974-3a24-4e36-8826-337620b0fdaf.jpg?resize=350%2C200&ssl=1","width":350,"height":200,"srcset":"https:\/\/i0.wp.com\/artstella-elixirs-floraux.com\/wp-content\/uploads\/2025\/03\/7844c974-3a24-4e36-8826-337620b0fdaf.jpg?resize=350%2C200&ssl=1 1x, https:\/\/i0.wp.com\/artstella-elixirs-floraux.com\/wp-content\/uploads\/2025\/03\/7844c974-3a24-4e36-8826-337620b0fdaf.jpg?resize=525%2C300&ssl=1 1.5x, https:\/\/i0.wp.com\/artstella-elixirs-floraux.com\/wp-content\/uploads\/2025\/03\/7844c974-3a24-4e36-8826-337620b0fdaf.jpg?resize=700%2C400&ssl=1 2x"},"classes":[]},{"id":3523,"url":"https:\/\/artstella-elixirs-floraux.com\/en\/product\/spirit-of-life-15-ml-lto\/","url_meta":{"origin":3572,"position":1},"title":"SPIRIT OF LIFE 15 ML LTO","author":"eveapprill","date":"9 March 2025","format":false,"excerpt":"Spirit of life \/ Esprit de vie: contient Furnace of Life et Fire of Life. Cette pr\u00e9paration permet de lever les blocages au niveau des sch\u00e9mas ancestraux et \"tribaux\" contenus dans le premier et le deuxi\u00e8me chakra, permettant se centrer par rapport \u00e0 soi-m\u00eame.","rel":"","context":"Similar post","block_context":{"text":"Similar post","link":""},"img":{"alt_text":"","src":"https:\/\/i0.wp.com\/artstella-elixirs-floraux.com\/wp-content\/uploads\/2025\/03\/775f61b9-dca1-46e8-b2b1-240a49b4b68c.jpg?resize=350%2C200&ssl=1","width":350,"height":200,"srcset":"https:\/\/i0.wp.com\/artstella-elixirs-floraux.com\/wp-content\/uploads\/2025\/03\/775f61b9-dca1-46e8-b2b1-240a49b4b68c.jpg?resize=350%2C200&ssl=1 1x, https:\/\/i0.wp.com\/artstella-elixirs-floraux.com\/wp-content\/uploads\/2025\/03\/775f61b9-dca1-46e8-b2b1-240a49b4b68c.jpg?resize=525%2C300&ssl=1 1.5x, https:\/\/i0.wp.com\/artstella-elixirs-floraux.com\/wp-content\/uploads\/2025\/03\/775f61b9-dca1-46e8-b2b1-240a49b4b68c.jpg?resize=700%2C400&ssl=1 2x"},"classes":[]},{"id":6249,"url":"https:\/\/artstella-elixirs-floraux.com\/en\/product\/clarity-of-connection-15ml\/","url_meta":{"origin":3572,"position":2},"title":"CLARITY OF CONNECTION 15ML","author":"eveapprill","date":"9 March 2025","format":false,"excerpt":"Clarity of Connection\u00a0 - Clart\u00e9 de Connexion Pour rester centrer dans la m\u00e9ditation. Equilibre les chakras et ainsi am\u00e9liore la connexion avec le moi sup\u00e9rieur et les chakras sup\u00e9rieurs.","rel":"","context":"Similar post","block_context":{"text":"Similar post","link":""},"img":{"alt_text":"","src":"https:\/\/i0.wp.com\/artstella-elixirs-floraux.com\/wp-content\/uploads\/2025\/03\/wp-image2215.png?resize=350%2C200&ssl=1","width":350,"height":200,"srcset":"https:\/\/i0.wp.com\/artstella-elixirs-floraux.com\/wp-content\/uploads\/2025\/03\/wp-image2215.png?resize=350%2C200&ssl=1 1x, https:\/\/i0.wp.com\/artstella-elixirs-floraux.com\/wp-content\/uploads\/2025\/03\/wp-image2215.png?resize=525%2C300&ssl=1 1.5x, https:\/\/i0.wp.com\/artstella-elixirs-floraux.com\/wp-content\/uploads\/2025\/03\/wp-image2215.png?resize=700%2C400&ssl=1 2x, https:\/\/i0.wp.com\/artstella-elixirs-floraux.com\/wp-content\/uploads\/2025\/03\/wp-image2215.png?resize=1050%2C600&ssl=1 3x"},"classes":[]},{"id":3517,"url":"https:\/\/artstella-elixirs-floraux.com\/en\/product\/sleep-of-peace-lto-15-ml\/","url_meta":{"origin":3572,"position":3},"title":"SLEEP OF PEACE LTO 15 ML","author":"eveapprill","date":"9 March 2025","format":false,"excerpt":"Sleep of peace \/ Dormir en paix : am\u00e9liore la qualit\u00e9 du sommeil et la quantit\u00e9 de sommeil, diff\u00e9remment de Gentle Sleep, en ce qu'il touche les sch\u00e9mas du sommeil.","rel":"","context":"Similar post","block_context":{"text":"Similar post","link":""},"img":{"alt_text":"","src":"https:\/\/i0.wp.com\/artstella-elixirs-floraux.com\/wp-content\/uploads\/2025\/03\/215447f8-a671-498d-9849-7286bf5b6f82.jpg?resize=350%2C200&ssl=1","width":350,"height":200,"srcset":"https:\/\/i0.wp.com\/artstella-elixirs-floraux.com\/wp-content\/uploads\/2025\/03\/215447f8-a671-498d-9849-7286bf5b6f82.jpg?resize=350%2C200&ssl=1 1x, https:\/\/i0.wp.com\/artstella-elixirs-floraux.com\/wp-content\/uploads\/2025\/03\/215447f8-a671-498d-9849-7286bf5b6f82.jpg?resize=525%2C300&ssl=1 1.5x, https:\/\/i0.wp.com\/artstella-elixirs-floraux.com\/wp-content\/uploads\/2025\/03\/215447f8-a671-498d-9849-7286bf5b6f82.jpg?resize=700%2C400&ssl=1 2x"},"classes":[]},{"id":3489,"url":"https:\/\/artstella-elixirs-floraux.com\/en\/product\/defender-of-the-source-15-ml-ltoe\/","url_meta":{"origin":3572,"position":4},"title":"DEFENDER OF THE SOURCE 15 ML LTOE","author":"eveapprill","date":"9 March 2025","format":false,"excerpt":"Defender of the Source \/ D\u00e9fense de la Source\u00a0 (compos\u00e9 de Defender from the Dark et Source of Life).\u00a0 Ce compos\u00e9 prot\u00e8gera la r\u00e9gion du chakra sacr\u00e9 contre l\u2019interf\u00e9rence de ces \u00e9nergies n\u00e9gatives. Cet \u00e9lixir semble agir comme un gardien des portes de l\u2019\u00e2me","rel":"","context":"Similar post","block_context":{"text":"Similar post","link":""},"img":{"alt_text":"","src":"https:\/\/i0.wp.com\/artstella-elixirs-floraux.com\/wp-content\/uploads\/2025\/03\/1daefbf9-9d3a-4242-991c-8fc13d1e5a8a.jpg?resize=350%2C200&ssl=1","width":350,"height":200,"srcset":"https:\/\/i0.wp.com\/artstella-elixirs-floraux.com\/wp-content\/uploads\/2025\/03\/1daefbf9-9d3a-4242-991c-8fc13d1e5a8a.jpg?resize=350%2C200&ssl=1 1x, https:\/\/i0.wp.com\/artstella-elixirs-floraux.com\/wp-content\/uploads\/2025\/03\/1daefbf9-9d3a-4242-991c-8fc13d1e5a8a.jpg?resize=525%2C300&ssl=1 1.5x, https:\/\/i0.wp.com\/artstella-elixirs-floraux.com\/wp-content\/uploads\/2025\/03\/1daefbf9-9d3a-4242-991c-8fc13d1e5a8a.jpg?resize=700%2C400&ssl=1 2x"},"classes":[]},{"id":2880,"url":"https:\/\/artstella-elixirs-floraux.com\/en\/product\/star-of-bethlehem-15ml-phi\/","url_meta":{"origin":3572,"position":5},"title":"STAR OF BETHLEHEM 15ML PHI","author":"eveapprill","date":"9 March 2025","format":false,"excerpt":"Star of Bethl\u00e9em (Orithogalum umbellatum) (Dame de onze heures ou Etoile de Bethl\u00e9em) Aide \u00e0 surmonter les \u00e9tats de chocs, m\u00eame si ceux-ci sont d\u00e9j\u00e0 anciens.","rel":"","context":"Similar post","block_context":{"text":"Similar post","link":""},"img":{"alt_text":"","src":"https:\/\/i0.wp.com\/artstella-elixirs-floraux.com\/wp-content\/uploads\/2025\/03\/wp-image1096.png?resize=350%2C200&ssl=1","width":350,"height":200},"classes":[]}],"_links":{"self":[{"href":"https:\/\/artstella-elixirs-floraux.com\/en\/wp-json\/wp\/v2\/product\/3572","targetHints":{"allow":["GET"]}}],"collection":[{"href":"https:\/\/artstella-elixirs-floraux.com\/en\/wp-json\/wp\/v2\/product"}],"about":[{"href":"https:\/\/artstella-elixirs-floraux.com\/en\/wp-json\/wp\/v2\/types\/product"}],"version-history":[{"count":0,"href":"https:\/\/artstella-elixirs-floraux.com\/en\/wp-json\/wp\/v2\/product\/3572\/revisions"}],"wp:featuredmedia":[{"embeddable":true,"href":"https:\/\/artstella-elixirs-floraux.com\/en\/wp-json\/wp\/v2\/media\/10506"}],"wp:attachment":[{"href":"https:\/\/artstella-elixirs-floraux.com\/en\/wp-json\/wp\/v2\/media?parent=3572"}],"wp:term":[{"taxonomy":"product_brand","embeddable":true,"href":"https:\/\/artstella-elixirs-floraux.com\/en\/wp-json\/wp\/v2\/product_brand?post=3572"},{"taxonomy":"product_cat","embeddable":true,"href":"https:\/\/artstella-elixirs-floraux.com\/en\/wp-json\/wp\/v2\/product_cat?post=3572"},{"taxonomy":"product_tag","embeddable":true,"href":"https:\/\/artstella-elixirs-floraux.com\/en\/wp-json\/wp\/v2\/product_tag?post=3572"}],"curies":[{"name":"wp","href":"https:\/\/api.w.org\/{rel}","templated":true}]}}