{"id":3579,"date":"2025-03-09T13:13:11","date_gmt":"2025-03-09T13:13:11","guid":{"rendered":"https:\/\/artstella-elixirs-floraux.com\/product\/17-fire-of-life-lto-15-ml\/"},"modified":"2025-06-08T14:00:28","modified_gmt":"2025-06-08T14:00:28","slug":"17-fire-of-life-lto-15-ml","status":"publish","type":"product","link":"https:\/\/artstella-elixirs-floraux.com\/en\/product\/17-fire-of-life-lto-15-ml\/","title":{"rendered":"17. FIRE OF LIFE LTO 15 ML"},"content":{"rendered":"<p><strong><em>Fire of Life \/ Le feu de la vie : <\/em><\/strong>est le compl\u00e9ment masculin, Yang, de Furnace of Life. Son \u00e9nergie Yang aide les \u00e9nergies universelles les plus \u00e9lev\u00e9es \u00e0 s&rsquo;incarner dans la conscience, et contribue \u00e0 ce que cette \u00e9nergie coule au centre de notre \u00eatre. Il donne le courage d&rsquo;atteindre le but de notre \u00e2me. L&rsquo;orchid\u00e9e en fleur attire plus particuli\u00e8rement les personnes oppress\u00e9es, refoul\u00e9es, ayant du mal \u00e0 s&rsquo;exprimer. L&rsquo;\u00e9lixir apporte un souffle nouveau, aidant \u00e0 faire des choix plus en accord avec nos intentions les plus hautes, favorisant la possibilit\u00e9 d&rsquo;accomplir notre destin\u00e9e spirituelle la plus haute.<\/p>","protected":false},"excerpt":{"rendered":"<p><strong><em>Fire of Life \/ Le feu de la vie : <\/em><\/strong>est le compl\u00e9ment masculin, Yang, de Furnace of Life. Son \u00e9nergie Yang aide les \u00e9nergies universelles les plus \u00e9lev\u00e9es \u00e0 s&rsquo;incarner dans la conscience, et contribue \u00e0 ce que cette \u00e9nergie coule au centre de notre \u00eatre. Il donne le courage d&rsquo;atteindre le but de notre \u00e2me.<\/p>","protected":false},"featured_media":7641,"template":"","meta":[],"product_brand":[],"product_cat":[95],"product_tag":[],"class_list":{"0":"post-3579","1":"product","2":"type-product","3":"status-publish","4":"has-post-thumbnail","6":"product_cat-les-elixirs-unitaires","8":"first","9":"instock","10":"taxable","11":"shipping-taxable","12":"purchasable","13":"product-type-simple"},"etheme_brands":{"errors":{"invalid_taxonomy":["Invalid taxonomy."]},"error_data":[]},"jetpack_sharing_enabled":true,"jetpack-related-posts":[{"id":2755,"url":"https:\/\/artstella-elixirs-floraux.com\/en\/product\/fire-feu-bush-white-light\/","url_meta":{"origin":3579,"position":0},"title":"FIRE (Feu) BUSH WHITE LIGHT","author":"eveapprill","date":"9 March 2025","format":false,"excerpt":"L'\u00c9LIXIR FEU (FIRE ESSENCE)a \u00e9t\u00e9 pr\u00e9par\u00e9 dans la zone sacr\u00e9e de Katajuta en Australie Centrale. Il contient l\u2019\u00e9nergie de passion, de cr\u00e9ation, des possibilit\u00e9s et du potentiel du Feu. Un aspect des quatre \u00e9lixirs des \u00e9l\u00e9ments (Feu, Eau, Air et Terre) ...","rel":"","context":"Similar post","block_context":{"text":"Similar post","link":""},"img":{"alt_text":"","src":"https:\/\/i0.wp.com\/artstella-elixirs-floraux.com\/wp-content\/uploads\/2025\/03\/f632d282-b8dc-4bcb-9292-c0f9db32d983.jpg?resize=350%2C200&ssl=1","width":350,"height":200,"srcset":"https:\/\/i0.wp.com\/artstella-elixirs-floraux.com\/wp-content\/uploads\/2025\/03\/f632d282-b8dc-4bcb-9292-c0f9db32d983.jpg?resize=350%2C200&ssl=1 1x, https:\/\/i0.wp.com\/artstella-elixirs-floraux.com\/wp-content\/uploads\/2025\/03\/f632d282-b8dc-4bcb-9292-c0f9db32d983.jpg?resize=525%2C300&ssl=1 1.5x, https:\/\/i0.wp.com\/artstella-elixirs-floraux.com\/wp-content\/uploads\/2025\/03\/f632d282-b8dc-4bcb-9292-c0f9db32d983.jpg?resize=700%2C400&ssl=1 2x"},"classes":[]},{"id":3523,"url":"https:\/\/artstella-elixirs-floraux.com\/en\/product\/spirit-of-life-15-ml-lto\/","url_meta":{"origin":3579,"position":1},"title":"SPIRIT OF LIFE 15 ML LTO","author":"eveapprill","date":"9 March 2025","format":false,"excerpt":"Spirit of life \/ Esprit de vie: contient Furnace of Life et Fire of Life. Cette pr\u00e9paration permet de lever les blocages au niveau des sch\u00e9mas ancestraux et \"tribaux\" contenus dans le premier et le deuxi\u00e8me chakra, permettant se centrer par rapport \u00e0 soi-m\u00eame.","rel":"","context":"Similar post","block_context":{"text":"Similar post","link":""},"img":{"alt_text":"","src":"https:\/\/i0.wp.com\/artstella-elixirs-floraux.com\/wp-content\/uploads\/2025\/03\/775f61b9-dca1-46e8-b2b1-240a49b4b68c.jpg?resize=350%2C200&ssl=1","width":350,"height":200,"srcset":"https:\/\/i0.wp.com\/artstella-elixirs-floraux.com\/wp-content\/uploads\/2025\/03\/775f61b9-dca1-46e8-b2b1-240a49b4b68c.jpg?resize=350%2C200&ssl=1 1x, https:\/\/i0.wp.com\/artstella-elixirs-floraux.com\/wp-content\/uploads\/2025\/03\/775f61b9-dca1-46e8-b2b1-240a49b4b68c.jpg?resize=525%2C300&ssl=1 1.5x, https:\/\/i0.wp.com\/artstella-elixirs-floraux.com\/wp-content\/uploads\/2025\/03\/775f61b9-dca1-46e8-b2b1-240a49b4b68c.jpg?resize=700%2C400&ssl=1 2x"},"classes":[]},{"id":3671,"url":"https:\/\/artstella-elixirs-floraux.com\/en\/product\/61-source-of-life-lto-15-ml\/","url_meta":{"origin":3579,"position":2},"title":"61. SOURCE OF LIFE LTO 15 ML","author":"eveapprill","date":"9 March 2025","format":false,"excerpt":"Source of Life \/ Source de vie Un\u00a0 \u00e9lixir unique pour s\u2019adresser aux aspects sexuels du 2\u00e8me chakra.\u00a0","rel":"","context":"Similar post","block_context":{"text":"Similar post","link":""},"img":{"alt_text":"","src":"https:\/\/i0.wp.com\/artstella-elixirs-floraux.com\/wp-content\/uploads\/2025\/03\/2246925e-0c0b-4269-8b46-a4b4ef4dce55.jpg?resize=350%2C200&ssl=1","width":350,"height":200,"srcset":"https:\/\/i0.wp.com\/artstella-elixirs-floraux.com\/wp-content\/uploads\/2025\/03\/2246925e-0c0b-4269-8b46-a4b4ef4dce55.jpg?resize=350%2C200&ssl=1 1x, https:\/\/i0.wp.com\/artstella-elixirs-floraux.com\/wp-content\/uploads\/2025\/03\/2246925e-0c0b-4269-8b46-a4b4ef4dce55.jpg?resize=525%2C300&ssl=1 1.5x, https:\/\/i0.wp.com\/artstella-elixirs-floraux.com\/wp-content\/uploads\/2025\/03\/2246925e-0c0b-4269-8b46-a4b4ef4dce55.jpg?resize=700%2C400&ssl=1 2x"},"classes":[]},{"id":3581,"url":"https:\/\/artstella-elixirs-floraux.com\/en\/product\/foyer-de-la-vie-15-ml-lto\/","url_meta":{"origin":3579,"position":3},"title":"Foyer de la vie 15 ml LTO","author":"eveapprill","date":"9 March 2025","format":false,"excerpt":"Foyer de la vie Si nous n'arrivons pas \u00e0 accepter la vie comme une opportunit\u00e9 de cultiver des qualit\u00e9s, ou ne parvenons pas \u00e0 comprendre la signification de circonstances difficiles ou douloureuses, notre vie ne sera pas dirig\u00e9e par une intention universelle la plus haute mais par notre syst\u00e8me de\u2026","rel":"","context":"Similar post","block_context":{"text":"Similar post","link":""},"img":{"alt_text":"","src":"https:\/\/i0.wp.com\/artstella-elixirs-floraux.com\/wp-content\/uploads\/2025\/03\/027600df-716e-4647-a147-d88952f3c186.jpg?resize=350%2C200&ssl=1","width":350,"height":200,"srcset":"https:\/\/i0.wp.com\/artstella-elixirs-floraux.com\/wp-content\/uploads\/2025\/03\/027600df-716e-4647-a147-d88952f3c186.jpg?resize=350%2C200&ssl=1 1x, https:\/\/i0.wp.com\/artstella-elixirs-floraux.com\/wp-content\/uploads\/2025\/03\/027600df-716e-4647-a147-d88952f3c186.jpg?resize=525%2C300&ssl=1 1.5x, https:\/\/i0.wp.com\/artstella-elixirs-floraux.com\/wp-content\/uploads\/2025\/03\/027600df-716e-4647-a147-d88952f3c186.jpg?resize=700%2C400&ssl=1 2x"},"classes":[]},{"id":3667,"url":"https:\/\/artstella-elixirs-floraux.com\/en\/product\/59-shivas-trident-ltoe-15-ml\/","url_meta":{"origin":3579,"position":4},"title":"59. SHIVA&rsquo;S TRIDENT LTOE 15 ML","author":"eveapprill","date":"9 March 2025","format":false,"excerpt":"Shiva\u2019s Trident \/ Trident de Shiva : ouvre la polarit\u00e9 yang du syst\u00e8me des m\u00e9ridiens \u2013 le point baihui* au sommet de la t\u00eate\u00a0 \u2013 et apporte une \u00e9nergie puissante et tourbillonnante","rel":"","context":"Similar post","block_context":{"text":"Similar post","link":""},"img":{"alt_text":"","src":"https:\/\/i0.wp.com\/artstella-elixirs-floraux.com\/wp-content\/uploads\/2025\/03\/69ccbb8d-8a4c-4937-9b07-edb4efe72ae4.jpg?resize=350%2C200&ssl=1","width":350,"height":200,"srcset":"https:\/\/i0.wp.com\/artstella-elixirs-floraux.com\/wp-content\/uploads\/2025\/03\/69ccbb8d-8a4c-4937-9b07-edb4efe72ae4.jpg?resize=350%2C200&ssl=1 1x, https:\/\/i0.wp.com\/artstella-elixirs-floraux.com\/wp-content\/uploads\/2025\/03\/69ccbb8d-8a4c-4937-9b07-edb4efe72ae4.jpg?resize=525%2C300&ssl=1 1.5x, https:\/\/i0.wp.com\/artstella-elixirs-floraux.com\/wp-content\/uploads\/2025\/03\/69ccbb8d-8a4c-4937-9b07-edb4efe72ae4.jpg?resize=700%2C400&ssl=1 2x"},"classes":[]},{"id":3239,"url":"https:\/\/artstella-elixirs-floraux.com\/en\/product\/calla-15-ml-phi\/","url_meta":{"origin":3579,"position":5},"title":"CALLA 15 ML PHI","author":"eveapprill","date":"9 March 2025","format":false,"excerpt":"Calla (Zantedeschia aethiopica) (Calla) Aide \u00e0 \u00e9quilibrer l'\u00e9nergie \u00ab\u00a0yin\/yang\u00a0\u00bb, active et r\u00e9ceptive, au niveau du premier et du deuxi\u00e8me chakra. Nous apprenons gr\u00e2ce \u00e0 cet \u00e9lixir \u00e0 accepter nos composantes masculines et f\u00e9minines.","rel":"","context":"Similar post","block_context":{"text":"Similar post","link":""},"img":{"alt_text":"","src":"https:\/\/i0.wp.com\/artstella-elixirs-floraux.com\/wp-content\/uploads\/2025\/03\/wp-image660.png?resize=350%2C200&ssl=1","width":350,"height":200},"classes":[]}],"_links":{"self":[{"href":"https:\/\/artstella-elixirs-floraux.com\/en\/wp-json\/wp\/v2\/product\/3579","targetHints":{"allow":["GET"]}}],"collection":[{"href":"https:\/\/artstella-elixirs-floraux.com\/en\/wp-json\/wp\/v2\/product"}],"about":[{"href":"https:\/\/artstella-elixirs-floraux.com\/en\/wp-json\/wp\/v2\/types\/product"}],"version-history":[{"count":0,"href":"https:\/\/artstella-elixirs-floraux.com\/en\/wp-json\/wp\/v2\/product\/3579\/revisions"}],"wp:featuredmedia":[{"embeddable":true,"href":"https:\/\/artstella-elixirs-floraux.com\/en\/wp-json\/wp\/v2\/media\/7641"}],"wp:attachment":[{"href":"https:\/\/artstella-elixirs-floraux.com\/en\/wp-json\/wp\/v2\/media?parent=3579"}],"wp:term":[{"taxonomy":"product_brand","embeddable":true,"href":"https:\/\/artstella-elixirs-floraux.com\/en\/wp-json\/wp\/v2\/product_brand?post=3579"},{"taxonomy":"product_cat","embeddable":true,"href":"https:\/\/artstella-elixirs-floraux.com\/en\/wp-json\/wp\/v2\/product_cat?post=3579"},{"taxonomy":"product_tag","embeddable":true,"href":"https:\/\/artstella-elixirs-floraux.com\/en\/wp-json\/wp\/v2\/product_tag?post=3579"}],"curies":[{"name":"wp","href":"https:\/\/api.w.org\/{rel}","templated":true}]}}