{"id":3583,"date":"2025-03-09T13:13:14","date_gmt":"2025-03-09T13:13:14","guid":{"rendered":"https:\/\/artstella-elixirs-floraux.com\/product\/19-golden-radiance-ltoe-15-ml\/"},"modified":"2025-04-06T10:11:21","modified_gmt":"2025-04-06T10:11:21","slug":"lumiere-radieuse-15-ml-ltoe","status":"publish","type":"product","link":"https:\/\/artstella-elixirs-floraux.com\/en\/product\/lumiere-radieuse-15-ml-ltoe\/","title":{"rendered":"Lumi\u00e8re radieuse 15 ml LTOE"},"content":{"rendered":"<p>D\u00e9couvrez Lumi\u00e8re Radieuse, l&rsquo;\u00e9lixir ultime de la collection LT, con\u00e7u pour favoriser un cheminement spirituel profond. Cet \u00e9lixir unique vous aide \u00e0 d\u00e9velopper une vision sacr\u00e9e de votre quotidien, en \u00e9veillant la conscience de la lumi\u00e8re radieuse qui r\u00e9side en chacun de nous. En ouvrant le chakra de la gorge, Lumi\u00e8re Radieuse vous reconnecte \u00e0 votre sagesse int\u00e9rieure, r\u00e9v\u00e9l\u00e9e comme une lumi\u00e8re dor\u00e9e dans la chambre sacr\u00e9e de votre c\u0153ur. Lorsque cette chambre s&rsquo;ouvre, laissez la lumi\u00e8re s&rsquo;\u00e9lever, apportant clart\u00e9 et communication authentique \u00e0 votre vie.<\/p>","protected":false},"excerpt":{"rendered":"<p><span style=\"color: #008000;\"><strong>Lumi\u00e8re radieuse\/<\/strong><strong>Golden Radiance<\/strong><\/span> (Phragmipedium St. Ouen)<br \/>\nDe tous les \u00e9lixirs LT, cet \u00e9lixir est probablement celui dont l\u2019application est la plus universelle.<\/p>","protected":false},"featured_media":6855,"template":"","meta":[],"product_brand":[],"product_cat":[95],"product_tag":[],"class_list":{"0":"post-3583","1":"product","2":"type-product","3":"status-publish","4":"has-post-thumbnail","6":"product_cat-les-elixirs-unitaires","8":"first","9":"instock","10":"taxable","11":"shipping-taxable","12":"purchasable","13":"product-type-simple"},"etheme_brands":{"errors":{"invalid_taxonomy":["Invalid taxonomy."]},"error_data":[]},"jetpack_sharing_enabled":true,"jetpack-related-posts":[{"id":3642,"url":"https:\/\/artstella-elixirs-floraux.com\/en\/product\/46-pushing-back-the-night-ltoe-15-ml\/","url_meta":{"origin":3583,"position":0},"title":"46. PUSHING BACK THE NIGHT LTOE 15 ML","author":"eveapprill","date":"9 March 2025","format":false,"excerpt":"Pushing Back the Night\u00a0 \/ Repousser la nuit Cet \u00e9lixir favorise un \u00e9tat d\u2019esprit o\u00f9 vision et lumi\u00e8re se confondent, permettant de prendre conscience que la vie est sacr\u00e9e. Son but est d\u2019aider \u00e0 gu\u00e9rir le destin de l\u2019humanit\u00e9.","rel":"","context":"Similar post","block_context":{"text":"Similar post","link":""},"img":{"alt_text":"","src":"https:\/\/i0.wp.com\/artstella-elixirs-floraux.com\/wp-content\/uploads\/2025\/03\/2b1ff100-6342-4cb5-a1c6-56a752173a69.jpg?resize=350%2C200&ssl=1","width":350,"height":200,"srcset":"https:\/\/i0.wp.com\/artstella-elixirs-floraux.com\/wp-content\/uploads\/2025\/03\/2b1ff100-6342-4cb5-a1c6-56a752173a69.jpg?resize=350%2C200&ssl=1 1x, https:\/\/i0.wp.com\/artstella-elixirs-floraux.com\/wp-content\/uploads\/2025\/03\/2b1ff100-6342-4cb5-a1c6-56a752173a69.jpg?resize=525%2C300&ssl=1 1.5x, https:\/\/i0.wp.com\/artstella-elixirs-floraux.com\/wp-content\/uploads\/2025\/03\/2b1ff100-6342-4cb5-a1c6-56a752173a69.jpg?resize=700%2C400&ssl=1 2x"},"classes":[]},{"id":2763,"url":"https:\/\/artstella-elixirs-floraux.com\/en\/product\/angelic-angelique-bush-white-light\/","url_meta":{"origin":3583,"position":1},"title":"ANGELIC (Ang\u00e9lique) BUSH WHITE LIGHT","author":"eveapprill","date":"9 March 2025","format":false,"excerpt":"L'\u00c9LIXIR ANG\u00c9LIQUE (ANGELIC ESSENCE) a \u00e9t\u00e9 cr\u00e9\u00e9 au P\u00e9rou, au sommet de la montagne sacr\u00e9e Putucusi, directement en face du Machu Picchu. Il aide \u00e0 s'ouvrir pour recevoir d'en haut les vibrations ang\u00e9liques d'inspiration, d\u2019amour, d'\u00e9veil, de communication, de guidanc...","rel":"","context":"Similar post","block_context":{"text":"Similar post","link":""},"img":{"alt_text":"","src":"https:\/\/i0.wp.com\/artstella-elixirs-floraux.com\/wp-content\/uploads\/2025\/03\/1cc5f192-dd2a-4e65-b324-54165c532471.jpg?resize=350%2C200&ssl=1","width":350,"height":200,"srcset":"https:\/\/i0.wp.com\/artstella-elixirs-floraux.com\/wp-content\/uploads\/2025\/03\/1cc5f192-dd2a-4e65-b324-54165c532471.jpg?resize=350%2C200&ssl=1 1x, https:\/\/i0.wp.com\/artstella-elixirs-floraux.com\/wp-content\/uploads\/2025\/03\/1cc5f192-dd2a-4e65-b324-54165c532471.jpg?resize=525%2C300&ssl=1 1.5x, https:\/\/i0.wp.com\/artstella-elixirs-floraux.com\/wp-content\/uploads\/2025\/03\/1cc5f192-dd2a-4e65-b324-54165c532471.jpg?resize=700%2C400&ssl=1 2x"},"classes":[]},{"id":5594,"url":"https:\/\/artstella-elixirs-floraux.com\/en\/product\/pyramide-teotihuacan-phi-15ml\/","url_meta":{"origin":3583,"position":2},"title":"PYRAMIDE TEOTIHUACAN PHI 15ML","author":"eveapprill","date":"9 March 2025","format":false,"excerpt":"L\u2019\u00e9lixir nous relie \u00e0 la terre, la lumi\u00e8re int\u00e9rieure. Il ouvre notre chakra coronal et renforce nos corps de lumi\u00e8re","rel":"","context":"Similar post","block_context":{"text":"Similar post","link":""},"img":{"alt_text":"","src":"https:\/\/i0.wp.com\/artstella-elixirs-floraux.com\/wp-content\/uploads\/2025\/03\/wp-image1799.png?resize=350%2C200&ssl=1","width":350,"height":200},"classes":[]},{"id":6064,"url":"https:\/\/artstella-elixirs-floraux.com\/en\/product\/elixir-ocean-n18-phi-15ml\/","url_meta":{"origin":3583,"position":3},"title":"ELIXIR OCEAN N\u00b018 PHI 15ML","author":"eveapprill","date":"9 March 2025","format":false,"excerpt":"L\u2019\u00e9lixir aide \u00e0 nettoyer le corps mental. Son action commence dans la zone de la t\u00eate, les pens\u00e9es peuvent s\u2019\u00e9claircir et \u00eatre trait\u00e9es avec plus de facilit\u00e9. La t\u00eate est libre, les pens\u00e9es claires et conscientes. Ensuite, cette lumi\u00e8re coule dans le corps.","rel":"","context":"Similar post","block_context":{"text":"Similar post","link":""},"img":{"alt_text":"","src":"","width":0,"height":0},"classes":[]},{"id":3594,"url":"https:\/\/artstella-elixirs-floraux.com\/en\/product\/23-heart-of-light-ltoe-15-ml\/","url_meta":{"origin":3583,"position":4},"title":"23. HEART OF LIGHT LTOE 15 ML","author":"eveapprill","date":"9 March 2025","format":false,"excerpt":"\u00a0Heart of Light \/Coeur de lumi\u00e8reopulse vers une conscience de l\u2019interd\u00e9pendance universelle, ressentie dans sa fluidit\u00e9 \u00e9nerg\u00e9tique.","rel":"","context":"Similar post","block_context":{"text":"Similar post","link":""},"img":{"alt_text":"","src":"https:\/\/i0.wp.com\/artstella-elixirs-floraux.com\/wp-content\/uploads\/2025\/03\/34ec927e-397f-45c1-bc66-b98e57ac44d1.jpg?resize=350%2C200&ssl=1","width":350,"height":200,"srcset":"https:\/\/i0.wp.com\/artstella-elixirs-floraux.com\/wp-content\/uploads\/2025\/03\/34ec927e-397f-45c1-bc66-b98e57ac44d1.jpg?resize=350%2C200&ssl=1 1x, https:\/\/i0.wp.com\/artstella-elixirs-floraux.com\/wp-content\/uploads\/2025\/03\/34ec927e-397f-45c1-bc66-b98e57ac44d1.jpg?resize=525%2C300&ssl=1 1.5x, https:\/\/i0.wp.com\/artstella-elixirs-floraux.com\/wp-content\/uploads\/2025\/03\/34ec927e-397f-45c1-bc66-b98e57ac44d1.jpg?resize=700%2C400&ssl=1 2x"},"classes":[]},{"id":6251,"url":"https:\/\/artstella-elixirs-floraux.com\/en\/product\/elixir-ocean-n35-phi\/","url_meta":{"origin":3583,"position":5},"title":"ELIXIR OCEAN N\u00b035 PHI","author":"eveapprill","date":"9 March 2025","format":false,"excerpt":"L\u2019\u00e9lixir aide les personnes qui se sentent au fond du trou, emplis de doutes et ne voient pas d\u2019issue.","rel":"","context":"Similar post","block_context":{"text":"Similar post","link":""},"img":{"alt_text":"","src":"https:\/\/i0.wp.com\/artstella-elixirs-floraux.com\/wp-content\/uploads\/2025\/03\/wp-image2216.png?resize=350%2C200&ssl=1","width":350,"height":200},"classes":[]}],"_links":{"self":[{"href":"https:\/\/artstella-elixirs-floraux.com\/en\/wp-json\/wp\/v2\/product\/3583","targetHints":{"allow":["GET"]}}],"collection":[{"href":"https:\/\/artstella-elixirs-floraux.com\/en\/wp-json\/wp\/v2\/product"}],"about":[{"href":"https:\/\/artstella-elixirs-floraux.com\/en\/wp-json\/wp\/v2\/types\/product"}],"version-history":[{"count":0,"href":"https:\/\/artstella-elixirs-floraux.com\/en\/wp-json\/wp\/v2\/product\/3583\/revisions"}],"wp:featuredmedia":[{"embeddable":true,"href":"https:\/\/artstella-elixirs-floraux.com\/en\/wp-json\/wp\/v2\/media\/6855"}],"wp:attachment":[{"href":"https:\/\/artstella-elixirs-floraux.com\/en\/wp-json\/wp\/v2\/media?parent=3583"}],"wp:term":[{"taxonomy":"product_brand","embeddable":true,"href":"https:\/\/artstella-elixirs-floraux.com\/en\/wp-json\/wp\/v2\/product_brand?post=3583"},{"taxonomy":"product_cat","embeddable":true,"href":"https:\/\/artstella-elixirs-floraux.com\/en\/wp-json\/wp\/v2\/product_cat?post=3583"},{"taxonomy":"product_tag","embeddable":true,"href":"https:\/\/artstella-elixirs-floraux.com\/en\/wp-json\/wp\/v2\/product_tag?post=3583"}],"curies":[{"name":"wp","href":"https:\/\/api.w.org\/{rel}","templated":true}]}}