{"id":3586,"date":"2025-03-09T13:13:16","date_gmt":"2025-03-09T13:13:16","guid":{"rendered":"https:\/\/artstella-elixirs-floraux.com\/product\/20-guardian-of-the-inner-journey-15ml\/"},"modified":"2025-04-06T10:11:21","modified_gmt":"2025-04-06T10:11:21","slug":"protecteur-du-voyage-interieur-15-ml","status":"publish","type":"product","link":"https:\/\/artstella-elixirs-floraux.com\/en\/product\/protecteur-du-voyage-interieur-15-ml\/","title":{"rendered":"Protecteur du voyage int\u00e9rieur 15 ml"},"content":{"rendered":"<p>Protecteur du voyage int\u00e9rieur<br \/>\nIl apporte le courage de voir notre ombre et les peurs qui inhibent notre \u00e9volution spirituelle. Un \u00e9lixir \u00ab\u00a0s\u00e9rieux\u00a0\u00bb qui nous aide dans les pratiques de m\u00e9ditation. Il correspond \u00e9nerg\u00e9tiquement \u00e0 qui peut \u00eatre pris \u00e0 la fin de la m\u00e9ditation.<\/p>","protected":false},"excerpt":{"rendered":"<p><strong><em><span style=\"color: #000000;\">Guardian of the inner journey \/Protecteur du voyage int\u00e9rieur<\/span><br \/>\n<\/em><\/strong>Il apporte le courage de voir notre ombre et les peurs qui inhibent notre \u00e9volution spirituelle. Un \u00e9lixir \u00ab\u00a0s\u00e9rieux\u00a0\u00bb qui nous aide dans les pratiques de m\u00e9ditation. Il correspond \u00e9nerg\u00e9tiquement \u00e0 \u00ab\u00a0Walking to the Earth rythm\u00a0\u00bb qui peut \u00eatre pris \u00e0 la fin de la m\u00e9ditation.<\/p>","protected":false},"featured_media":6864,"template":"","meta":[],"product_brand":[],"product_cat":[95],"product_tag":[],"class_list":{"0":"post-3586","1":"product","2":"type-product","3":"status-publish","4":"has-post-thumbnail","6":"product_cat-les-elixirs-unitaires","8":"first","9":"instock","10":"taxable","11":"shipping-taxable","12":"purchasable","13":"product-type-simple"},"etheme_brands":{"errors":{"invalid_taxonomy":["Invalid taxonomy."]},"error_data":[]},"jetpack_sharing_enabled":true,"jetpack-related-posts":[{"id":4038,"url":"https:\/\/artstella-elixirs-floraux.com\/en\/product\/flor-de-un-dia-15-ml-sylfos\/","url_meta":{"origin":3586,"position":0},"title":"FLOR DE UN DIA \/ FLEUR DU TIGRE SYLFOS","author":"eveapprill","date":"9 March 2025","format":false,"excerpt":"FLOR DE UN D\u00cdA \/ FLEUR DU TIGRE Tigridia pavonea R\u00e9veil du Guerrier Int\u00e9rieur, oser, courage. Aide \u00e0 sortir de son cocon pseudo-protecteur tout en se sentant fort et prot\u00e9g\u00e9.","rel":"","context":"Similar post","block_context":{"text":"Similar post","link":""},"img":{"alt_text":"","src":"","width":0,"height":0},"classes":[]},{"id":12261,"url":"https:\/\/artstella-elixirs-floraux.com\/en\/product\/8-orchidee-de-la-meditation-pleurothallis-revoluta-sylfos\/","url_meta":{"origin":3586,"position":1},"title":"08. ORCHID\u00c9E DE LA M\u00c9DITATION Pleurothallis revoluta Sylfos","author":"eveapprill","date":"13 March 2026","format":false,"excerpt":"\u00c9lixir de\u00a0silence int\u00e9rieur et de pr\u00e9sence consciente. Apaise le mental, facilite la m\u00e9ditation et ouvre la voie \u00e0 une perception spirituelle claire.","rel":"","context":"Similar post","block_context":{"text":"Similar post","link":""},"img":{"alt_text":"","src":"https:\/\/i0.wp.com\/artstella-elixirs-floraux.com\/wp-content\/uploads\/2026\/03\/08_MEDITACION-WEB-1.png?resize=350%2C200&ssl=1","width":350,"height":200},"classes":[]},{"id":6044,"url":"https:\/\/artstella-elixirs-floraux.com\/en\/product\/elixir-ocean-n08-phi-15ml\/","url_meta":{"origin":3586,"position":2},"title":"ELIXIR OCEAN N\u00b008 PHI 15ML","author":"eveapprill","date":"9 March 2025","format":false,"excerpt":"L\u2019\u00e9lixir nous aide \u00e0 rester ouverts au nouveau, \u00e0 de nouvelles situations, \u00e0 une nouvelle relation et \u00e0 pouvoir s\u2019engager. L\u2019engagement est facilit\u00e9 \u00e9nerg\u00e9tiquement mais aussi les processus de r\u00e9solution des probl\u00e8mes. Il devient possible de l\u00e2cher prise de ce qui ne nous correspond plus (\u00e9galement l\u2019information de souffrance). Nous\u2026","rel":"","context":"Similar post","block_context":{"text":"Similar post","link":""},"img":{"alt_text":"","src":"https:\/\/i0.wp.com\/artstella-elixirs-floraux.com\/wp-content\/uploads\/2025\/03\/wp-image2046.png?resize=350%2C200&ssl=1","width":350,"height":200},"classes":[]},{"id":4084,"url":"https:\/\/artstella-elixirs-floraux.com\/en\/product\/protection-15-ml-sylfos\/","url_meta":{"origin":3586,"position":3},"title":"PROTECTION 15 ML SYLFOS","author":"eveapprill","date":"9 March 2025","format":false,"excerpt":"Cet \u00e9lixir cr\u00e9e un manteau protecteur au niveau physique et psychique tout en nettoyant le champ \u00e9nerg\u00e9tique. Il favorise l\u2019ancrage et la sensation de stabilit\u00e9. Il peut \u00eatre port\u00e9 dans la poche ou sous l\u2019oreiller la nuit.","rel":"","context":"Similar post","block_context":{"text":"Similar post","link":""},"img":{"alt_text":"","src":"https:\/\/i0.wp.com\/artstella-elixirs-floraux.com\/wp-content\/uploads\/2025\/03\/c979bbc8-e117-4621-96ea-cf965f840245.jpg?resize=350%2C200&ssl=1","width":350,"height":200,"srcset":"https:\/\/i0.wp.com\/artstella-elixirs-floraux.com\/wp-content\/uploads\/2025\/03\/c979bbc8-e117-4621-96ea-cf965f840245.jpg?resize=350%2C200&ssl=1 1x, https:\/\/i0.wp.com\/artstella-elixirs-floraux.com\/wp-content\/uploads\/2025\/03\/c979bbc8-e117-4621-96ea-cf965f840245.jpg?resize=525%2C300&ssl=1 1.5x, https:\/\/i0.wp.com\/artstella-elixirs-floraux.com\/wp-content\/uploads\/2025\/03\/c979bbc8-e117-4621-96ea-cf965f840245.jpg?resize=700%2C400&ssl=1 2x"},"classes":[]},{"id":3752,"url":"https:\/\/artstella-elixirs-floraux.com\/en\/product\/power-orchid-cuba-15ml-phi\/","url_meta":{"origin":3586,"position":4},"title":"POWER ORCHID (CUBA) 15ML PHI","author":"eveapprill","date":"9 March 2025","format":false,"excerpt":"POWER ORCHID Cirrhopetalum ornatissimum\u00a0\u00ab\u00a0Orchid\u00e9e de pouvoir\u00a0\u00bb\u00a0Cette orchid\u00e9e est originaire d\u2019Asie. L\u2019\u00e9lixir\u00a0: quand dans notre vie, nous sommes arriv\u00e9s \u00e0 un point o\u00f9 nous d\u00e9sirons nous d\u00e9velopper int\u00e9rieurement.","rel":"","context":"Similar post","block_context":{"text":"Similar post","link":""},"img":{"alt_text":"","src":"","width":0,"height":0},"classes":[]},{"id":6227,"url":"https:\/\/artstella-elixirs-floraux.com\/en\/product\/elixir-ocean-n34-phi-15ml\/","url_meta":{"origin":3586,"position":5},"title":"ELIXIR OCEAN N\u00b034 PHI 15ml","author":"eveapprill","date":"9 March 2025","format":false,"excerpt":"ELIXIR OCEAN N\u00b034\u00a0 s\u2019adresse aux \u00eatres sensibles, leur apportant un sentiment de s\u00e9curit\u00e9 et une plus grande la confiance dans leur exp\u00e9rience. Il agit \u00e9galement comme une protection \u00e9nerg\u00e9tique, permettant de renforcer nos limites par rapport \u00e0 l\u2019ext\u00e9rieur. Au niveau cellulaire, l\u2019\u00e9lixir agit comme un protecteur \u00e9nerg\u00e9tique par rapport \u00e0\u2026","rel":"","context":"Similar post","block_context":{"text":"Similar post","link":""},"img":{"alt_text":"","src":"https:\/\/i0.wp.com\/artstella-elixirs-floraux.com\/wp-content\/uploads\/2025\/03\/wp-image2208.png?resize=350%2C200&ssl=1","width":350,"height":200},"classes":[]}],"_links":{"self":[{"href":"https:\/\/artstella-elixirs-floraux.com\/en\/wp-json\/wp\/v2\/product\/3586","targetHints":{"allow":["GET"]}}],"collection":[{"href":"https:\/\/artstella-elixirs-floraux.com\/en\/wp-json\/wp\/v2\/product"}],"about":[{"href":"https:\/\/artstella-elixirs-floraux.com\/en\/wp-json\/wp\/v2\/types\/product"}],"version-history":[{"count":0,"href":"https:\/\/artstella-elixirs-floraux.com\/en\/wp-json\/wp\/v2\/product\/3586\/revisions"}],"wp:featuredmedia":[{"embeddable":true,"href":"https:\/\/artstella-elixirs-floraux.com\/en\/wp-json\/wp\/v2\/media\/6864"}],"wp:attachment":[{"href":"https:\/\/artstella-elixirs-floraux.com\/en\/wp-json\/wp\/v2\/media?parent=3586"}],"wp:term":[{"taxonomy":"product_brand","embeddable":true,"href":"https:\/\/artstella-elixirs-floraux.com\/en\/wp-json\/wp\/v2\/product_brand?post=3586"},{"taxonomy":"product_cat","embeddable":true,"href":"https:\/\/artstella-elixirs-floraux.com\/en\/wp-json\/wp\/v2\/product_cat?post=3586"},{"taxonomy":"product_tag","embeddable":true,"href":"https:\/\/artstella-elixirs-floraux.com\/en\/wp-json\/wp\/v2\/product_tag?post=3586"}],"curies":[{"name":"wp","href":"https:\/\/api.w.org\/{rel}","templated":true}]}}