{"id":3594,"date":"2025-03-09T13:13:21","date_gmt":"2025-03-09T13:13:21","guid":{"rendered":"https:\/\/artstella-elixirs-floraux.com\/product\/23-heart-of-light-ltoe-15-ml\/"},"modified":"2026-05-06T16:44:56","modified_gmt":"2026-05-06T16:44:56","slug":"23-heart-of-light-ltoe-15-ml","status":"publish","type":"product","link":"https:\/\/artstella-elixirs-floraux.com\/en\/product\/23-heart-of-light-ltoe-15-ml\/","title":{"rendered":"HEART OF LIGHT LTOE 15 ML"},"content":{"rendered":"<p><strong><em>Heart of Light \/Coeur de lumi\u00e8re<br \/>\n<\/em><\/strong>Cet \u00e9lixir lib\u00e8re le corps astral de tendances d\u00e9fensives, d\u00e9velopp\u00e9es au fil du temps, et le propulse vers une conscience de l\u2019interd\u00e9pendance universelle, ressentie dans sa fluidit\u00e9 \u00e9nerg\u00e9tique. Il perce l\u2019armure \u00e9motionnelle du c\u0153ur, ouvre la poitrine et permet au chakra du c\u0153ur de reprendre contact avec l\u2019axe central de l\u2019aura. Le 12<sup>e<\/sup> chakra \u00e9veille alors la m\u00e9moire de son incarnation unique dans ce monde physique. Le 15<sup>e<\/sup> chakra s\u2019ouvre aussi \u00e0 la r\u00e9sidence de l\u2019ordre universel, l\u2019origine de la g\u00e9om\u00e9trie sacr\u00e9e.<\/p>","protected":false},"excerpt":{"rendered":"<p><span style=\"color: #008000;\">\u00a0<\/span><strong><em><span style=\"color: #008000;\">Heart of Light \/Coeur de lumi\u00e8re<\/span><br \/>\n<\/em><\/strong>opulse vers une conscience de l\u2019interd\u00e9pendance universelle, ressentie dans sa fluidit\u00e9 \u00e9nerg\u00e9tique.<\/p>","protected":false},"featured_media":9929,"template":"","meta":[],"product_brand":[],"product_cat":[95],"product_tag":[],"class_list":{"0":"post-3594","1":"product","2":"type-product","3":"status-publish","4":"has-post-thumbnail","6":"product_cat-les-elixirs-unitaires","8":"first","9":"instock","10":"taxable","11":"shipping-taxable","12":"purchasable","13":"product-type-simple"},"etheme_brands":{"errors":{"invalid_taxonomy":["Invalid taxonomy."]},"error_data":[]},"jetpack_sharing_enabled":true,"jetpack-related-posts":[{"id":3673,"url":"https:\/\/artstella-elixirs-floraux.com\/en\/product\/62-spirit-of-the-higher-heart-lto\/","url_meta":{"origin":3594,"position":0},"title":"SPIRIT OF THE HIGHER HEART LTO","author":"eveapprill","date":"9 March 2025","format":false,"excerpt":"Spirit of the Higher Heart \/ Esprit du Coeur profond : l'\u00e9lixir est fait avec la m\u00eame fleur que Healing the Higher Heart sans l'\u00e9lixir d'or. Il permet une fusion douce du chakra sup\u00e9rieur du c\u0153ur et de la chambre haute spirituelle. Son effet est plus subtil. Il favorise l'expansion\u2026","rel":"","context":"Similar post","block_context":{"text":"Similar post","link":""},"img":{"alt_text":"","src":"https:\/\/i0.wp.com\/artstella-elixirs-floraux.com\/wp-content\/uploads\/2025\/03\/f9f2d0e9-e8bb-4732-941c-162c66c9a9e7.jpg?resize=350%2C200&ssl=1","width":350,"height":200,"srcset":"https:\/\/i0.wp.com\/artstella-elixirs-floraux.com\/wp-content\/uploads\/2025\/03\/f9f2d0e9-e8bb-4732-941c-162c66c9a9e7.jpg?resize=350%2C200&ssl=1 1x, https:\/\/i0.wp.com\/artstella-elixirs-floraux.com\/wp-content\/uploads\/2025\/03\/f9f2d0e9-e8bb-4732-941c-162c66c9a9e7.jpg?resize=525%2C300&ssl=1 1.5x, https:\/\/i0.wp.com\/artstella-elixirs-floraux.com\/wp-content\/uploads\/2025\/03\/f9f2d0e9-e8bb-4732-941c-162c66c9a9e7.jpg?resize=700%2C400&ssl=1 2x"},"classes":[]},{"id":3726,"url":"https:\/\/artstella-elixirs-floraux.com\/en\/product\/temple-of-light-blue-spray\/","url_meta":{"origin":3594,"position":1},"title":"TEMPLE OF LIGHT BLUE SPRAY","author":"eveapprill","date":"9 March 2025","format":false,"excerpt":"Temple of light (Temple de lumi\u00e8re) Ce spray a \u00e9t\u00e9 cr\u00e9\u00e9 pour harmoniser un d\u00e9s\u00e9quilibre entre le point Ba-Hui qui gouverne les principaux m\u00e9ridiens d'acupuncture et la chambre int\u00e9rieure du chakra... \u00ab\u00a0bleu\u00a0\u00bb avec les huiles essentielles de rose Bulgare.","rel":"","context":"Similar post","block_context":{"text":"Similar post","link":""},"img":{"alt_text":"","src":"","width":0,"height":0},"classes":[]},{"id":3637,"url":"https:\/\/artstella-elixirs-floraux.com\/en\/product\/44-purity-of-heart-ltoe-15-ml\/","url_meta":{"origin":3594,"position":2},"title":"PURITY OF HEART LTOE 15 ML","author":"eveapprill","date":"9 March 2025","format":false,"excerpt":"Purity of Heart\/ Puret\u00e9 d\u2019\u00e2me Cet \u00e9lixir est utile quand on est stress\u00e9 par manque de temps. On peut comprendre qu\u2019il y a assez de temps pour accomplir tout ce que l\u2019on a \u00e0 faire.","rel":"","context":"Similar post","block_context":{"text":"Similar post","link":""},"img":{"alt_text":"","src":"https:\/\/i0.wp.com\/artstella-elixirs-floraux.com\/wp-content\/uploads\/2025\/03\/b3432d85-7c05-496b-825d-e3774d15e503.jpg?resize=350%2C200&ssl=1","width":350,"height":200,"srcset":"https:\/\/i0.wp.com\/artstella-elixirs-floraux.com\/wp-content\/uploads\/2025\/03\/b3432d85-7c05-496b-825d-e3774d15e503.jpg?resize=350%2C200&ssl=1 1x, https:\/\/i0.wp.com\/artstella-elixirs-floraux.com\/wp-content\/uploads\/2025\/03\/b3432d85-7c05-496b-825d-e3774d15e503.jpg?resize=525%2C300&ssl=1 1.5x, https:\/\/i0.wp.com\/artstella-elixirs-floraux.com\/wp-content\/uploads\/2025\/03\/b3432d85-7c05-496b-825d-e3774d15e503.jpg?resize=700%2C400&ssl=1 2x"},"classes":[]},{"id":3591,"url":"https:\/\/artstella-elixirs-floraux.com\/en\/product\/22-healing-the-higher-heart-lto-15-ml\/","url_meta":{"origin":3594,"position":3},"title":"Healing the Higher Heart 15 ml LTOE","author":"eveapprill","date":"9 March 2025","format":false,"excerpt":"Healing the higher Heart \/ Gu\u00e9rir le Coeur profond ( Vascostylis Roll on REd) Cette orchid\u00e9e a donn\u00e9 deux \u00e9lixirs : \"Spirit of the higher heart\" et celui-ci auquel a \u00e9t\u00e9 ajout\u00e9 un \u00e9lixir d'or de 24 carats qui en augmente","rel":"","context":"Similar post","block_context":{"text":"Similar post","link":""},"img":{"alt_text":"","src":"https:\/\/i0.wp.com\/artstella-elixirs-floraux.com\/wp-content\/uploads\/2025\/03\/a754891c-844e-4215-981b-f8ca5ffa55a9.jpg?resize=350%2C200&ssl=1","width":350,"height":200,"srcset":"https:\/\/i0.wp.com\/artstella-elixirs-floraux.com\/wp-content\/uploads\/2025\/03\/a754891c-844e-4215-981b-f8ca5ffa55a9.jpg?resize=350%2C200&ssl=1 1x, https:\/\/i0.wp.com\/artstella-elixirs-floraux.com\/wp-content\/uploads\/2025\/03\/a754891c-844e-4215-981b-f8ca5ffa55a9.jpg?resize=525%2C300&ssl=1 1.5x, https:\/\/i0.wp.com\/artstella-elixirs-floraux.com\/wp-content\/uploads\/2025\/03\/a754891c-844e-4215-981b-f8ca5ffa55a9.jpg?resize=700%2C400&ssl=1 2x"},"classes":[]},{"id":3588,"url":"https:\/\/artstella-elixirs-floraux.com\/en\/product\/hara-au-coeur-ltoe-15-ml\/","url_meta":{"origin":3594,"position":4},"title":"Hara to Heart LTOE 15 ml","author":"eveapprill","date":"9 March 2025","format":false,"excerpt":"Du hara au c\u0153ur\/Hara to Heart (Bulbophyllum lobbii - Asie du Sud-Est) Cet \u00e9lixir donne du c\u0153ur au centre, et s\u2019av\u00e8re tr\u00e8s efficace pour ceux qui h\u00e9sitent \u00e0 s\u2019incarner. Il ram\u00e8ne l\u2019\u00e9nergie au 2e chakra,","rel":"","context":"Similar post","block_context":{"text":"Similar post","link":""},"img":{"alt_text":"","src":"https:\/\/i0.wp.com\/artstella-elixirs-floraux.com\/wp-content\/uploads\/2025\/03\/495034bb-0110-4c4b-a090-0c4cb69f1a81.jpg?resize=350%2C200&ssl=1","width":350,"height":200,"srcset":"https:\/\/i0.wp.com\/artstella-elixirs-floraux.com\/wp-content\/uploads\/2025\/03\/495034bb-0110-4c4b-a090-0c4cb69f1a81.jpg?resize=350%2C200&ssl=1 1x, https:\/\/i0.wp.com\/artstella-elixirs-floraux.com\/wp-content\/uploads\/2025\/03\/495034bb-0110-4c4b-a090-0c4cb69f1a81.jpg?resize=525%2C300&ssl=1 1.5x, https:\/\/i0.wp.com\/artstella-elixirs-floraux.com\/wp-content\/uploads\/2025\/03\/495034bb-0110-4c4b-a090-0c4cb69f1a81.jpg?resize=700%2C400&ssl=1 2x"},"classes":[]},{"id":3798,"url":"https:\/\/artstella-elixirs-floraux.com\/en\/product\/heart-orchid-phi\/","url_meta":{"origin":3594,"position":5},"title":"HEART ORCHID PHI","author":"eveapprill","date":"9 March 2025","format":false,"excerpt":"Heart orchid (Laeliocattleya hybride) Cet \u00e9lixir \u00e9quilibre les \u00e9nergies au niveau du plexus solaire et les qualit\u00e9s du c\u0153ur. Il soutient et harmonise le chakra du c\u0153ur.","rel":"","context":"Similar post","block_context":{"text":"Similar post","link":""},"img":{"alt_text":"","src":"https:\/\/i0.wp.com\/artstella-elixirs-floraux.com\/wp-content\/uploads\/2025\/03\/wp-image510.png?resize=350%2C200&ssl=1","width":350,"height":200},"classes":[]}],"_links":{"self":[{"href":"https:\/\/artstella-elixirs-floraux.com\/en\/wp-json\/wp\/v2\/product\/3594","targetHints":{"allow":["GET"]}}],"collection":[{"href":"https:\/\/artstella-elixirs-floraux.com\/en\/wp-json\/wp\/v2\/product"}],"about":[{"href":"https:\/\/artstella-elixirs-floraux.com\/en\/wp-json\/wp\/v2\/types\/product"}],"version-history":[{"count":1,"href":"https:\/\/artstella-elixirs-floraux.com\/en\/wp-json\/wp\/v2\/product\/3594\/revisions"}],"predecessor-version":[{"id":12624,"href":"https:\/\/artstella-elixirs-floraux.com\/en\/wp-json\/wp\/v2\/product\/3594\/revisions\/12624"}],"wp:featuredmedia":[{"embeddable":true,"href":"https:\/\/artstella-elixirs-floraux.com\/en\/wp-json\/wp\/v2\/media\/9929"}],"wp:attachment":[{"href":"https:\/\/artstella-elixirs-floraux.com\/en\/wp-json\/wp\/v2\/media?parent=3594"}],"wp:term":[{"taxonomy":"product_brand","embeddable":true,"href":"https:\/\/artstella-elixirs-floraux.com\/en\/wp-json\/wp\/v2\/product_brand?post=3594"},{"taxonomy":"product_cat","embeddable":true,"href":"https:\/\/artstella-elixirs-floraux.com\/en\/wp-json\/wp\/v2\/product_cat?post=3594"},{"taxonomy":"product_tag","embeddable":true,"href":"https:\/\/artstella-elixirs-floraux.com\/en\/wp-json\/wp\/v2\/product_tag?post=3594"}],"curies":[{"name":"wp","href":"https:\/\/api.w.org\/{rel}","templated":true}]}}