{"id":3633,"date":"2025-03-09T13:13:57","date_gmt":"2025-03-09T13:13:57","guid":{"rendered":"https:\/\/artstella-elixirs-floraux.com\/product\/42-positive-outcome-ltoe-15-ml\/"},"modified":"2026-05-06T16:27:42","modified_gmt":"2026-05-06T16:27:42","slug":"42-positive-outcome-ltoe-15-ml","status":"publish","type":"product","link":"https:\/\/artstella-elixirs-floraux.com\/en\/product\/42-positive-outcome-ltoe-15-ml\/","title":{"rendered":"POSITIVE OUTCOME LTOE 15 ML"},"content":{"rendered":"<p><strong><em><span style=\"color: #008000;\">Positive Outcome\/ Issue positive<\/span><br \/>\n<\/em><\/strong>Cet \u00e9lixir aide \u00e0 garder un optimisme \u00e0 toute \u00e9preuve et fournit une endurance remarquable. Avec lui, le but d\u2019un projet n\u2019est jamais perdu de vue. Il propulse vers l\u2019avant, tel un perchiste qui se voit d\u00e9j\u00e0 d\u00e9passer la barre avant m\u00eame de poser son premier pas, et montre comment rester positif et fid\u00e8le \u00e0 son r\u00eave.<\/p>","protected":false},"excerpt":{"rendered":"<p><strong><em><span style=\"color: #008000;\">Positive Outcome\/ Issue positive<\/span><br \/>\n<\/em><\/strong>Cet \u00e9lixir aide \u00e0 garder un optimisme \u00e0 toute \u00e9preuve et fournit une endurance remarquable.<\/p>","protected":false},"featured_media":7628,"template":"","meta":[],"product_brand":[],"product_cat":[95],"product_tag":[],"class_list":{"0":"post-3633","1":"product","2":"type-product","3":"status-publish","4":"has-post-thumbnail","6":"product_cat-les-elixirs-unitaires","8":"first","9":"instock","10":"taxable","11":"shipping-taxable","12":"purchasable","13":"product-type-simple"},"etheme_brands":{"errors":{"invalid_taxonomy":["Invalid taxonomy."]},"error_data":[]},"jetpack_sharing_enabled":true,"jetpack-related-posts":[{"id":3509,"url":"https:\/\/artstella-elixirs-floraux.com\/en\/product\/positive-flow-lto-15-ml\/","url_meta":{"origin":3633,"position":0},"title":"POSITIVE FLOW LTO 15 ML","author":"eveapprill","date":"9 March 2025","format":false,"excerpt":"Positive flow \/ Flux positif : Est compos\u00e9 de \"Pushing back the Nigth\" et de \"Positive Outcome\", pour favoriser l'abondance. Ce compos\u00e9 a une forte action sur le plexus solaire de m\u00eame que le centre \"ajana\" entre les sourcils et soutient un sentiment de \"je peux le faire","rel":"","context":"Similar post","block_context":{"text":"Similar post","link":""},"img":{"alt_text":"","src":"https:\/\/i0.wp.com\/artstella-elixirs-floraux.com\/wp-content\/uploads\/2025\/03\/dd7269bb-4eec-4fbd-b957-0f46453cd529.jpg?resize=350%2C200&ssl=1","width":350,"height":200,"srcset":"https:\/\/i0.wp.com\/artstella-elixirs-floraux.com\/wp-content\/uploads\/2025\/03\/dd7269bb-4eec-4fbd-b957-0f46453cd529.jpg?resize=350%2C200&ssl=1 1x, https:\/\/i0.wp.com\/artstella-elixirs-floraux.com\/wp-content\/uploads\/2025\/03\/dd7269bb-4eec-4fbd-b957-0f46453cd529.jpg?resize=525%2C300&ssl=1 1.5x, https:\/\/i0.wp.com\/artstella-elixirs-floraux.com\/wp-content\/uploads\/2025\/03\/dd7269bb-4eec-4fbd-b957-0f46453cd529.jpg?resize=700%2C400&ssl=1 2x"},"classes":[]},{"id":5183,"url":"https:\/\/artstella-elixirs-floraux.com\/en\/product\/positive-flow-bleu\/","url_meta":{"origin":3633,"position":1},"title":"POSITIVE FLOW SPRAY","author":"eveapprill","date":"9 March 2025","format":false,"excerpt":"Positive Flow (Flux positif) Est compos\u00e9 de \"Pushing back the Nigth\" et de \"Positive Outcome\", pour favoriser l'abondance. Cette combinaison a une forte action sur le plexus solaire de m\u00eame que le centre \"ajana\" entre les sourcils et soutient un sentiment de \"je peux le faire\". \"Bleu\" avec Cardamone, Gen\u00e9vrier,\u2026","rel":"","context":"Similar post","block_context":{"text":"Similar post","link":""},"img":{"alt_text":"","src":"","width":0,"height":0},"classes":[]},{"id":3505,"url":"https:\/\/artstella-elixirs-floraux.com\/en\/product\/memory-enhancer-15-ml-ltoe\/","url_meta":{"origin":3633,"position":2},"title":"MEMORY ENHANCER 15 ML LTOE","author":"eveapprill","date":"9 March 2025","format":false,"excerpt":"Memory enhancer \/M\u00e9moire (Liberation\/deception, Moon Child, Positive outcome, Serene overview) Ces quatre \u00e9lixirs ont chacun un effet qui \u00e9claircit les processus du mental et am\u00e9liore les capacit\u00e9s m\u00e9morielles.","rel":"","context":"Similar post","block_context":{"text":"Similar post","link":""},"img":{"alt_text":"","src":"https:\/\/i0.wp.com\/artstella-elixirs-floraux.com\/wp-content\/uploads\/2025\/03\/6f562d30-1a12-4d19-8bbb-1d51a2239783.jpg?resize=350%2C200&ssl=1","width":350,"height":200,"srcset":"https:\/\/i0.wp.com\/artstella-elixirs-floraux.com\/wp-content\/uploads\/2025\/03\/6f562d30-1a12-4d19-8bbb-1d51a2239783.jpg?resize=350%2C200&ssl=1 1x, https:\/\/i0.wp.com\/artstella-elixirs-floraux.com\/wp-content\/uploads\/2025\/03\/6f562d30-1a12-4d19-8bbb-1d51a2239783.jpg?resize=525%2C300&ssl=1 1.5x, https:\/\/i0.wp.com\/artstella-elixirs-floraux.com\/wp-content\/uploads\/2025\/03\/6f562d30-1a12-4d19-8bbb-1d51a2239783.jpg?resize=700%2C400&ssl=1 2x"},"classes":[]},{"id":3679,"url":"https:\/\/artstella-elixirs-floraux.com\/en\/product\/66-unicorn-ltoe-15-ml\/","url_meta":{"origin":3633,"position":3},"title":"UNICORN LTOE 15 ML","author":"eveapprill","date":"9 March 2025","format":false,"excerpt":"Unicorn \/ Licorne : ouvre le point Da-zhui sur la 7e vert\u00e8bre afin de purifier les canaux \u00e9nerg\u00e9tiques de la t\u00eate jusqu\u2019au cerveau. Il apporte une confiance et un optimisme in\u00e9branlables, et aide \u00e0 faire face, sans agressivit\u00e9, aux menaces ext\u00e9rieures.","rel":"","context":"Similar post","block_context":{"text":"Similar post","link":""},"img":{"alt_text":"","src":"https:\/\/i0.wp.com\/artstella-elixirs-floraux.com\/wp-content\/uploads\/2025\/03\/02f90cca-9960-4bd7-8a7b-cb86042dc8dc.jpg?resize=350%2C200&ssl=1","width":350,"height":200,"srcset":"https:\/\/i0.wp.com\/artstella-elixirs-floraux.com\/wp-content\/uploads\/2025\/03\/02f90cca-9960-4bd7-8a7b-cb86042dc8dc.jpg?resize=350%2C200&ssl=1 1x, https:\/\/i0.wp.com\/artstella-elixirs-floraux.com\/wp-content\/uploads\/2025\/03\/02f90cca-9960-4bd7-8a7b-cb86042dc8dc.jpg?resize=525%2C300&ssl=1 1.5x, https:\/\/i0.wp.com\/artstella-elixirs-floraux.com\/wp-content\/uploads\/2025\/03\/02f90cca-9960-4bd7-8a7b-cb86042dc8dc.jpg?resize=700%2C400&ssl=1 2x"},"classes":[]},{"id":4929,"url":"https:\/\/artstella-elixirs-floraux.com\/en\/product\/goatsbeard-alas-f-sup\/","url_meta":{"origin":3633,"position":4},"title":"GOATSBEARD ALAS F SUP","author":"eveapprill","date":"9 March 2025","format":false,"excerpt":"Goatsbeard Barbe de bouc Pour trouver joie et optimisme ; Aide \u00e0 cr\u00e9er et manifester une r\u00e9alit\u00e9 positive ; aide \u00e0 d\u00e9charger l\u2019\u00e9nergie mentale en l\u2019ancrant et en la manifestant dans notre corps physique ; revitalise.","rel":"","context":"Similar post","block_context":{"text":"Similar post","link":""},"img":{"alt_text":"","src":"https:\/\/i0.wp.com\/artstella-elixirs-floraux.com\/wp-content\/uploads\/2025\/03\/wp-image1387.png?resize=350%2C200&ssl=1","width":350,"height":200},"classes":[]},{"id":2418,"url":"https:\/\/artstella-elixirs-floraux.com\/en\/product\/augustine-volcano\/","url_meta":{"origin":3633,"position":5},"title":"AUGUSTINE VOLCANO &#8211; Volcan Augustine","author":"eveapprill","date":"9 March 2025","format":false,"excerpt":"AUGUSTINE VOLCANO - Volcan Augustine L\u2019\u00e9lixir nous aide \u00e0 lib\u00e9rer de fa\u00e7on positive nos \u00e9nergies bloqu\u00e9es ainsi que nos \u00e9motions non exprim\u00e9es.\u00a0 Il peut nous aider \u00e0 prendre contact avec ce qui n\u2019est pas encore r\u00e9solu en nous afin de l\u2019exprimer. La principale le\u00e7on de cette essence est de consid\u00e9rer\u2026","rel":"","context":"Similar post","block_context":{"text":"Similar post","link":""},"img":{"alt_text":"","src":"https:\/\/i0.wp.com\/artstella-elixirs-floraux.com\/wp-content\/uploads\/2025\/03\/Augustine_Volcano_1024x1024.jpg?resize=350%2C200&ssl=1","width":350,"height":200},"classes":[]}],"_links":{"self":[{"href":"https:\/\/artstella-elixirs-floraux.com\/en\/wp-json\/wp\/v2\/product\/3633","targetHints":{"allow":["GET"]}}],"collection":[{"href":"https:\/\/artstella-elixirs-floraux.com\/en\/wp-json\/wp\/v2\/product"}],"about":[{"href":"https:\/\/artstella-elixirs-floraux.com\/en\/wp-json\/wp\/v2\/types\/product"}],"version-history":[{"count":1,"href":"https:\/\/artstella-elixirs-floraux.com\/en\/wp-json\/wp\/v2\/product\/3633\/revisions"}],"predecessor-version":[{"id":12603,"href":"https:\/\/artstella-elixirs-floraux.com\/en\/wp-json\/wp\/v2\/product\/3633\/revisions\/12603"}],"wp:featuredmedia":[{"embeddable":true,"href":"https:\/\/artstella-elixirs-floraux.com\/en\/wp-json\/wp\/v2\/media\/7628"}],"wp:attachment":[{"href":"https:\/\/artstella-elixirs-floraux.com\/en\/wp-json\/wp\/v2\/media?parent=3633"}],"wp:term":[{"taxonomy":"product_brand","embeddable":true,"href":"https:\/\/artstella-elixirs-floraux.com\/en\/wp-json\/wp\/v2\/product_brand?post=3633"},{"taxonomy":"product_cat","embeddable":true,"href":"https:\/\/artstella-elixirs-floraux.com\/en\/wp-json\/wp\/v2\/product_cat?post=3633"},{"taxonomy":"product_tag","embeddable":true,"href":"https:\/\/artstella-elixirs-floraux.com\/en\/wp-json\/wp\/v2\/product_tag?post=3633"}],"curies":[{"name":"wp","href":"https:\/\/api.w.org\/{rel}","templated":true}]}}