{"id":3644,"date":"2025-03-09T13:14:04","date_gmt":"2025-03-09T13:14:04","guid":{"rendered":"https:\/\/artstella-elixirs-floraux.com\/product\/47-redemption-dream-lto-15-ml\/"},"modified":"2026-05-06T16:24:31","modified_gmt":"2026-05-06T16:24:31","slug":"47-redemption-dream-lto-15-ml","status":"publish","type":"product","link":"https:\/\/artstella-elixirs-floraux.com\/en\/product\/47-redemption-dream-lto-15-ml\/","title":{"rendered":"REDEMPTION DREAM LTO 15 ML"},"content":{"rendered":"<p><strong><em><span style=\"color: #008000;\">Redemption dream \/ R\u00eave de r\u00e9demption :<\/span> <\/em><\/strong><\/p>\n<p>Nous aide \u00e0 entrer en contact avec des couches profondes de culpabilit\u00e9 ou de honte, permettant \u00e0 la conscience de les r\u00e9soudre, consciemment ou inconsciemment. Les blocages du c\u0153ur cr\u00e9\u00e9s par la honte ou la culpabilit\u00e9 sont des obstacles majeurs sur notre chemin spirituel, en ce qu&rsquo;ils bloquent notre capacit\u00e9 \u00e0 aimer inconditionnellement. Cet \u00e9lixir nous aide \u00e0 lever ces obstacles et plus sp\u00e9cialement par les r\u00eaves, les vivifiant et nous aidant \u00e0 les int\u00e9grer.<\/p>","protected":false},"excerpt":{"rendered":"<p><span style=\"color: #008000;\"><strong><em>Redemption dream \/ R\u00eave de r\u00e9demption :<\/em><\/strong><\/span><\/p>\n<p>Nous aide \u00e0 entrer en contact avec des couches profondes de culpabilit\u00e9 ou de honte, permettant \u00e0 la conscience de les r\u00e9soudre, consciemment ou inconsciemment.<\/p>","protected":false},"featured_media":7633,"template":"","meta":[],"product_brand":[],"product_cat":[95],"product_tag":[],"class_list":{"0":"post-3644","1":"product","2":"type-product","3":"status-publish","4":"has-post-thumbnail","6":"product_cat-les-elixirs-unitaires","8":"first","9":"instock","10":"taxable","11":"shipping-taxable","12":"purchasable","13":"product-type-simple"},"etheme_brands":{"errors":{"invalid_taxonomy":["Invalid taxonomy."]},"error_data":[]},"jetpack_sharing_enabled":true,"jetpack-related-posts":[{"id":3298,"url":"https:\/\/artstella-elixirs-floraux.com\/en\/product\/pin-canarien-15-ml-phi\/","url_meta":{"origin":3644,"position":0},"title":"PIN CANARIEN 15 ML PHI","author":"eveapprill","date":"9 March 2025","format":false,"excerpt":"Pin canarien (Pinus canariensis) (Kanarische Kiefer) Aide \u00e0 lib\u00e9rer les sentiments de profonde culpabilit\u00e9 et de honte. Nous prot\u00e8ge des projections n\u00e9gatives des autres et nous permet de \u00ab\u00a0respirer\u00a0\u00bb.","rel":"","context":"Similar post","block_context":{"text":"Similar post","link":""},"img":{"alt_text":"","src":"","width":0,"height":0},"classes":[]},{"id":6038,"url":"https:\/\/artstella-elixirs-floraux.com\/en\/product\/elixir-ocean-n05-phi15ml\/","url_meta":{"origin":3644,"position":1},"title":"ELIXIR OCEAN N\u00b005 PHI15ML","author":"eveapprill","date":"9 March 2025","format":false,"excerpt":"La honte et la culpabilit\u00e9 profond\u00e9ment ancr\u00e9es dans le subconscient peuvent se dissoudre. Action \u00e9nerg\u00e9tique sur le 2\u00e8me chakra, les reins et les organes sexuels.","rel":"","context":"Similar post","block_context":{"text":"Similar post","link":""},"img":{"alt_text":"","src":"https:\/\/i0.wp.com\/artstella-elixirs-floraux.com\/wp-content\/uploads\/2025\/03\/wp-image2043.png?resize=350%2C200&ssl=1","width":350,"height":200},"classes":[]},{"id":6223,"url":"https:\/\/artstella-elixirs-floraux.com\/en\/product\/elixir-ocean-n32\/","url_meta":{"origin":3644,"position":2},"title":"ELIXIR OCEAN N\u00b032","author":"eveapprill","date":"9 March 2025","format":false,"excerpt":"ELIXIR OCEAN N\u00b032\u00a0 nous relie avec les profondeurs de l\u2019inconscient. Les sentiments tels la honte, la peur ou la timidit\u00e9 peuvent devenir conscients et ainsi \u00eatre transform\u00e9s avec amour. Am\u00e9liore la conscience de soi permettant se d\u00e9passer de limitations int\u00e9rieures. Pour gagner de la confiance en soi.","rel":"","context":"Similar post","block_context":{"text":"Similar post","link":""},"img":{"alt_text":"","src":"https:\/\/i0.wp.com\/artstella-elixirs-floraux.com\/wp-content\/uploads\/2025\/03\/wp-image2206.png?resize=350%2C200&ssl=1","width":350,"height":200},"classes":[]},{"id":5100,"url":"https:\/\/artstella-elixirs-floraux.com\/en\/product\/rose-smoky-quartz-gems-rech-7-5ml\/","url_meta":{"origin":3644,"position":3},"title":"ROSE SMOKY QUARTZ GEMS RECH 7.5ML","author":"eveapprill","date":"9 March 2025","format":false,"excerpt":"Rose\/Smoky Quartz \u2013 Quartz rose-quartz fume Indication\u00a0: honte\u00a0; sentiments de culpabilit\u00e9\u00a0; difficult\u00e9s \u00e0 accepter des actions pass\u00e9es et leurs cons\u00e9quences\u00a0; connexion faible entre le chakra du c\u0153ur et la Terre.","rel":"","context":"Similar post","block_context":{"text":"Similar post","link":""},"img":{"alt_text":"","src":"https:\/\/i0.wp.com\/artstella-elixirs-floraux.com\/wp-content\/uploads\/2025\/03\/wp-image1416.png?resize=350%2C200&ssl=1","width":350,"height":200},"classes":[]},{"id":3422,"url":"https:\/\/artstella-elixirs-floraux.com\/en\/product\/nonette-voilee-champ-15-ml-phi\/","url_meta":{"origin":3644,"position":4},"title":"NONETTE VOILEE CHAMP 15 ML PHI","author":"eveapprill","date":"9 March 2025","format":false,"excerpt":"Nonette voil\u00e9e (Suillus luteus) (Butterr\u00f6hrling) Favorise la prise de conscience des causes profondes des sentiments de culpabilit\u00e9 et de honte. Son action lib\u00e8re les blocages qui proviennent des sentiments n\u00e9gatifs.","rel":"","context":"Similar post","block_context":{"text":"Similar post","link":""},"img":{"alt_text":"","src":"https:\/\/i0.wp.com\/artstella-elixirs-floraux.com\/wp-content\/uploads\/2025\/03\/wp-image314.png?resize=350%2C200&ssl=1","width":350,"height":200},"classes":[]},{"id":2182,"url":"https:\/\/artstella-elixirs-floraux.com\/en\/product\/hairy-buttertwort-alaskan\/","url_meta":{"origin":3644,"position":5},"title":"Hairy buttertwort Alaskan","author":"eveapprill","date":"9 March 2025","format":false,"excerpt":"Hairy buttertwort. Pinguicula villosa Incapacit\u00e9 \u00e0 reconna\u00eetre ou \u00e0 faire confiance \u00e0 la guidance int\u00e9rieure, plus sp\u00e9cialement dans les moments de d\u00e9fi ou de le\u00e7ons de vie ; manque de conscience du probl\u00e8me cl\u00e9 qui permet de r\u00e9soudre une situation.","rel":"","context":"Similar post","block_context":{"text":"Similar post","link":""},"img":{"alt_text":"","src":"https:\/\/i0.wp.com\/artstella-elixirs-floraux.com\/wp-content\/uploads\/2025\/03\/wp-image541.png?resize=350%2C200&ssl=1","width":350,"height":200},"classes":[]}],"_links":{"self":[{"href":"https:\/\/artstella-elixirs-floraux.com\/en\/wp-json\/wp\/v2\/product\/3644","targetHints":{"allow":["GET"]}}],"collection":[{"href":"https:\/\/artstella-elixirs-floraux.com\/en\/wp-json\/wp\/v2\/product"}],"about":[{"href":"https:\/\/artstella-elixirs-floraux.com\/en\/wp-json\/wp\/v2\/types\/product"}],"version-history":[{"count":1,"href":"https:\/\/artstella-elixirs-floraux.com\/en\/wp-json\/wp\/v2\/product\/3644\/revisions"}],"predecessor-version":[{"id":12598,"href":"https:\/\/artstella-elixirs-floraux.com\/en\/wp-json\/wp\/v2\/product\/3644\/revisions\/12598"}],"wp:featuredmedia":[{"embeddable":true,"href":"https:\/\/artstella-elixirs-floraux.com\/en\/wp-json\/wp\/v2\/media\/7633"}],"wp:attachment":[{"href":"https:\/\/artstella-elixirs-floraux.com\/en\/wp-json\/wp\/v2\/media?parent=3644"}],"wp:term":[{"taxonomy":"product_brand","embeddable":true,"href":"https:\/\/artstella-elixirs-floraux.com\/en\/wp-json\/wp\/v2\/product_brand?post=3644"},{"taxonomy":"product_cat","embeddable":true,"href":"https:\/\/artstella-elixirs-floraux.com\/en\/wp-json\/wp\/v2\/product_cat?post=3644"},{"taxonomy":"product_tag","embeddable":true,"href":"https:\/\/artstella-elixirs-floraux.com\/en\/wp-json\/wp\/v2\/product_tag?post=3644"}],"curies":[{"name":"wp","href":"https:\/\/api.w.org\/{rel}","templated":true}]}}