{"id":3649,"date":"2025-03-09T13:14:07","date_gmt":"2025-03-09T13:14:07","guid":{"rendered":"https:\/\/artstella-elixirs-floraux.com\/product\/49-renewing-life-ltoe-15-ml\/"},"modified":"2026-05-06T16:23:23","modified_gmt":"2026-05-06T16:23:23","slug":"49-renewing-life-ltoe-15-ml","status":"publish","type":"product","link":"https:\/\/artstella-elixirs-floraux.com\/en\/product\/49-renewing-life-ltoe-15-ml\/","title":{"rendered":"RENEWING LIFE LTOE 15 ML"},"content":{"rendered":"<p><span style=\"color: #008000;\"><strong><em>Renewing Life \/ Redonner vie :<\/em><\/strong><\/span><\/p>\n<p>Subtil et profond, il agit doucement \u00e0 plusieurs niveaux : lib\u00e9rant, au niveau cellulaire, des anciens reliquats \u00e9nerg\u00e9tiques n\u00e9gatifs; agissant sur le chakra de base, qui r\u00e9git le mod\u00e8le cellulaire, ainsi que le 8<sup>e<\/sup> chakra, le 10<sup>e<\/sup> chakra (source de lumi\u00e8re blanche) et le 12<sup>e<\/sup> chakra (unit\u00e9 de l\u2019univers). Ajout\u00e9 aux pommades, il s\u2019av\u00e8re tr\u00e8s utile.<\/p>","protected":false},"excerpt":{"rendered":"<p><span style=\"color: #008000;\"><strong><em>Renewing Life \/ Redonner vie :<\/em><\/strong><\/span><\/p>\n<p>Subtil et profond, il agit doucement \u00e0 plusieurs niveaux : lib\u00e9rant, au niveau cellulaire, des anciens reliquats \u00e9nerg\u00e9tiques n\u00e9gatifs;<\/p>","protected":false},"featured_media":7618,"template":"","meta":[],"product_brand":[],"product_cat":[95],"product_tag":[],"class_list":{"0":"post-3649","1":"product","2":"type-product","3":"status-publish","4":"has-post-thumbnail","6":"product_cat-les-elixirs-unitaires","8":"first","9":"instock","10":"taxable","11":"shipping-taxable","12":"purchasable","13":"product-type-simple"},"etheme_brands":{"errors":{"invalid_taxonomy":["Invalid taxonomy."]},"error_data":[]},"jetpack_sharing_enabled":true,"jetpack-related-posts":[{"id":6034,"url":"https:\/\/artstella-elixirs-floraux.com\/en\/product\/elixir-ocean-n03-phi15ml\/","url_meta":{"origin":3649,"position":0},"title":"ELIXIR OCEAN N\u00b003 PHI15ML","author":"eveapprill","date":"9 March 2025","format":false,"excerpt":"De la m\u00eame fa\u00e7on que l\u2019animal monte des profondeurs, l\u2019\u00e9lixir fait remonter l\u2019information des profondeurs de l\u2019inconscient \u00e0 la surface. L\u2019ancien peut \u00eatre l\u00e2ch\u00e9 et nettoy\u00e9. Il agit \u00e9nerg\u00e9tiquement sur la r\u00e9g\u00e9n\u00e9ration cellulaire. Le vieux peut \u00eatre remplac\u00e9 par du nouveau. Rajeunit \u00e9nerg\u00e9tique. Il stimule le m\u00e9tabolisme \u00e9galement des plaquettes\u2026","rel":"","context":"Similar post","block_context":{"text":"Similar post","link":""},"img":{"alt_text":"","src":"https:\/\/i0.wp.com\/artstella-elixirs-floraux.com\/wp-content\/uploads\/2025\/03\/wp-image2041.png?resize=350%2C200&ssl=1","width":350,"height":200},"classes":[]},{"id":6304,"url":"https:\/\/artstella-elixirs-floraux.com\/en\/product\/coming-home-15-ml-ltoe\/","url_meta":{"origin":3649,"position":1},"title":"COMING HOME 15 ml LTOE","author":"eveapprill","date":"9 March 2025","format":false,"excerpt":"Coming Home \/ Rentrer chez soi \u00a0(Compos\u00e9 : Behold the Silence, Boundless Peace, Mercutio, Purity of Heart, renewing Life, Unconditionnal Snuggles) Apaisant, relaxant et enracinant. Apporte de l\u2019\u00e9nergie dans les chakras inf\u00e9rieurs (1er, 2\u00e8me , 3\u00e8me) de m\u00eame qu\u2019au chakra du c\u0153ur, apportant une l\u00e9g\u00e8ret\u00e9 de l\u2019\u00eatre.","rel":"","context":"Similar post","block_context":{"text":"Similar post","link":""},"img":{"alt_text":"","src":"https:\/\/i0.wp.com\/artstella-elixirs-floraux.com\/wp-content\/uploads\/2025\/03\/873ab185-7c2b-45dd-ad29-abfd6728c3f8.jpg?resize=350%2C200&ssl=1","width":350,"height":200,"srcset":"https:\/\/i0.wp.com\/artstella-elixirs-floraux.com\/wp-content\/uploads\/2025\/03\/873ab185-7c2b-45dd-ad29-abfd6728c3f8.jpg?resize=350%2C200&ssl=1 1x, https:\/\/i0.wp.com\/artstella-elixirs-floraux.com\/wp-content\/uploads\/2025\/03\/873ab185-7c2b-45dd-ad29-abfd6728c3f8.jpg?resize=525%2C300&ssl=1 1.5x, https:\/\/i0.wp.com\/artstella-elixirs-floraux.com\/wp-content\/uploads\/2025\/03\/873ab185-7c2b-45dd-ad29-abfd6728c3f8.jpg?resize=700%2C400&ssl=1 2x"},"classes":[]},{"id":6078,"url":"https:\/\/artstella-elixirs-floraux.com\/en\/product\/centre-renewal-ltoe-15ml\/","url_meta":{"origin":3649,"position":2},"title":"Centre Renewal LTOE 15ML","author":"eveapprill","date":"9 March 2025","format":false,"excerpt":"Centre Renewal - Bulbophyllum carunculatum \u2013 Renouveau du centre. Le renouveau de la danse de la vie, le mouvement de la joie int\u00e9rieure. L\u2019\u00e9lixir agit \u00e0 plusieurs niveaux\u00a0: \u00e9nerg\u00e9tiquement il soutient les processus de digestion.","rel":"","context":"Similar post","block_context":{"text":"Similar post","link":""},"img":{"alt_text":"","src":"","width":0,"height":0},"classes":[]},{"id":6040,"url":"https:\/\/artstella-elixirs-floraux.com\/en\/product\/elixir-ocean-n06-phi15ml\/","url_meta":{"origin":3649,"position":3},"title":"ELIXIR OCEAN N\u00b006 PHI15ML","author":"eveapprill","date":"9 March 2025","format":false,"excerpt":"L\u2019\u00e9lixir r\u00e9tablit l\u2019harmonie et renforce. Il favorise le renouveau \u00e9nerg\u00e9tiquement et la division cellulaire. Favorable au traitement post op\u00e9ratoire en combinaison avec le HLT.","rel":"","context":"Similar post","block_context":{"text":"Similar post","link":""},"img":{"alt_text":"","src":"https:\/\/i0.wp.com\/artstella-elixirs-floraux.com\/wp-content\/uploads\/2025\/03\/wp-image2044.png?resize=350%2C200&ssl=1","width":350,"height":200},"classes":[]},{"id":3523,"url":"https:\/\/artstella-elixirs-floraux.com\/en\/product\/spirit-of-life-15-ml-lto\/","url_meta":{"origin":3649,"position":4},"title":"SPIRIT OF LIFE 15 ML LTO","author":"eveapprill","date":"9 March 2025","format":false,"excerpt":"Spirit of life \/ Esprit de vie: contient Furnace of Life et Fire of Life. Cette pr\u00e9paration permet de lever les blocages au niveau des sch\u00e9mas ancestraux et \"tribaux\" contenus dans le premier et le deuxi\u00e8me chakra, permettant se centrer par rapport \u00e0 soi-m\u00eame.","rel":"","context":"Similar post","block_context":{"text":"Similar post","link":""},"img":{"alt_text":"","src":"https:\/\/i0.wp.com\/artstella-elixirs-floraux.com\/wp-content\/uploads\/2025\/03\/775f61b9-dca1-46e8-b2b1-240a49b4b68c.jpg?resize=350%2C200&ssl=1","width":350,"height":200,"srcset":"https:\/\/i0.wp.com\/artstella-elixirs-floraux.com\/wp-content\/uploads\/2025\/03\/775f61b9-dca1-46e8-b2b1-240a49b4b68c.jpg?resize=350%2C200&ssl=1 1x, https:\/\/i0.wp.com\/artstella-elixirs-floraux.com\/wp-content\/uploads\/2025\/03\/775f61b9-dca1-46e8-b2b1-240a49b4b68c.jpg?resize=525%2C300&ssl=1 1.5x, https:\/\/i0.wp.com\/artstella-elixirs-floraux.com\/wp-content\/uploads\/2025\/03\/775f61b9-dca1-46e8-b2b1-240a49b4b68c.jpg?resize=700%2C400&ssl=1 2x"},"classes":[]},{"id":6257,"url":"https:\/\/artstella-elixirs-floraux.com\/en\/product\/elixir-ocean-n39-phi\/","url_meta":{"origin":3649,"position":5},"title":"ELIXIR OCEAN N\u00b039 PHI","author":"eveapprill","date":"9 March 2025","format":false,"excerpt":"Cet \u00e9lixir agit \u00e9nerg\u00e9tiquement sur le 2\u00e8me chakra.\u00a0 L\u2019information de lumi\u00e8re agit \u00e9nerg\u00e9tiquement en purifiant et en r\u00e9g\u00e9n\u00e9rant l\u2019information de nos organes. Il r\u00e9active consciemment les points faibles du syst\u00e8me. Le r\u00e9seau cellulaire est revitalis\u00e9 tel un rajeunissement de l\u2019int\u00e9rieur;","rel":"","context":"Similar post","block_context":{"text":"Similar post","link":""},"img":{"alt_text":"","src":"https:\/\/i0.wp.com\/artstella-elixirs-floraux.com\/wp-content\/uploads\/2025\/03\/wp-image2219.png?resize=350%2C200&ssl=1","width":350,"height":200},"classes":[]}],"_links":{"self":[{"href":"https:\/\/artstella-elixirs-floraux.com\/en\/wp-json\/wp\/v2\/product\/3649","targetHints":{"allow":["GET"]}}],"collection":[{"href":"https:\/\/artstella-elixirs-floraux.com\/en\/wp-json\/wp\/v2\/product"}],"about":[{"href":"https:\/\/artstella-elixirs-floraux.com\/en\/wp-json\/wp\/v2\/types\/product"}],"version-history":[{"count":1,"href":"https:\/\/artstella-elixirs-floraux.com\/en\/wp-json\/wp\/v2\/product\/3649\/revisions"}],"predecessor-version":[{"id":12596,"href":"https:\/\/artstella-elixirs-floraux.com\/en\/wp-json\/wp\/v2\/product\/3649\/revisions\/12596"}],"wp:featuredmedia":[{"embeddable":true,"href":"https:\/\/artstella-elixirs-floraux.com\/en\/wp-json\/wp\/v2\/media\/7618"}],"wp:attachment":[{"href":"https:\/\/artstella-elixirs-floraux.com\/en\/wp-json\/wp\/v2\/media?parent=3649"}],"wp:term":[{"taxonomy":"product_brand","embeddable":true,"href":"https:\/\/artstella-elixirs-floraux.com\/en\/wp-json\/wp\/v2\/product_brand?post=3649"},{"taxonomy":"product_cat","embeddable":true,"href":"https:\/\/artstella-elixirs-floraux.com\/en\/wp-json\/wp\/v2\/product_cat?post=3649"},{"taxonomy":"product_tag","embeddable":true,"href":"https:\/\/artstella-elixirs-floraux.com\/en\/wp-json\/wp\/v2\/product_tag?post=3649"}],"curies":[{"name":"wp","href":"https:\/\/api.w.org\/{rel}","templated":true}]}}