{"id":3706,"date":"2025-03-09T13:14:46","date_gmt":"2025-03-09T13:14:46","guid":{"rendered":"https:\/\/artstella-elixirs-floraux.com\/product\/clear-and-relaesing-spray-blue\/"},"modified":"2025-08-28T16:35:40","modified_gmt":"2025-08-28T16:35:40","slug":"clear-and-relaesing-spray-blue","status":"publish","type":"product","link":"https:\/\/artstella-elixirs-floraux.com\/en\/product\/clear-and-relaesing-spray-blue\/","title":{"rendered":"CLEAR AND RELEASING SPRAY BLUE"},"content":{"rendered":"<p><strong><em>Clearing and releasing (Nettoyer et lib\u00e9rer)<\/em><\/strong><\/p>\n<p>Pour faire face \u00e0 des \u00e9nergies profond\u00e9ment ancr\u00e9es et tr\u00e8s probl\u00e9matiques, soit au niveau de l&rsquo;espace soit dans l&rsquo;aura. Sert de \u00ab\u00a0space-clearing\u00a0\u00bb, de nettoyage de lieux, notamment au travail ou \u00e0 la maison quand on est confront\u00e9 \u00e0 des \u00e9nergies sombres. Il apporte une forte lumi\u00e8re rassurante et positive. Pour une personne vous pouvez utiliser la pr\u00e9paration en gouttes, par exemple s&rsquo;il y a eu abus de drogues.<\/p>\n<p><em><strong>\u00ab\u00a0bleu\u00a0\u00bb<\/strong> Encens, Pamplemousse et Bois de Santal<\/em><\/p>","protected":false},"excerpt":{"rendered":"<p><strong><em>Clearing and releasing (Nettoyer et lib\u00e9rer)<\/em><\/strong><\/p>\n<p>Pour faire face \u00e0 des \u00e9nergies profond\u00e9ment ancr\u00e9es et tr\u00e8s probl\u00e9matiques, soit au niveau de l&rsquo;espace soit dans l&rsquo;aura. Sert de \u00ab\u00a0space-clearing\u00a0\u00bb,<\/p>\n<p><em><strong>\u00ab\u00a0bleu\u00a0\u00bb<\/strong> Encens, Pamplemousse et Bois de Santal<\/em><\/p>","protected":false},"featured_media":3707,"template":"","meta":[],"product_brand":[],"product_cat":[133],"product_tag":[],"class_list":{"0":"post-3706","1":"product","2":"type-product","3":"status-publish","4":"has-post-thumbnail","6":"product_cat-les-sprays-bleus","8":"first","9":"instock","10":"taxable","11":"shipping-taxable","12":"purchasable","13":"product-type-variable"},"etheme_brands":{"errors":{"invalid_taxonomy":["Invalid taxonomy."]},"error_data":[]},"jetpack_sharing_enabled":true,"jetpack-related-posts":[{"id":3483,"url":"https:\/\/artstella-elixirs-floraux.com\/en\/product\/clear-and-relaeasing-lto-15-ml\/","url_meta":{"origin":3706,"position":0},"title":"CLEAR AND RELAEASING LTO 15 ML","author":"eveapprill","date":"9 March 2025","format":false,"excerpt":"Clearing and releasing \/ Nettoyer et lib\u00e9rer : Pour faire face \u00e0 des \u00e9nergies profond\u00e9ment ancr\u00e9es et probl\u00e9matiques, au niveau de l'espace dans l'aura. Sert de \"space-clearing","rel":"","context":"Similar post","block_context":{"text":"Similar post","link":""},"img":{"alt_text":"","src":"https:\/\/i0.wp.com\/artstella-elixirs-floraux.com\/wp-content\/uploads\/2025\/03\/2243bc9c-8811-4848-bcd6-9067815e9eb4.jpg?resize=350%2C200&ssl=1","width":350,"height":200,"srcset":"https:\/\/i0.wp.com\/artstella-elixirs-floraux.com\/wp-content\/uploads\/2025\/03\/2243bc9c-8811-4848-bcd6-9067815e9eb4.jpg?resize=350%2C200&ssl=1 1x, https:\/\/i0.wp.com\/artstella-elixirs-floraux.com\/wp-content\/uploads\/2025\/03\/2243bc9c-8811-4848-bcd6-9067815e9eb4.jpg?resize=525%2C300&ssl=1 1.5x, https:\/\/i0.wp.com\/artstella-elixirs-floraux.com\/wp-content\/uploads\/2025\/03\/2243bc9c-8811-4848-bcd6-9067815e9eb4.jpg?resize=700%2C400&ssl=1 2x"},"classes":[]},{"id":2796,"url":"https:\/\/artstella-elixirs-floraux.com\/en\/product\/spray-space-clearing-nettoyage-de-lespace\/","url_meta":{"origin":3706,"position":1},"title":"Spray SPACE CLEARING &#8211; Nettoyage de l&rsquo;espace","author":"eveapprill","date":"9 March 2025","format":false,"excerpt":"Le Spray \"Space Clearing\" - Nettoyage de l'Espace Combat les \u00e9nergies n\u00e9gatives, mentales, \u00e9motionnelles et physiques. n\u00e9ttoie un environenement n\u00e9gatif et le remplace par un environnement harmonieux.","rel":"","context":"Similar post","block_context":{"text":"Similar post","link":""},"img":{"alt_text":"","src":"https:\/\/i0.wp.com\/artstella-elixirs-floraux.com\/wp-content\/uploads\/2025\/03\/6e52b662-3813-42f5-8673-caf05bf815e1.jpg?resize=350%2C200&ssl=1","width":350,"height":200,"srcset":"https:\/\/i0.wp.com\/artstella-elixirs-floraux.com\/wp-content\/uploads\/2025\/03\/6e52b662-3813-42f5-8673-caf05bf815e1.jpg?resize=350%2C200&ssl=1 1x, https:\/\/i0.wp.com\/artstella-elixirs-floraux.com\/wp-content\/uploads\/2025\/03\/6e52b662-3813-42f5-8673-caf05bf815e1.jpg?resize=525%2C300&ssl=1 1.5x, https:\/\/i0.wp.com\/artstella-elixirs-floraux.com\/wp-content\/uploads\/2025\/03\/6e52b662-3813-42f5-8673-caf05bf815e1.jpg?resize=700%2C400&ssl=1 2x"},"classes":[]},{"id":5191,"url":"https:\/\/artstella-elixirs-floraux.com\/en\/product\/soul-shield-spray\/","url_meta":{"origin":3706,"position":2},"title":"SOUL SHIELD SPRAY LTOE","author":"eveapprill","date":"9 March 2025","format":false,"excerpt":"Soul Shield + (Bouclier de l\u2019\u00e2me) Protection psychique Pour les moments o\u00f9 l\u2019on a besoin de protection. Prot\u00e8ge l\u2019aura corporelle ou les espaces de vie de l\u2019incursion d\u2019\u00e9nergies psychiques n\u00e9gatives. Les personnes travaillant avec la lumi\u00e8re peuvent facilement s\u2019attirer des d\u00e9fis divers et parfois des \u00e9nergies \u00ab\u00a0sombres\u00a0\u00bb. \u00ab\u00a0bleu\u00a0\u00bb avec les\u2026","rel":"","context":"Similar post","block_context":{"text":"Similar post","link":""},"img":{"alt_text":"","src":"https:\/\/i0.wp.com\/artstella-elixirs-floraux.com\/wp-content\/uploads\/2025\/03\/wp-image1737.png?resize=350%2C200&ssl=1","width":350,"height":200},"classes":[]},{"id":4603,"url":"https:\/\/artstella-elixirs-floraux.com\/en\/product\/coffret-4sprays-espace-sacre-120-ml\/","url_meta":{"origin":3706,"position":3},"title":"COFFRET 4 SPRAYS ESPACE SACRE 120 ML","author":"eveapprill","date":"9 March 2025","format":false,"excerpt":"COFFRET 4SPRAYS ESPACE SACRE 120 ML Purification pour \"nettoyer\" \u00e9nerg\u00e9tiquement une pi\u00e8ce. Guardian pour invoquer une \u00e9nergie de protection dans l\u2019espace. Calling All Angels pour les pi\u00e8ces de m\u00e9ditation ou de consultation... Ligthen Up Excellent pour les pi\u00e8ces manquant de lumi\u00e8re naturelle","rel":"","context":"Similar post","block_context":{"text":"Similar post","link":""},"img":{"alt_text":"","src":"","width":0,"height":0},"classes":[]},{"id":5199,"url":"https:\/\/artstella-elixirs-floraux.com\/en\/product\/immediate-reflief\/","url_meta":{"origin":3706,"position":4},"title":"IMMEDIATE REFLIEF SPRAY","author":"eveapprill","date":"9 March 2025","format":false,"excerpt":"Immediate Relief Aura Spray (Soulagement imm\u00e9diat) Le spray est efficace dans les situations d\u2019urgence et les moments de stress intenses. Dans des situations traumatisantes ou simplement stressantes. \u00ab\u00a0bleu\u00a0\u00bb avec des huiles essentielles de poivre noir Encens, Bois de Santal","rel":"","context":"Similar post","block_context":{"text":"Similar post","link":""},"img":{"alt_text":"","src":"","width":0,"height":0},"classes":[]},{"id":5322,"url":"https:\/\/artstella-elixirs-floraux.com\/en\/product\/true-beauty-spray\/","url_meta":{"origin":3706,"position":5},"title":"TRUE BEAUTY SPRAY","author":"eveapprill","date":"9 March 2025","format":false,"excerpt":"True Beauty Aura Spray \u2013 \u201cVraie Beaut\u00e9\u201d \u00a0aide \u00e0 voir la beaut\u00e9 de l\u2019Esprit et de l\u2019Etre qui se trouve en chacun de nous et \u00e0 pouvoir incarner cette gr\u00e2ce c\u00e9leste. \"Bleu\" avec Rose Otto","rel":"","context":"Similar post","block_context":{"text":"Similar post","link":""},"img":{"alt_text":"","src":"","width":0,"height":0},"classes":[]}],"_links":{"self":[{"href":"https:\/\/artstella-elixirs-floraux.com\/en\/wp-json\/wp\/v2\/product\/3706","targetHints":{"allow":["GET"]}}],"collection":[{"href":"https:\/\/artstella-elixirs-floraux.com\/en\/wp-json\/wp\/v2\/product"}],"about":[{"href":"https:\/\/artstella-elixirs-floraux.com\/en\/wp-json\/wp\/v2\/types\/product"}],"version-history":[{"count":2,"href":"https:\/\/artstella-elixirs-floraux.com\/en\/wp-json\/wp\/v2\/product\/3706\/revisions"}],"predecessor-version":[{"id":11286,"href":"https:\/\/artstella-elixirs-floraux.com\/en\/wp-json\/wp\/v2\/product\/3706\/revisions\/11286"}],"wp:featuredmedia":[{"embeddable":true,"href":"https:\/\/artstella-elixirs-floraux.com\/en\/wp-json\/wp\/v2\/media\/3707"}],"wp:attachment":[{"href":"https:\/\/artstella-elixirs-floraux.com\/en\/wp-json\/wp\/v2\/media?parent=3706"}],"wp:term":[{"taxonomy":"product_brand","embeddable":true,"href":"https:\/\/artstella-elixirs-floraux.com\/en\/wp-json\/wp\/v2\/product_brand?post=3706"},{"taxonomy":"product_cat","embeddable":true,"href":"https:\/\/artstella-elixirs-floraux.com\/en\/wp-json\/wp\/v2\/product_cat?post=3706"},{"taxonomy":"product_tag","embeddable":true,"href":"https:\/\/artstella-elixirs-floraux.com\/en\/wp-json\/wp\/v2\/product_tag?post=3706"}],"curies":[{"name":"wp","href":"https:\/\/api.w.org\/{rel}","templated":true}]}}