{"id":3713,"date":"2025-03-09T13:14:53","date_gmt":"2025-03-09T13:14:53","guid":{"rendered":"https:\/\/artstella-elixirs-floraux.com\/product\/defender-from-the-dark-spray\/"},"modified":"2025-08-28T17:28:01","modified_gmt":"2025-08-28T17:28:01","slug":"defender-from-the-dark-spray","status":"publish","type":"product","link":"https:\/\/artstella-elixirs-floraux.com\/en\/product\/defender-from-the-dark-spray\/","title":{"rendered":"DEFENDER from the DARK SPRAY"},"content":{"rendered":"<p><strong>DEFENDER from the DARK SPRAY \/ (Protection de l\u2019obscurit\u00e9) <\/strong>Ainsi, bien que connaissant l\u2019ombre, elle n\u2019est pas de l\u2019ombre. Incarnant une profonde bont\u00e9 d\u2019\u00eatre, elle permet cependant de ne pas \u00eatre na\u00eff face aux menaces pos\u00e9es par les forces sombres. Il y a un adage qui dit que l\u2019attaque est la meilleure d\u00e9fense. Cet \u00e9lixir apporte \u00e0 la fois clart\u00e9 et protection contre de hauts niveaux d\u2019\u00e9nergie sombre par une opposition d\u00e9termin\u00e9e contre leurs intentions.<\/p>\n<p><em>Bleu : avec les huiles essentielles Myrrhe, Bois de santal et Rose Otto<\/em><\/p>","protected":false},"excerpt":{"rendered":"<p><span style=\"font-size: 8pt;\"><strong><span style=\"color: #339966;\">Defender from the Dark (Protection de l\u2019obscurit\u00e9)<\/span><\/strong><\/span><\/p>\n<p>En r\u00e9ponse aux d\u00e9fis dus au changement \u00e9nerg\u00e9tique global, cette orchid\u00e9e a demand\u00e9 \u00e0 \u00eatre pr\u00e9par\u00e9e en \u00e9lixir, en octobre 2010.<\/p>\n<p>Elle rappelle les images de Tolkien. Ainsi, bien que connaissant l\u2019ombre, elle n\u2019est pas de l\u2019ombre.<\/p>\n<p><em>\u00ab\u00a0<strong>Bleu<\/strong>\u00a0\u00bb : avec les huiles essentielles Myrrhe, Bois de santal et Rose Otto<\/em><\/p>","protected":false},"featured_media":3714,"template":"","meta":[],"product_brand":[],"product_cat":[134],"product_tag":[],"class_list":{"0":"post-3713","1":"product","2":"type-product","3":"status-publish","4":"has-post-thumbnail","6":"product_cat-les-sprays-defense-jaunes","8":"first","9":"instock","10":"taxable","11":"shipping-taxable","12":"purchasable","13":"product-type-variable"},"etheme_brands":{"errors":{"invalid_taxonomy":["Invalid taxonomy."]},"error_data":[]},"jetpack_sharing_enabled":true,"jetpack-related-posts":[{"id":5344,"url":"https:\/\/artstella-elixirs-floraux.com\/en\/product\/shadow-defense-spray\/","url_meta":{"origin":3713,"position":0},"title":"SHADOW DEFENSE SPRAY","author":"eveapprill","date":"9 March 2025","format":false,"excerpt":"Shadow Defense (Se d\u00e9fendre contre l\u2019ombre) Ce compos\u00e9 nous prot\u00e8ge contre l\u2019ombre dans ses aspects int\u00e9rieurs comme ext\u00e9rieurs. \u00ab\u00a0jaune\u00a0\u00bb\u00a0: avec les huiles essentielles de Bois de Santal, C\u00e8dre de l\u2019Altlas et de Leleshwa (Sauge africaine sauvage)","rel":"","context":"Similar post","block_context":{"text":"Similar post","link":""},"img":{"alt_text":"","src":"https:\/\/i0.wp.com\/artstella-elixirs-floraux.com\/wp-content\/uploads\/2025\/03\/wp-image1736.png?resize=350%2C200&ssl=1","width":350,"height":200},"classes":[]},{"id":5340,"url":"https:\/\/artstella-elixirs-floraux.com\/en\/product\/defend-and-protect\/","url_meta":{"origin":3713,"position":1},"title":"DEFEND and PROTECT SPRAY","author":"eveapprill","date":"9 March 2025","format":false,"excerpt":"Defend and Protect \/ D\u00e9fense et Protection \u00a0(Defender from the Dark et protective Presence) Il y a une similarit\u00e9 entre ces deux orchid\u00e9es en ce qu\u2019elles apportent une attention \u00e0 toute \u00e9preuve face aux influences malignes. Quand on doit faire face \u00e0 des entit\u00e9s n\u00e9gatives, ce compos\u00e9 apporte une armure\u2026","rel":"","context":"Similar post","block_context":{"text":"Similar post","link":""},"img":{"alt_text":"","src":"https:\/\/i0.wp.com\/artstella-elixirs-floraux.com\/wp-content\/uploads\/2025\/03\/wp-image1738.png?resize=350%2C200&ssl=1","width":350,"height":200},"classes":[]},{"id":3575,"url":"https:\/\/artstella-elixirs-floraux.com\/en\/product\/protection-de-lobscurite-ltoe-15-ml\/","url_meta":{"origin":3713,"position":2},"title":"Defender from the dark LTOE 15 ml","author":"eveapprill","date":"9 March 2025","format":false,"excerpt":"Protection de l\u2019obscurit\u00e9 L\u2019\u00e9lixir connecte fortement\u00a0 le 1er chakra \u00e0 la terre \u00e0 travers les chakras de la vo\u00fbte plantaire. L\u2019abdomen et la poitrine sont comme prot\u00e9g\u00e9s par une armure. L\u2019\u00e9lixir nous prot\u00e8ge jusqu\u2019au c\u0153ur des \u00e9nergies de nos \u00ab\u00a0d\u00e9mons\u00a0\u00bb conscients ou inconscients","rel":"","context":"Similar post","block_context":{"text":"Similar post","link":""},"img":{"alt_text":"","src":"https:\/\/i0.wp.com\/artstella-elixirs-floraux.com\/wp-content\/uploads\/2025\/03\/68615fd6-50d6-4881-8541-288343b719b2.jpg?resize=350%2C200&ssl=1","width":350,"height":200,"srcset":"https:\/\/i0.wp.com\/artstella-elixirs-floraux.com\/wp-content\/uploads\/2025\/03\/68615fd6-50d6-4881-8541-288343b719b2.jpg?resize=350%2C200&ssl=1 1x, https:\/\/i0.wp.com\/artstella-elixirs-floraux.com\/wp-content\/uploads\/2025\/03\/68615fd6-50d6-4881-8541-288343b719b2.jpg?resize=525%2C300&ssl=1 1.5x, https:\/\/i0.wp.com\/artstella-elixirs-floraux.com\/wp-content\/uploads\/2025\/03\/68615fd6-50d6-4881-8541-288343b719b2.jpg?resize=700%2C400&ssl=1 2x"},"classes":[]},{"id":3513,"url":"https:\/\/artstella-elixirs-floraux.com\/en\/product\/shadow-defense-15-ml-ltoe\/","url_meta":{"origin":3713,"position":3},"title":"SHADOW DEFENSE 15 ML LTOE","author":"eveapprill","date":"9 March 2025","format":false,"excerpt":"Shadow defense \/ Defense contre l\u2019ombre : (Defender from the Dark, Pushing Back the Night et Shadow Warrior). Ce compos\u00e9 nous prot\u00e8ge contre l\u2019ombre dans ses aspects int\u00e9rieurs comme ext\u00e9rieurs.","rel":"","context":"Similar post","block_context":{"text":"Similar post","link":""},"img":{"alt_text":"","src":"https:\/\/i0.wp.com\/artstella-elixirs-floraux.com\/wp-content\/uploads\/2025\/03\/ba8ee7a7-51f8-4e02-93c8-03d13e3b73e1.jpg?resize=350%2C200&ssl=1","width":350,"height":200,"srcset":"https:\/\/i0.wp.com\/artstella-elixirs-floraux.com\/wp-content\/uploads\/2025\/03\/ba8ee7a7-51f8-4e02-93c8-03d13e3b73e1.jpg?resize=350%2C200&ssl=1 1x, https:\/\/i0.wp.com\/artstella-elixirs-floraux.com\/wp-content\/uploads\/2025\/03\/ba8ee7a7-51f8-4e02-93c8-03d13e3b73e1.jpg?resize=525%2C300&ssl=1 1.5x, https:\/\/i0.wp.com\/artstella-elixirs-floraux.com\/wp-content\/uploads\/2025\/03\/ba8ee7a7-51f8-4e02-93c8-03d13e3b73e1.jpg?resize=700%2C400&ssl=1 2x"},"classes":[]},{"id":5191,"url":"https:\/\/artstella-elixirs-floraux.com\/en\/product\/soul-shield-spray\/","url_meta":{"origin":3713,"position":4},"title":"SOUL SHIELD SPRAY LTOE","author":"eveapprill","date":"9 March 2025","format":false,"excerpt":"Soul Shield + (Bouclier de l\u2019\u00e2me) Protection psychique Pour les moments o\u00f9 l\u2019on a besoin de protection. Prot\u00e8ge l\u2019aura corporelle ou les espaces de vie de l\u2019incursion d\u2019\u00e9nergies psychiques n\u00e9gatives. Les personnes travaillant avec la lumi\u00e8re peuvent facilement s\u2019attirer des d\u00e9fis divers et parfois des \u00e9nergies \u00ab\u00a0sombres\u00a0\u00bb. \u00ab\u00a0bleu\u00a0\u00bb avec les\u2026","rel":"","context":"Similar post","block_context":{"text":"Similar post","link":""},"img":{"alt_text":"","src":"https:\/\/i0.wp.com\/artstella-elixirs-floraux.com\/wp-content\/uploads\/2025\/03\/wp-image1737.png?resize=350%2C200&ssl=1","width":350,"height":200},"classes":[]},{"id":5247,"url":"https:\/\/artstella-elixirs-floraux.com\/en\/product\/defend-protect-and-purify-15-ml\/","url_meta":{"origin":3713,"position":5},"title":"DEFEND PROTECT AND PURIFY 15 ML","author":"eveapprill","date":"9 March 2025","format":false,"excerpt":"Defend Protect & Purify ( compos\u00e9 de Defender frome the Dark, Protective Presence et Joyous Purification) Aide \u00e0 nettoyer le corps \u00e9th\u00e9rique des entit\u00e9s de bases \u00e9nergies. A tester en relation avec le 1er et le 2\u00e8me chakra. Peut \u00eatre utilis\u00e9 aussi bien par voie orale que de fa\u00e7on externe.","rel":"","context":"Similar post","block_context":{"text":"Similar post","link":""},"img":{"alt_text":"","src":"https:\/\/i0.wp.com\/artstella-elixirs-floraux.com\/wp-content\/uploads\/2025\/03\/ecb69ce2-ef0f-4bad-8272-8f4b7737aef1.jpg?resize=350%2C200&ssl=1","width":350,"height":200,"srcset":"https:\/\/i0.wp.com\/artstella-elixirs-floraux.com\/wp-content\/uploads\/2025\/03\/ecb69ce2-ef0f-4bad-8272-8f4b7737aef1.jpg?resize=350%2C200&ssl=1 1x, https:\/\/i0.wp.com\/artstella-elixirs-floraux.com\/wp-content\/uploads\/2025\/03\/ecb69ce2-ef0f-4bad-8272-8f4b7737aef1.jpg?resize=525%2C300&ssl=1 1.5x, https:\/\/i0.wp.com\/artstella-elixirs-floraux.com\/wp-content\/uploads\/2025\/03\/ecb69ce2-ef0f-4bad-8272-8f4b7737aef1.jpg?resize=700%2C400&ssl=1 2x"},"classes":[]}],"_links":{"self":[{"href":"https:\/\/artstella-elixirs-floraux.com\/en\/wp-json\/wp\/v2\/product\/3713","targetHints":{"allow":["GET"]}}],"collection":[{"href":"https:\/\/artstella-elixirs-floraux.com\/en\/wp-json\/wp\/v2\/product"}],"about":[{"href":"https:\/\/artstella-elixirs-floraux.com\/en\/wp-json\/wp\/v2\/types\/product"}],"version-history":[{"count":2,"href":"https:\/\/artstella-elixirs-floraux.com\/en\/wp-json\/wp\/v2\/product\/3713\/revisions"}],"predecessor-version":[{"id":11302,"href":"https:\/\/artstella-elixirs-floraux.com\/en\/wp-json\/wp\/v2\/product\/3713\/revisions\/11302"}],"wp:featuredmedia":[{"embeddable":true,"href":"https:\/\/artstella-elixirs-floraux.com\/en\/wp-json\/wp\/v2\/media\/3714"}],"wp:attachment":[{"href":"https:\/\/artstella-elixirs-floraux.com\/en\/wp-json\/wp\/v2\/media?parent=3713"}],"wp:term":[{"taxonomy":"product_brand","embeddable":true,"href":"https:\/\/artstella-elixirs-floraux.com\/en\/wp-json\/wp\/v2\/product_brand?post=3713"},{"taxonomy":"product_cat","embeddable":true,"href":"https:\/\/artstella-elixirs-floraux.com\/en\/wp-json\/wp\/v2\/product_cat?post=3713"},{"taxonomy":"product_tag","embeddable":true,"href":"https:\/\/artstella-elixirs-floraux.com\/en\/wp-json\/wp\/v2\/product_tag?post=3713"}],"curies":[{"name":"wp","href":"https:\/\/api.w.org\/{rel}","templated":true}]}}