{"id":3726,"date":"2025-03-09T13:15:06","date_gmt":"2025-03-09T13:15:06","guid":{"rendered":"https:\/\/artstella-elixirs-floraux.com\/product\/temple-of-light-blue-spray\/"},"modified":"2025-08-28T17:04:23","modified_gmt":"2025-08-28T17:04:23","slug":"temple-of-light-blue-spray","status":"publish","type":"product","link":"https:\/\/artstella-elixirs-floraux.com\/en\/product\/temple-of-light-blue-spray\/","title":{"rendered":"TEMPLE OF LIGHT BLUE SPRAY"},"content":{"rendered":"<p><strong><em>Temple of light (Temple de lumi\u00e8re) <\/em><\/strong><\/p>\n<p>Ce spray a \u00e9t\u00e9 cr\u00e9\u00e9 pour harmoniser un d\u00e9s\u00e9quilibre entre le point Ba-Hui qui gouverne les principaux m\u00e9ridiens d&rsquo;acupuncture et la chambre int\u00e9rieure du chakra du c\u0153ur de m\u00eame qu\u2019entre ce chakra et le chakra de la couronne. Une gu\u00e9rison v\u00e9ritable est bloqu\u00e9e quand ces diff\u00e9rents points ne sont pas harmonis\u00e9s. Ce spray favorise une r\u00e9solution rapide.<\/p>\n<p><em>\u00ab\u00a0<strong>bleu\u00a0<\/strong>\u00bb avec les huiles essentielles de rose Bulgare.<\/em><\/p>","protected":false},"excerpt":{"rendered":"<p><strong><em>Temple of light (Temple de lumi\u00e8re) <\/em><\/strong><\/p>\n<p>Ce spray a \u00e9t\u00e9 cr\u00e9\u00e9 pour harmoniser un d\u00e9s\u00e9quilibre entre le point Ba-Hui qui gouverne les principaux m\u00e9ridiens d&rsquo;acupuncture et la chambre int\u00e9rieure du chakra&#8230;<\/p>\n<p><em><strong>\u00ab\u00a0bleu\u00a0\u00bb<\/strong> avec les huiles essentielles de rose Bulgare.<\/em><\/p>","protected":false},"featured_media":3727,"template":"","meta":[],"product_brand":[],"product_cat":[133],"product_tag":[],"class_list":{"0":"post-3726","1":"product","2":"type-product","3":"status-publish","4":"has-post-thumbnail","6":"product_cat-les-sprays-bleus","8":"first","9":"instock","10":"taxable","11":"shipping-taxable","12":"purchasable","13":"product-type-variable"},"etheme_brands":{"errors":{"invalid_taxonomy":["Invalid taxonomy."]},"error_data":[]},"jetpack_sharing_enabled":true,"jetpack-related-posts":[{"id":3525,"url":"https:\/\/artstella-elixirs-floraux.com\/en\/product\/temple-of-light-ltoe-15-ml\/","url_meta":{"origin":3726,"position":0},"title":"TEMPLE OF LIGHT LTOE 15 ML","author":"eveapprill","date":"9 March 2025","format":false,"excerpt":"Temple of light \/ Temple de lumi\u00e8re : a \u00e9t\u00e9 cr\u00e9e pour harmoniser le point Ba-hui et la chambre int\u00e9rieur du c\u0153ur, le 4eme et le 7eme chakra. Un v\u00e9ritable \u00e9quilibre demande une synchronisation entre ces quatre points","rel":"","context":"Similar post","block_context":{"text":"Similar post","link":""},"img":{"alt_text":"","src":"https:\/\/i0.wp.com\/artstella-elixirs-floraux.com\/wp-content\/uploads\/2025\/03\/5f06e3cd-a5a8-4ff4-8a9d-307d6fed4639.jpg?resize=350%2C200&ssl=1","width":350,"height":200,"srcset":"https:\/\/i0.wp.com\/artstella-elixirs-floraux.com\/wp-content\/uploads\/2025\/03\/5f06e3cd-a5a8-4ff4-8a9d-307d6fed4639.jpg?resize=350%2C200&ssl=1 1x, https:\/\/i0.wp.com\/artstella-elixirs-floraux.com\/wp-content\/uploads\/2025\/03\/5f06e3cd-a5a8-4ff4-8a9d-307d6fed4639.jpg?resize=525%2C300&ssl=1 1.5x, https:\/\/i0.wp.com\/artstella-elixirs-floraux.com\/wp-content\/uploads\/2025\/03\/5f06e3cd-a5a8-4ff4-8a9d-307d6fed4639.jpg?resize=700%2C400&ssl=1 2x"},"classes":[]},{"id":3733,"url":"https:\/\/artstella-elixirs-floraux.com\/en\/product\/white-beauty-spray\/","url_meta":{"origin":3726,"position":1},"title":"WHITE BEAUTY SPRAY","author":"eveapprill","date":"9 March 2025","format":false,"excerpt":"White beauty (Blanche beaut\u00e9) Une \u00e9nergie nourrissante et aimante descend sur le chakra coronal quand on le pulv\u00e9rise au dessus de la t\u00eate. \u00ab\u00a0bleu\u00a0\u00bb avec les huiles essentielles de Rose Bulgare","rel":"","context":"Similar post","block_context":{"text":"Similar post","link":""},"img":{"alt_text":"","src":"","width":0,"height":0},"classes":[]},{"id":3527,"url":"https:\/\/artstella-elixirs-floraux.com\/en\/product\/temple-of-light-5-lto-15-ml\/","url_meta":{"origin":3726,"position":2},"title":"TEMPLE OF LIGHT 5 LTO 15 ML","author":"eveapprill","date":"9 March 2025","format":false,"excerpt":"Temple of light (5) \/ Temple de lumi\u00e8re : permet une utilisation prolong\u00e9e pour faire face \u00e0 l'instabilit\u00e9 \u00e9nerg\u00e9tique des la connexion entre les quatre points cit\u00e9s plus haut.","rel":"","context":"Similar post","block_context":{"text":"Similar post","link":""},"img":{"alt_text":"","src":"https:\/\/i0.wp.com\/artstella-elixirs-floraux.com\/wp-content\/uploads\/2025\/03\/98abf329-bfd3-45e6-bae4-c87d83b26e2b.jpg?resize=350%2C200&ssl=1","width":350,"height":200,"srcset":"https:\/\/i0.wp.com\/artstella-elixirs-floraux.com\/wp-content\/uploads\/2025\/03\/98abf329-bfd3-45e6-bae4-c87d83b26e2b.jpg?resize=350%2C200&ssl=1 1x, https:\/\/i0.wp.com\/artstella-elixirs-floraux.com\/wp-content\/uploads\/2025\/03\/98abf329-bfd3-45e6-bae4-c87d83b26e2b.jpg?resize=525%2C300&ssl=1 1.5x, https:\/\/i0.wp.com\/artstella-elixirs-floraux.com\/wp-content\/uploads\/2025\/03\/98abf329-bfd3-45e6-bae4-c87d83b26e2b.jpg?resize=700%2C400&ssl=1 2x"},"classes":[]},{"id":5488,"url":"https:\/\/artstella-elixirs-floraux.com\/en\/product\/shield-of-light-spray\/","url_meta":{"origin":3726,"position":3},"title":"SHIELD OF LIGHT SPRAY","author":"eveapprill","date":"9 March 2025","format":false,"excerpt":"Shield of light - Bouclier de lumi\u00e8re Parmi les derni\u00e8res cr\u00e9ations de Don Denis en collaboration du Dr. Adrian Brito-Babapulle, voici un nouveau compos\u00e9 majeur pour se prot\u00e9ger des \u00e9nergies sombres. Sa formule permet \u00e0 l\u2019aura de refl\u00e9ter tel un miroir, de fa\u00e7on \u00e0 ce que de telles \u00e9nergies ne\u2026","rel":"","context":"Similar post","block_context":{"text":"Similar post","link":""},"img":{"alt_text":"","src":"","width":0,"height":0},"classes":[]},{"id":6086,"url":"https:\/\/artstella-elixirs-floraux.com\/en\/product\/gentle-sleep-spray-ltoe-100ml\/","url_meta":{"origin":3726,"position":4},"title":"Gentle sleep spray LTOE","author":"eveapprill","date":"9 March 2025","format":false,"excerpt":"Gentle sleep\u00a0 (Bon sommeil) De nos jours, les troubles du sommeil touchent un grand nombre de personnes. Pollution \u00e9lectromagn\u00e9tique, t\u00e9l\u00e9phones portables, t\u00e9l\u00e9phones sans fils, le WIFI peuvent alt\u00e9rer le sommeil. Ce spray a \u00e9t\u00e9 cr\u00e9\u00e9 pour prot\u00e9ger le sommeil de ces diff\u00e9rents stress.","rel":"","context":"Similar post","block_context":{"text":"Similar post","link":""},"img":{"alt_text":"","src":"https:\/\/i0.wp.com\/artstella-elixirs-floraux.com\/wp-content\/uploads\/2025\/03\/wp-image2120.png?resize=350%2C200&ssl=1","width":350,"height":200},"classes":[]},{"id":3701,"url":"https:\/\/artstella-elixirs-floraux.com\/en\/product\/being-present-blue-spray\/","url_meta":{"origin":3726,"position":5},"title":"BEING PRESENT BLUE SPRAY","author":"eveapprill","date":"9 March 2025","format":false,"excerpt":"Being Present (Etre Pr\u00e9sent) Permet de se r\u00e9harmoniser apr\u00e8s un long voyage en avion (pour un effet accru utiliser \u00e9galement Being Present ou Being in time en gouttes) \u00ab\u00a0bleu\u00bb avec des huiles essentielles de Bois de Santal, Rose bulgare et lavande","rel":"","context":"Similar post","block_context":{"text":"Similar post","link":""},"img":{"alt_text":"","src":"","width":0,"height":0},"classes":[]}],"_links":{"self":[{"href":"https:\/\/artstella-elixirs-floraux.com\/en\/wp-json\/wp\/v2\/product\/3726","targetHints":{"allow":["GET"]}}],"collection":[{"href":"https:\/\/artstella-elixirs-floraux.com\/en\/wp-json\/wp\/v2\/product"}],"about":[{"href":"https:\/\/artstella-elixirs-floraux.com\/en\/wp-json\/wp\/v2\/types\/product"}],"version-history":[{"count":1,"href":"https:\/\/artstella-elixirs-floraux.com\/en\/wp-json\/wp\/v2\/product\/3726\/revisions"}],"predecessor-version":[{"id":11297,"href":"https:\/\/artstella-elixirs-floraux.com\/en\/wp-json\/wp\/v2\/product\/3726\/revisions\/11297"}],"wp:featuredmedia":[{"embeddable":true,"href":"https:\/\/artstella-elixirs-floraux.com\/en\/wp-json\/wp\/v2\/media\/3727"}],"wp:attachment":[{"href":"https:\/\/artstella-elixirs-floraux.com\/en\/wp-json\/wp\/v2\/media?parent=3726"}],"wp:term":[{"taxonomy":"product_brand","embeddable":true,"href":"https:\/\/artstella-elixirs-floraux.com\/en\/wp-json\/wp\/v2\/product_brand?post=3726"},{"taxonomy":"product_cat","embeddable":true,"href":"https:\/\/artstella-elixirs-floraux.com\/en\/wp-json\/wp\/v2\/product_cat?post=3726"},{"taxonomy":"product_tag","embeddable":true,"href":"https:\/\/artstella-elixirs-floraux.com\/en\/wp-json\/wp\/v2\/product_tag?post=3726"}],"curies":[{"name":"wp","href":"https:\/\/api.w.org\/{rel}","templated":true}]}}