{"id":3754,"date":"2025-03-09T13:15:40","date_gmt":"2025-03-09T13:15:40","guid":{"rendered":"https:\/\/artstella-elixirs-floraux.com\/product\/aggression-orchid-phi-15-ml\/"},"modified":"2025-06-04T11:43:05","modified_gmt":"2025-06-04T11:43:05","slug":"aggression-orchid-phi","status":"publish","type":"product","link":"https:\/\/artstella-elixirs-floraux.com\/en\/product\/aggression-orchid-phi\/","title":{"rendered":"AGGRESSION ORCHID PHI"},"content":{"rendered":"","protected":false},"excerpt":{"rendered":"<p><strong><em><span style=\"color: #008000;\">Aggression Orchid (Acineta superba)<\/span><br \/>\n<\/em><\/strong>D\u00e9noue les blocages dans les chakras inf\u00e9rieurs et les transforme. L&rsquo;\u00e9nergie de la base est lib\u00e9r\u00e9e et les m\u00e9moires des agressions dissoutes. La vitalit\u00e9 peut \u00e0 nouveau \u00eatre utilis\u00e9e positivement. Cet \u00e9lixir est \u00e0 prendre avec pr\u00e9caution.<\/p>","protected":false},"featured_media":3755,"template":"","meta":[],"product_brand":[],"product_cat":[97],"product_tag":[],"class_list":{"0":"post-3754","1":"product","2":"type-product","3":"status-publish","4":"has-post-thumbnail","6":"product_cat-amazonie","8":"first","9":"instock","10":"taxable","11":"shipping-taxable","12":"purchasable","13":"product-type-variable"},"etheme_brands":{"errors":{"invalid_taxonomy":["Invalid taxonomy."]},"error_data":[]},"jetpack_sharing_enabled":true,"jetpack-related-posts":[{"id":5181,"url":"https:\/\/artstella-elixirs-floraux.com\/en\/product\/le-livre-orchid-essence-healing-en-anglais\/","url_meta":{"origin":3754,"position":0},"title":"Le livre Orchid Essence Healing en anglais","author":"eveapprill","date":"9 March 2025","format":false,"excerpt":"Ce livre en anglais paru en 2010 est une introduction \u00e0 l'utilisation des \u00e9lixirs d'orchid\u00e9es LTOE par Don Dennis, cr\u00e9ateur de la gamme.","rel":"","context":"Similar post","block_context":{"text":"Similar post","link":""},"img":{"alt_text":"","src":"https:\/\/i0.wp.com\/artstella-elixirs-floraux.com\/wp-content\/uploads\/2025\/03\/wp-image1482.png?resize=350%2C200&ssl=1","width":350,"height":200},"classes":[]},{"id":5235,"url":"https:\/\/artstella-elixirs-floraux.com\/en\/product\/creme-de-venus-orchid\/","url_meta":{"origin":3754,"position":1},"title":"Cr\u00e8me de Venus orchid","author":"eveapprill","date":"9 March 2025","format":false,"excerpt":"Cr\u00e8me Venus Orchid La Cr\u00e8me de V\u00e9nus-Orchid est r\u00e9alis\u00e9e avec l\u2019\u00e9nergie de l\u2019orchid\u00e9e Anguloa Cliftonii. Elle est particuli\u00e8rement recommand\u00e9e pour les soins quotidiens de la peau du visage et du corps. Son action profond\u00e9ment relaxante stimule la partie f\u00e9minine de notre \u00eatre et adoucit la peau.","rel":"","context":"Similar post","block_context":{"text":"Similar post","link":""},"img":{"alt_text":"Cr\u00e8mes aux Elixirs","src":"https:\/\/i0.wp.com\/artstella-elixirs-floraux.com\/wp-content\/uploads\/2025\/03\/4eca510c-6209-4de4-bcce-2a270758fe96.jpg?resize=350%2C200&ssl=1","width":350,"height":200,"srcset":"https:\/\/i0.wp.com\/artstella-elixirs-floraux.com\/wp-content\/uploads\/2025\/03\/4eca510c-6209-4de4-bcce-2a270758fe96.jpg?resize=350%2C200&ssl=1 1x, https:\/\/i0.wp.com\/artstella-elixirs-floraux.com\/wp-content\/uploads\/2025\/03\/4eca510c-6209-4de4-bcce-2a270758fe96.jpg?resize=525%2C300&ssl=1 1.5x, https:\/\/i0.wp.com\/artstella-elixirs-floraux.com\/wp-content\/uploads\/2025\/03\/4eca510c-6209-4de4-bcce-2a270758fe96.jpg?resize=700%2C400&ssl=1 2x"},"classes":[]},{"id":3752,"url":"https:\/\/artstella-elixirs-floraux.com\/en\/product\/power-orchid-cuba-15ml-phi\/","url_meta":{"origin":3754,"position":2},"title":"POWER ORCHID (CUBA) 15ML PHI","author":"eveapprill","date":"9 March 2025","format":false,"excerpt":"POWER ORCHID Cirrhopetalum ornatissimum\u00a0\u00ab\u00a0Orchid\u00e9e de pouvoir\u00a0\u00bb\u00a0Cette orchid\u00e9e est originaire d\u2019Asie. L\u2019\u00e9lixir\u00a0: quand dans notre vie, nous sommes arriv\u00e9s \u00e0 un point o\u00f9 nous d\u00e9sirons nous d\u00e9velopper int\u00e9rieurement.","rel":"","context":"Similar post","block_context":{"text":"Similar post","link":""},"img":{"alt_text":"","src":"","width":0,"height":0},"classes":[]},{"id":3774,"url":"https:\/\/artstella-elixirs-floraux.com\/en\/product\/chocolat-orchid-phi\/","url_meta":{"origin":3754,"position":3},"title":"CHOCOLAT ORCHID PHI","author":"eveapprill","date":"9 March 2025","format":false,"excerpt":"Chocolate orchid (Stanhorpea wardii) Pour s'ouvrir aux plaisirs de la vie. Pour reconna\u00eetre que la vie est un chemin de joie. L'\u00e9lixir lib\u00e8re de sch\u00e9mas mentaux \u00e9troits.","rel":"","context":"Similar post","block_context":{"text":"Similar post","link":""},"img":{"alt_text":"","src":"https:\/\/i0.wp.com\/artstella-elixirs-floraux.com\/wp-content\/uploads\/2025\/03\/wp-image504.png?resize=350%2C200&ssl=1","width":350,"height":200},"classes":[]},{"id":3744,"url":"https:\/\/artstella-elixirs-floraux.com\/en\/product\/phantom-orchid-cuba-15-ml-phi\/","url_meta":{"origin":3754,"position":4},"title":"PHANTOM ORCHID (CUBA) 15 ML PHI","author":"eveapprill","date":"9 March 2025","format":false,"excerpt":"PHANTOM ORCHID\u00a0Dendrophyllax varius\u00a0Orchid\u00e9e Fant\u00f4me\u00a0Est une orchid\u00e9e miniature sans feuilles. D\u2019un entrelacs de racines pos\u00e9 directement sur du bois la petite orchid\u00e9e blanche pousse sur une tige fin.","rel":"","context":"Similar post","block_context":{"text":"Similar post","link":""},"img":{"alt_text":"","src":"https:\/\/i0.wp.com\/artstella-elixirs-floraux.com\/wp-content\/uploads\/2025\/03\/wp-image1786.png?resize=350%2C200&ssl=1","width":350,"height":200},"classes":[]},{"id":3827,"url":"https:\/\/artstella-elixirs-floraux.com\/en\/product\/venus-orchid-phi\/","url_meta":{"origin":3754,"position":5},"title":"VENUS ORCHID PHI","author":"eveapprill","date":"9 March 2025","format":false,"excerpt":"Venus orchid (Anguloa clowesii) Stimule notre part r\u00e9ceptive \u00ab\u00a0yin\u00a0\u00bb. D\u00e9veloppe des qualit\u00e9s telles que l'\u00e9coute attentive, la compr\u00e9hension, la douceur et l'amour. Cet \u00e9lixir est aussi disponible sous forme de cr\u00e8me pour la peau.","rel":"","context":"Similar post","block_context":{"text":"Similar post","link":""},"img":{"alt_text":"","src":"https:\/\/i0.wp.com\/artstella-elixirs-floraux.com\/wp-content\/uploads\/2025\/03\/wp-image518.png?resize=350%2C200&ssl=1","width":350,"height":200},"classes":[]}],"_links":{"self":[{"href":"https:\/\/artstella-elixirs-floraux.com\/en\/wp-json\/wp\/v2\/product\/3754","targetHints":{"allow":["GET"]}}],"collection":[{"href":"https:\/\/artstella-elixirs-floraux.com\/en\/wp-json\/wp\/v2\/product"}],"about":[{"href":"https:\/\/artstella-elixirs-floraux.com\/en\/wp-json\/wp\/v2\/types\/product"}],"version-history":[{"count":0,"href":"https:\/\/artstella-elixirs-floraux.com\/en\/wp-json\/wp\/v2\/product\/3754\/revisions"}],"wp:featuredmedia":[{"embeddable":true,"href":"https:\/\/artstella-elixirs-floraux.com\/en\/wp-json\/wp\/v2\/media\/3755"}],"wp:attachment":[{"href":"https:\/\/artstella-elixirs-floraux.com\/en\/wp-json\/wp\/v2\/media?parent=3754"}],"wp:term":[{"taxonomy":"product_brand","embeddable":true,"href":"https:\/\/artstella-elixirs-floraux.com\/en\/wp-json\/wp\/v2\/product_brand?post=3754"},{"taxonomy":"product_cat","embeddable":true,"href":"https:\/\/artstella-elixirs-floraux.com\/en\/wp-json\/wp\/v2\/product_cat?post=3754"},{"taxonomy":"product_tag","embeddable":true,"href":"https:\/\/artstella-elixirs-floraux.com\/en\/wp-json\/wp\/v2\/product_tag?post=3754"}],"curies":[{"name":"wp","href":"https:\/\/api.w.org\/{rel}","templated":true}]}}