{"id":3758,"date":"2025-03-09T13:15:44","date_gmt":"2025-03-09T13:15:44","guid":{"rendered":"https:\/\/artstella-elixirs-floraux.com\/product\/amazonas-phi-15-ml\/"},"modified":"2025-06-04T11:41:55","modified_gmt":"2025-06-04T11:41:55","slug":"amazonas-phi","status":"publish","type":"product","link":"https:\/\/artstella-elixirs-floraux.com\/en\/product\/amazonas-phi\/","title":{"rendered":"AMAZONAS PHI"},"content":{"rendered":"","protected":false},"excerpt":{"rendered":"<p><span style=\"color: #008000;\"> <strong><em>Amazonas \u00c9lixir du fleuve Amazone <\/em><\/strong><\/span><br \/>\nGr\u00e2ce \u00e0 cet \u00e9lixir, nous d\u00e9veloppons une meilleure compr\u00e9hension de la plan\u00e8te. Il nous aide \u00e0 supprimer les blocages. Il a fait ses preuves en cas de blocages \u00e9nerg\u00e9tiques du dos. Cet \u00e9lixir nous aide \u00e0 retrouver le cours de la vie.<\/p>","protected":false},"featured_media":3759,"template":"","meta":[],"product_brand":[],"product_cat":[97],"product_tag":[],"class_list":{"0":"post-3758","1":"product","2":"type-product","3":"status-publish","4":"has-post-thumbnail","6":"product_cat-amazonie","8":"first","9":"instock","10":"taxable","11":"shipping-taxable","12":"purchasable","13":"product-type-variable"},"etheme_brands":{"errors":{"invalid_taxonomy":["Invalid taxonomy."]},"error_data":[]},"jetpack_sharing_enabled":true,"jetpack-related-posts":[{"id":2765,"url":"https:\/\/artstella-elixirs-floraux.com\/en\/product\/amazon-bush-lf\/","url_meta":{"origin":3758,"position":0},"title":"AMAZON BUSH LF","author":"eveapprill","date":"9 March 2025","format":false,"excerpt":"Amazon Essence \u2013 Elixir de l'Amazonie Aide \u00e0 comprendre, \u00e0 se pr\u00e9parer et \u00e0 s\u2018aligner avec l'immensit\u00e9 et la totalit\u00e9 des changements massifs qui surviennent dans la nature.","rel":"","context":"Similar post","block_context":{"text":"Similar post","link":""},"img":{"alt_text":"","src":"https:\/\/i0.wp.com\/artstella-elixirs-floraux.com\/wp-content\/uploads\/2025\/03\/8da45696-7dcc-4a19-8732-f0c86382d71e.jpg?resize=350%2C200&ssl=1","width":350,"height":200,"srcset":"https:\/\/i0.wp.com\/artstella-elixirs-floraux.com\/wp-content\/uploads\/2025\/03\/8da45696-7dcc-4a19-8732-f0c86382d71e.jpg?resize=350%2C200&ssl=1 1x, https:\/\/i0.wp.com\/artstella-elixirs-floraux.com\/wp-content\/uploads\/2025\/03\/8da45696-7dcc-4a19-8732-f0c86382d71e.jpg?resize=525%2C300&ssl=1 1.5x, https:\/\/i0.wp.com\/artstella-elixirs-floraux.com\/wp-content\/uploads\/2025\/03\/8da45696-7dcc-4a19-8732-f0c86382d71e.jpg?resize=700%2C400&ssl=1 2x"},"classes":[]},{"id":5844,"url":"https:\/\/artstella-elixirs-floraux.com\/en\/product\/dauphin-de-lamazone-amazone-dolphin-inia-geoffrensis-15ml-phi\/","url_meta":{"origin":3758,"position":1},"title":"Dauphin de l\u2019Amazone (Amazone Dolphin) (Inia geoffrensis) 15ml PHI","author":"eveapprill","date":"9 March 2025","format":false,"excerpt":"Dauphin de l\u2019Amazone (Amazone Dolphin) (Inia geoffrensis) Cet \u00e9lixir nous aide \u00e0 nous connecter \u00e0 notre coeur et \u00e0 pouvoir \u201cvoir\u201d ainsi par le coeur. Il nous met en relation avec la Nature et la sagesse profonde que tout est connect\u00e9. Le Mananti nous apprend \u00e0 mettre de la joie\u2026","rel":"","context":"Similar post","block_context":{"text":"Similar post","link":""},"img":{"alt_text":"","src":"","width":0,"height":0},"classes":[]},{"id":5231,"url":"https:\/\/artstella-elixirs-floraux.com\/en\/product\/creme-amazonas\/","url_meta":{"origin":3758,"position":2},"title":"Cr\u00e8me Amazonas","author":"eveapprill","date":"9 March 2025","format":false,"excerpt":"Creme Amazonas La Cr\u00e8me Amazonas est une cr\u00e8me r\u00e9-\u00e9nergisante r\u00e9alis\u00e9e \u00e0 partir de l\u2019\u00e9nergie du fleuve Amazone. Sa puissante \u00e9nergie de vie aide \u00e0 lib\u00e9rer les blocages. Frictionnez avec la cr\u00e8me les parties du corps bloqu\u00e9es \u00e9nerg\u00e9tiquement. Pour un traitement \u00e9nerg\u00e9tique du dos, vous pouvez appliquer la cr\u00e8me sur la\u2026","rel":"","context":"Similar post","block_context":{"text":"Similar post","link":""},"img":{"alt_text":"","src":"https:\/\/i0.wp.com\/artstella-elixirs-floraux.com\/wp-content\/uploads\/2025\/03\/397a3c93-f17f-42c0-af0f-9df28511893d.jpg?resize=350%2C200&ssl=1","width":350,"height":200,"srcset":"https:\/\/i0.wp.com\/artstella-elixirs-floraux.com\/wp-content\/uploads\/2025\/03\/397a3c93-f17f-42c0-af0f-9df28511893d.jpg?resize=350%2C200&ssl=1 1x, https:\/\/i0.wp.com\/artstella-elixirs-floraux.com\/wp-content\/uploads\/2025\/03\/397a3c93-f17f-42c0-af0f-9df28511893d.jpg?resize=525%2C300&ssl=1 1.5x, https:\/\/i0.wp.com\/artstella-elixirs-floraux.com\/wp-content\/uploads\/2025\/03\/397a3c93-f17f-42c0-af0f-9df28511893d.jpg?resize=700%2C400&ssl=1 2x"},"classes":[]},{"id":3754,"url":"https:\/\/artstella-elixirs-floraux.com\/en\/product\/aggression-orchid-phi\/","url_meta":{"origin":3758,"position":3},"title":"AGGRESSION ORCHID PHI","author":"eveapprill","date":"9 March 2025","format":false,"excerpt":"Aggression Orchid (Acineta superba) D\u00e9noue les blocages dans les chakras inf\u00e9rieurs et les transforme. L'\u00e9nergie de la base est lib\u00e9r\u00e9e et les m\u00e9moires des agressions dissoutes. La vitalit\u00e9 peut \u00e0 nouveau \u00eatre utilis\u00e9e positivement. Cet \u00e9lixir est \u00e0 prendre avec pr\u00e9caution.","rel":"","context":"Similar post","block_context":{"text":"Similar post","link":""},"img":{"alt_text":"","src":"https:\/\/i0.wp.com\/artstella-elixirs-floraux.com\/wp-content\/uploads\/2025\/03\/wp-image499.png?resize=350%2C200&ssl=1","width":350,"height":200},"classes":[]},{"id":3819,"url":"https:\/\/artstella-elixirs-floraux.com\/en\/product\/psyche-orchid-phi\/","url_meta":{"origin":3758,"position":4},"title":"PSYCHE ORCHID PHI","author":"eveapprill","date":"9 March 2025","format":false,"excerpt":"Psyche orchid (Paphiopedilum insigne) Nous aide \u00e0 voir profond\u00e9ment en nous-m\u00eames, jusqu'\u00e0 l'inconscient pour trouver des r\u00e9ponses aux questions de notre vie. L'\u00e9lixir nous aide \u00e0 reconna\u00eetre la t\u00e2che de notre vie.","rel":"","context":"Similar post","block_context":{"text":"Similar post","link":""},"img":{"alt_text":"","src":"https:\/\/i0.wp.com\/artstella-elixirs-floraux.com\/wp-content\/uploads\/2025\/03\/wp-image516.png?resize=350%2C200&ssl=1","width":350,"height":200},"classes":[]},{"id":5864,"url":"https:\/\/artstella-elixirs-floraux.com\/en\/product\/lamantin-de-lamazonie-amazone-manati-trichechus-inunguis-15ml-phi\/","url_meta":{"origin":3758,"position":5},"title":"Lamantin de l\u2019Amazonie &#8211; Amazone Manati (Trichechus inunguis) 15ml PHI","author":"eveapprill","date":"9 March 2025","format":false,"excerpt":"Lamantin de l\u2019Amazonie - Amazone Manati (Trichechus inunguis)\u00a0 Cet \u00e9lixir nous apporte calme et repos. Il est recommand\u00e9 aux personn\u00e9es stress\u00e9es pour retrouver le calme et l\u2019harmonie int\u00e9rieure. Nous pouvons trouver \u00e9quilibre et harmonie avec la nature.","rel":"","context":"Similar post","block_context":{"text":"Similar post","link":""},"img":{"alt_text":"","src":"","width":0,"height":0},"classes":[]}],"_links":{"self":[{"href":"https:\/\/artstella-elixirs-floraux.com\/en\/wp-json\/wp\/v2\/product\/3758","targetHints":{"allow":["GET"]}}],"collection":[{"href":"https:\/\/artstella-elixirs-floraux.com\/en\/wp-json\/wp\/v2\/product"}],"about":[{"href":"https:\/\/artstella-elixirs-floraux.com\/en\/wp-json\/wp\/v2\/types\/product"}],"version-history":[{"count":0,"href":"https:\/\/artstella-elixirs-floraux.com\/en\/wp-json\/wp\/v2\/product\/3758\/revisions"}],"wp:featuredmedia":[{"embeddable":true,"href":"https:\/\/artstella-elixirs-floraux.com\/en\/wp-json\/wp\/v2\/media\/3759"}],"wp:attachment":[{"href":"https:\/\/artstella-elixirs-floraux.com\/en\/wp-json\/wp\/v2\/media?parent=3758"}],"wp:term":[{"taxonomy":"product_brand","embeddable":true,"href":"https:\/\/artstella-elixirs-floraux.com\/en\/wp-json\/wp\/v2\/product_brand?post=3758"},{"taxonomy":"product_cat","embeddable":true,"href":"https:\/\/artstella-elixirs-floraux.com\/en\/wp-json\/wp\/v2\/product_cat?post=3758"},{"taxonomy":"product_tag","embeddable":true,"href":"https:\/\/artstella-elixirs-floraux.com\/en\/wp-json\/wp\/v2\/product_tag?post=3758"}],"curies":[{"name":"wp","href":"https:\/\/api.w.org\/{rel}","templated":true}]}}