{"id":3762,"date":"2025-03-09T13:15:47","date_gmt":"2025-03-09T13:15:47","guid":{"rendered":"https:\/\/artstella-elixirs-floraux.com\/product\/angel-orchid-15-ml-phi\/"},"modified":"2025-06-04T11:40:55","modified_gmt":"2025-06-04T11:40:55","slug":"angel-orchid-phi","status":"publish","type":"product","link":"https:\/\/artstella-elixirs-floraux.com\/en\/product\/angel-orchid-phi\/","title":{"rendered":"ANGEL ORCHID PHI"},"content":{"rendered":"","protected":false},"excerpt":{"rendered":"<p><strong><em><span style=\"color: #008000;\">Angel Orchid (Epidendrum secundum)<\/span><br \/>\n<\/em><\/strong>Nous ouvre \u00e0 la communication avec les plans d&rsquo;\u00e9nergies sup\u00e9rieurs. Cet \u00e9lixir nous all\u00e8ge et il accro\u00eet ainsi notre sentiment de s\u00e9curit\u00e9.<\/p>","protected":false},"featured_media":3763,"template":"","meta":[],"product_brand":[],"product_cat":[97],"product_tag":[],"class_list":{"0":"post-3762","1":"product","2":"type-product","3":"status-publish","4":"has-post-thumbnail","6":"product_cat-amazonie","8":"first","9":"instock","10":"taxable","11":"shipping-taxable","12":"purchasable","13":"product-type-variable"},"etheme_brands":{"errors":{"invalid_taxonomy":["Invalid taxonomy."]},"error_data":[]},"jetpack_sharing_enabled":true,"jetpack-related-posts":[{"id":3766,"url":"https:\/\/artstella-elixirs-floraux.com\/en\/product\/angel-of-protection-orch-phiphi\/","url_meta":{"origin":3762,"position":0},"title":"ANGEL OF PROTECTION ORCH PHI","author":"eveapprill","date":"9 March 2025","format":false,"excerpt":"Angel of protection orchid (Miltonia phalaenopsis) Pour les \u00eatres fins et sensibles, expos\u00e9s aux hostilit\u00e9s d'un environnement difficile et qui ont besoin de mani\u00e8re urgente d'un \u00e9cran protecteur. L'\u00e9lixir am\u00e9liore la communication avec nos anges gardiens.","rel":"","context":"Similar post","block_context":{"text":"Similar post","link":""},"img":{"alt_text":"","src":"https:\/\/i0.wp.com\/artstella-elixirs-floraux.com\/wp-content\/uploads\/2025\/03\/wp-image502.png?resize=350%2C200&ssl=1","width":350,"height":200},"classes":[]},{"id":5235,"url":"https:\/\/artstella-elixirs-floraux.com\/en\/product\/creme-de-venus-orchid\/","url_meta":{"origin":3762,"position":1},"title":"Cr\u00e8me de Venus orchid","author":"eveapprill","date":"9 March 2025","format":false,"excerpt":"Cr\u00e8me Venus Orchid La Cr\u00e8me de V\u00e9nus-Orchid est r\u00e9alis\u00e9e avec l\u2019\u00e9nergie de l\u2019orchid\u00e9e Anguloa Cliftonii. Elle est particuli\u00e8rement recommand\u00e9e pour les soins quotidiens de la peau du visage et du corps. Son action profond\u00e9ment relaxante stimule la partie f\u00e9minine de notre \u00eatre et adoucit la peau.","rel":"","context":"Similar post","block_context":{"text":"Similar post","link":""},"img":{"alt_text":"Cr\u00e8mes aux Elixirs","src":"https:\/\/i0.wp.com\/artstella-elixirs-floraux.com\/wp-content\/uploads\/2025\/03\/4eca510c-6209-4de4-bcce-2a270758fe96.jpg?resize=350%2C200&ssl=1","width":350,"height":200,"srcset":"https:\/\/i0.wp.com\/artstella-elixirs-floraux.com\/wp-content\/uploads\/2025\/03\/4eca510c-6209-4de4-bcce-2a270758fe96.jpg?resize=350%2C200&ssl=1 1x, https:\/\/i0.wp.com\/artstella-elixirs-floraux.com\/wp-content\/uploads\/2025\/03\/4eca510c-6209-4de4-bcce-2a270758fe96.jpg?resize=525%2C300&ssl=1 1.5x, https:\/\/i0.wp.com\/artstella-elixirs-floraux.com\/wp-content\/uploads\/2025\/03\/4eca510c-6209-4de4-bcce-2a270758fe96.jpg?resize=700%2C400&ssl=1 2x"},"classes":[]},{"id":3770,"url":"https:\/\/artstella-elixirs-floraux.com\/en\/product\/channeling-orchid-phi\/","url_meta":{"origin":3762,"position":2},"title":"CHANNELING ORCHID PHI","author":"eveapprill","date":"9 March 2025","format":false,"excerpt":"Channeling Orchid (Oncidium Incurvum) Nous aide \u00e0 entrer en contact direct avec la conscience sup\u00e9rieure et \u00e0 mieux entendre notre voix int\u00e9rieure.","rel":"","context":"Similar post","block_context":{"text":"Similar post","link":""},"img":{"alt_text":"","src":"https:\/\/i0.wp.com\/artstella-elixirs-floraux.com\/wp-content\/uploads\/2025\/03\/wp-image503.png?resize=350%2C200&ssl=1","width":350,"height":200},"classes":[]},{"id":3798,"url":"https:\/\/artstella-elixirs-floraux.com\/en\/product\/heart-orchid-phi\/","url_meta":{"origin":3762,"position":3},"title":"HEART ORCHID PHI","author":"eveapprill","date":"9 March 2025","format":false,"excerpt":"Heart orchid (Laeliocattleya hybride) Cet \u00e9lixir \u00e9quilibre les \u00e9nergies au niveau du plexus solaire et les qualit\u00e9s du c\u0153ur. Il soutient et harmonise le chakra du c\u0153ur.","rel":"","context":"Similar post","block_context":{"text":"Similar post","link":""},"img":{"alt_text":"","src":"https:\/\/i0.wp.com\/artstella-elixirs-floraux.com\/wp-content\/uploads\/2025\/03\/wp-image510.png?resize=350%2C200&ssl=1","width":350,"height":200},"classes":[]},{"id":3782,"url":"https:\/\/artstella-elixirs-floraux.com\/en\/product\/coordination-orchid-phi\/","url_meta":{"origin":3762,"position":4},"title":"COORDINATION ORCHID PHI","author":"eveapprill","date":"9 March 2025","format":false,"excerpt":"Coordination Orchid (Cymbidium lowianum) Aide \u00e0 habiter le plan physique avec notre conscience cellulaire et \u00e0 stimuler nos forces d'auto gu\u00e9rison.","rel":"","context":"Similar post","block_context":{"text":"Similar post","link":""},"img":{"alt_text":"","src":"https:\/\/i0.wp.com\/artstella-elixirs-floraux.com\/wp-content\/uploads\/2025\/03\/wp-image506.png?resize=350%2C200&ssl=1","width":350,"height":200},"classes":[]},{"id":3778,"url":"https:\/\/artstella-elixirs-floraux.com\/en\/product\/colour-orchid-phi\/","url_meta":{"origin":3762,"position":5},"title":"COLOUR ORCHID PHI","author":"eveapprill","date":"9 March 2025","format":false,"excerpt":"Colour orchid (Oncidium lanceanum) Aide \u00e0 reconna\u00eetre que ce sont nos propres pens\u00e9es qui font la couleur de la vie. L'\u00e9lixir facilite une attitude positive envers la vie. \u00a0","rel":"","context":"Similar post","block_context":{"text":"Similar post","link":""},"img":{"alt_text":"","src":"https:\/\/i0.wp.com\/artstella-elixirs-floraux.com\/wp-content\/uploads\/2025\/03\/wp-image505.png?resize=350%2C200&ssl=1","width":350,"height":200},"classes":[]}],"_links":{"self":[{"href":"https:\/\/artstella-elixirs-floraux.com\/en\/wp-json\/wp\/v2\/product\/3762","targetHints":{"allow":["GET"]}}],"collection":[{"href":"https:\/\/artstella-elixirs-floraux.com\/en\/wp-json\/wp\/v2\/product"}],"about":[{"href":"https:\/\/artstella-elixirs-floraux.com\/en\/wp-json\/wp\/v2\/types\/product"}],"version-history":[{"count":0,"href":"https:\/\/artstella-elixirs-floraux.com\/en\/wp-json\/wp\/v2\/product\/3762\/revisions"}],"wp:featuredmedia":[{"embeddable":true,"href":"https:\/\/artstella-elixirs-floraux.com\/en\/wp-json\/wp\/v2\/media\/3763"}],"wp:attachment":[{"href":"https:\/\/artstella-elixirs-floraux.com\/en\/wp-json\/wp\/v2\/media?parent=3762"}],"wp:term":[{"taxonomy":"product_brand","embeddable":true,"href":"https:\/\/artstella-elixirs-floraux.com\/en\/wp-json\/wp\/v2\/product_brand?post=3762"},{"taxonomy":"product_cat","embeddable":true,"href":"https:\/\/artstella-elixirs-floraux.com\/en\/wp-json\/wp\/v2\/product_cat?post=3762"},{"taxonomy":"product_tag","embeddable":true,"href":"https:\/\/artstella-elixirs-floraux.com\/en\/wp-json\/wp\/v2\/product_tag?post=3762"}],"curies":[{"name":"wp","href":"https:\/\/api.w.org\/{rel}","templated":true}]}}