{"id":3782,"date":"2025-03-09T13:16:05","date_gmt":"2025-03-09T13:16:05","guid":{"rendered":"https:\/\/artstella-elixirs-floraux.com\/product\/coordination-orchid-phi-15-ml\/"},"modified":"2025-06-04T11:36:04","modified_gmt":"2025-06-04T11:36:04","slug":"coordination-orchid-phi","status":"publish","type":"product","link":"https:\/\/artstella-elixirs-floraux.com\/en\/product\/coordination-orchid-phi\/","title":{"rendered":"COORDINATION ORCHID PHI"},"content":{"rendered":"","protected":false},"excerpt":{"rendered":"<p><strong><em><span style=\"color: #008000;\">Coordination Orchid (Cymbidium lowianum)<\/span><br \/>\n<\/em><\/strong>Aide \u00e0 habiter le plan physique avec notre conscience cellulaire et \u00e0 stimuler nos forces d&rsquo;auto gu\u00e9rison.<\/p>","protected":false},"featured_media":3783,"template":"","meta":[],"product_brand":[],"product_cat":[97],"product_tag":[],"class_list":{"0":"post-3782","1":"product","2":"type-product","3":"status-publish","4":"has-post-thumbnail","6":"product_cat-amazonie","8":"first","9":"instock","10":"taxable","11":"shipping-taxable","12":"purchasable","13":"product-type-variable"},"etheme_brands":{"errors":{"invalid_taxonomy":["Invalid taxonomy."]},"error_data":[]},"jetpack_sharing_enabled":true,"jetpack-related-posts":[{"id":3770,"url":"https:\/\/artstella-elixirs-floraux.com\/en\/product\/channeling-orchid-phi\/","url_meta":{"origin":3782,"position":0},"title":"CHANNELING ORCHID PHI","author":"eveapprill","date":"9 March 2025","format":false,"excerpt":"Channeling Orchid (Oncidium Incurvum) Nous aide \u00e0 entrer en contact direct avec la conscience sup\u00e9rieure et \u00e0 mieux entendre notre voix int\u00e9rieure.","rel":"","context":"Similar post","block_context":{"text":"Similar post","link":""},"img":{"alt_text":"","src":"https:\/\/i0.wp.com\/artstella-elixirs-floraux.com\/wp-content\/uploads\/2025\/03\/wp-image503.png?resize=350%2C200&ssl=1","width":350,"height":200},"classes":[]},{"id":3819,"url":"https:\/\/artstella-elixirs-floraux.com\/en\/product\/psyche-orchid-phi\/","url_meta":{"origin":3782,"position":1},"title":"PSYCHE ORCHID PHI","author":"eveapprill","date":"9 March 2025","format":false,"excerpt":"Psyche orchid (Paphiopedilum insigne) Nous aide \u00e0 voir profond\u00e9ment en nous-m\u00eames, jusqu'\u00e0 l'inconscient pour trouver des r\u00e9ponses aux questions de notre vie. L'\u00e9lixir nous aide \u00e0 reconna\u00eetre la t\u00e2che de notre vie.","rel":"","context":"Similar post","block_context":{"text":"Similar post","link":""},"img":{"alt_text":"","src":"https:\/\/i0.wp.com\/artstella-elixirs-floraux.com\/wp-content\/uploads\/2025\/03\/wp-image516.png?resize=350%2C200&ssl=1","width":350,"height":200},"classes":[]},{"id":3823,"url":"https:\/\/artstella-elixirs-floraux.com\/en\/product\/sun-orchid-phi\/","url_meta":{"origin":3782,"position":2},"title":"SUN ORCHID PHI","author":"eveapprill","date":"9 March 2025","format":false,"excerpt":"Sun orchid (Epidendrum chioneum) Relie le plexus solaire aux plans sup\u00e9rieurs. Nous apprenons \u00e0 ne pas voir seulement \u00e0 travers nos propres besoins, mais d'une fa\u00e7on plus large.","rel":"","context":"Similar post","block_context":{"text":"Similar post","link":""},"img":{"alt_text":"","src":"https:\/\/i0.wp.com\/artstella-elixirs-floraux.com\/wp-content\/uploads\/2025\/03\/wp-image517.png?resize=350%2C200&ssl=1","width":350,"height":200},"classes":[]},{"id":3762,"url":"https:\/\/artstella-elixirs-floraux.com\/en\/product\/angel-orchid-phi\/","url_meta":{"origin":3782,"position":3},"title":"ANGEL ORCHID PHI","author":"eveapprill","date":"9 March 2025","format":false,"excerpt":"Angel Orchid (Epidendrum secundum) Nous ouvre \u00e0 la communication avec les plans d'\u00e9nergies sup\u00e9rieurs. Cet \u00e9lixir nous all\u00e8ge et il accro\u00eet ainsi notre sentiment de s\u00e9curit\u00e9.","rel":"","context":"Similar post","block_context":{"text":"Similar post","link":""},"img":{"alt_text":"","src":"https:\/\/i0.wp.com\/artstella-elixirs-floraux.com\/wp-content\/uploads\/2025\/03\/wp-image501.png?resize=350%2C200&ssl=1","width":350,"height":200},"classes":[]},{"id":3778,"url":"https:\/\/artstella-elixirs-floraux.com\/en\/product\/colour-orchid-phi\/","url_meta":{"origin":3782,"position":4},"title":"COLOUR ORCHID PHI","author":"eveapprill","date":"9 March 2025","format":false,"excerpt":"Colour orchid (Oncidium lanceanum) Aide \u00e0 reconna\u00eetre que ce sont nos propres pens\u00e9es qui font la couleur de la vie. L'\u00e9lixir facilite une attitude positive envers la vie. \u00a0","rel":"","context":"Similar post","block_context":{"text":"Similar post","link":""},"img":{"alt_text":"","src":"https:\/\/i0.wp.com\/artstella-elixirs-floraux.com\/wp-content\/uploads\/2025\/03\/wp-image505.png?resize=350%2C200&ssl=1","width":350,"height":200},"classes":[]},{"id":3794,"url":"https:\/\/artstella-elixirs-floraux.com\/en\/product\/fun-orchid-phi\/","url_meta":{"origin":3782,"position":5},"title":"FUN ORCHID PHI","author":"eveapprill","date":"9 March 2025","format":false,"excerpt":"Fun orchid (Vanda tricolor) Augmente notre humour et notre joie de vivre. Nous aide \u00e0 nous voir nous-m\u00eames ainsi que nos probl\u00e8mes d'un point de vue qui permet d'en rire.","rel":"","context":"Similar post","block_context":{"text":"Similar post","link":""},"img":{"alt_text":"","src":"https:\/\/i0.wp.com\/artstella-elixirs-floraux.com\/wp-content\/uploads\/2025\/03\/wp-image509.png?resize=350%2C200&ssl=1","width":350,"height":200},"classes":[]}],"_links":{"self":[{"href":"https:\/\/artstella-elixirs-floraux.com\/en\/wp-json\/wp\/v2\/product\/3782","targetHints":{"allow":["GET"]}}],"collection":[{"href":"https:\/\/artstella-elixirs-floraux.com\/en\/wp-json\/wp\/v2\/product"}],"about":[{"href":"https:\/\/artstella-elixirs-floraux.com\/en\/wp-json\/wp\/v2\/types\/product"}],"version-history":[{"count":0,"href":"https:\/\/artstella-elixirs-floraux.com\/en\/wp-json\/wp\/v2\/product\/3782\/revisions"}],"wp:featuredmedia":[{"embeddable":true,"href":"https:\/\/artstella-elixirs-floraux.com\/en\/wp-json\/wp\/v2\/media\/3783"}],"wp:attachment":[{"href":"https:\/\/artstella-elixirs-floraux.com\/en\/wp-json\/wp\/v2\/media?parent=3782"}],"wp:term":[{"taxonomy":"product_brand","embeddable":true,"href":"https:\/\/artstella-elixirs-floraux.com\/en\/wp-json\/wp\/v2\/product_brand?post=3782"},{"taxonomy":"product_cat","embeddable":true,"href":"https:\/\/artstella-elixirs-floraux.com\/en\/wp-json\/wp\/v2\/product_cat?post=3782"},{"taxonomy":"product_tag","embeddable":true,"href":"https:\/\/artstella-elixirs-floraux.com\/en\/wp-json\/wp\/v2\/product_tag?post=3782"}],"curies":[{"name":"wp","href":"https:\/\/api.w.org\/{rel}","templated":true}]}}