{"id":3798,"date":"2025-03-09T13:16:20","date_gmt":"2025-03-09T13:16:20","guid":{"rendered":"https:\/\/artstella-elixirs-floraux.com\/product\/heart-orchid-phi-15-ml\/"},"modified":"2025-06-04T11:31:54","modified_gmt":"2025-06-04T11:31:54","slug":"heart-orchid-phi","status":"publish","type":"product","link":"https:\/\/artstella-elixirs-floraux.com\/en\/product\/heart-orchid-phi\/","title":{"rendered":"HEART ORCHID PHI"},"content":{"rendered":"","protected":false},"excerpt":{"rendered":"<p><strong><em><span style=\"color: #008000;\">Heart orchid (Laeliocattleya hybride)<\/span><br \/>\n<\/em><\/strong>Cet \u00e9lixir \u00e9quilibre les \u00e9nergies au niveau du plexus solaire et les qualit\u00e9s du c\u0153ur. Il soutient et harmonise le chakra du c\u0153ur.<\/p>","protected":false},"featured_media":3799,"template":"","meta":[],"product_brand":[],"product_cat":[97],"product_tag":[],"class_list":{"0":"post-3798","1":"product","2":"type-product","3":"status-publish","4":"has-post-thumbnail","6":"product_cat-amazonie","8":"first","9":"instock","10":"taxable","11":"shipping-taxable","12":"purchasable","13":"product-type-variable"},"etheme_brands":{"errors":{"invalid_taxonomy":["Invalid taxonomy."]},"error_data":[]},"jetpack_sharing_enabled":true,"jetpack-related-posts":[{"id":4529,"url":"https:\/\/artstella-elixirs-floraux.com\/en\/product\/collier-coeur-heart-phi\/","url_meta":{"origin":3798,"position":0},"title":"COLLIER COEUR\/HEART PHI","author":"eveapprill","date":"9 March 2025","format":false,"excerpt":"Le pendentif \u00ab\u00a0Heart\u00a0\u00bb\u00a0: Equilibre du c\u0153ur En verre souffl\u00e9 transparent avec une perle de quartz rose","rel":"","context":"Similar post","block_context":{"text":"Similar post","link":""},"img":{"alt_text":"","src":"","width":0,"height":0},"classes":[]},{"id":2170,"url":"https:\/\/artstella-elixirs-floraux.com\/en\/product\/green-bog-orchid-alaskan\/","url_meta":{"origin":3798,"position":1},"title":"Green bog orchid Alaskan","author":"eveapprill","date":"9 March 2025","format":false,"excerpt":"Green bog orchid. Platanthera obtusata Sensibilit\u00e9 bloqu\u00e9e par des exp\u00e9riences douloureuses ou effrayantes contenues au niveau du c\u0153ur. GREEN BOG ORCHID ALASKA 7.5 ML","rel":"","context":"Similar post","block_context":{"text":"Similar post","link":""},"img":{"alt_text":"","src":"https:\/\/i0.wp.com\/artstella-elixirs-floraux.com\/wp-content\/uploads\/2025\/03\/wp-image538.png?resize=350%2C200&ssl=1","width":350,"height":200},"classes":[]},{"id":3802,"url":"https:\/\/artstella-elixirs-floraux.com\/en\/product\/higher-self-orchid-phi\/","url_meta":{"origin":3798,"position":2},"title":"HIGHER SELF ORCHID PHI","author":"eveapprill","date":"9 March 2025","format":false,"excerpt":"Cet \u00e9lixir \u00e9quilibre les \u00e9nergies au niveau du plexus solaire et les qualit\u00e9s du c\u0153ur. Il soutient et harmonise le chakra du c\u0153ur.","rel":"","context":"Similar post","block_context":{"text":"Similar post","link":""},"img":{"alt_text":"","src":"https:\/\/i0.wp.com\/artstella-elixirs-floraux.com\/wp-content\/uploads\/2025\/03\/wp-image511.png?resize=350%2C200&ssl=1","width":350,"height":200},"classes":[]},{"id":4991,"url":"https:\/\/artstella-elixirs-floraux.com\/en\/product\/round-leaf-orchid-alaskan-f-sup\/","url_meta":{"origin":3798,"position":3},"title":"ROUND LEAF ORCHID ALASKAN F SUP","author":"eveapprill","date":"9 March 2025","format":false,"excerpt":"Round-Leaf Orchid Amerorchis rotundifolia Am\u00e9norchis Indications\u00a0: r\u00e9actif\u00a0; distrait\u00a0; difficult\u00e9 \u00e0 rester concentr\u00e9 sur la question qui nous occupe\u00a0; ne sachant pas se relier au c\u0153ur dans les moments troubl\u00e9s.","rel":"","context":"Similar post","block_context":{"text":"Similar post","link":""},"img":{"alt_text":"","src":"","width":0,"height":0},"classes":[]},{"id":4876,"url":"https:\/\/artstella-elixirs-floraux.com\/en\/product\/bleeding-heart-alaskan\/","url_meta":{"origin":3798,"position":4},"title":"BLEEDING HEART ALASKAN","author":"eveapprill","date":"9 March 2025","format":false,"excerpt":"BLEEDING HEART Indications : sentiment rejet\u00e9 par l'individu ; coeur ferm\u00e9 aux autres ; manque de compassion pour nous-m\u00eames et les autres ; divisions dans nos relations.","rel":"","context":"Similar post","block_context":{"text":"Similar post","link":""},"img":{"alt_text":"","src":"https:\/\/i0.wp.com\/artstella-elixirs-floraux.com\/wp-content\/uploads\/2025\/03\/wp-image1374.png?resize=350%2C200&ssl=1","width":350,"height":200},"classes":[]},{"id":2174,"url":"https:\/\/artstella-elixirs-floraux.com\/en\/product\/green-fairy-orchid-alaskan\/","url_meta":{"origin":3798,"position":5},"title":"Green fairy orchid Alaskan","author":"eveapprill","date":"9 March 2025","format":false,"excerpt":"Green fairy orchid. Hammarbya paludosa D\u00e9s\u00e9quilibre de base entre les aspects masculins et f\u00e9minins du moi ; difficult\u00e9 \u00e0 r\u00e9soudre les conflits internes ; maintient la s\u00e9paration par la d\u00e9fensive.","rel":"","context":"Similar post","block_context":{"text":"Similar post","link":""},"img":{"alt_text":"","src":"https:\/\/i0.wp.com\/artstella-elixirs-floraux.com\/wp-content\/uploads\/2025\/03\/wp-image539.png?resize=350%2C200&ssl=1","width":350,"height":200},"classes":[]}],"_links":{"self":[{"href":"https:\/\/artstella-elixirs-floraux.com\/en\/wp-json\/wp\/v2\/product\/3798","targetHints":{"allow":["GET"]}}],"collection":[{"href":"https:\/\/artstella-elixirs-floraux.com\/en\/wp-json\/wp\/v2\/product"}],"about":[{"href":"https:\/\/artstella-elixirs-floraux.com\/en\/wp-json\/wp\/v2\/types\/product"}],"version-history":[{"count":0,"href":"https:\/\/artstella-elixirs-floraux.com\/en\/wp-json\/wp\/v2\/product\/3798\/revisions"}],"wp:featuredmedia":[{"embeddable":true,"href":"https:\/\/artstella-elixirs-floraux.com\/en\/wp-json\/wp\/v2\/media\/3799"}],"wp:attachment":[{"href":"https:\/\/artstella-elixirs-floraux.com\/en\/wp-json\/wp\/v2\/media?parent=3798"}],"wp:term":[{"taxonomy":"product_brand","embeddable":true,"href":"https:\/\/artstella-elixirs-floraux.com\/en\/wp-json\/wp\/v2\/product_brand?post=3798"},{"taxonomy":"product_cat","embeddable":true,"href":"https:\/\/artstella-elixirs-floraux.com\/en\/wp-json\/wp\/v2\/product_cat?post=3798"},{"taxonomy":"product_tag","embeddable":true,"href":"https:\/\/artstella-elixirs-floraux.com\/en\/wp-json\/wp\/v2\/product_tag?post=3798"}],"curies":[{"name":"wp","href":"https:\/\/api.w.org\/{rel}","templated":true}]}}