{"id":3802,"date":"2025-03-09T13:16:24","date_gmt":"2025-03-09T13:16:24","guid":{"rendered":"https:\/\/artstella-elixirs-floraux.com\/product\/higher-self-orchid-15-ml-phi\/"},"modified":"2025-06-04T11:30:52","modified_gmt":"2025-06-04T11:30:52","slug":"higher-self-orchid-phi","status":"publish","type":"product","link":"https:\/\/artstella-elixirs-floraux.com\/en\/product\/higher-self-orchid-phi\/","title":{"rendered":"HIGHER SELF ORCHID PHI"},"content":{"rendered":"","protected":false},"excerpt":{"rendered":"<p>Cet \u00e9lixir \u00e9quilibre les \u00e9nergies au niveau du plexus solaire et les qualit\u00e9s du c\u0153ur. Il soutient et harmonise le chakra du c\u0153ur.<\/p>","protected":false},"featured_media":3803,"template":"","meta":[],"product_brand":[],"product_cat":[97],"product_tag":[],"class_list":{"0":"post-3802","1":"product","2":"type-product","3":"status-publish","4":"has-post-thumbnail","6":"product_cat-amazonie","8":"first","9":"instock","10":"taxable","11":"shipping-taxable","12":"purchasable","13":"product-type-variable"},"etheme_brands":{"errors":{"invalid_taxonomy":["Invalid taxonomy."]},"error_data":[]},"jetpack_sharing_enabled":true,"jetpack-related-posts":[{"id":3621,"url":"https:\/\/artstella-elixirs-floraux.com\/en\/product\/messager-du-coeur-ltoe-15-ml\/","url_meta":{"origin":3802,"position":0},"title":"Messager du c\u0153ur LTOE 15 ML","author":"eveapprill","date":"9 March 2025","format":false,"excerpt":"Messenger of the Heart \/ Messager du c\u0153ur Tel un messager sur un cheval blanc, galopant au travers du coeur et pouss\u00e9 par un d\u00e9sir vif d\u2019\u00eatre honn\u00eate et int\u00e8gre, cet \u00e9lixir r\u00e9v\u00e8le les valeurs que l\u2019on tient le plus profond\u00e9ment \u00e0 c\u0153ur. Il aide le c\u0153ur \u00e0 exprimer sa\u2026","rel":"","context":"Similar post","block_context":{"text":"Similar post","link":""},"img":{"alt_text":"","src":"https:\/\/i0.wp.com\/artstella-elixirs-floraux.com\/wp-content\/uploads\/2025\/03\/7c5bf41d-e65b-4d8e-832d-86be0faa2182.jpg?resize=350%2C200&ssl=1","width":350,"height":200,"srcset":"https:\/\/i0.wp.com\/artstella-elixirs-floraux.com\/wp-content\/uploads\/2025\/03\/7c5bf41d-e65b-4d8e-832d-86be0faa2182.jpg?resize=350%2C200&ssl=1 1x, https:\/\/i0.wp.com\/artstella-elixirs-floraux.com\/wp-content\/uploads\/2025\/03\/7c5bf41d-e65b-4d8e-832d-86be0faa2182.jpg?resize=525%2C300&ssl=1 1.5x, https:\/\/i0.wp.com\/artstella-elixirs-floraux.com\/wp-content\/uploads\/2025\/03\/7c5bf41d-e65b-4d8e-832d-86be0faa2182.jpg?resize=700%2C400&ssl=1 2x"},"classes":[]},{"id":5666,"url":"https:\/\/artstella-elixirs-floraux.com\/en\/product\/coeur-de-marie-15-ml-deva\/","url_meta":{"origin":3802,"position":1},"title":"Coeur de Marie 15 ml DEVA","author":"eveapprill","date":"9 March 2025","format":false,"excerpt":"C\u0153ur de Marie Lib\u00e9ration des attachements \u00e9motionnels. Pour ceux qui vivent une exp\u00e9rience douloureuse de s\u00e9paration : perte d\u2019un \u00eatre cher, rupture relationnelle. Pour harmoniser les affaires de coeur dans une relation trop possessive.","rel":"","context":"Similar post","block_context":{"text":"Similar post","link":""},"img":{"alt_text":"","src":"https:\/\/i0.wp.com\/artstella-elixirs-floraux.com\/wp-content\/uploads\/2025\/03\/wp-image2389.png?resize=350%2C200&ssl=1","width":350,"height":200},"classes":[]},{"id":4529,"url":"https:\/\/artstella-elixirs-floraux.com\/en\/product\/collier-coeur-heart-phi\/","url_meta":{"origin":3802,"position":2},"title":"COLLIER COEUR\/HEART PHI","author":"eveapprill","date":"9 March 2025","format":false,"excerpt":"Le pendentif \u00ab\u00a0Heart\u00a0\u00bb\u00a0: Equilibre du c\u0153ur En verre souffl\u00e9 transparent avec une perle de quartz rose","rel":"","context":"Similar post","block_context":{"text":"Similar post","link":""},"img":{"alt_text":"","src":"","width":0,"height":0},"classes":[]},{"id":3588,"url":"https:\/\/artstella-elixirs-floraux.com\/en\/product\/hara-au-coeur-ltoe-15-ml\/","url_meta":{"origin":3802,"position":3},"title":"Hara au c\u0153ur LTOE 15 ml","author":"eveapprill","date":"9 March 2025","format":false,"excerpt":"Du hara au c\u0153ur\/Hara to Heart (Bulbophyllum lobbii - Asie du Sud-Est) Cet \u00e9lixir donne du c\u0153ur au centre, et s\u2019av\u00e8re tr\u00e8s efficace pour ceux qui h\u00e9sitent \u00e0 s\u2019incarner. Il ram\u00e8ne l\u2019\u00e9nergie au 2e chakra,","rel":"","context":"Similar post","block_context":{"text":"Similar post","link":""},"img":{"alt_text":"","src":"https:\/\/i0.wp.com\/artstella-elixirs-floraux.com\/wp-content\/uploads\/2025\/03\/495034bb-0110-4c4b-a090-0c4cb69f1a81.jpg?resize=350%2C200&ssl=1","width":350,"height":200,"srcset":"https:\/\/i0.wp.com\/artstella-elixirs-floraux.com\/wp-content\/uploads\/2025\/03\/495034bb-0110-4c4b-a090-0c4cb69f1a81.jpg?resize=350%2C200&ssl=1 1x, https:\/\/i0.wp.com\/artstella-elixirs-floraux.com\/wp-content\/uploads\/2025\/03\/495034bb-0110-4c4b-a090-0c4cb69f1a81.jpg?resize=525%2C300&ssl=1 1.5x, https:\/\/i0.wp.com\/artstella-elixirs-floraux.com\/wp-content\/uploads\/2025\/03\/495034bb-0110-4c4b-a090-0c4cb69f1a81.jpg?resize=700%2C400&ssl=1 2x"},"classes":[]},{"id":3227,"url":"https:\/\/artstella-elixirs-floraux.com\/en\/product\/coeur-de-marie-phi-15-ml\/","url_meta":{"origin":3802,"position":4},"title":"COEUR DE MARIE PHI 15 ML","author":"eveapprill","date":"9 March 2025","format":false,"excerpt":"C\u0153ur de Marie (Dicentraspectabilis) (Tr\u00e4nendes Herz) Recommand\u00e9 dans tous les probl\u00e8mes affectifs, l'\u00e9lixir aide \u00e0 mieux accepter les situations et \u00e0 prendre le recul n\u00e9cessaire. Il apporte la consolation dans les moments de d\u00e9ception, de s\u00e9paration et de deuil.","rel":"","context":"Similar post","block_context":{"text":"Similar post","link":""},"img":{"alt_text":"","src":"https:\/\/i0.wp.com\/artstella-elixirs-floraux.com\/wp-content\/uploads\/2025\/03\/wp-image394.png?resize=350%2C200&ssl=1","width":350,"height":200},"classes":[]},{"id":4064,"url":"https:\/\/artstella-elixirs-floraux.com\/en\/product\/quinoa-15-ml-sylfos\/","url_meta":{"origin":3802,"position":5},"title":"QUINOA SYLFOS","author":"eveapprill","date":"9 March 2025","format":false,"excerpt":"QUINOA Chenopodium quinoa Ouverture du coeur, compassion. Favorise une ouverture du coeur profonde et sinc\u00e8re en d\u00e9veloppant l\u2019acceptation de soi et la compassion envers autrui.","rel":"","context":"Similar post","block_context":{"text":"Similar post","link":""},"img":{"alt_text":"","src":"","width":0,"height":0},"classes":[]}],"_links":{"self":[{"href":"https:\/\/artstella-elixirs-floraux.com\/en\/wp-json\/wp\/v2\/product\/3802","targetHints":{"allow":["GET"]}}],"collection":[{"href":"https:\/\/artstella-elixirs-floraux.com\/en\/wp-json\/wp\/v2\/product"}],"about":[{"href":"https:\/\/artstella-elixirs-floraux.com\/en\/wp-json\/wp\/v2\/types\/product"}],"version-history":[{"count":0,"href":"https:\/\/artstella-elixirs-floraux.com\/en\/wp-json\/wp\/v2\/product\/3802\/revisions"}],"wp:featuredmedia":[{"embeddable":true,"href":"https:\/\/artstella-elixirs-floraux.com\/en\/wp-json\/wp\/v2\/media\/3803"}],"wp:attachment":[{"href":"https:\/\/artstella-elixirs-floraux.com\/en\/wp-json\/wp\/v2\/media?parent=3802"}],"wp:term":[{"taxonomy":"product_brand","embeddable":true,"href":"https:\/\/artstella-elixirs-floraux.com\/en\/wp-json\/wp\/v2\/product_brand?post=3802"},{"taxonomy":"product_cat","embeddable":true,"href":"https:\/\/artstella-elixirs-floraux.com\/en\/wp-json\/wp\/v2\/product_cat?post=3802"},{"taxonomy":"product_tag","embeddable":true,"href":"https:\/\/artstella-elixirs-floraux.com\/en\/wp-json\/wp\/v2\/product_tag?post=3802"}],"curies":[{"name":"wp","href":"https:\/\/api.w.org\/{rel}","templated":true}]}}