{"id":3819,"date":"2025-03-09T13:16:38","date_gmt":"2025-03-09T13:16:38","guid":{"rendered":"https:\/\/artstella-elixirs-floraux.com\/product\/psyche-orchid-phi-15-ml\/"},"modified":"2025-06-04T11:24:22","modified_gmt":"2025-06-04T11:24:22","slug":"psyche-orchid-phi","status":"publish","type":"product","link":"https:\/\/artstella-elixirs-floraux.com\/en\/product\/psyche-orchid-phi\/","title":{"rendered":"PSYCHE ORCHID PHI"},"content":{"rendered":"","protected":false},"excerpt":{"rendered":"<p><strong><em><span style=\"color: #008000;\">Psyche orchid (Paphiopedilum insigne)<\/span><br \/>\n<\/em><\/strong>Nous aide \u00e0 voir profond\u00e9ment en nous-m\u00eames, jusqu&rsquo;\u00e0 l&rsquo;inconscient pour trouver des r\u00e9ponses aux questions de notre vie. L&rsquo;\u00e9lixir nous aide \u00e0 reconna\u00eetre la t\u00e2che de notre vie.<\/p>","protected":false},"featured_media":3820,"template":"","meta":[],"product_brand":[],"product_cat":[97],"product_tag":[],"class_list":{"0":"post-3819","1":"product","2":"type-product","3":"status-publish","4":"has-post-thumbnail","6":"product_cat-amazonie","8":"first","9":"instock","10":"taxable","11":"shipping-taxable","12":"purchasable","13":"product-type-variable"},"etheme_brands":{"errors":{"invalid_taxonomy":["Invalid taxonomy."]},"error_data":[]},"jetpack_sharing_enabled":true,"jetpack-related-posts":[{"id":3778,"url":"https:\/\/artstella-elixirs-floraux.com\/en\/product\/colour-orchid-phi\/","url_meta":{"origin":3819,"position":0},"title":"COLOUR ORCHID PHI","author":"eveapprill","date":"9 March 2025","format":false,"excerpt":"Colour orchid (Oncidium lanceanum) Aide \u00e0 reconna\u00eetre que ce sont nos propres pens\u00e9es qui font la couleur de la vie. L'\u00e9lixir facilite une attitude positive envers la vie. \u00a0","rel":"","context":"Similar post","block_context":{"text":"Similar post","link":""},"img":{"alt_text":"","src":"https:\/\/i0.wp.com\/artstella-elixirs-floraux.com\/wp-content\/uploads\/2025\/03\/wp-image505.png?resize=350%2C200&ssl=1","width":350,"height":200},"classes":[]},{"id":3752,"url":"https:\/\/artstella-elixirs-floraux.com\/en\/product\/power-orchid-cuba-15ml-phi\/","url_meta":{"origin":3819,"position":1},"title":"POWER ORCHID (CUBA) 15ML PHI","author":"eveapprill","date":"9 March 2025","format":false,"excerpt":"POWER ORCHID Cirrhopetalum ornatissimum\u00a0\u00ab\u00a0Orchid\u00e9e de pouvoir\u00a0\u00bb\u00a0Cette orchid\u00e9e est originaire d\u2019Asie. L\u2019\u00e9lixir\u00a0: quand dans notre vie, nous sommes arriv\u00e9s \u00e0 un point o\u00f9 nous d\u00e9sirons nous d\u00e9velopper int\u00e9rieurement.","rel":"","context":"Similar post","block_context":{"text":"Similar post","link":""},"img":{"alt_text":"","src":"","width":0,"height":0},"classes":[]},{"id":3750,"url":"https:\/\/artstella-elixirs-floraux.com\/en\/product\/green-orchid-cuba-15ml-phi\/","url_meta":{"origin":3819,"position":2},"title":"GREEN ORCHID (CUBA) 15ML PHI","author":"eveapprill","date":"9 March 2025","format":false,"excerpt":"GREEN ORCHIDEpidendrum umbellatum\u00a0\u00ab\u00a0Orchid\u00e9e verte\u00a0\u00bb\u00a0Les p\u00e9tales de la fleur contiennent de la chlorophylle comme les feuilles et peuvent de ce fait \u00e9galement r\u00e9aliser la photosynth\u00e8se.","rel":"","context":"Similar post","block_context":{"text":"Similar post","link":""},"img":{"alt_text":"","src":"","width":0,"height":0},"classes":[]},{"id":5336,"url":"https:\/\/artstella-elixirs-floraux.com\/en\/product\/silver-shadow-spray\/","url_meta":{"origin":3819,"position":3},"title":"SILVER SHADOW SPRAY","author":"eveapprill","date":"9 March 2025","format":false,"excerpt":"Silver Shadow \u2013 Ombre argent\u00e9e Aide \u00e0 percevoir les forces obscures ambiantes et nous permet de choisir ce que nous acceptons dans notre environnement. \u201cbleu\u201d avec les huiles de Leleshwa, Myrrhe et Neroli","rel":"","context":"Similar post","block_context":{"text":"Similar post","link":""},"img":{"alt_text":"","src":"https:\/\/i0.wp.com\/artstella-elixirs-floraux.com\/wp-content\/uploads\/2025\/03\/wp-image1739.png?resize=350%2C200&ssl=1","width":350,"height":200},"classes":[]},{"id":3770,"url":"https:\/\/artstella-elixirs-floraux.com\/en\/product\/channeling-orchid-phi\/","url_meta":{"origin":3819,"position":4},"title":"CHANNELING ORCHID PHI","author":"eveapprill","date":"9 March 2025","format":false,"excerpt":"Channeling Orchid (Oncidium Incurvum) Nous aide \u00e0 entrer en contact direct avec la conscience sup\u00e9rieure et \u00e0 mieux entendre notre voix int\u00e9rieure.","rel":"","context":"Similar post","block_context":{"text":"Similar post","link":""},"img":{"alt_text":"","src":"https:\/\/i0.wp.com\/artstella-elixirs-floraux.com\/wp-content\/uploads\/2025\/03\/wp-image503.png?resize=350%2C200&ssl=1","width":350,"height":200},"classes":[]},{"id":3782,"url":"https:\/\/artstella-elixirs-floraux.com\/en\/product\/coordination-orchid-phi\/","url_meta":{"origin":3819,"position":5},"title":"COORDINATION ORCHID PHI","author":"eveapprill","date":"9 March 2025","format":false,"excerpt":"Coordination Orchid (Cymbidium lowianum) Aide \u00e0 habiter le plan physique avec notre conscience cellulaire et \u00e0 stimuler nos forces d'auto gu\u00e9rison.","rel":"","context":"Similar post","block_context":{"text":"Similar post","link":""},"img":{"alt_text":"","src":"https:\/\/i0.wp.com\/artstella-elixirs-floraux.com\/wp-content\/uploads\/2025\/03\/wp-image506.png?resize=350%2C200&ssl=1","width":350,"height":200},"classes":[]}],"_links":{"self":[{"href":"https:\/\/artstella-elixirs-floraux.com\/en\/wp-json\/wp\/v2\/product\/3819","targetHints":{"allow":["GET"]}}],"collection":[{"href":"https:\/\/artstella-elixirs-floraux.com\/en\/wp-json\/wp\/v2\/product"}],"about":[{"href":"https:\/\/artstella-elixirs-floraux.com\/en\/wp-json\/wp\/v2\/types\/product"}],"version-history":[{"count":0,"href":"https:\/\/artstella-elixirs-floraux.com\/en\/wp-json\/wp\/v2\/product\/3819\/revisions"}],"wp:featuredmedia":[{"embeddable":true,"href":"https:\/\/artstella-elixirs-floraux.com\/en\/wp-json\/wp\/v2\/media\/3820"}],"wp:attachment":[{"href":"https:\/\/artstella-elixirs-floraux.com\/en\/wp-json\/wp\/v2\/media?parent=3819"}],"wp:term":[{"taxonomy":"product_brand","embeddable":true,"href":"https:\/\/artstella-elixirs-floraux.com\/en\/wp-json\/wp\/v2\/product_brand?post=3819"},{"taxonomy":"product_cat","embeddable":true,"href":"https:\/\/artstella-elixirs-floraux.com\/en\/wp-json\/wp\/v2\/product_cat?post=3819"},{"taxonomy":"product_tag","embeddable":true,"href":"https:\/\/artstella-elixirs-floraux.com\/en\/wp-json\/wp\/v2\/product_tag?post=3819"}],"curies":[{"name":"wp","href":"https:\/\/api.w.org\/{rel}","templated":true}]}}