{"id":3832,"date":"2025-03-09T13:16:50","date_gmt":"2025-03-09T13:16:50","guid":{"rendered":"https:\/\/artstella-elixirs-floraux.com\/product\/victoria-regia-15-ml-phi\/"},"modified":"2025-06-04T11:14:39","modified_gmt":"2025-06-04T11:14:39","slug":"victoria-regia-15-ml-phi","status":"publish","type":"product","link":"https:\/\/artstella-elixirs-floraux.com\/en\/product\/victoria-regia-15-ml-phi\/","title":{"rendered":"VICTORIA REGIA PHI"},"content":{"rendered":"","protected":false},"excerpt":{"rendered":"<p><strong><em><span style=\"color: #008080;\">Victoria regia (Victoria amazonica)<\/span><br \/>\n<\/em><\/strong>apporte une forte \u00e9nergie dans les processus de grande transformation. L&rsquo;\u00e9nergie monte du premier chakra. Nous pouvons \u00e9prouver de la confiance et nous laisser aller au cours de la vie. L&rsquo;\u00e9lixir accompagne les processus indispensables de l\u00e2cher prise aussi bien dans la vie qu&rsquo;au moment de la mort.<\/p>","protected":false},"featured_media":3833,"template":"","meta":[],"product_brand":[],"product_cat":[97],"product_tag":[],"class_list":{"0":"post-3832","1":"product","2":"type-product","3":"status-publish","4":"has-post-thumbnail","6":"product_cat-amazonie","8":"first","9":"instock","10":"taxable","11":"shipping-taxable","12":"purchasable","13":"product-type-variable"},"etheme_brands":{"errors":{"invalid_taxonomy":["Invalid taxonomy."]},"error_data":[]},"jetpack_sharing_enabled":true,"jetpack-related-posts":[{"id":2892,"url":"https:\/\/artstella-elixirs-floraux.com\/en\/product\/walnut-15-ml-phi\/","url_meta":{"origin":3832,"position":0},"title":"WALNUT 15 ML PHI","author":"eveapprill","date":"9 March 2025","format":false,"excerpt":"Walnut (Juglans regia) (Noyer) Nous soutient dans tous processus de transformation, lors de changements importants. Pour faciliter un nouveau d\u00e9part.","rel":"","context":"Similar post","block_context":{"text":"Similar post","link":""},"img":{"alt_text":"","src":"https:\/\/i0.wp.com\/artstella-elixirs-floraux.com\/wp-content\/uploads\/2025\/03\/wp-image1100.png?resize=350%2C200&ssl=1","width":350,"height":200},"classes":[]},{"id":5942,"url":"https:\/\/artstella-elixirs-floraux.com\/en\/product\/noyer-15ml-deva\/","url_meta":{"origin":3832,"position":1},"title":"Noyer 15ml DEVA","author":"eveapprill","date":"9 March 2025","format":false,"excerpt":"Noyer - Walnut Juglans regia Lib\u00e9ration des liens du pass\u00e9, protection Aide \u00e0 se d\u00e9barrasser des liens du pass\u00e9. Pour ceux qui ont besoin de se prot\u00e9ger des influences ext\u00e9rieures, surtout pendant les p\u00e9riodes de changement.","rel":"","context":"Similar post","block_context":{"text":"Similar post","link":""},"img":{"alt_text":"","src":"","width":0,"height":0},"classes":[]},{"id":2315,"url":"https:\/\/artstella-elixirs-floraux.com\/en\/product\/sweetgrass-alaskan\/","url_meta":{"origin":3832,"position":2},"title":"Sweetgrass Alaskan","author":"eveapprill","date":"9 March 2025","format":false,"excerpt":"Sweetgrass. Hierochloe odorata Blocage de l'\u00e9nergie dans le corps \u00e9th\u00e9rique, faible circulation d'\u00e9nergie durant la journ\u00e9e, difficult\u00e9 \u00e0 aller au bout des processus,","rel":"","context":"Similar post","block_context":{"text":"Similar post","link":""},"img":{"alt_text":"","src":"https:\/\/i0.wp.com\/artstella-elixirs-floraux.com\/wp-content\/uploads\/2025\/03\/wp-image592.png?resize=350%2C200&ssl=1","width":350,"height":200},"classes":[]},{"id":5142,"url":"https:\/\/artstella-elixirs-floraux.com\/en\/product\/puerta-del-sol-porte-du-soleil\/","url_meta":{"origin":3832,"position":3},"title":"PUERTA DEL SOL \/ PORTE DU SOLEIL","author":"eveapprill","date":"9 March 2025","format":false,"excerpt":"PUERTA DEL SOL \/ PORTE DU SOLEIL\u00a0 15 ML Un \u00e9lixir pour accompagner le processus de l\u2019initiation spirituelle et de l\u2019\u00e9veil des \u00e9nergies Kundalini. Permet de retrouver nos facult\u00e9s suprasensibles. Il nous permet d\u2019arriver ou d\u2019envisager notre sommet, un couronnement int\u00e9rieur, envers nous-m\u00eames et la nature.","rel":"","context":"Similar post","block_context":{"text":"Similar post","link":""},"img":{"alt_text":"","src":"","width":0,"height":0},"classes":[]},{"id":3415,"url":"https:\/\/artstella-elixirs-floraux.com\/en\/product\/earth-star-cactus-15-ml-phi\/","url_meta":{"origin":3832,"position":4},"title":"EARTH STAR CACTUS 15 ML PHI","author":"eveapprill","date":"9 March 2025","format":false,"excerpt":"Earth star cactus (Stapelia Desmetiana) nettoie \u00e9nergiquement les \u00e9nergies de base. Il agit fortement sur le premier chakra en intensifiant notre lien \u00e0 notre M\u00e8re la Terre. Il accompagne les processus de \u00ab\u00a0d\u00e9sintoxication\u00a0\u00bb \u00e9motionnelle.","rel":"","context":"Similar post","block_context":{"text":"Similar post","link":""},"img":{"alt_text":"","src":"https:\/\/i0.wp.com\/artstella-elixirs-floraux.com\/wp-content\/uploads\/2025\/03\/wp-image377.png?resize=350%2C200&ssl=1","width":350,"height":200},"classes":[]},{"id":4833,"url":"https:\/\/artstella-elixirs-floraux.com\/en\/product\/le-jardin-de-perelandra-tome-2\/","url_meta":{"origin":3832,"position":5},"title":"LE JARDIN DE PERELANDRA TOME 2","author":"eveapprill","date":"9 March 2025","format":false,"excerpt":"LE JARDIN DE PERELANDRA TOME 2 Processus \u00e9nerg\u00e9tiques co-cr\u00e9atifs pour votre jardin","rel":"","context":"Similar post","block_context":{"text":"Similar post","link":""},"img":{"alt_text":"","src":"https:\/\/i0.wp.com\/artstella-elixirs-floraux.com\/wp-content\/uploads\/2025\/03\/wp-image1346.png?resize=350%2C200&ssl=1","width":350,"height":200},"classes":[]}],"_links":{"self":[{"href":"https:\/\/artstella-elixirs-floraux.com\/en\/wp-json\/wp\/v2\/product\/3832","targetHints":{"allow":["GET"]}}],"collection":[{"href":"https:\/\/artstella-elixirs-floraux.com\/en\/wp-json\/wp\/v2\/product"}],"about":[{"href":"https:\/\/artstella-elixirs-floraux.com\/en\/wp-json\/wp\/v2\/types\/product"}],"version-history":[{"count":0,"href":"https:\/\/artstella-elixirs-floraux.com\/en\/wp-json\/wp\/v2\/product\/3832\/revisions"}],"wp:featuredmedia":[{"embeddable":true,"href":"https:\/\/artstella-elixirs-floraux.com\/en\/wp-json\/wp\/v2\/media\/3833"}],"wp:attachment":[{"href":"https:\/\/artstella-elixirs-floraux.com\/en\/wp-json\/wp\/v2\/media?parent=3832"}],"wp:term":[{"taxonomy":"product_brand","embeddable":true,"href":"https:\/\/artstella-elixirs-floraux.com\/en\/wp-json\/wp\/v2\/product_brand?post=3832"},{"taxonomy":"product_cat","embeddable":true,"href":"https:\/\/artstella-elixirs-floraux.com\/en\/wp-json\/wp\/v2\/product_cat?post=3832"},{"taxonomy":"product_tag","embeddable":true,"href":"https:\/\/artstella-elixirs-floraux.com\/en\/wp-json\/wp\/v2\/product_tag?post=3832"}],"curies":[{"name":"wp","href":"https:\/\/api.w.org\/{rel}","templated":true}]}}