{"id":3871,"date":"2025-03-09T13:17:25","date_gmt":"2025-03-09T13:17:25","guid":{"rendered":"https:\/\/artstella-elixirs-floraux.com\/product\/etoile-de-mer-15-ml-phi\/"},"modified":"2025-04-23T11:58:55","modified_gmt":"2025-04-23T11:58:55","slug":"etoile-de-mer-15-ml-phi","status":"publish","type":"product","link":"https:\/\/artstella-elixirs-floraux.com\/en\/product\/etoile-de-mer-15-ml-phi\/","title":{"rendered":"ETOILE DE MER 15 ML PHI"},"content":{"rendered":"","protected":false},"excerpt":{"rendered":"<p><span style=\"color: #008000;\"><strong>Etoile de mer<\/strong><\/span><\/p>\n<p>Seestern Elle d\u00e9veloppe au travers de l\u2019\u00e9lixir une conscience plus fine dans la perception des sens. Ainsi, les relations interpersonnelles peuvent \u00eatre mieux per\u00e7ues. Les contacts sociaux et la communication sont favoris\u00e9s.<\/p>","protected":false},"featured_media":3872,"template":"","meta":[],"product_brand":[],"product_cat":[99],"product_tag":[],"class_list":{"0":"post-3871","1":"product","2":"type-product","3":"status-publish","4":"has-post-thumbnail","6":"product_cat-les-elixirs-de-la-mer","8":"first","9":"instock","10":"taxable","11":"shipping-taxable","12":"purchasable","13":"product-type-variable"},"etheme_brands":{"errors":{"invalid_taxonomy":["Invalid taxonomy."]},"error_data":[]},"jetpack_sharing_enabled":true,"jetpack-related-posts":[{"id":4533,"url":"https:\/\/artstella-elixirs-floraux.com\/en\/product\/coffret-110-elixirs-de-la-mer-15ml-phi\/","url_meta":{"origin":3871,"position":0},"title":"COFFRET (1)10 Elixirs de la MER 15ML PHI","author":"eveapprill","date":"9 March 2025","format":false,"excerpt":"Les Elixirs de la Mer Coffret 1 : contient\u00a0Algue, Delph, Crabe, Gal\u00e8re portuguaise, Blennie, An\u00e9mone de mer, Oursin, Aplysie, Etoile de mer, Baleine","rel":"","context":"Similar post","block_context":{"text":"Similar post","link":""},"img":{"alt_text":"","src":"https:\/\/i0.wp.com\/artstella-elixirs-floraux.com\/wp-content\/uploads\/2025\/03\/wp-image1150.png?resize=350%2C200&ssl=1","width":350,"height":200,"srcset":"https:\/\/i0.wp.com\/artstella-elixirs-floraux.com\/wp-content\/uploads\/2025\/03\/wp-image1150.png?resize=350%2C200&ssl=1 1x, https:\/\/i0.wp.com\/artstella-elixirs-floraux.com\/wp-content\/uploads\/2025\/03\/wp-image1150.png?resize=525%2C300&ssl=1 1.5x, https:\/\/i0.wp.com\/artstella-elixirs-floraux.com\/wp-content\/uploads\/2025\/03\/wp-image1150.png?resize=700%2C400&ssl=1 2x"},"classes":[]},{"id":6155,"url":"https:\/\/artstella-elixirs-floraux.com\/en\/product\/coffret-3-8-elixirs-de-la-mer-phi\/","url_meta":{"origin":3871,"position":1},"title":"COFFRET (3) 8 Elixirs de la Mer PHI","author":"eveapprill","date":"9 March 2025","format":false,"excerpt":"Coffret (3) 8 \u00e9lixirs de la mer Comprend les \u00e9lixirs de : Holothuroidea (Concombre de la mer), Beluga, Groseille de mer, Hypselodoris, Ver de feu barbu, Orque, et Flabelline mauve","rel":"","context":"Similar post","block_context":{"text":"Similar post","link":""},"img":{"alt_text":"","src":"","width":0,"height":0},"classes":[]},{"id":5918,"url":"https:\/\/artstella-elixirs-floraux.com\/en\/product\/etoile-de-bethleem-15ml-deva\/","url_meta":{"origin":3871,"position":2},"title":"Etoile de Bethl\u00e9em 15ml DEVA","author":"eveapprill","date":"9 March 2025","format":false,"excerpt":"\u00c9toile de Bethl\u00e9em - Star of Bethlehem Ornithogalum umbellatum Paix, r\u00e9confort L'\u00e9lixir floral \u00e9toile de Bethl\u00e9em apaise et calme apr\u00e8s un choc, une \u00e9preuve ou une mauvaise nouvelle. Neutralise les effets de tout choc pass\u00e9 ou pr\u00e9sent, aussi bien sur le plan mental que sur le plan \u00e9motionnel.","rel":"","context":"Similar post","block_context":{"text":"Similar post","link":""},"img":{"alt_text":"","src":"","width":0,"height":0},"classes":[]},{"id":5508,"url":"https:\/\/artstella-elixirs-floraux.com\/en\/product\/concombre-de-mer\/","url_meta":{"origin":3871,"position":3},"title":"Concombre de mer","author":"eveapprill","date":"9 March 2025","format":false,"excerpt":"Concombre de mer (Seegurke) (Holothuroidea) \u00a0 L\u2019\u00e9lixir agit \u00e9nerg\u00e9tiquement au niveau du gros intestin et soutient les processus de la digestion. Il agit au niveau \u00e9motionnel permettant de traiter et de dig\u00e9rer les choses. On peut ainsi de lib\u00e9rer des choses qui nous p\u00e8sent.","rel":"","context":"Similar post","block_context":{"text":"Similar post","link":""},"img":{"alt_text":"","src":"https:\/\/i0.wp.com\/artstella-elixirs-floraux.com\/wp-content\/uploads\/2025\/03\/wp-image1749.png?resize=350%2C200&ssl=1","width":350,"height":200},"classes":[]},{"id":3859,"url":"https:\/\/artstella-elixirs-floraux.com\/en\/product\/anemone-de-mer-phi-15-ml\/","url_meta":{"origin":3871,"position":4},"title":"ANEMONE DE MER PHI 15 ML","author":"eveapprill","date":"9 March 2025","format":false,"excerpt":"An\u00e9mone de mer ( Stichodactyla mertensii) Seeanemone. Renforce la conscience de groupe et sa coh\u00e9sion. Aide \u00e0 discerner ce qui va ensemble. Aide \u00e0 rel\u00e2cher les tensions.","rel":"","context":"Similar post","block_context":{"text":"Similar post","link":""},"img":{"alt_text":"","src":"","width":0,"height":0},"classes":[]},{"id":5512,"url":"https:\/\/artstella-elixirs-floraux.com\/en\/product\/groseille-de-mer\/","url_meta":{"origin":3871,"position":5},"title":"GROSEILLE DE MER","author":"eveapprill","date":"9 March 2025","format":false,"excerpt":"GROSEILLE DE MER Seestachelbeere (Pleurobrachia pileus) Animal luminescent vivant dans l\u2019eau sal\u00e9e de la mer du Nord, d\u2019environ 8 cm, de forme allong\u00e9e, creux \u00e0 l\u2019int\u00e9rieur et\u00a0 transparent. Les contours ont une substance lumineuse, qui, s\u2019ils sont \u00e9clair\u00e9s par une lampe de poche, s\u2019irisent des couleurs de l\u2019arc en ciel.","rel":"","context":"Similar post","block_context":{"text":"Similar post","link":""},"img":{"alt_text":"","src":"https:\/\/i0.wp.com\/artstella-elixirs-floraux.com\/wp-content\/uploads\/2025\/03\/wp-image1751.png?resize=350%2C200&ssl=1","width":350,"height":200},"classes":[]}],"_links":{"self":[{"href":"https:\/\/artstella-elixirs-floraux.com\/en\/wp-json\/wp\/v2\/product\/3871","targetHints":{"allow":["GET"]}}],"collection":[{"href":"https:\/\/artstella-elixirs-floraux.com\/en\/wp-json\/wp\/v2\/product"}],"about":[{"href":"https:\/\/artstella-elixirs-floraux.com\/en\/wp-json\/wp\/v2\/types\/product"}],"version-history":[{"count":0,"href":"https:\/\/artstella-elixirs-floraux.com\/en\/wp-json\/wp\/v2\/product\/3871\/revisions"}],"wp:featuredmedia":[{"embeddable":true,"href":"https:\/\/artstella-elixirs-floraux.com\/en\/wp-json\/wp\/v2\/media\/3872"}],"wp:attachment":[{"href":"https:\/\/artstella-elixirs-floraux.com\/en\/wp-json\/wp\/v2\/media?parent=3871"}],"wp:term":[{"taxonomy":"product_brand","embeddable":true,"href":"https:\/\/artstella-elixirs-floraux.com\/en\/wp-json\/wp\/v2\/product_brand?post=3871"},{"taxonomy":"product_cat","embeddable":true,"href":"https:\/\/artstella-elixirs-floraux.com\/en\/wp-json\/wp\/v2\/product_cat?post=3871"},{"taxonomy":"product_tag","embeddable":true,"href":"https:\/\/artstella-elixirs-floraux.com\/en\/wp-json\/wp\/v2\/product_tag?post=3871"}],"curies":[{"name":"wp","href":"https:\/\/api.w.org\/{rel}","templated":true}]}}