{"id":3875,"date":"2025-03-09T13:17:30","date_gmt":"2025-03-09T13:17:30","guid":{"rendered":"https:\/\/artstella-elixirs-floraux.com\/product\/baleine-pilote-15ml-phi\/"},"modified":"2025-04-23T11:57:31","modified_gmt":"2025-04-23T11:57:31","slug":"baleine-pilote-15ml-phi","status":"publish","type":"product","link":"https:\/\/artstella-elixirs-floraux.com\/en\/product\/baleine-pilote-15ml-phi\/","title":{"rendered":"BALEINE PILOTE 15ML PHI"},"content":{"rendered":"<p><span style=\"color: #008000;\"><strong>Baleine<\/strong><\/span> (Globicephala melas) Pilotwal<\/p>\n<p>Les baleines sont les gardiennes du savoir. Leur amour peut \u00eatre apparent\u00e9 \u00e0 l\u2019amour parental. L\u2019\u00e9lixir agit sur le chakra du c\u0153ur, en l\u2019ouvrant largement (on peut envisager une combinaison avec le quartz rose). Il est possible de prendre conscience, \u00e0 travers une exp\u00e9rience profonde, de l&rsquo;amour inconditionnel. Nous nous rappelons de notre r\u00f4le de gardiens de la plan\u00e8te et reconnaissons notre t\u00e2che. Cet \u00e9lixir devrait \u00eatre pris apr\u00e8s avoir exp\u00e9riment\u00e9 l\u2019\u00e9lixir Delph.<\/p>","protected":false},"excerpt":{"rendered":"<p><strong><span style=\"color: #008000;\">Baleine <\/span><\/strong>(Globicephala melas)<\/p>\n<p>L\u2019\u00e9lixir agit sur le chakra du c\u0153ur, en l\u2019ouvrant largement. Ouvre notre conscience envers notre plan\u00e8te.<\/p>","protected":false},"featured_media":3876,"template":"","meta":[],"product_brand":[],"product_cat":[99],"product_tag":[],"class_list":{"0":"post-3875","1":"product","2":"type-product","3":"status-publish","4":"has-post-thumbnail","6":"product_cat-les-elixirs-de-la-mer","8":"first","9":"instock","10":"taxable","11":"shipping-taxable","12":"purchasable","13":"product-type-variable"},"etheme_brands":{"errors":{"invalid_taxonomy":["Invalid taxonomy."]},"error_data":[]},"jetpack_sharing_enabled":true,"jetpack-related-posts":[{"id":4527,"url":"https:\/\/artstella-elixirs-floraux.com\/en\/product\/collier-baleine-phi\/","url_meta":{"origin":3875,"position":0},"title":"COLLIER BALEINE PHI","author":"eveapprill","date":"9 March 2025","format":false,"excerpt":"Le pendentif \"Baleine\" En verre souffl\u00e9 bleu. L\u2019\u00e9lixir apporte une sensation de protection qui favorise l\u2019ouverture du c\u0153ur et permet de vivre plus consciemment et d\u2019\u2019\u00eatre plus conscient des buts de notre vie.","rel":"","context":"Similar post","block_context":{"text":"Similar post","link":""},"img":{"alt_text":"","src":"https:\/\/i0.wp.com\/artstella-elixirs-floraux.com\/wp-content\/uploads\/2025\/03\/wp-image2481.png?resize=350%2C200&ssl=1","width":350,"height":200},"classes":[]},{"id":5852,"url":"https:\/\/artstella-elixirs-floraux.com\/en\/product\/la-baleine-a-bosse-humpbackwhale-15ml-phi\/","url_meta":{"origin":3875,"position":1},"title":"La baleine \u00e0 bosse (Humpbackwhale) 15ml PHI","author":"eveapprill","date":"9 March 2025","format":false,"excerpt":"La baleine \u00e0 bosse (Humpbackwhale)\u00a0 Cette baleine ouvre notre conscience \u00e0 la 5\u00e8me dimension. Nous pouvons nous connecter au-del\u00e0 de l\u2019espace et du temps \u00e0 l\u2019exp\u00e9rience int\u00e9rieure de la matrice et du son. Favorable aux exp\u00e9riences transpersonnelles et \u00e0 la m\u00e9ditation. Il est important que la personne soit bien enracin\u00e9e.","rel":"","context":"Similar post","block_context":{"text":"Similar post","link":""},"img":{"alt_text":"","src":"","width":0,"height":0},"classes":[]},{"id":5854,"url":"https:\/\/artstella-elixirs-floraux.com\/en\/product\/baleine-franche-glattwal-southern-right-whale-phi\/","url_meta":{"origin":3875,"position":2},"title":"Baleine franche &#8211; Glattwal (Southern Right Whale) PHI","author":"eveapprill","date":"9 March 2025","format":false,"excerpt":"Baleine franche - Glattwal (Southern Right Whale) Cette baleine \u00e9met des sons sur un tr\u00e8s large spectre. Elle nous ouvre \u00e0 une exp\u00e9rience de la quatri\u00e8me et la cinqui\u00e8me dimension. Nous comprenons que nous sommes tous connect\u00e9s et que la s\u00e9paration est illusion. Accompagne les m\u00e9ditations et les exp\u00e9riences transpersonnelles.\u2026","rel":"","context":"Similar post","block_context":{"text":"Similar post","link":""},"img":{"alt_text":"","src":"","width":0,"height":0},"classes":[]},{"id":4281,"url":"https:\/\/artstella-elixirs-floraux.com\/en\/product\/whale-baleine-wea-30-ml\/","url_meta":{"origin":3875,"position":3},"title":"WHALE\/BALEINE WEA 30 ML","author":"eveapprill","date":"9 March 2025","format":false,"excerpt":"Whale (baleine) Pour se connecter avec les plans sup\u00e9rieurs de conscience, au-del\u00e0 du royaume terrestre. Pour l\u2019expansion aux niveaux les plus profonds. Calme et \u00e9claircit l\u2019esprit. Pour explorer la r\u00e9alit\u00e9 dans sa plus vaste totalit\u00e9.","rel":"","context":"Similar post","block_context":{"text":"Similar post","link":""},"img":{"alt_text":"","src":"https:\/\/i0.wp.com\/artstella-elixirs-floraux.com\/wp-content\/uploads\/2025\/03\/wp-image2261.png?resize=350%2C200&ssl=1","width":350,"height":200,"srcset":"https:\/\/i0.wp.com\/artstella-elixirs-floraux.com\/wp-content\/uploads\/2025\/03\/wp-image2261.png?resize=350%2C200&ssl=1 1x, https:\/\/i0.wp.com\/artstella-elixirs-floraux.com\/wp-content\/uploads\/2025\/03\/wp-image2261.png?resize=525%2C300&ssl=1 1.5x, https:\/\/i0.wp.com\/artstella-elixirs-floraux.com\/wp-content\/uploads\/2025\/03\/wp-image2261.png?resize=700%2C400&ssl=1 2x, https:\/\/i0.wp.com\/artstella-elixirs-floraux.com\/wp-content\/uploads\/2025\/03\/wp-image2261.png?resize=1050%2C600&ssl=1 3x"},"classes":[]},{"id":3843,"url":"https:\/\/artstella-elixirs-floraux.com\/en\/product\/delph-dauphin-15-ml-phi\/","url_meta":{"origin":3875,"position":4},"title":"DELPH Elixir des Dauphins PHI","author":"eveapprill","date":"9 March 2025","format":false,"excerpt":"Delph (Tursiops truncatus) Delph est un \u00e9lixir \u00e0 part. Il a pu \u00eatre r\u00e9alis\u00e9 avec l\u2019aide des dauphins dans la mer. existe aussi en spray, en cr\u00e8me et en pendentif","rel":"","context":"Similar post","block_context":{"text":"Similar post","link":""},"img":{"alt_text":"","src":"","width":0,"height":0},"classes":[]},{"id":6060,"url":"https:\/\/artstella-elixirs-floraux.com\/en\/product\/elixir-ocean-n16-phi-15ml\/","url_meta":{"origin":3875,"position":5},"title":"ELIXIR OCEAN N\u00b016 PHI 15ML","author":"eveapprill","date":"9 March 2025","format":false,"excerpt":"L\u2019\u00e9lixir agit \u00e9nerg\u00e9tiquement en lib\u00e9rant des vieux sch\u00e9mas et sentiments. Les limitations int\u00e9rieures peuvent \u00eatre transform\u00e9es et les blocages dissouts. Cela contribue \u00e0 am\u00e9liorer la confiance en soi et il est alors plus ais\u00e9 d\u2019aborder les autres de fa\u00e7on plus cordiale et sans pr\u00e9jug\u00e9s.","rel":"","context":"Similar post","block_context":{"text":"Similar post","link":""},"img":{"alt_text":"","src":"https:\/\/i0.wp.com\/artstella-elixirs-floraux.com\/wp-content\/uploads\/2025\/03\/wp-image2054.png?resize=350%2C200&ssl=1","width":350,"height":200},"classes":[]}],"_links":{"self":[{"href":"https:\/\/artstella-elixirs-floraux.com\/en\/wp-json\/wp\/v2\/product\/3875","targetHints":{"allow":["GET"]}}],"collection":[{"href":"https:\/\/artstella-elixirs-floraux.com\/en\/wp-json\/wp\/v2\/product"}],"about":[{"href":"https:\/\/artstella-elixirs-floraux.com\/en\/wp-json\/wp\/v2\/types\/product"}],"version-history":[{"count":0,"href":"https:\/\/artstella-elixirs-floraux.com\/en\/wp-json\/wp\/v2\/product\/3875\/revisions"}],"wp:featuredmedia":[{"embeddable":true,"href":"https:\/\/artstella-elixirs-floraux.com\/en\/wp-json\/wp\/v2\/media\/3876"}],"wp:attachment":[{"href":"https:\/\/artstella-elixirs-floraux.com\/en\/wp-json\/wp\/v2\/media?parent=3875"}],"wp:term":[{"taxonomy":"product_brand","embeddable":true,"href":"https:\/\/artstella-elixirs-floraux.com\/en\/wp-json\/wp\/v2\/product_brand?post=3875"},{"taxonomy":"product_cat","embeddable":true,"href":"https:\/\/artstella-elixirs-floraux.com\/en\/wp-json\/wp\/v2\/product_cat?post=3875"},{"taxonomy":"product_tag","embeddable":true,"href":"https:\/\/artstella-elixirs-floraux.com\/en\/wp-json\/wp\/v2\/product_tag?post=3875"}],"curies":[{"name":"wp","href":"https:\/\/api.w.org\/{rel}","templated":true}]}}