{"id":3895,"date":"2025-03-09T13:17:50","date_gmt":"2025-03-09T13:17:50","guid":{"rendered":"https:\/\/artstella-elixirs-floraux.com\/product\/aura-spray-phi\/"},"modified":"2025-06-08T15:29:31","modified_gmt":"2025-06-08T15:29:31","slug":"aura-spray-phi","status":"publish","type":"product","link":"https:\/\/artstella-elixirs-floraux.com\/en\/product\/aura-spray-phi\/","title":{"rendered":"AURA SPRAY PHI"},"content":{"rendered":"<p>Il comprend des \u00e9lixirs d&rsquo;\u00e9nergie de pierres pr\u00e9cieuses, de fleurs et d&rsquo;orchid\u00e9es originaires de trois continents ainsi que l&rsquo;\u00e9lixir des pyramides. Nous savons actuellement que les rayonnements affectent d&rsquo;abord le corps \u00e9th\u00e9rique invisible, l&rsquo;aura de tous les \u00eatres vivants. Les troubles du corps physique apparaissent seulement apr\u00e8s l&rsquo;affaiblissement d\u00e9j\u00e0 prononc\u00e9 du champ protecteur de l&rsquo;aura. PHI a donc mis au point ce spray pour renforcer notre bouclier protecteur naturel. Il r\u00e9unit les propri\u00e9t\u00e9s des \u00e9lixirs d&rsquo;\u00e9nergie de pierres pr\u00e9cieuses, qui absorbent les radiations dangereuses et ont une action purifiante, celle des \u00e9lixirs d&rsquo;orchid\u00e9es et de fleurs qui \u00e9loignent les radiations dommageables, en les r\u00e9fl\u00e9chissant. S&rsquo;y ajoute l&rsquo;action hautement protectrice des pyramides.<br \/>\nL&rsquo;aura-spray peut \u00eatre utilis\u00e9 quand nous absorbons trop facilement les \u00e9nergies d&rsquo;autrui ou des ordinateurs.<\/p>","protected":false},"excerpt":{"rendered":"<p><span style=\"color: #008000;\">AURA SPRAY<\/span><\/p>\n<p>Nous sommes de plus en plus expos\u00e9s \u00e0 des rayonnements n\u00e9fastes ou des environnements difficiles. C&rsquo;est pourquoi PHI a \u00e9labor\u00e9 \u00ab Aura-spray \u00bb compos\u00e9 d&rsquo;\u00e9lixirs et de produits naturels qui renforce \u00e9nerg\u00e9tiquement la protection naturelle de l&rsquo;Aura, notamment dans les lieux publics, transport, bureaux&#8230;<\/p>","protected":false},"featured_media":10483,"template":"","meta":[],"product_brand":[],"product_cat":[136],"product_tag":[],"class_list":{"0":"post-3895","1":"product","2":"type-product","3":"status-publish","4":"has-post-thumbnail","6":"product_cat-les-elixirs-en-spray","8":"first","9":"instock","10":"taxable","11":"shipping-taxable","12":"purchasable","13":"product-type-variable"},"etheme_brands":{"errors":{"invalid_taxonomy":["Invalid taxonomy."]},"error_data":[]},"jetpack_sharing_enabled":true,"jetpack-related-posts":[{"id":3891,"url":"https:\/\/artstella-elixirs-floraux.com\/en\/product\/delph-spray-spray-energie-dauphin-phi\/","url_meta":{"origin":3895,"position":0},"title":"DELPH -SPRAY spray \u00e9nergie dauphin PHI","author":"eveapprill","date":"9 March 2025","format":false,"excerpt":"Delph spray - Spray \u00e0 l'\u00e9nergie des dauphins Action bienfaisante et purifiante de Delph\u00ae existe en spray. Il s'utilise en vaporisation pour purifier les pi\u00e8ces charg\u00e9es \u00e9nerg\u00e9tiquement (bureau, cabinet de consultation, salle de conf\u00e9rences, etc.).","rel":"","context":"Similar post","block_context":{"text":"Similar post","link":""},"img":{"alt_text":"","src":"","width":0,"height":0},"classes":[]},{"id":3352,"url":"https:\/\/artstella-elixirs-floraux.com\/en\/product\/aura-cleansing-cactus-15ml-phi\/","url_meta":{"origin":3895,"position":1},"title":"AURA CLEANSING CACTUS 15ML PHI","author":"eveapprill","date":"9 March 2025","format":false,"excerpt":"Aura cleansing cactus (Cleistocactus strausii) Sert \u00e0 la purification et la r\u00e9g\u00e9n\u00e9ration de l'aura, en particulier du corps astral. Il convient \u00e9galement aux personnes qui ont un champ d'\u00e9nergie trop perm\u00e9able et qui ont des probl\u00e8mes de d\u00e9limitation. Il aide \u00e0 lib\u00e9rer l'aura d'\u00e9nergies parasites ou d'entit\u00e9s.","rel":"","context":"Similar post","block_context":{"text":"Similar post","link":""},"img":{"alt_text":"","src":"https:\/\/i0.wp.com\/artstella-elixirs-floraux.com\/wp-content\/uploads\/2025\/03\/wp-image359.png?resize=350%2C200&ssl=1","width":350,"height":200},"classes":[]},{"id":5588,"url":"https:\/\/artstella-elixirs-floraux.com\/en\/product\/pyramide-kephren-phi-15-ml\/","url_meta":{"origin":3895,"position":2},"title":"PYRAMIDE Kephren PHI 15 ML","author":"eveapprill","date":"9 March 2025","format":false,"excerpt":"Pyramide de Kh\u00e9phren En partant du chakra du c\u0153ur, cette \u00e9nergie monte et communique avec le corps mental et les chakras sup\u00e9rieurs. L\u2019\u00e9lixir active \u00e9nergiquement le cerveau. Pour \u00e9quilibrer \u00e9nergiquement\u00a0 notre \u00e9volution.","rel":"","context":"Similar post","block_context":{"text":"Similar post","link":""},"img":{"alt_text":"","src":"https:\/\/i0.wp.com\/artstella-elixirs-floraux.com\/wp-content\/uploads\/2025\/03\/wp-image2169.png?resize=350%2C200&ssl=1","width":350,"height":200,"srcset":"https:\/\/i0.wp.com\/artstella-elixirs-floraux.com\/wp-content\/uploads\/2025\/03\/wp-image2169.png?resize=350%2C200&ssl=1 1x, https:\/\/i0.wp.com\/artstella-elixirs-floraux.com\/wp-content\/uploads\/2025\/03\/wp-image2169.png?resize=525%2C300&ssl=1 1.5x, https:\/\/i0.wp.com\/artstella-elixirs-floraux.com\/wp-content\/uploads\/2025\/03\/wp-image2169.png?resize=700%2C400&ssl=1 2x"},"classes":[]},{"id":6361,"url":"https:\/\/artstella-elixirs-floraux.com\/en\/product\/spray-ocean-par-phi-50ml\/","url_meta":{"origin":3895,"position":3},"title":"Spray \u00ab\u00a0Oc\u00e9an\u00a0\u00bb par PHI 50ml","author":"eveapprill","date":"9 March 2025","format":false,"excerpt":"Spray 50ml R\u00e9g\u00e9n\u00e9ration issue des profondeurs de la mer. Pour le rafra\u00eechissement \u00e9nerg\u00e9tique, a un effet stimulant et r\u00e9g\u00e9n\u00e9rant. Activation de notre information originelle non falsifi\u00e9e.","rel":"","context":"Similar post","block_context":{"text":"Similar post","link":""},"img":{"alt_text":"","src":"https:\/\/i0.wp.com\/artstella-elixirs-floraux.com\/wp-content\/uploads\/2025\/03\/c4cb72a0-ce36-4bf3-9605-497fa4e82129.jpg?resize=350%2C200&ssl=1","width":350,"height":200,"srcset":"https:\/\/i0.wp.com\/artstella-elixirs-floraux.com\/wp-content\/uploads\/2025\/03\/c4cb72a0-ce36-4bf3-9605-497fa4e82129.jpg?resize=350%2C200&ssl=1 1x, https:\/\/i0.wp.com\/artstella-elixirs-floraux.com\/wp-content\/uploads\/2025\/03\/c4cb72a0-ce36-4bf3-9605-497fa4e82129.jpg?resize=525%2C300&ssl=1 1.5x, https:\/\/i0.wp.com\/artstella-elixirs-floraux.com\/wp-content\/uploads\/2025\/03\/c4cb72a0-ce36-4bf3-9605-497fa4e82129.jpg?resize=700%2C400&ssl=1 2x"},"classes":[]},{"id":6184,"url":"https:\/\/artstella-elixirs-floraux.com\/en\/product\/aura-clean-spray-30-ml-ltoe\/","url_meta":{"origin":3895,"position":4},"title":"AURA CLEAN spray 30 ml LTOE","author":"eveapprill","date":"9 March 2025","format":false,"excerpt":"Un sprat oral nettoyant (Il n'existe pas en goutte) qui peut \u00eatre utilis\u00e9 oralement ou localement.","rel":"","context":"Similar post","block_context":{"text":"Similar post","link":""},"img":{"alt_text":"","src":"https:\/\/i0.wp.com\/artstella-elixirs-floraux.com\/wp-content\/uploads\/2025\/03\/Aura-Clean-Combination-Essence-Spray-%E2%80%93-Healing-Orchids.jpeg?resize=350%2C200&ssl=1","width":350,"height":200},"classes":[]},{"id":5239,"url":"https:\/\/artstella-elixirs-floraux.com\/en\/product\/elixirs-dorchidees-et-de-pierres-precieuses\/","url_meta":{"origin":3895,"position":5},"title":"Elixirs d&rsquo;orchid\u00e9es et de pierres pr\u00e9cieuses","author":"eveapprill","date":"9 March 2025","format":false,"excerpt":"Le livre Elixirs d'orchid\u00e9es et de pierres pr\u00e9cieuses par Andreas Korte et Helmut et Antje Hofmann avec 20 cartes d'orchid\u00e9es et 20 cartes de pierres pr\u00e9cieuses. En promotion 15.00\u20ac au lieu de 24.00\u20ac","rel":"","context":"Similar post","block_context":{"text":"Similar post","link":""},"img":{"alt_text":"","src":"https:\/\/i0.wp.com\/artstella-elixirs-floraux.com\/wp-content\/uploads\/2025\/03\/wp-image2371-scaled.png?resize=350%2C200&ssl=1","width":350,"height":200,"srcset":"https:\/\/i0.wp.com\/artstella-elixirs-floraux.com\/wp-content\/uploads\/2025\/03\/wp-image2371-scaled.png?resize=350%2C200&ssl=1 1x, https:\/\/i0.wp.com\/artstella-elixirs-floraux.com\/wp-content\/uploads\/2025\/03\/wp-image2371-scaled.png?resize=525%2C300&ssl=1 1.5x, https:\/\/i0.wp.com\/artstella-elixirs-floraux.com\/wp-content\/uploads\/2025\/03\/wp-image2371-scaled.png?resize=700%2C400&ssl=1 2x, https:\/\/i0.wp.com\/artstella-elixirs-floraux.com\/wp-content\/uploads\/2025\/03\/wp-image2371-scaled.png?resize=1050%2C600&ssl=1 3x"},"classes":[]}],"_links":{"self":[{"href":"https:\/\/artstella-elixirs-floraux.com\/en\/wp-json\/wp\/v2\/product\/3895","targetHints":{"allow":["GET"]}}],"collection":[{"href":"https:\/\/artstella-elixirs-floraux.com\/en\/wp-json\/wp\/v2\/product"}],"about":[{"href":"https:\/\/artstella-elixirs-floraux.com\/en\/wp-json\/wp\/v2\/types\/product"}],"version-history":[{"count":0,"href":"https:\/\/artstella-elixirs-floraux.com\/en\/wp-json\/wp\/v2\/product\/3895\/revisions"}],"wp:featuredmedia":[{"embeddable":true,"href":"https:\/\/artstella-elixirs-floraux.com\/en\/wp-json\/wp\/v2\/media\/10483"}],"wp:attachment":[{"href":"https:\/\/artstella-elixirs-floraux.com\/en\/wp-json\/wp\/v2\/media?parent=3895"}],"wp:term":[{"taxonomy":"product_brand","embeddable":true,"href":"https:\/\/artstella-elixirs-floraux.com\/en\/wp-json\/wp\/v2\/product_brand?post=3895"},{"taxonomy":"product_cat","embeddable":true,"href":"https:\/\/artstella-elixirs-floraux.com\/en\/wp-json\/wp\/v2\/product_cat?post=3895"},{"taxonomy":"product_tag","embeddable":true,"href":"https:\/\/artstella-elixirs-floraux.com\/en\/wp-json\/wp\/v2\/product_tag?post=3895"}],"curies":[{"name":"wp","href":"https:\/\/api.w.org\/{rel}","templated":true}]}}