{"id":3899,"date":"2025-05-27T16:08:57","date_gmt":"2025-05-27T16:08:57","guid":{"rendered":"https:\/\/artstella-elixirs-floraux.com\/?post_type=product&#038;p=3899"},"modified":"2025-06-08T12:47:43","modified_gmt":"2025-06-08T12:47:43","slug":"obsidienne","status":"publish","type":"product","link":"https:\/\/artstella-elixirs-floraux.com\/en\/product\/obsidienne\/","title":{"rendered":"OBSIDIENNE"},"content":{"rendered":"","protected":false},"excerpt":{"rendered":"<p><strong><em><span style=\"color: #008000\">Obsidienne (Obsidian)<\/span> <\/em><\/strong><\/p>\n<p>Pour la stabilit\u00e9, la clarification et la purification des forces de l&rsquo;esprit. L&rsquo;intellect et l&rsquo;intuition se relient harmonieusement.<\/p>","protected":false},"featured_media":0,"template":"","meta":[],"product_brand":[],"product_cat":[85],"product_tag":[],"class_list":{"0":"post-3899","1":"product","2":"type-product","3":"status-publish","5":"product_cat-les-elixirs-de-pierres-precieuses","7":"first","8":"instock","9":"taxable","10":"shipping-taxable","11":"purchasable","12":"product-type-simple"},"etheme_brands":{"errors":{"invalid_taxonomy":["Invalid taxonomy."]},"error_data":[]},"jetpack_sharing_enabled":true,"jetpack-related-posts":[{"id":4559,"url":"https:\/\/artstella-elixirs-floraux.com\/en\/product\/coffret-pierres-sup-26fl15-ml-phi\/","url_meta":{"origin":3899,"position":0},"title":"COFFRET PIERRES SUP (26FL)15 ML PHI","author":"eveapprill","date":"9 March 2025","format":false,"excerpt":"Contient 26 \u00e9lixirs de pierres pr\u00e9cieuses et de m\u00e9tal suppl\u00e9mentaires : Agathe, apatite, chrysob\u00e9ryl, opale de feu, fluorine, or, grenat, diamant de Herkimer, jaspe rouge, corail, cuivre, lapis-lazuli, magn\u00e9tite, malachite, moldavite, obsidienne, perle, platine, saphir bleu, argent, pierre de soleil, sugilite bleue, sugilite violette, oeil de tigre, topaze bleue, zircon.","rel":"","context":"Similar post","block_context":{"text":"Similar post","link":""},"img":{"alt_text":"","src":"","width":0,"height":0},"classes":[]}],"_links":{"self":[{"href":"https:\/\/artstella-elixirs-floraux.com\/en\/wp-json\/wp\/v2\/product\/3899","targetHints":{"allow":["GET"]}}],"collection":[{"href":"https:\/\/artstella-elixirs-floraux.com\/en\/wp-json\/wp\/v2\/product"}],"about":[{"href":"https:\/\/artstella-elixirs-floraux.com\/en\/wp-json\/wp\/v2\/types\/product"}],"version-history":[{"count":0,"href":"https:\/\/artstella-elixirs-floraux.com\/en\/wp-json\/wp\/v2\/product\/3899\/revisions"}],"wp:attachment":[{"href":"https:\/\/artstella-elixirs-floraux.com\/en\/wp-json\/wp\/v2\/media?parent=3899"}],"wp:term":[{"taxonomy":"product_brand","embeddable":true,"href":"https:\/\/artstella-elixirs-floraux.com\/en\/wp-json\/wp\/v2\/product_brand?post=3899"},{"taxonomy":"product_cat","embeddable":true,"href":"https:\/\/artstella-elixirs-floraux.com\/en\/wp-json\/wp\/v2\/product_cat?post=3899"},{"taxonomy":"product_tag","embeddable":true,"href":"https:\/\/artstella-elixirs-floraux.com\/en\/wp-json\/wp\/v2\/product_tag?post=3899"}],"curies":[{"name":"wp","href":"https:\/\/api.w.org\/{rel}","templated":true}]}}