{"id":3902,"date":"2025-03-09T13:17:56","date_gmt":"2025-03-09T13:17:56","guid":{"rendered":"https:\/\/artstella-elixirs-floraux.com\/product\/lichen-phi-n16-15-ml\/"},"modified":"2025-04-23T12:46:03","modified_gmt":"2025-04-23T12:46:03","slug":"lichen-phi-n16-15-ml","status":"publish","type":"product","link":"https:\/\/artstella-elixirs-floraux.com\/en\/product\/lichen-phi-n16-15-ml\/","title":{"rendered":"LICHEN PHI n\u00b016 15 ML"},"content":{"rendered":"","protected":false},"excerpt":{"rendered":"<p><strong><em><span style=\"color: #008000\">Lichen (Stereocaulon vesuvianum Strauchf\u00f6rmige Flechte)<\/span><br \/><\/em><\/strong>Pour recommencer une vie nouvelle, apr\u00e8s des difficult\u00e9s. L\u2019\u00e9lixir renforce la volont\u00e9 (m\u00eame les petits pas).<\/p>","protected":false},"featured_media":3903,"template":"","meta":[],"product_brand":[],"product_cat":[93],"product_tag":[],"class_list":{"0":"post-3902","1":"product","2":"type-product","3":"status-publish","4":"has-post-thumbnail","6":"product_cat-les-elixirs-de-champignons","8":"first","9":"instock","10":"taxable","11":"shipping-taxable","12":"purchasable","13":"product-type-simple"},"etheme_brands":{"errors":{"invalid_taxonomy":["Invalid taxonomy."]},"error_data":[]},"jetpack_sharing_enabled":true,"jetpack-related-posts":[{"id":4424,"url":"https:\/\/artstella-elixirs-floraux.com\/en\/product\/lichen-15-ml-bush\/","url_meta":{"origin":3902,"position":0},"title":"LICHEN 15 ML BUSH","author":"eveapprill","date":"27 May 2025","format":false,"excerpt":"","rel":"","context":"Similar post","block_context":{"text":"Similar post","link":""},"img":{"alt_text":"","src":"https:\/\/i0.wp.com\/artstella-elixirs-floraux.com\/wp-content\/uploads\/2025\/03\/wp-image1038.png?resize=350%2C200&ssl=1","width":350,"height":200},"classes":[]},{"id":3900,"url":"https:\/\/artstella-elixirs-floraux.com\/en\/product\/lichen-phi-n15-15-ml\/","url_meta":{"origin":3902,"position":1},"title":"LICHEN PHI n\u00b015 15 ML","author":"eveapprill","date":"9 March 2025","format":false,"excerpt":"Lichen (Caloplaca flavescens Stralige Sch\u00f6nflechte) L\u2019\u00e9lixir poss\u00e8de une action \u00e9nerg\u00e9tique favorable \u00e0 la peau. Il facilite le contact avec le monde \u00ab\u00a0ext\u00e9rieur\u00a0\u00bb, en permettant d\u2019\u00e9tablir de nouveaux contacts.","rel":"","context":"Similar post","block_context":{"text":"Similar post","link":""},"img":{"alt_text":"","src":"https:\/\/i0.wp.com\/artstella-elixirs-floraux.com\/wp-content\/uploads\/2025\/03\/wp-image655.png?resize=350%2C200&ssl=1","width":350,"height":200},"classes":[]},{"id":2676,"url":"https:\/\/artstella-elixirs-floraux.com\/en\/product\/lichen-bush-15ml\/","url_meta":{"origin":3902,"position":2},"title":"LICHEN BUSH 15ML","author":"eveapprill","date":"9 March 2025","format":false,"excerpt":"LICHEN Ne pas savoir chercher et entrer dans la lumi\u00e8re lors de la mort, \u00eatre encore li\u00e9 \u00e0 la terre depuis le plan astral. Facilite la transition dans la lumi\u00e8re, aide \u00e0 la s\u00e9paration entre le corps physique et \u00e9th\u00e9rique, lib\u00e8re du lien \u00e0 la terre.","rel":"","context":"Similar post","block_context":{"text":"Similar post","link":""},"img":{"alt_text":"","src":"https:\/\/i0.wp.com\/artstella-elixirs-floraux.com\/wp-content\/uploads\/2025\/03\/wp-image262.png?resize=350%2C200&ssl=1","width":350,"height":200},"classes":[]},{"id":2745,"url":"https:\/\/artstella-elixirs-floraux.com\/en\/product\/transition-bush-30ml\/","url_meta":{"origin":3902,"position":3},"title":"TRANSITION BUSH 30ml","author":"eveapprill","date":"9 March 2025","format":false,"excerpt":"Transition Att\u00e9nue la peur de la mort tout en aidant \u00e0 l'affronter. Permet de faire ce passage avec douceur, calme, dignit\u00e9, s\u00e9r\u00e9nit\u00e9. Sert \u00e0 toutes les transitions importantes de la vie. Compos\u00e9 de Bottlebrush, Bush Iris, Autumn leaves, Lichen, Mint Bush et de Bauhinia.","rel":"","context":"Similar post","block_context":{"text":"Similar post","link":""},"img":{"alt_text":"","src":"https:\/\/i0.wp.com\/artstella-elixirs-floraux.com\/wp-content\/uploads\/2025\/03\/6d9cbf5c-0d20-404c-805c-951ad9a102b1.jpg?resize=350%2C200&ssl=1","width":350,"height":200,"srcset":"https:\/\/i0.wp.com\/artstella-elixirs-floraux.com\/wp-content\/uploads\/2025\/03\/6d9cbf5c-0d20-404c-805c-951ad9a102b1.jpg?resize=350%2C200&ssl=1 1x, https:\/\/i0.wp.com\/artstella-elixirs-floraux.com\/wp-content\/uploads\/2025\/03\/6d9cbf5c-0d20-404c-805c-951ad9a102b1.jpg?resize=525%2C300&ssl=1 1.5x, https:\/\/i0.wp.com\/artstella-elixirs-floraux.com\/wp-content\/uploads\/2025\/03\/6d9cbf5c-0d20-404c-805c-951ad9a102b1.jpg?resize=700%2C400&ssl=1 2x"},"classes":[]},{"id":4987,"url":"https:\/\/artstella-elixirs-floraux.com\/en\/product\/reindeer-moss-alaska-f-sup\/","url_meta":{"origin":3902,"position":4},"title":"REINDEER MOSS ALASKA F SUP","author":"eveapprill","date":"9 March 2025","format":false,"excerpt":"Reindeer Moss Cladina rangiferina Lichen des caribous Indications\u00a0: d\u00e9racinement\u00a0; d\u00e9connexion\u00a0; d\u00e9plac\u00e9\u00a0; tristesse\u00a0; d\u00e9couragement, d\u00e9sespoir\u00a0; changements importants et soudains dans la vie hors de notre contr\u00f4le tel que perdre sa maison, son travail.","rel":"","context":"Similar post","block_context":{"text":"Similar post","link":""},"img":{"alt_text":"","src":"","width":0,"height":0},"classes":[]}],"_links":{"self":[{"href":"https:\/\/artstella-elixirs-floraux.com\/en\/wp-json\/wp\/v2\/product\/3902","targetHints":{"allow":["GET"]}}],"collection":[{"href":"https:\/\/artstella-elixirs-floraux.com\/en\/wp-json\/wp\/v2\/product"}],"about":[{"href":"https:\/\/artstella-elixirs-floraux.com\/en\/wp-json\/wp\/v2\/types\/product"}],"version-history":[{"count":0,"href":"https:\/\/artstella-elixirs-floraux.com\/en\/wp-json\/wp\/v2\/product\/3902\/revisions"}],"wp:featuredmedia":[{"embeddable":true,"href":"https:\/\/artstella-elixirs-floraux.com\/en\/wp-json\/wp\/v2\/media\/3903"}],"wp:attachment":[{"href":"https:\/\/artstella-elixirs-floraux.com\/en\/wp-json\/wp\/v2\/media?parent=3902"}],"wp:term":[{"taxonomy":"product_brand","embeddable":true,"href":"https:\/\/artstella-elixirs-floraux.com\/en\/wp-json\/wp\/v2\/product_brand?post=3902"},{"taxonomy":"product_cat","embeddable":true,"href":"https:\/\/artstella-elixirs-floraux.com\/en\/wp-json\/wp\/v2\/product_cat?post=3902"},{"taxonomy":"product_tag","embeddable":true,"href":"https:\/\/artstella-elixirs-floraux.com\/en\/wp-json\/wp\/v2\/product_tag?post=3902"}],"curies":[{"name":"wp","href":"https:\/\/api.w.org\/{rel}","templated":true}]}}