{"id":3912,"date":"2025-03-09T13:18:18","date_gmt":"2025-03-09T13:18:18","guid":{"rendered":"https:\/\/artstella-elixirs-floraux.com\/product\/grenouille-a-e-15-ml-phi\/"},"modified":"2025-04-23T11:49:13","modified_gmt":"2025-04-23T11:49:13","slug":"grenouille-a-e-15-ml-phi","status":"publish","type":"product","link":"https:\/\/artstella-elixirs-floraux.com\/en\/product\/grenouille-a-e-15-ml-phi\/","title":{"rendered":"GRENOUILLE A.E 15 ML PHI"},"content":{"rendered":"","protected":false},"excerpt":{"rendered":"<p><strong><em>Grenouille (Rana eculenta) Frosch<\/em><\/strong><\/p>\n<p>Pour exprimer des sentiments tr\u00e8s profonds. Gr\u00e2ce \u00e0 une lib\u00e9ration int\u00e9rieure, il permet \u00e0 notre d\u00e9veloppement de se poursuivre. Il am\u00e9liore \u00e9galement la connaissance de nos sentiments.<\/p>","protected":false},"featured_media":3913,"template":"","meta":[],"product_brand":[],"product_cat":[137],"product_tag":[],"class_list":{"0":"post-3912","1":"product","2":"type-product","3":"status-publish","4":"has-post-thumbnail","6":"product_cat-les-elixirs-d-animlaux-europeens","8":"first","9":"instock","10":"taxable","11":"shipping-taxable","12":"purchasable","13":"product-type-simple"},"etheme_brands":{"errors":{"invalid_taxonomy":["Invalid taxonomy."]},"error_data":[]},"jetpack_sharing_enabled":true,"jetpack-related-posts":[{"id":4231,"url":"https:\/\/artstella-elixirs-floraux.com\/en\/product\/frog-grenouille-wea-30-ml\/","url_meta":{"origin":3912,"position":0},"title":"FROG\/GRENOUILLE WEA 30 ML","author":"eveapprill","date":"9 March 2025","format":false,"excerpt":"Frog (grenouille) Aide \u00e0 vivre le quotidien comme quelque chose de miraculeux. Apporte la force et la certitude dans les moments de profonds changements \u00e9motionnels et spirituels. Pour embrasser le changement, la transformation comme une constance de la vie.","rel":"","context":"Similar post","block_context":{"text":"Similar post","link":""},"img":{"alt_text":"","src":"https:\/\/i0.wp.com\/artstella-elixirs-floraux.com\/wp-content\/uploads\/2025\/03\/wp-image2259.png?resize=350%2C200&ssl=1","width":350,"height":200,"srcset":"https:\/\/i0.wp.com\/artstella-elixirs-floraux.com\/wp-content\/uploads\/2025\/03\/wp-image2259.png?resize=350%2C200&ssl=1 1x, https:\/\/i0.wp.com\/artstella-elixirs-floraux.com\/wp-content\/uploads\/2025\/03\/wp-image2259.png?resize=525%2C300&ssl=1 1.5x, https:\/\/i0.wp.com\/artstella-elixirs-floraux.com\/wp-content\/uploads\/2025\/03\/wp-image2259.png?resize=700%2C400&ssl=1 2x"},"classes":[]},{"id":4112,"url":"https:\/\/artstella-elixirs-floraux.com\/en\/product\/grenouille-rana-el-cham-15ml\/","url_meta":{"origin":3912,"position":1},"title":"GRENOUILLE\/ RANA EL CHAM 15ML","author":"eveapprill","date":"9 March 2025","format":false,"excerpt":"RANA \/ GRENOUILLE Gu\u00e9rison \u00e9motionnelle \u2013 Force pour affronter les changements. Renouveau. Aide \u00e0 comprendre sainement les besoins des autres. Permet de canaliser le flux cr\u00e9atif pour l\u2019exprimer notamment \u00e0 travers l\u2019art.","rel":"","context":"Similar post","block_context":{"text":"Similar post","link":""},"img":{"alt_text":"","src":"","width":0,"height":0},"classes":[]},{"id":3615,"url":"https:\/\/artstella-elixirs-floraux.com\/en\/product\/33-light-of-my-eye-15-ml\/","url_meta":{"origin":3912,"position":2},"title":"33. LIGHT OF MY EYE 15 ML","author":"eveapprill","date":"9 March 2025","format":false,"excerpt":"Light of My Eye\/ \u00c9toile filante Selon la tradition am\u00e9rindienne, la Grenouille regarde vers les \u00e9toiles et le Grand Manitou la couvre de lumi\u00e8re c\u00e9leste (les grenouilles captent la lumi\u00e8re des \u00e9toiles","rel":"","context":"Similar post","block_context":{"text":"Similar post","link":""},"img":{"alt_text":"33. LIGHT OF MY EYE 15 ML","src":"https:\/\/i0.wp.com\/artstella-elixirs-floraux.com\/wp-content\/uploads\/2025\/03\/009eab9c-bfae-4b17-aa75-d7c293c51d7c.jpg?resize=350%2C200&ssl=1","width":350,"height":200,"srcset":"https:\/\/i0.wp.com\/artstella-elixirs-floraux.com\/wp-content\/uploads\/2025\/03\/009eab9c-bfae-4b17-aa75-d7c293c51d7c.jpg?resize=350%2C200&ssl=1 1x, https:\/\/i0.wp.com\/artstella-elixirs-floraux.com\/wp-content\/uploads\/2025\/03\/009eab9c-bfae-4b17-aa75-d7c293c51d7c.jpg?resize=525%2C300&ssl=1 1.5x, https:\/\/i0.wp.com\/artstella-elixirs-floraux.com\/wp-content\/uploads\/2025\/03\/009eab9c-bfae-4b17-aa75-d7c293c51d7c.jpg?resize=700%2C400&ssl=1 2x"},"classes":[]},{"id":4561,"url":"https:\/\/artstella-elixirs-floraux.com\/en\/product\/coffret-20-elixirs-danimaux-europeens\/","url_meta":{"origin":3912,"position":3},"title":"COFFRET 20 \u00e9lixirs d&rsquo;ANIMAUX EUROPEENS","author":"eveapprill","date":"9 March 2025","format":false,"excerpt":"Contient 20 \u00e9lixirs d'animaux europ\u00e9ens. Ours, Salamandre, Grenouille, Lapin, Libellule, Papillon de Nuit, Paon, Cheval, Chevreuil, Boeuf, Mouton, Papillon, Cygne, Phoque, Araign\u00e9e, Bouquetin, Cigogne, Grand duc, Bison, Loup","rel":"","context":"Similar post","block_context":{"text":"Similar post","link":""},"img":{"alt_text":"","src":"https:\/\/i0.wp.com\/artstella-elixirs-floraux.com\/wp-content\/uploads\/2025\/03\/wp-image1163.png?resize=350%2C200&ssl=1","width":350,"height":200,"srcset":"https:\/\/i0.wp.com\/artstella-elixirs-floraux.com\/wp-content\/uploads\/2025\/03\/wp-image1163.png?resize=350%2C200&ssl=1 1x, https:\/\/i0.wp.com\/artstella-elixirs-floraux.com\/wp-content\/uploads\/2025\/03\/wp-image1163.png?resize=525%2C300&ssl=1 1.5x, https:\/\/i0.wp.com\/artstella-elixirs-floraux.com\/wp-content\/uploads\/2025\/03\/wp-image1163.png?resize=700%2C400&ssl=1 2x"},"classes":[]},{"id":3855,"url":"https:\/\/artstella-elixirs-floraux.com\/en\/product\/blennie-15-ml-phi\/","url_meta":{"origin":3912,"position":4},"title":"BLENNIE 15 ML PHI","author":"eveapprill","date":"9 March 2025","format":false,"excerpt":"Blennie\u00a0(Blennius sanguinolentus) Schleimfish L\u2019\u00e9lixir aide \u00e0 l\u00e2cher les tensions qui proviennent de nos sentiments.","rel":"","context":"Similar post","block_context":{"text":"Similar post","link":""},"img":{"alt_text":"","src":"","width":0,"height":0},"classes":[]},{"id":2363,"url":"https:\/\/artstella-elixirs-floraux.com\/en\/product\/yellow-dryas-alaskan\/","url_meta":{"origin":3912,"position":5},"title":"Yellow Dryas Alaskan","author":"eveapprill","date":"9 March 2025","format":false,"excerpt":"Yellow Dryas. Dryas drummondii Se sent \u00e9tranger \u00e0 sa famille d'\u00e2me. Incapacit\u00e9 \u00e0 sentir le fil conducteur qui fait de nos exp\u00e9riences un tout coh\u00e9rent et compr\u00e9hensible.","rel":"","context":"Similar post","block_context":{"text":"Similar post","link":""},"img":{"alt_text":"wp-image604","src":"https:\/\/i0.wp.com\/artstella-elixirs-floraux.com\/wp-content\/uploads\/2025\/03\/wp-image604.png?resize=350%2C200&ssl=1","width":350,"height":200},"classes":[]}],"_links":{"self":[{"href":"https:\/\/artstella-elixirs-floraux.com\/en\/wp-json\/wp\/v2\/product\/3912","targetHints":{"allow":["GET"]}}],"collection":[{"href":"https:\/\/artstella-elixirs-floraux.com\/en\/wp-json\/wp\/v2\/product"}],"about":[{"href":"https:\/\/artstella-elixirs-floraux.com\/en\/wp-json\/wp\/v2\/types\/product"}],"version-history":[{"count":0,"href":"https:\/\/artstella-elixirs-floraux.com\/en\/wp-json\/wp\/v2\/product\/3912\/revisions"}],"wp:featuredmedia":[{"embeddable":true,"href":"https:\/\/artstella-elixirs-floraux.com\/en\/wp-json\/wp\/v2\/media\/3913"}],"wp:attachment":[{"href":"https:\/\/artstella-elixirs-floraux.com\/en\/wp-json\/wp\/v2\/media?parent=3912"}],"wp:term":[{"taxonomy":"product_brand","embeddable":true,"href":"https:\/\/artstella-elixirs-floraux.com\/en\/wp-json\/wp\/v2\/product_brand?post=3912"},{"taxonomy":"product_cat","embeddable":true,"href":"https:\/\/artstella-elixirs-floraux.com\/en\/wp-json\/wp\/v2\/product_cat?post=3912"},{"taxonomy":"product_tag","embeddable":true,"href":"https:\/\/artstella-elixirs-floraux.com\/en\/wp-json\/wp\/v2\/product_tag?post=3912"}],"curies":[{"name":"wp","href":"https:\/\/api.w.org\/{rel}","templated":true}]}}