{"id":3914,"date":"2025-03-09T13:18:19","date_gmt":"2025-03-09T13:18:19","guid":{"rendered":"https:\/\/artstella-elixirs-floraux.com\/product\/libellule-a-e-phi-15-ml\/"},"modified":"2025-04-23T11:49:11","modified_gmt":"2025-04-23T11:49:11","slug":"libellule-a-e-phi-15-ml","status":"publish","type":"product","link":"https:\/\/artstella-elixirs-floraux.com\/en\/product\/libellule-a-e-phi-15-ml\/","title":{"rendered":"LIBELLULE A.E PHI 15 ML"},"content":{"rendered":"<p><strong><em>Libellule (Odonata) Libelle <\/em><\/strong>Pour voir plus clair dans le mar\u00e9cage de nos sentiments, quand nous ne savons pas ce que nous voulons et sommes comme dans l\u2019eau trouble. Il accompagne la transformation, \u00e0 l\u2019image de la m\u00e9tamorphose de la libellule. L\u2019\u00e9lixir nous aide \u00e0 reconna\u00eetre ce qui est important pour nous dans le moment. En reconnaissant nos sentiments v\u00e9ritables, nous pouvons avancer plus clairement et plus efficacement dans la vie.<\/p>","protected":false},"excerpt":{"rendered":"<p><strong><em>Libellule (Odonata) Libelle <\/em><\/strong>Pour voir plus clair dans le mar\u00e9cage de nos sentiments, quand nous ne savons pas ce que nous voulons et sommes comme dans l\u2019eau trouble.<\/p>","protected":false},"featured_media":3915,"template":"","meta":[],"product_brand":[],"product_cat":[137],"product_tag":[],"class_list":{"0":"post-3914","1":"product","2":"type-product","3":"status-publish","4":"has-post-thumbnail","6":"product_cat-les-elixirs-d-animlaux-europeens","8":"first","9":"instock","10":"taxable","11":"shipping-taxable","12":"purchasable","13":"product-type-simple"},"etheme_brands":{"errors":{"invalid_taxonomy":["Invalid taxonomy."]},"error_data":[]},"jetpack_sharing_enabled":true,"jetpack-related-posts":[{"id":4223,"url":"https:\/\/artstella-elixirs-floraux.com\/en\/product\/dragonfly-libellule-wea-30-ml\/","url_meta":{"origin":3914,"position":0},"title":"DRAGONFLY\/LIBELLULE WEA 30 ML","author":"eveapprill","date":"9 March 2025","format":false,"excerpt":"Dragonfly (libellule) En Ma\u00eetre de l\u2019illusion, cet \u00e9lixir aide \u00e0 voyager entre les diff\u00e9rentes dimensions et \u00e0 s\u2019ouvrir aux \u00e9nergies spirituelles. Pour se r\u00e9veiller de ses illusions personnelles. Pour la relaxation et le repos apr\u00e8s les p\u00e9riodes charg\u00e9es.","rel":"","context":"Similar post","block_context":{"text":"Similar post","link":""},"img":{"alt_text":"","src":"https:\/\/i0.wp.com\/artstella-elixirs-floraux.com\/wp-content\/uploads\/2025\/03\/wp-image2255.png?resize=350%2C200&ssl=1","width":350,"height":200,"srcset":"https:\/\/i0.wp.com\/artstella-elixirs-floraux.com\/wp-content\/uploads\/2025\/03\/wp-image2255.png?resize=350%2C200&ssl=1 1x, https:\/\/i0.wp.com\/artstella-elixirs-floraux.com\/wp-content\/uploads\/2025\/03\/wp-image2255.png?resize=525%2C300&ssl=1 1.5x, https:\/\/i0.wp.com\/artstella-elixirs-floraux.com\/wp-content\/uploads\/2025\/03\/wp-image2255.png?resize=700%2C400&ssl=1 2x, https:\/\/i0.wp.com\/artstella-elixirs-floraux.com\/wp-content\/uploads\/2025\/03\/wp-image2255.png?resize=1050%2C600&ssl=1 3x"},"classes":[]},{"id":2422,"url":"https:\/\/artstella-elixirs-floraux.com\/en\/product\/bog-marecage\/","url_meta":{"origin":3914,"position":1},"title":"BOG &#8211; MARECAGE","author":"eveapprill","date":"9 March 2025","format":false,"excerpt":"BOG, Mar\u00e9cage soutient la r\u00e9alisation du potentiel ainsi que la capacit\u00e9 \u00e0 conserver du potentiel pour une cr\u00e9ation nouvelle. Il est particuli\u00e8rement recommand\u00e9 aux femmes, pour les aider \u00e0 conserver leur part f\u00e9minine tel un calice matrice de vie nouvelle.","rel":"","context":"Similar post","block_context":{"text":"Similar post","link":""},"img":{"alt_text":"","src":"https:\/\/i0.wp.com\/artstella-elixirs-floraux.com\/wp-content\/uploads\/2025\/03\/Bog_1024x1024.jpg?resize=350%2C200&ssl=1","width":350,"height":200},"classes":[]},{"id":5838,"url":"https:\/\/artstella-elixirs-floraux.com\/en\/product\/scorpion-anroctonus-crassicaude15-ml-phi\/","url_meta":{"origin":3914,"position":2},"title":"Scorpion (Anroctonus crassicaude)15 ml PHI","author":"eveapprill","date":"9 March 2025","format":false,"excerpt":"Scorpion (Anroctonus crassicaude)\u00a0 Cet \u00e9lixir peut nous aider quand nous sommes dans des situations \u00e9nerg\u00e9tiques difficiles ou quand nous sommes manipul\u00e9s par d\u2019autres. Nous apprenons \u00e0 d\u00e9velopper une vision plus claire et \u00e0 nous lib\u00e9rer des forces manipulatrices.","rel":"","context":"Similar post","block_context":{"text":"Similar post","link":""},"img":{"alt_text":"","src":"","width":0,"height":0},"classes":[]},{"id":5396,"url":"https:\/\/artstella-elixirs-floraux.com\/en\/product\/ojo-de-macho-sylfos-15ml-pap\/","url_meta":{"origin":3914,"position":3},"title":"OJO DE MACHO SYLFOS 15ML PAP","author":"eveapprill","date":"9 March 2025","format":false,"excerpt":"34 - OJO DE MACHO\/ PAPILLON OCELL\u00c9 Junonia coenia\u00a0\u00a0 Vision - Conscience- Evolution Cet \u00e9lixir nous permet de transformer la n\u00e9gativit\u00e9 afin de pouvoir voire la v\u00e9rit\u00e9. Il nous permet de voire plus clairement la situation afin de nous aider \u00e0 voire et \u00e0 aller directement au centre du probl\u00e8me","rel":"","context":"Similar post","block_context":{"text":"Similar post","link":""},"img":{"alt_text":"","src":"https:\/\/i0.wp.com\/artstella-elixirs-floraux.com\/wp-content\/uploads\/2025\/03\/599dbec6-a0ba-4dd0-b4c6-380b343e864f.jpg?resize=350%2C200&ssl=1","width":350,"height":200,"srcset":"https:\/\/i0.wp.com\/artstella-elixirs-floraux.com\/wp-content\/uploads\/2025\/03\/599dbec6-a0ba-4dd0-b4c6-380b343e864f.jpg?resize=350%2C200&ssl=1 1x, https:\/\/i0.wp.com\/artstella-elixirs-floraux.com\/wp-content\/uploads\/2025\/03\/599dbec6-a0ba-4dd0-b4c6-380b343e864f.jpg?resize=525%2C300&ssl=1 1.5x, https:\/\/i0.wp.com\/artstella-elixirs-floraux.com\/wp-content\/uploads\/2025\/03\/599dbec6-a0ba-4dd0-b4c6-380b343e864f.jpg?resize=700%2C400&ssl=1 2x"},"classes":[]},{"id":4651,"url":"https:\/\/artstella-elixirs-floraux.com\/en\/product\/go-create\/","url_meta":{"origin":3914,"position":4},"title":"GO-CREATE","author":"eveapprill","date":"9 March 2025","format":false,"excerpt":"GO-CREATE Go-Create est un complexe d'abondance. Il a \u00e9t\u00e9 formul\u00e9 pour nous aider \u00e0 co-cr\u00e9er ce que nous voulons et souhaitons dans notre vie avec moins de r\u00e9sistance, plus de facilit\u00e9 et d'efficacit\u00e9.","rel":"","context":"Similar post","block_context":{"text":"Similar post","link":""},"img":{"alt_text":"","src":"https:\/\/i0.wp.com\/artstella-elixirs-floraux.com\/wp-content\/uploads\/2025\/03\/7bbe4e42-149d-46f3-9e4f-73f4081edae4.jpg?resize=350%2C200&ssl=1","width":350,"height":200,"srcset":"https:\/\/i0.wp.com\/artstella-elixirs-floraux.com\/wp-content\/uploads\/2025\/03\/7bbe4e42-149d-46f3-9e4f-73f4081edae4.jpg?resize=350%2C200&ssl=1 1x, https:\/\/i0.wp.com\/artstella-elixirs-floraux.com\/wp-content\/uploads\/2025\/03\/7bbe4e42-149d-46f3-9e4f-73f4081edae4.jpg?resize=525%2C300&ssl=1 1.5x, https:\/\/i0.wp.com\/artstella-elixirs-floraux.com\/wp-content\/uploads\/2025\/03\/7bbe4e42-149d-46f3-9e4f-73f4081edae4.jpg?resize=700%2C400&ssl=1 2x"},"classes":[]},{"id":3895,"url":"https:\/\/artstella-elixirs-floraux.com\/en\/product\/aura-spray-phi\/","url_meta":{"origin":3914,"position":5},"title":"AURA SPRAY PHI","author":"eveapprill","date":"9 March 2025","format":false,"excerpt":"AURA SPRAY Nous sommes de plus en plus expos\u00e9s \u00e0 des rayonnements n\u00e9fastes ou des environnements difficiles. C'est pourquoi PHI a \u00e9labor\u00e9 \u00ab Aura-spray \u00bb compos\u00e9 d'\u00e9lixirs et de produits naturels qui renforce \u00e9nerg\u00e9tiquement la protection naturelle de l'Aura, notamment dans les lieux publics, transport, bureaux...","rel":"","context":"Similar post","block_context":{"text":"Similar post","link":""},"img":{"alt_text":"aura spay","src":"https:\/\/i0.wp.com\/artstella-elixirs-floraux.com\/wp-content\/uploads\/2025\/03\/f927a3ef-4871-46ac-bddf-072fc3f42c0b.jpg?resize=350%2C200&ssl=1","width":350,"height":200,"srcset":"https:\/\/i0.wp.com\/artstella-elixirs-floraux.com\/wp-content\/uploads\/2025\/03\/f927a3ef-4871-46ac-bddf-072fc3f42c0b.jpg?resize=350%2C200&ssl=1 1x, https:\/\/i0.wp.com\/artstella-elixirs-floraux.com\/wp-content\/uploads\/2025\/03\/f927a3ef-4871-46ac-bddf-072fc3f42c0b.jpg?resize=525%2C300&ssl=1 1.5x, https:\/\/i0.wp.com\/artstella-elixirs-floraux.com\/wp-content\/uploads\/2025\/03\/f927a3ef-4871-46ac-bddf-072fc3f42c0b.jpg?resize=700%2C400&ssl=1 2x"},"classes":[]}],"_links":{"self":[{"href":"https:\/\/artstella-elixirs-floraux.com\/en\/wp-json\/wp\/v2\/product\/3914","targetHints":{"allow":["GET"]}}],"collection":[{"href":"https:\/\/artstella-elixirs-floraux.com\/en\/wp-json\/wp\/v2\/product"}],"about":[{"href":"https:\/\/artstella-elixirs-floraux.com\/en\/wp-json\/wp\/v2\/types\/product"}],"version-history":[{"count":0,"href":"https:\/\/artstella-elixirs-floraux.com\/en\/wp-json\/wp\/v2\/product\/3914\/revisions"}],"wp:featuredmedia":[{"embeddable":true,"href":"https:\/\/artstella-elixirs-floraux.com\/en\/wp-json\/wp\/v2\/media\/3915"}],"wp:attachment":[{"href":"https:\/\/artstella-elixirs-floraux.com\/en\/wp-json\/wp\/v2\/media?parent=3914"}],"wp:term":[{"taxonomy":"product_brand","embeddable":true,"href":"https:\/\/artstella-elixirs-floraux.com\/en\/wp-json\/wp\/v2\/product_brand?post=3914"},{"taxonomy":"product_cat","embeddable":true,"href":"https:\/\/artstella-elixirs-floraux.com\/en\/wp-json\/wp\/v2\/product_cat?post=3914"},{"taxonomy":"product_tag","embeddable":true,"href":"https:\/\/artstella-elixirs-floraux.com\/en\/wp-json\/wp\/v2\/product_tag?post=3914"}],"curies":[{"name":"wp","href":"https:\/\/api.w.org\/{rel}","templated":true}]}}