{"id":3916,"date":"2025-03-09T13:18:20","date_gmt":"2025-03-09T13:18:20","guid":{"rendered":"https:\/\/artstella-elixirs-floraux.com\/product\/paon-a-e-15-ml-phi\/"},"modified":"2025-04-23T11:49:09","modified_gmt":"2025-04-23T11:49:09","slug":"paon-a-e-15-ml-phi","status":"publish","type":"product","link":"https:\/\/artstella-elixirs-floraux.com\/en\/product\/paon-a-e-15-ml-phi\/","title":{"rendered":"PAON A.E 15 ML PHI"},"content":{"rendered":"<p><strong><em>Paon (Argusianus) Pfau <\/em><\/strong>convient aux personnes qui ne s\u2019acceptent pas telles qu\u2019elles sont. Il apporte de la joie int\u00e9rieure et de la consid\u00e9ration pour soi. Notre beaut\u00e9 int\u00e9rieure peut s\u2019ext\u00e9rioriser. Il favorise le sentiment de sinc\u00e9rit\u00e9 et de noblesse<\/p>","protected":false},"excerpt":{"rendered":"<p><strong><em>Paon (Argusianus) Pfau <\/em><\/strong>convient aux personnes qui ne s\u2019acceptent pas telles qu\u2019elles sont.<\/p>","protected":false},"featured_media":3917,"template":"","meta":[],"product_brand":[],"product_cat":[137],"product_tag":[],"class_list":{"0":"post-3916","1":"product","2":"type-product","3":"status-publish","4":"has-post-thumbnail","6":"product_cat-les-elixirs-d-animlaux-europeens","8":"first","9":"instock","10":"taxable","11":"shipping-taxable","12":"purchasable","13":"product-type-simple"},"etheme_brands":{"errors":{"invalid_taxonomy":["Invalid taxonomy."]},"error_data":[]},"jetpack_sharing_enabled":true,"jetpack-related-posts":[{"id":4251,"url":"https:\/\/artstella-elixirs-floraux.com\/en\/product\/peacock-paon-wea-30-ml\/","url_meta":{"origin":3916,"position":0},"title":"PEACOCK\/PAON WEA 30 ML","author":"eveapprill","date":"9 March 2025","format":false,"excerpt":"Peacock (paon) D\u00e9veloppe un sens de pl\u00e9nitude, d\u2019accomplissement et de compl\u00e9tude. Pour revendiquer sa propre authenticit\u00e9 et autorit\u00e9. Favorise la confiance et soutient l\u2019estime de soi. Pour faire na\u00eetre l\u2019abondance spirituelle","rel":"","context":"Similar post","block_context":{"text":"Similar post","link":""},"img":{"alt_text":"","src":"","width":0,"height":0},"classes":[]},{"id":4561,"url":"https:\/\/artstella-elixirs-floraux.com\/en\/product\/coffret-20-elixirs-danimaux-europeens\/","url_meta":{"origin":3916,"position":1},"title":"COFFRET 20 \u00e9lixirs d&rsquo;ANIMAUX EUROPEENS","author":"eveapprill","date":"9 March 2025","format":false,"excerpt":"Contient 20 \u00e9lixirs d'animaux europ\u00e9ens. Ours, Salamandre, Grenouille, Lapin, Libellule, Papillon de Nuit, Paon, Cheval, Chevreuil, Boeuf, Mouton, Papillon, Cygne, Phoque, Araign\u00e9e, Bouquetin, Cigogne, Grand duc, Bison, Loup","rel":"","context":"Similar post","block_context":{"text":"Similar post","link":""},"img":{"alt_text":"","src":"https:\/\/i0.wp.com\/artstella-elixirs-floraux.com\/wp-content\/uploads\/2025\/03\/wp-image1163.png?resize=350%2C200&ssl=1","width":350,"height":200,"srcset":"https:\/\/i0.wp.com\/artstella-elixirs-floraux.com\/wp-content\/uploads\/2025\/03\/wp-image1163.png?resize=350%2C200&ssl=1 1x, https:\/\/i0.wp.com\/artstella-elixirs-floraux.com\/wp-content\/uploads\/2025\/03\/wp-image1163.png?resize=525%2C300&ssl=1 1.5x, https:\/\/i0.wp.com\/artstella-elixirs-floraux.com\/wp-content\/uploads\/2025\/03\/wp-image1163.png?resize=700%2C400&ssl=1 2x"},"classes":[]},{"id":4403,"url":"https:\/\/artstella-elixirs-floraux.com\/en\/product\/sharing-love-wea-30-ml\/","url_meta":{"origin":3916,"position":2},"title":"SHARING LOVE WEA 30 ML","author":"eveapprill","date":"9 March 2025","format":false,"excerpt":"Sharing Love\u00a0(partager l'amour)\u00a0\u00a0 Profond soutien dans les relations avec les autres, et le partage de l\u2019amour dans tous les domaines de sa vie. Ce complexe comprend : ....","rel":"","context":"Similar post","block_context":{"text":"Similar post","link":""},"img":{"alt_text":"","src":"","width":0,"height":0},"classes":[]},{"id":3930,"url":"https:\/\/artstella-elixirs-floraux.com\/en\/product\/cigogne-a-e-phi-15-ml\/","url_meta":{"origin":3916,"position":3},"title":"CIGOGNE A.E PHI 15 ML","author":"eveapprill","date":"9 March 2025","format":false,"excerpt":"Cigogne (Ciconia ciconia) Storch convient aux personnes stress\u00e9es et dispers\u00e9es, qui ont besoin de calme.","rel":"","context":"Similar post","block_context":{"text":"Similar post","link":""},"img":{"alt_text":"","src":"","width":0,"height":0},"classes":[]},{"id":3748,"url":"https:\/\/artstella-elixirs-floraux.com\/en\/product\/nuns-dome-coiffe-cuba-15ml-phi\/","url_meta":{"origin":3916,"position":4},"title":"NUNS DOME COIFFE (CUBA) 15ML PHI","author":"eveapprill","date":"9 March 2025","format":false,"excerpt":"NONNENHAUBE Prosthechea cochleata\u00a0\u00ab\u00a0Voilette de nonne\u00a0\u00bbOrchid\u00e9e en forme d\u2019ange avec une voilette sur la t\u00eate. C\u2019est une esp\u00e8ce end\u00e9mique des Cara\u00efbes.","rel":"","context":"Similar post","block_context":{"text":"Similar post","link":""},"img":{"alt_text":"","src":"","width":0,"height":0},"classes":[]},{"id":3958,"url":"https:\/\/artstella-elixirs-floraux.com\/en\/product\/autruche-15-ml-phi\/","url_meta":{"origin":3916,"position":5},"title":"AUTRUCHE 15 ML PHI","author":"eveapprill","date":"9 March 2025","format":false,"excerpt":"Autruche (Struthius camelus) Cet \u00e9lixir convient aux personnes qui ont tendance \u00e0 ne jamais faire les choses directement.","rel":"","context":"Similar post","block_context":{"text":"Similar post","link":""},"img":{"alt_text":"","src":"","width":0,"height":0},"classes":[]}],"_links":{"self":[{"href":"https:\/\/artstella-elixirs-floraux.com\/en\/wp-json\/wp\/v2\/product\/3916","targetHints":{"allow":["GET"]}}],"collection":[{"href":"https:\/\/artstella-elixirs-floraux.com\/en\/wp-json\/wp\/v2\/product"}],"about":[{"href":"https:\/\/artstella-elixirs-floraux.com\/en\/wp-json\/wp\/v2\/types\/product"}],"version-history":[{"count":0,"href":"https:\/\/artstella-elixirs-floraux.com\/en\/wp-json\/wp\/v2\/product\/3916\/revisions"}],"wp:featuredmedia":[{"embeddable":true,"href":"https:\/\/artstella-elixirs-floraux.com\/en\/wp-json\/wp\/v2\/media\/3917"}],"wp:attachment":[{"href":"https:\/\/artstella-elixirs-floraux.com\/en\/wp-json\/wp\/v2\/media?parent=3916"}],"wp:term":[{"taxonomy":"product_brand","embeddable":true,"href":"https:\/\/artstella-elixirs-floraux.com\/en\/wp-json\/wp\/v2\/product_brand?post=3916"},{"taxonomy":"product_cat","embeddable":true,"href":"https:\/\/artstella-elixirs-floraux.com\/en\/wp-json\/wp\/v2\/product_cat?post=3916"},{"taxonomy":"product_tag","embeddable":true,"href":"https:\/\/artstella-elixirs-floraux.com\/en\/wp-json\/wp\/v2\/product_tag?post=3916"}],"curies":[{"name":"wp","href":"https:\/\/api.w.org\/{rel}","templated":true}]}}