{"id":3920,"date":"2025-03-09T13:18:23","date_gmt":"2025-03-09T13:18:23","guid":{"rendered":"https:\/\/artstella-elixirs-floraux.com\/product\/boeuf-a-e-15-ml-phi\/"},"modified":"2025-04-23T11:49:04","modified_gmt":"2025-04-23T11:49:04","slug":"boeuf-a-e-15-ml-phi","status":"publish","type":"product","link":"https:\/\/artstella-elixirs-floraux.com\/en\/product\/boeuf-a-e-15-ml-phi\/","title":{"rendered":"BOEUF A.E 15 ML PHI"},"content":{"rendered":"<p>\u00a0 <strong><em>B\u0153uf Rind <\/em><\/strong>Pour \u00e9tablir une liaison entre l\u2019animal et l\u2019\u00eatre humain, dans des aspects comme la paix et la confiance. Convient aux personnes craintives qui n\u2019ont pas confiance dans le d\u00e9roulement des choses. Pour se d\u00e9tendre, ne pas se faire du souci et se sentir plus courageux et plus l\u00e9ger.<\/p>","protected":false},"excerpt":{"rendered":"<p><strong><em>B\u0153uf Rind <\/em><\/strong>Pour \u00e9tablir une liaison entre l\u2019animal et l\u2019\u00eatre humain, dans des aspects comme la paix et la confiance.<\/p>","protected":false},"featured_media":3921,"template":"","meta":[],"product_brand":[],"product_cat":[137],"product_tag":[],"class_list":{"0":"post-3920","1":"product","2":"type-product","3":"status-publish","4":"has-post-thumbnail","6":"product_cat-les-elixirs-d-animlaux-europeens","8":"first","9":"instock","10":"taxable","11":"shipping-taxable","12":"purchasable","13":"product-type-simple"},"etheme_brands":{"errors":{"invalid_taxonomy":["Invalid taxonomy."]},"error_data":[]},"jetpack_sharing_enabled":true,"jetpack-related-posts":[{"id":5464,"url":"https:\/\/artstella-elixirs-floraux.com\/en\/product\/escholzia-california-poppy-10ml\/","url_meta":{"origin":3920,"position":0},"title":"Escholzia &#8211; California poppy 10ML","author":"eveapprill","date":"9 March 2025","format":false,"excerpt":"Escholzia \/ Eschscholzia california (california poppy) SLAAPMUTSJE Pour faire confiance \u00e0 notre ressenti et \u00e0 notre c\u0153ur.\u00a0 Apporte chaleur, confiance et paix au niveau du c\u0153ur. Pour d\u00e9passer les aspects superficiels et rechercher la sagesse int\u00e9rieure.","rel":"","context":"Similar post","block_context":{"text":"Similar post","link":""},"img":{"alt_text":"","src":"","width":0,"height":0},"classes":[]},{"id":4010,"url":"https:\/\/artstella-elixirs-floraux.com\/en\/product\/canelo-15-ml-sylfos\/","url_meta":{"origin":3920,"position":1},"title":"CANELO \/ CANELLE DE MAGELAN SYLFOS","author":"eveapprill","date":"9 March 2025","format":false,"excerpt":"CANELO Drimys chilensis Paix et bien-\u00eatre. Plante ma\u00eetresse des indiens Mapuches utilis\u00e9e pour acc\u00e9der \u00e1 un \u00e9tat de paix profonde, de s\u00e9r\u00e9nit\u00e9 et de confiance, apr\u00e9s une p\u00e9riode agit\u00e9e.","rel":"","context":"Similar post","block_context":{"text":"Similar post","link":""},"img":{"alt_text":"","src":"","width":0,"height":0},"classes":[]},{"id":4561,"url":"https:\/\/artstella-elixirs-floraux.com\/en\/product\/coffret-20-elixirs-danimaux-europeens\/","url_meta":{"origin":3920,"position":2},"title":"COFFRET 20 \u00e9lixirs d&rsquo;ANIMAUX EUROPEENS","author":"eveapprill","date":"9 March 2025","format":false,"excerpt":"Contient 20 \u00e9lixirs d'animaux europ\u00e9ens. Ours, Salamandre, Grenouille, Lapin, Libellule, Papillon de Nuit, Paon, Cheval, Chevreuil, Boeuf, Mouton, Papillon, Cygne, Phoque, Araign\u00e9e, Bouquetin, Cigogne, Grand duc, Bison, Loup","rel":"","context":"Similar post","block_context":{"text":"Similar post","link":""},"img":{"alt_text":"","src":"https:\/\/i0.wp.com\/artstella-elixirs-floraux.com\/wp-content\/uploads\/2025\/03\/wp-image1163.png?resize=350%2C200&ssl=1","width":350,"height":200,"srcset":"https:\/\/i0.wp.com\/artstella-elixirs-floraux.com\/wp-content\/uploads\/2025\/03\/wp-image1163.png?resize=350%2C200&ssl=1 1x, https:\/\/i0.wp.com\/artstella-elixirs-floraux.com\/wp-content\/uploads\/2025\/03\/wp-image1163.png?resize=525%2C300&ssl=1 1.5x, https:\/\/i0.wp.com\/artstella-elixirs-floraux.com\/wp-content\/uploads\/2025\/03\/wp-image1163.png?resize=700%2C400&ssl=1 2x"},"classes":[]},{"id":4217,"url":"https:\/\/artstella-elixirs-floraux.com\/en\/product\/deer-daim-wea-30-ml\/","url_meta":{"origin":3920,"position":3},"title":"DEER\/DAIM WEA 30 ML","author":"eveapprill","date":"9 March 2025","format":false,"excerpt":"Deer (daim) Favorise la conscience et le calme, ainsi que la douceur et la paix. Pour voir avec la cart\u00e9 ce qui se passe autour et \u00e0 l\u2019int\u00e9rieur de soi. Pour cultiver en douceur l\u2019humilit\u00e9 et la confiance.","rel":"","context":"Similar post","block_context":{"text":"Similar post","link":""},"img":{"alt_text":"","src":"","width":0,"height":0},"classes":[]},{"id":6211,"url":"https:\/\/artstella-elixirs-floraux.com\/en\/product\/elixir-ocean-n-26-phi-15ml\/","url_meta":{"origin":3920,"position":4},"title":"ELIXIR OCEAN N\u00b0 26 PHI 15ml","author":"eveapprill","date":"9 March 2025","format":false,"excerpt":"ELIXIR OCEAN N\u00b0 26\u00a0 agit au niveau de l\u2019inconscient profond. Des sentiments profonds de peurs ou d\u2019ins\u00e9curit\u00e9 peuvent \u00eatre conscientis\u00e9s. Il am\u00e9liore et renforce la paix int\u00e9rieure et la confiance. Gr\u00e2ce \u00e0 cette confiance renouvel\u00e9e, il devient possible de se lib\u00e9rer des choses anciennes de fa\u00e7on \u00e0 pouvoir progresser int\u00e9rieurement.","rel":"","context":"Similar post","block_context":{"text":"Similar post","link":""},"img":{"alt_text":"","src":"","width":0,"height":0},"classes":[]},{"id":5112,"url":"https:\/\/artstella-elixirs-floraux.com\/en\/product\/vesuvianite-7-5-ml-alas-gem-sup\/","url_meta":{"origin":3920,"position":5},"title":"VESUVIANITE 7.5 ML ALAS GEM SUP","author":"eveapprill","date":"9 March 2025","format":false,"excerpt":"Vesuvianite - V\u00e9suvianite Indications: d\u00e9sincarn\u00e9; solitaire; difficult\u00e9 \u00e0 maintenir des relations amoureuses positives et centr\u00e9es dans le c\u0153ur; manque de confiance \u00e0 se croire capable de cr\u00e9er la vie que l\u2019on d\u00e9sire.","rel":"","context":"Similar post","block_context":{"text":"Similar post","link":""},"img":{"alt_text":"Les Elixirs de gemmes","src":"https:\/\/i0.wp.com\/artstella-elixirs-floraux.com\/wp-content\/uploads\/2025\/03\/wp-image1421.png?resize=350%2C200&ssl=1","width":350,"height":200},"classes":[]}],"_links":{"self":[{"href":"https:\/\/artstella-elixirs-floraux.com\/en\/wp-json\/wp\/v2\/product\/3920","targetHints":{"allow":["GET"]}}],"collection":[{"href":"https:\/\/artstella-elixirs-floraux.com\/en\/wp-json\/wp\/v2\/product"}],"about":[{"href":"https:\/\/artstella-elixirs-floraux.com\/en\/wp-json\/wp\/v2\/types\/product"}],"version-history":[{"count":0,"href":"https:\/\/artstella-elixirs-floraux.com\/en\/wp-json\/wp\/v2\/product\/3920\/revisions"}],"wp:featuredmedia":[{"embeddable":true,"href":"https:\/\/artstella-elixirs-floraux.com\/en\/wp-json\/wp\/v2\/media\/3921"}],"wp:attachment":[{"href":"https:\/\/artstella-elixirs-floraux.com\/en\/wp-json\/wp\/v2\/media?parent=3920"}],"wp:term":[{"taxonomy":"product_brand","embeddable":true,"href":"https:\/\/artstella-elixirs-floraux.com\/en\/wp-json\/wp\/v2\/product_brand?post=3920"},{"taxonomy":"product_cat","embeddable":true,"href":"https:\/\/artstella-elixirs-floraux.com\/en\/wp-json\/wp\/v2\/product_cat?post=3920"},{"taxonomy":"product_tag","embeddable":true,"href":"https:\/\/artstella-elixirs-floraux.com\/en\/wp-json\/wp\/v2\/product_tag?post=3920"}],"curies":[{"name":"wp","href":"https:\/\/api.w.org\/{rel}","templated":true}]}}