{"id":3932,"date":"2025-03-09T13:18:31","date_gmt":"2025-03-09T13:18:31","guid":{"rendered":"https:\/\/artstella-elixirs-floraux.com\/product\/grand-duc-a-e-15-ml-phi\/"},"modified":"2025-04-23T11:48:55","modified_gmt":"2025-04-23T11:48:55","slug":"grand-duc-a-e-15-ml-phi","status":"publish","type":"product","link":"https:\/\/artstella-elixirs-floraux.com\/en\/product\/grand-duc-a-e-15-ml-phi\/","title":{"rendered":"GRAND DUC A.E 15 ML PHI"},"content":{"rendered":"<p><strong><em>Grand duc (Bubo bubo) Uhu <\/em><\/strong>renforce nos sens pour mieux distinguer ce qui est juste et important pour nous. Au plan spirituel, il nous aide \u00e0 diff\u00e9rencier le noir et le blanc, ce qui est du c\u00f4t\u00e9 de la lumi\u00e8re et ce qui appartient \u00e0 l\u2019ombre. Il aide les personnes qui ont besoin de retrouver leur chemin. Contribue au nettoyage de l\u2019esprit.<\/p>","protected":false},"excerpt":{"rendered":"<p>\u00a0<strong><em>Grand duc (Bubo bubo) Uhu <\/em><\/strong>renforce nos sens pour mieux distinguer ce qui est juste et important pour nous.<\/p>","protected":false},"featured_media":3933,"template":"","meta":[],"product_brand":[],"product_cat":[137],"product_tag":[],"class_list":{"0":"post-3932","1":"product","2":"type-product","3":"status-publish","4":"has-post-thumbnail","6":"product_cat-les-elixirs-d-animlaux-europeens","8":"first","9":"instock","10":"taxable","11":"shipping-taxable","12":"purchasable","13":"product-type-simple"},"etheme_brands":{"errors":{"invalid_taxonomy":["Invalid taxonomy."]},"error_data":[]},"jetpack_sharing_enabled":true,"jetpack-related-posts":[{"id":4561,"url":"https:\/\/artstella-elixirs-floraux.com\/en\/product\/coffret-20-elixirs-danimaux-europeens\/","url_meta":{"origin":3932,"position":0},"title":"COFFRET 20 \u00e9lixirs d&rsquo;ANIMAUX EUROPEENS","author":"eveapprill","date":"9 March 2025","format":false,"excerpt":"Contient 20 \u00e9lixirs d'animaux europ\u00e9ens. Ours, Salamandre, Grenouille, Lapin, Libellule, Papillon de Nuit, Paon, Cheval, Chevreuil, Boeuf, Mouton, Papillon, Cygne, Phoque, Araign\u00e9e, Bouquetin, Cigogne, Grand duc, Bison, Loup","rel":"","context":"Similar post","block_context":{"text":"Similar post","link":""},"img":{"alt_text":"","src":"https:\/\/i0.wp.com\/artstella-elixirs-floraux.com\/wp-content\/uploads\/2025\/03\/wp-image1163.png?resize=350%2C200&ssl=1","width":350,"height":200,"srcset":"https:\/\/i0.wp.com\/artstella-elixirs-floraux.com\/wp-content\/uploads\/2025\/03\/wp-image1163.png?resize=350%2C200&ssl=1 1x, https:\/\/i0.wp.com\/artstella-elixirs-floraux.com\/wp-content\/uploads\/2025\/03\/wp-image1163.png?resize=525%2C300&ssl=1 1.5x, https:\/\/i0.wp.com\/artstella-elixirs-floraux.com\/wp-content\/uploads\/2025\/03\/wp-image1163.png?resize=700%2C400&ssl=1 2x"},"classes":[]},{"id":3605,"url":"https:\/\/artstella-elixirs-floraux.com\/en\/product\/28-just-me-15-ml\/","url_meta":{"origin":3932,"position":1},"title":"28. JUST ME 15 ML","author":"eveapprill","date":"9 March 2025","format":false,"excerpt":"Just Me\/ Moi, c\u2019est moi :aide \u00e0 rester fid\u00e8le \u00e0 soi-m\u00eame sans subir l\u2019influence des projections et des attentes des autres.","rel":"","context":"Similar post","block_context":{"text":"Similar post","link":""},"img":{"alt_text":"","src":"https:\/\/i0.wp.com\/artstella-elixirs-floraux.com\/wp-content\/uploads\/2025\/03\/fd0c314e-d7f7-4ee3-a9b5-5a3c3c736996.jpg?resize=350%2C200&ssl=1","width":350,"height":200,"srcset":"https:\/\/i0.wp.com\/artstella-elixirs-floraux.com\/wp-content\/uploads\/2025\/03\/fd0c314e-d7f7-4ee3-a9b5-5a3c3c736996.jpg?resize=350%2C200&ssl=1 1x, https:\/\/i0.wp.com\/artstella-elixirs-floraux.com\/wp-content\/uploads\/2025\/03\/fd0c314e-d7f7-4ee3-a9b5-5a3c3c736996.jpg?resize=525%2C300&ssl=1 1.5x, https:\/\/i0.wp.com\/artstella-elixirs-floraux.com\/wp-content\/uploads\/2025\/03\/fd0c314e-d7f7-4ee3-a9b5-5a3c3c736996.jpg?resize=700%2C400&ssl=1 2x"},"classes":[]},{"id":3241,"url":"https:\/\/artstella-elixirs-floraux.com\/en\/product\/aneth-15ml-phi\/","url_meta":{"origin":3932,"position":2},"title":"ANETH 15ML PHI","author":"eveapprill","date":"9 March 2025","format":false,"excerpt":"Aneth (Anethum graveolens) (Dill) Nous aide \u00e0 mieux assimiler une grande quantit\u00e9 d'impressions et d'exp\u00e9riences diverses qui nous submergent. Il est id\u00e9al pour les enfants tr\u00e8s sollicit\u00e9s, dans les situations d'apprentissage ou de voyage.","rel":"","context":"Similar post","block_context":{"text":"Similar post","link":""},"img":{"alt_text":"","src":"https:\/\/i0.wp.com\/artstella-elixirs-floraux.com\/wp-content\/uploads\/2025\/03\/wp-image661.png?resize=350%2C200&ssl=1","width":350,"height":200},"classes":[]},{"id":3435,"url":"https:\/\/artstella-elixirs-floraux.com\/en\/product\/masse-dhercule-15-ml-phi\/","url_meta":{"origin":3932,"position":3},"title":"MASSE D&rsquo;HERCULE 15 ML PHI","author":"eveapprill","date":"9 March 2025","format":false,"excerpt":"Masse d\u2019Hercule (Clavariadelphus pistillaris) (Herkuleskeule) L'\u00e9lixir nous relie directement \u00e0 notre moi sup\u00e9rieur (\u00e0 partir du 8\u00e8me chakra). Par ce contact, nous pouvons reconna\u00eetre clairement ce qui est juste et important pour nous en ce moment et pouvons donc mieux orienter notre \u00e9nergie.","rel":"","context":"Similar post","block_context":{"text":"Similar post","link":""},"img":{"alt_text":"","src":"https:\/\/i0.wp.com\/artstella-elixirs-floraux.com\/wp-content\/uploads\/2025\/03\/wp-image319.png?resize=350%2C200&ssl=1","width":350,"height":200},"classes":[]},{"id":3926,"url":"https:\/\/artstella-elixirs-floraux.com\/en\/product\/araignee-a-e-15-ml-phi\/","url_meta":{"origin":3932,"position":4},"title":"ARAIGNEE A.E 15 ML PHI","author":"eveapprill","date":"9 March 2025","format":false,"excerpt":"Araign\u00e9e (Araneus didematus) Spinne am\u00e9liore les perceptions de notre milieu.","rel":"","context":"Similar post","block_context":{"text":"Similar post","link":""},"img":{"alt_text":"","src":"","width":0,"height":0},"classes":[]},{"id":3976,"url":"https:\/\/artstella-elixirs-floraux.com\/en\/product\/elephant-15-ml-phi\/","url_meta":{"origin":3932,"position":5},"title":"ELEPHANT 15 ML PHI","author":"eveapprill","date":"9 March 2025","format":false,"excerpt":"\u00c9l\u00e9phant (Loxodonta africana) aide les personnes sensibles qui hyper-r\u00e9agissent face \u00e0 leur environnement, \u00e0 mieux se prot\u00e9ger et d\u00e9fendre leurs limites. Il aide \u00e0 avoir la \u00ab\u00a0peau \u00e9paisse\u00a0\u00bb.","rel":"","context":"Similar post","block_context":{"text":"Similar post","link":""},"img":{"alt_text":"","src":"","width":0,"height":0},"classes":[]}],"_links":{"self":[{"href":"https:\/\/artstella-elixirs-floraux.com\/en\/wp-json\/wp\/v2\/product\/3932","targetHints":{"allow":["GET"]}}],"collection":[{"href":"https:\/\/artstella-elixirs-floraux.com\/en\/wp-json\/wp\/v2\/product"}],"about":[{"href":"https:\/\/artstella-elixirs-floraux.com\/en\/wp-json\/wp\/v2\/types\/product"}],"version-history":[{"count":0,"href":"https:\/\/artstella-elixirs-floraux.com\/en\/wp-json\/wp\/v2\/product\/3932\/revisions"}],"wp:featuredmedia":[{"embeddable":true,"href":"https:\/\/artstella-elixirs-floraux.com\/en\/wp-json\/wp\/v2\/media\/3933"}],"wp:attachment":[{"href":"https:\/\/artstella-elixirs-floraux.com\/en\/wp-json\/wp\/v2\/media?parent=3932"}],"wp:term":[{"taxonomy":"product_brand","embeddable":true,"href":"https:\/\/artstella-elixirs-floraux.com\/en\/wp-json\/wp\/v2\/product_brand?post=3932"},{"taxonomy":"product_cat","embeddable":true,"href":"https:\/\/artstella-elixirs-floraux.com\/en\/wp-json\/wp\/v2\/product_cat?post=3932"},{"taxonomy":"product_tag","embeddable":true,"href":"https:\/\/artstella-elixirs-floraux.com\/en\/wp-json\/wp\/v2\/product_tag?post=3932"}],"curies":[{"name":"wp","href":"https:\/\/api.w.org\/{rel}","templated":true}]}}