{"id":3954,"date":"2025-03-09T13:18:45","date_gmt":"2025-03-09T13:18:45","guid":{"rendered":"https:\/\/artstella-elixirs-floraux.com\/product\/lion-phi-15-ml\/"},"modified":"2025-04-23T11:38:09","modified_gmt":"2025-04-23T11:38:09","slug":"lion-phi-15-ml","status":"publish","type":"product","link":"https:\/\/artstella-elixirs-floraux.com\/en\/product\/lion-phi-15-ml\/","title":{"rendered":"LION PHI 15 ML"},"content":{"rendered":"","protected":false},"excerpt":{"rendered":"<p><strong><em>Lion (Panthera Leo) <\/em><\/strong>apporte la s\u00fbret\u00e9 et la confiance en soi. Il aide \u00e0 se reposer et \u00e0 appr\u00e9cier la vie. Nous sommes au milieu de l\u2019attention.<strong><em><\/em><\/strong><\/p>","protected":false},"featured_media":3955,"template":"","meta":[],"product_brand":[],"product_cat":[102],"product_tag":[],"class_list":{"0":"post-3954","1":"product","2":"type-product","3":"status-publish","4":"has-post-thumbnail","6":"product_cat-les-elixirs-d-animaux-d-afrique","8":"first","9":"instock","10":"taxable","11":"shipping-taxable","12":"purchasable","13":"product-type-simple"},"etheme_brands":{"errors":{"invalid_taxonomy":["Invalid taxonomy."]},"error_data":[]},"jetpack_sharing_enabled":true,"jetpack-related-posts":[{"id":4245,"url":"https:\/\/artstella-elixirs-floraux.com\/en\/product\/mountain-lion-puma-wea-30-ml\/","url_meta":{"origin":3954,"position":0},"title":"MOUNTAIN LION\/PUMA WEA 30 ML","author":"eveapprill","date":"9 March 2025","format":false,"excerpt":"Mountain Lion (puma) Favorise l\u2019action d\u00e9termin\u00e9e. Est d\u2019un grand soutien pour manifester ses r\u00eaves et visions Aide \u00e0 rester vrai envers soi-m\u00eame. Favorise la capacit\u00e9 \u00e0 \u00ab\u00a0agir selon ses dires\u00a0\u00bb.","rel":"","context":"Similar post","block_context":{"text":"Similar post","link":""},"img":{"alt_text":"","src":"","width":0,"height":0},"classes":[]},{"id":4368,"url":"https:\/\/artstella-elixirs-floraux.com\/en\/product\/lion-cub-lionceau-wea-30-ml\/","url_meta":{"origin":3954,"position":1},"title":"LION CUB\/LIONCEAU WEA 30 ML","author":"eveapprill","date":"9 March 2025","format":false,"excerpt":"Lion Cub (lionceau) Favorise l\u2019intr\u00e9pidit\u00e9, la confiance, le courage, la puissance et le pouvoir authentiques.","rel":"","context":"Similar post","block_context":{"text":"Similar post","link":""},"img":{"alt_text":"","src":"https:\/\/i0.wp.com\/artstella-elixirs-floraux.com\/wp-content\/uploads\/2025\/03\/wp-image2322.png?resize=350%2C200&ssl=1","width":350,"height":200,"srcset":"https:\/\/i0.wp.com\/artstella-elixirs-floraux.com\/wp-content\/uploads\/2025\/03\/wp-image2322.png?resize=350%2C200&ssl=1 1x, https:\/\/i0.wp.com\/artstella-elixirs-floraux.com\/wp-content\/uploads\/2025\/03\/wp-image2322.png?resize=525%2C300&ssl=1 1.5x, https:\/\/i0.wp.com\/artstella-elixirs-floraux.com\/wp-content\/uploads\/2025\/03\/wp-image2322.png?resize=700%2C400&ssl=1 2x"},"classes":[]},{"id":4243,"url":"https:\/\/artstella-elixirs-floraux.com\/en\/product\/lion-wea-30-ml\/","url_meta":{"origin":3954,"position":2},"title":"LION WEA 30 ML","author":"eveapprill","date":"9 March 2025","format":false,"excerpt":"Lion Pour revendiquer sa plus profonde autorit\u00e9 personnelle et son plus profond pouvoir spirituel. Favorise le courage, l\u2019intr\u00e9pidit\u00e9, le \u00ab\u00a0leadership\u00a0\u00bb, la performance et le succ\u00e8s. D\u00e9veloppe un sens de bien-\u00eatre et de force.","rel":"","context":"Similar post","block_context":{"text":"Similar post","link":""},"img":{"alt_text":"","src":"https:\/\/i0.wp.com\/artstella-elixirs-floraux.com\/wp-content\/uploads\/2025\/03\/wp-image2267.png?resize=350%2C200&ssl=1","width":350,"height":200,"srcset":"https:\/\/i0.wp.com\/artstella-elixirs-floraux.com\/wp-content\/uploads\/2025\/03\/wp-image2267.png?resize=350%2C200&ssl=1 1x, https:\/\/i0.wp.com\/artstella-elixirs-floraux.com\/wp-content\/uploads\/2025\/03\/wp-image2267.png?resize=525%2C300&ssl=1 1.5x, https:\/\/i0.wp.com\/artstella-elixirs-floraux.com\/wp-content\/uploads\/2025\/03\/wp-image2267.png?resize=700%2C400&ssl=1 2x, https:\/\/i0.wp.com\/artstella-elixirs-floraux.com\/wp-content\/uploads\/2025\/03\/wp-image2267.png?resize=1050%2C600&ssl=1 3x"},"classes":[]},{"id":6317,"url":"https:\/\/artstella-elixirs-floraux.com\/en\/product\/troisieme-chakra-weae-30ml\/","url_meta":{"origin":3954,"position":3},"title":"TROISIEME CHAKRA WEAE 30ML","author":"eveapprill","date":"9 March 2025","format":false,"excerpt":"Third Chakra Essence fournit un soutien pour recevoir les cadeaux du troisi\u00e8me chakra, y compris: revendiquer et exprimer notre pouvoir personnel sain, renforcer et \u00e9quilibrer notre corps mental, agir dans le monde avec d\u00e9termination et engagement. \u00a0 \u00a0","rel":"","context":"Similar post","block_context":{"text":"Similar post","link":""},"img":{"alt_text":"","src":"https:\/\/i0.wp.com\/artstella-elixirs-floraux.com\/wp-content\/uploads\/2025\/03\/916895f6-2f0a-436e-958b-2cb102cd33c3.jpg?resize=350%2C200&ssl=1","width":350,"height":200,"srcset":"https:\/\/i0.wp.com\/artstella-elixirs-floraux.com\/wp-content\/uploads\/2025\/03\/916895f6-2f0a-436e-958b-2cb102cd33c3.jpg?resize=350%2C200&ssl=1 1x, https:\/\/i0.wp.com\/artstella-elixirs-floraux.com\/wp-content\/uploads\/2025\/03\/916895f6-2f0a-436e-958b-2cb102cd33c3.jpg?resize=525%2C300&ssl=1 1.5x, https:\/\/i0.wp.com\/artstella-elixirs-floraux.com\/wp-content\/uploads\/2025\/03\/916895f6-2f0a-436e-958b-2cb102cd33c3.jpg?resize=700%2C400&ssl=1 2x"},"classes":[]},{"id":4563,"url":"https:\/\/artstella-elixirs-floraux.com\/en\/product\/coffret-10-elixirs-danimaux-dafrique\/","url_meta":{"origin":3954,"position":4},"title":"COFFRET 10 \u00e9lixirs d&rsquo;ANIMAUX D&rsquo;AFRIQUE","author":"eveapprill","date":"9 March 2025","format":false,"excerpt":"Contient 10 flacon d'\u00e9liixirs d'animaux d'Afrique : Singe, El\u00e9phant, Hippopotame, Gnou, L\u00e9opard, Lion, Rhinoc\u00e9ros, Autruche, Aigle \u00e0 t\u00ebte blanche, Serpent.","rel":"","context":"Similar post","block_context":{"text":"Similar post","link":""},"img":{"alt_text":"","src":"https:\/\/i0.wp.com\/artstella-elixirs-floraux.com\/wp-content\/uploads\/2025\/03\/wp-image1164.png?resize=350%2C200&ssl=1","width":350,"height":200,"srcset":"https:\/\/i0.wp.com\/artstella-elixirs-floraux.com\/wp-content\/uploads\/2025\/03\/wp-image1164.png?resize=350%2C200&ssl=1 1x, https:\/\/i0.wp.com\/artstella-elixirs-floraux.com\/wp-content\/uploads\/2025\/03\/wp-image1164.png?resize=525%2C300&ssl=1 1.5x, https:\/\/i0.wp.com\/artstella-elixirs-floraux.com\/wp-content\/uploads\/2025\/03\/wp-image1164.png?resize=700%2C400&ssl=1 2x"},"classes":[]},{"id":5462,"url":"https:\/\/artstella-elixirs-floraux.com\/en\/product\/strophaire-a-anneau-rugueux-10ml-bl\/","url_meta":{"origin":3954,"position":5},"title":"Strophaire \u00e0 anneau rugueux 10ml BL","author":"eveapprill","date":"9 March 2025","format":false,"excerpt":"Strophaire \u00e0 anneau rugueux \/ Stropharia rugoso annulata\u00a0\u00a0\u00a0\u00a0\u00a0\u00a0\u00a0\u00a0\u00a0\u00a0\u00a0\u00a0\u00a0\u00a0 Peut atteindre 40 \u00e0 50 cm de circonf\u00e9rence. Pour trouver de nouvelles intuitions dans ses activit\u00e9s.","rel":"","context":"Similar post","block_context":{"text":"Similar post","link":""},"img":{"alt_text":"","src":"","width":0,"height":0},"classes":[]}],"_links":{"self":[{"href":"https:\/\/artstella-elixirs-floraux.com\/en\/wp-json\/wp\/v2\/product\/3954","targetHints":{"allow":["GET"]}}],"collection":[{"href":"https:\/\/artstella-elixirs-floraux.com\/en\/wp-json\/wp\/v2\/product"}],"about":[{"href":"https:\/\/artstella-elixirs-floraux.com\/en\/wp-json\/wp\/v2\/types\/product"}],"version-history":[{"count":0,"href":"https:\/\/artstella-elixirs-floraux.com\/en\/wp-json\/wp\/v2\/product\/3954\/revisions"}],"wp:featuredmedia":[{"embeddable":true,"href":"https:\/\/artstella-elixirs-floraux.com\/en\/wp-json\/wp\/v2\/media\/3955"}],"wp:attachment":[{"href":"https:\/\/artstella-elixirs-floraux.com\/en\/wp-json\/wp\/v2\/media?parent=3954"}],"wp:term":[{"taxonomy":"product_brand","embeddable":true,"href":"https:\/\/artstella-elixirs-floraux.com\/en\/wp-json\/wp\/v2\/product_brand?post=3954"},{"taxonomy":"product_cat","embeddable":true,"href":"https:\/\/artstella-elixirs-floraux.com\/en\/wp-json\/wp\/v2\/product_cat?post=3954"},{"taxonomy":"product_tag","embeddable":true,"href":"https:\/\/artstella-elixirs-floraux.com\/en\/wp-json\/wp\/v2\/product_tag?post=3954"}],"curies":[{"name":"wp","href":"https:\/\/api.w.org\/{rel}","templated":true}]}}