{"id":3958,"date":"2025-03-09T13:18:48","date_gmt":"2025-03-09T13:18:48","guid":{"rendered":"https:\/\/artstella-elixirs-floraux.com\/product\/autruche-15-ml-phi\/"},"modified":"2025-04-23T11:41:59","modified_gmt":"2025-04-23T11:41:59","slug":"autruche-15-ml-phi","status":"publish","type":"product","link":"https:\/\/artstella-elixirs-floraux.com\/en\/product\/autruche-15-ml-phi\/","title":{"rendered":"AUTRUCHE 15 ML PHI"},"content":{"rendered":"<p><strong><em>Autruche (Struthius camelus)<\/em><\/strong><\/p>\n<p>Cet \u00e9lixir convient aux personnes qui ont tendance \u00e0 ne jamais faire les choses directement. Il aide \u00e0 affronter les difficult\u00e9s qui auparavant auraient pouss\u00e9 \u00e0 la fuite et permet de regarder les probl\u00e8mes en face.<\/p>","protected":false},"excerpt":{"rendered":"<p><strong><em>Autruche (Struthius camelus)<\/em><\/strong><\/p>\n<p>Cet \u00e9lixir convient aux personnes qui ont tendance \u00e0 ne jamais faire les choses directement.<\/p>","protected":false},"featured_media":3959,"template":"","meta":[],"product_brand":[],"product_cat":[102],"product_tag":[],"class_list":{"0":"post-3958","1":"product","2":"type-product","3":"status-publish","4":"has-post-thumbnail","6":"product_cat-les-elixirs-d-animaux-d-afrique","8":"first","9":"instock","10":"taxable","11":"shipping-taxable","12":"purchasable","13":"product-type-variable"},"etheme_brands":{"errors":{"invalid_taxonomy":["Invalid taxonomy."]},"error_data":[]},"jetpack_sharing_enabled":true,"jetpack-related-posts":[{"id":1921,"url":"https:\/\/artstella-elixirs-floraux.com\/en\/product\/autruche-30-ml-phi\/","url_meta":{"origin":3958,"position":0},"title":"AUTRUCHE 30 ML PHI","author":"eveapprill","date":"27 May 2025","format":false,"excerpt":"","rel":"","context":"Similar post","block_context":{"text":"Similar post","link":""},"img":{"alt_text":"","src":"","width":0,"height":0},"classes":[]},{"id":4563,"url":"https:\/\/artstella-elixirs-floraux.com\/en\/product\/coffret-10-elixirs-danimaux-dafrique\/","url_meta":{"origin":3958,"position":1},"title":"COFFRET 10 \u00e9lixirs d&rsquo;ANIMAUX D&rsquo;AFRIQUE","author":"eveapprill","date":"9 March 2025","format":false,"excerpt":"Contient 10 flacon d'\u00e9liixirs d'animaux d'Afrique : Singe, El\u00e9phant, Hippopotame, Gnou, L\u00e9opard, Lion, Rhinoc\u00e9ros, Autruche, Aigle \u00e0 t\u00ebte blanche, Serpent.","rel":"","context":"Similar post","block_context":{"text":"Similar post","link":""},"img":{"alt_text":"","src":"https:\/\/i0.wp.com\/artstella-elixirs-floraux.com\/wp-content\/uploads\/2025\/03\/wp-image1164.png?resize=350%2C200&ssl=1","width":350,"height":200,"srcset":"https:\/\/i0.wp.com\/artstella-elixirs-floraux.com\/wp-content\/uploads\/2025\/03\/wp-image1164.png?resize=350%2C200&ssl=1 1x, https:\/\/i0.wp.com\/artstella-elixirs-floraux.com\/wp-content\/uploads\/2025\/03\/wp-image1164.png?resize=525%2C300&ssl=1 1.5x, https:\/\/i0.wp.com\/artstella-elixirs-floraux.com\/wp-content\/uploads\/2025\/03\/wp-image1164.png?resize=700%2C400&ssl=1 2x"},"classes":[]},{"id":6203,"url":"https:\/\/artstella-elixirs-floraux.com\/en\/product\/elixir-ocean-n-22-phi-15ml\/","url_meta":{"origin":3958,"position":2},"title":"ELIXIR OCEAN N\u00b0 22 PHI 15ml","author":"eveapprill","date":"9 March 2025","format":false,"excerpt":"ELIXIR OCEAN N\u00b0 22\u00a0 aide \u00e0 se centrer \u00e9motionnellement et \u00e0 s'harmoniser. Il aide les personnes ayant tendance \u00e0 vouloir contr\u00f4ler les autres \u00e0 pouvoir l\u00e2cher prise. Il favorise \u00e9nerg\u00e9tiquement la lib\u00e9ration de peurs telle la perte de contr\u00f4le.","rel":"","context":"Similar post","block_context":{"text":"Similar post","link":""},"img":{"alt_text":"","src":"https:\/\/i0.wp.com\/artstella-elixirs-floraux.com\/wp-content\/uploads\/2025\/03\/wp-image2196.png?resize=350%2C200&ssl=1","width":350,"height":200},"classes":[]},{"id":3637,"url":"https:\/\/artstella-elixirs-floraux.com\/en\/product\/44-purity-of-heart-ltoe-15-ml\/","url_meta":{"origin":3958,"position":3},"title":"44. PURITY OF HEART LTOE 15 ML","author":"eveapprill","date":"9 March 2025","format":false,"excerpt":"Purity of Heart\/ Puret\u00e9 d\u2019\u00e2me Cet \u00e9lixir est utile quand on est stress\u00e9 par manque de temps. On peut comprendre qu\u2019il y a assez de temps pour accomplir tout ce que l\u2019on a \u00e0 faire.","rel":"","context":"Similar post","block_context":{"text":"Similar post","link":""},"img":{"alt_text":"","src":"https:\/\/i0.wp.com\/artstella-elixirs-floraux.com\/wp-content\/uploads\/2025\/03\/b3432d85-7c05-496b-825d-e3774d15e503.jpg?resize=350%2C200&ssl=1","width":350,"height":200,"srcset":"https:\/\/i0.wp.com\/artstella-elixirs-floraux.com\/wp-content\/uploads\/2025\/03\/b3432d85-7c05-496b-825d-e3774d15e503.jpg?resize=350%2C200&ssl=1 1x, https:\/\/i0.wp.com\/artstella-elixirs-floraux.com\/wp-content\/uploads\/2025\/03\/b3432d85-7c05-496b-825d-e3774d15e503.jpg?resize=525%2C300&ssl=1 1.5x, https:\/\/i0.wp.com\/artstella-elixirs-floraux.com\/wp-content\/uploads\/2025\/03\/b3432d85-7c05-496b-825d-e3774d15e503.jpg?resize=700%2C400&ssl=1 2x"},"classes":[]},{"id":3855,"url":"https:\/\/artstella-elixirs-floraux.com\/en\/product\/blennie-15-ml-phi\/","url_meta":{"origin":3958,"position":4},"title":"BLENNIE 15 ML PHI","author":"eveapprill","date":"9 March 2025","format":false,"excerpt":"Blennie\u00a0(Blennius sanguinolentus) Schleimfish L\u2019\u00e9lixir aide \u00e0 l\u00e2cher les tensions qui proviennent de nos sentiments.","rel":"","context":"Similar post","block_context":{"text":"Similar post","link":""},"img":{"alt_text":"","src":"","width":0,"height":0},"classes":[]},{"id":5848,"url":"https:\/\/artstella-elixirs-floraux.com\/en\/product\/tortue-turtle-chelonia-mydas-15ml-phi\/","url_meta":{"origin":3958,"position":5},"title":"Tortue &#8211; Turtle (Chelonia mydas) 15ml PHI","author":"eveapprill","date":"9 March 2025","format":false,"excerpt":"Tortue - Turtle (Chelonia mydas)\u00a0 C\u2019est \u00e9lixir de la gestion du stress. Nous pouvons nous sentir prot\u00e9ger par la carapace, de cette fa\u00e7on le stress ne peut pas nous affecter directement et nous apprenons \u00e0 faire les choses \u00e0 notre propre rythme. Il nous aide \u00e0 nous relaxer, \u00e0 retrouver\u2026","rel":"","context":"Similar post","block_context":{"text":"Similar post","link":""},"img":{"alt_text":"","src":"","width":0,"height":0},"classes":[]}],"_links":{"self":[{"href":"https:\/\/artstella-elixirs-floraux.com\/en\/wp-json\/wp\/v2\/product\/3958","targetHints":{"allow":["GET"]}}],"collection":[{"href":"https:\/\/artstella-elixirs-floraux.com\/en\/wp-json\/wp\/v2\/product"}],"about":[{"href":"https:\/\/artstella-elixirs-floraux.com\/en\/wp-json\/wp\/v2\/types\/product"}],"version-history":[{"count":0,"href":"https:\/\/artstella-elixirs-floraux.com\/en\/wp-json\/wp\/v2\/product\/3958\/revisions"}],"wp:featuredmedia":[{"embeddable":true,"href":"https:\/\/artstella-elixirs-floraux.com\/en\/wp-json\/wp\/v2\/media\/3959"}],"wp:attachment":[{"href":"https:\/\/artstella-elixirs-floraux.com\/en\/wp-json\/wp\/v2\/media?parent=3958"}],"wp:term":[{"taxonomy":"product_brand","embeddable":true,"href":"https:\/\/artstella-elixirs-floraux.com\/en\/wp-json\/wp\/v2\/product_brand?post=3958"},{"taxonomy":"product_cat","embeddable":true,"href":"https:\/\/artstella-elixirs-floraux.com\/en\/wp-json\/wp\/v2\/product_cat?post=3958"},{"taxonomy":"product_tag","embeddable":true,"href":"https:\/\/artstella-elixirs-floraux.com\/en\/wp-json\/wp\/v2\/product_tag?post=3958"}],"curies":[{"name":"wp","href":"https:\/\/api.w.org\/{rel}","templated":true}]}}