{"id":3962,"date":"2025-03-09T13:18:51","date_gmt":"2025-03-09T13:18:51","guid":{"rendered":"https:\/\/artstella-elixirs-floraux.com\/product\/aigle-a-tete-blanche-15-ml-phi\/"},"modified":"2025-04-23T11:38:08","modified_gmt":"2025-04-23T11:38:08","slug":"aigle-a-tete-blanche-15-ml-phi","status":"publish","type":"product","link":"https:\/\/artstella-elixirs-floraux.com\/en\/product\/aigle-a-tete-blanche-15-ml-phi\/","title":{"rendered":"AIGLE A TETE BLANCHE 15 ML PHI"},"content":{"rendered":"<p><strong><em>Aigle \u00e0 t\u00eate blanche (Haliaetus leucocephalus) (Weisskopfseeadler) <\/em><\/strong>Il \u00e9tablit une clart\u00e9 de l\u2019esprit, renforce une vision plus large des choses, et nous permet d\u2019exp\u00e9rimenter la flexibilit\u00e9 et la vitesse. Il favorise la compr\u00e9hension des choses gr\u00e2ce \u00e0 un point de vue distanc\u00e9.<\/p>","protected":false},"excerpt":{"rendered":"<p><strong><em>Aigle \u00e0 t\u00eate blanche (Haliaetus leucocephalus) (Weisskopfseeadler) <\/em><\/strong>Il \u00e9tablit une clart\u00e9 de l\u2019esprit, renforce une vision plus large des choses,<\/p>","protected":false},"featured_media":3963,"template":"","meta":[],"product_brand":[],"product_cat":[102],"product_tag":[],"class_list":{"0":"post-3962","1":"product","2":"type-product","3":"status-publish","4":"has-post-thumbnail","6":"product_cat-les-elixirs-d-animaux-d-afrique","8":"first","9":"instock","10":"taxable","11":"shipping-taxable","12":"purchasable","13":"product-type-simple"},"etheme_brands":{"errors":{"invalid_taxonomy":["Invalid taxonomy."]},"error_data":[]},"jetpack_sharing_enabled":true,"jetpack-related-posts":[{"id":4225,"url":"https:\/\/artstella-elixirs-floraux.com\/en\/product\/eagle-aigle-wea-30-ml\/","url_meta":{"origin":3962,"position":0},"title":"EAGLE\/AIGLE WEA 30 ML","author":"eveapprill","date":"9 March 2025","format":false,"excerpt":"Eagle (aigle) Pour s\u2019envoler au-dessus des probl\u00e8mes terrestres et gagner en perspective et en clart\u00e9. Favorise la vision spirituelle et cr\u00e9ative. Aide \u00e0 s\u2019ouvrir au Divin pour l\u2019inspiration cr\u00e9atrice et la direction. Pour voler majestueusement avec le Grand Esprit.","rel":"","context":"Similar post","block_context":{"text":"Similar post","link":""},"img":{"alt_text":"","src":"https:\/\/i0.wp.com\/artstella-elixirs-floraux.com\/wp-content\/uploads\/2025\/03\/wp-image2256.png?resize=350%2C200&ssl=1","width":350,"height":200,"srcset":"https:\/\/i0.wp.com\/artstella-elixirs-floraux.com\/wp-content\/uploads\/2025\/03\/wp-image2256.png?resize=350%2C200&ssl=1 1x, https:\/\/i0.wp.com\/artstella-elixirs-floraux.com\/wp-content\/uploads\/2025\/03\/wp-image2256.png?resize=525%2C300&ssl=1 1.5x, https:\/\/i0.wp.com\/artstella-elixirs-floraux.com\/wp-content\/uploads\/2025\/03\/wp-image2256.png?resize=700%2C400&ssl=1 2x, https:\/\/i0.wp.com\/artstella-elixirs-floraux.com\/wp-content\/uploads\/2025\/03\/wp-image2256.png?resize=1050%2C600&ssl=1 3x"},"classes":[]},{"id":4563,"url":"https:\/\/artstella-elixirs-floraux.com\/en\/product\/coffret-10-elixirs-danimaux-dafrique\/","url_meta":{"origin":3962,"position":1},"title":"COFFRET 10 \u00e9lixirs d&rsquo;ANIMAUX D&rsquo;AFRIQUE","author":"eveapprill","date":"9 March 2025","format":false,"excerpt":"Contient 10 flacon d'\u00e9liixirs d'animaux d'Afrique : Singe, El\u00e9phant, Hippopotame, Gnou, L\u00e9opard, Lion, Rhinoc\u00e9ros, Autruche, Aigle \u00e0 t\u00ebte blanche, Serpent.","rel":"","context":"Similar post","block_context":{"text":"Similar post","link":""},"img":{"alt_text":"","src":"https:\/\/i0.wp.com\/artstella-elixirs-floraux.com\/wp-content\/uploads\/2025\/03\/wp-image1164.png?resize=350%2C200&ssl=1","width":350,"height":200,"srcset":"https:\/\/i0.wp.com\/artstella-elixirs-floraux.com\/wp-content\/uploads\/2025\/03\/wp-image1164.png?resize=350%2C200&ssl=1 1x, https:\/\/i0.wp.com\/artstella-elixirs-floraux.com\/wp-content\/uploads\/2025\/03\/wp-image1164.png?resize=525%2C300&ssl=1 1.5x, https:\/\/i0.wp.com\/artstella-elixirs-floraux.com\/wp-content\/uploads\/2025\/03\/wp-image1164.png?resize=700%2C400&ssl=1 2x"},"classes":[]},{"id":4249,"url":"https:\/\/artstella-elixirs-floraux.com\/en\/product\/owl-hibou-wea-30-ml\/","url_meta":{"origin":3962,"position":2},"title":"OWL\/HIBOU WEA 30 ML","author":"eveapprill","date":"9 March 2025","format":false,"excerpt":"Owl (hibou) Pour acc\u00e9der \u00e0 et agir selon sa plus haute sagesse. Pour voir clairement \u00e0 travers sa propre obscurit\u00e9. Favorise la clart\u00e9 d\u2019esprit, l\u2019intuition et la vision et l\u2019expression de la v\u00e9rit\u00e9","rel":"","context":"Similar post","block_context":{"text":"Similar post","link":""},"img":{"alt_text":"","src":"https:\/\/i0.wp.com\/artstella-elixirs-floraux.com\/wp-content\/uploads\/2025\/03\/wp-image2269.png?resize=350%2C200&ssl=1","width":350,"height":200,"srcset":"https:\/\/i0.wp.com\/artstella-elixirs-floraux.com\/wp-content\/uploads\/2025\/03\/wp-image2269.png?resize=350%2C200&ssl=1 1x, https:\/\/i0.wp.com\/artstella-elixirs-floraux.com\/wp-content\/uploads\/2025\/03\/wp-image2269.png?resize=525%2C300&ssl=1 1.5x, https:\/\/i0.wp.com\/artstella-elixirs-floraux.com\/wp-content\/uploads\/2025\/03\/wp-image2269.png?resize=700%2C400&ssl=1 2x, https:\/\/i0.wp.com\/artstella-elixirs-floraux.com\/wp-content\/uploads\/2025\/03\/wp-image2269.png?resize=1050%2C600&ssl=1 3x, https:\/\/i0.wp.com\/artstella-elixirs-floraux.com\/wp-content\/uploads\/2025\/03\/wp-image2269.png?resize=1400%2C800&ssl=1 4x"},"classes":[]},{"id":6325,"url":"https:\/\/artstella-elixirs-floraux.com\/en\/product\/septieme-chakra-weae-30ml\/","url_meta":{"origin":3962,"position":3},"title":"SEPTIEME CHAKRA WEAE 30 ml","author":"eveapprill","date":"9 March 2025","format":false,"excerpt":"Seventh Chakra Essence fournit un soutien pour recevoir les dons du septi\u00e8me chakra, y compris: \u00eatre en unit\u00e9 avec l'esprit, recevoir des conseils sup\u00e9rieurs, la connexion divine.","rel":"","context":"Similar post","block_context":{"text":"Similar post","link":""},"img":{"alt_text":"","src":"https:\/\/i0.wp.com\/artstella-elixirs-floraux.com\/wp-content\/uploads\/2025\/03\/1f748c53-28aa-4d2b-a2a4-484c606e5bf4.jpg?resize=350%2C200&ssl=1","width":350,"height":200,"srcset":"https:\/\/i0.wp.com\/artstella-elixirs-floraux.com\/wp-content\/uploads\/2025\/03\/1f748c53-28aa-4d2b-a2a4-484c606e5bf4.jpg?resize=350%2C200&ssl=1 1x, https:\/\/i0.wp.com\/artstella-elixirs-floraux.com\/wp-content\/uploads\/2025\/03\/1f748c53-28aa-4d2b-a2a4-484c606e5bf4.jpg?resize=525%2C300&ssl=1 1.5x, https:\/\/i0.wp.com\/artstella-elixirs-floraux.com\/wp-content\/uploads\/2025\/03\/1f748c53-28aa-4d2b-a2a4-484c606e5bf4.jpg?resize=700%2C400&ssl=1 2x"},"classes":[]},{"id":3733,"url":"https:\/\/artstella-elixirs-floraux.com\/en\/product\/white-beauty-spray\/","url_meta":{"origin":3962,"position":4},"title":"WHITE BEAUTY SPRAY","author":"eveapprill","date":"9 March 2025","format":false,"excerpt":"White beauty (Blanche beaut\u00e9) Une \u00e9nergie nourrissante et aimante descend sur le chakra coronal quand on le pulv\u00e9rise au dessus de la t\u00eate. \u00ab\u00a0bleu\u00a0\u00bb avec les huiles essentielles de Rose Bulgare","rel":"","context":"Similar post","block_context":{"text":"Similar post","link":""},"img":{"alt_text":"","src":"","width":0,"height":0},"classes":[]},{"id":2757,"url":"https:\/\/artstella-elixirs-floraux.com\/en\/product\/air-air-bush-white-light\/","url_meta":{"origin":3962,"position":5},"title":"AIR (Air) BUSH WHITE LIGHT","author":"eveapprill","date":"9 March 2025","format":false,"excerpt":"L'\u00c9LIXIR AIR (AIR ESSENCE) a \u00e9t\u00e9 pr\u00e9par\u00e9 au sommet de la montagne Schafberg, \u00e0 St Wolfgang en Autriche. Il permet \u00e0 chacun d\u2019atteindre des royaumes et plans spirituels plus \u00e9lev\u00e9s...","rel":"","context":"Similar post","block_context":{"text":"Similar post","link":""},"img":{"alt_text":"","src":"https:\/\/i0.wp.com\/artstella-elixirs-floraux.com\/wp-content\/uploads\/2025\/03\/5d739f8d-a2aa-4869-a1f7-b6935c8fd6f5.jpg?resize=350%2C200&ssl=1","width":350,"height":200,"srcset":"https:\/\/i0.wp.com\/artstella-elixirs-floraux.com\/wp-content\/uploads\/2025\/03\/5d739f8d-a2aa-4869-a1f7-b6935c8fd6f5.jpg?resize=350%2C200&ssl=1 1x, https:\/\/i0.wp.com\/artstella-elixirs-floraux.com\/wp-content\/uploads\/2025\/03\/5d739f8d-a2aa-4869-a1f7-b6935c8fd6f5.jpg?resize=525%2C300&ssl=1 1.5x, https:\/\/i0.wp.com\/artstella-elixirs-floraux.com\/wp-content\/uploads\/2025\/03\/5d739f8d-a2aa-4869-a1f7-b6935c8fd6f5.jpg?resize=700%2C400&ssl=1 2x"},"classes":[]}],"_links":{"self":[{"href":"https:\/\/artstella-elixirs-floraux.com\/en\/wp-json\/wp\/v2\/product\/3962","targetHints":{"allow":["GET"]}}],"collection":[{"href":"https:\/\/artstella-elixirs-floraux.com\/en\/wp-json\/wp\/v2\/product"}],"about":[{"href":"https:\/\/artstella-elixirs-floraux.com\/en\/wp-json\/wp\/v2\/types\/product"}],"version-history":[{"count":0,"href":"https:\/\/artstella-elixirs-floraux.com\/en\/wp-json\/wp\/v2\/product\/3962\/revisions"}],"wp:featuredmedia":[{"embeddable":true,"href":"https:\/\/artstella-elixirs-floraux.com\/en\/wp-json\/wp\/v2\/media\/3963"}],"wp:attachment":[{"href":"https:\/\/artstella-elixirs-floraux.com\/en\/wp-json\/wp\/v2\/media?parent=3962"}],"wp:term":[{"taxonomy":"product_brand","embeddable":true,"href":"https:\/\/artstella-elixirs-floraux.com\/en\/wp-json\/wp\/v2\/product_brand?post=3962"},{"taxonomy":"product_cat","embeddable":true,"href":"https:\/\/artstella-elixirs-floraux.com\/en\/wp-json\/wp\/v2\/product_cat?post=3962"},{"taxonomy":"product_tag","embeddable":true,"href":"https:\/\/artstella-elixirs-floraux.com\/en\/wp-json\/wp\/v2\/product_tag?post=3962"}],"curies":[{"name":"wp","href":"https:\/\/api.w.org\/{rel}","templated":true}]}}