{"id":3966,"date":"2025-05-27T16:06:47","date_gmt":"2025-05-27T16:06:47","guid":{"rendered":"https:\/\/artstella-elixirs-floraux.com\/?post_type=product&#038;p=3966"},"modified":"2025-05-27T16:06:47","modified_gmt":"2025-05-27T16:06:47","slug":"tortue-phi-15-ml","status":"publish","type":"product","link":"https:\/\/artstella-elixirs-floraux.com\/en\/product\/tortue-phi-15-ml\/","title":{"rendered":"TORTUE PHI 15 ML"},"content":{"rendered":"","protected":false},"excerpt":{"rendered":"<p><strong><em>Tortue<\/em><\/strong> Schildkr\u00f6te (Lepidochelys olivacea) aide \u00e0 contr\u00f4ler le stress en se cr\u00e9ant une coquille solide. Il permet de garder son calme et d\u2019agir avec ses forces int\u00e9rieures. Nous apprenons que nous pouvons aussi fonctionner dans la paix.<\/p>","protected":false},"featured_media":3967,"template":"","meta":[],"product_brand":[],"product_cat":[101],"product_tag":[],"class_list":{"0":"post-3966","1":"product","2":"type-product","3":"status-publish","4":"has-post-thumbnail","6":"product_cat-divers","8":"first","9":"instock","10":"taxable","11":"shipping-taxable","12":"purchasable","13":"product-type-simple"},"etheme_brands":{"errors":{"invalid_taxonomy":["Invalid taxonomy."]},"error_data":[]},"jetpack_sharing_enabled":true,"jetpack-related-posts":[{"id":6380,"url":"https:\/\/artstella-elixirs-floraux.com\/en\/product\/elixir-ocean-n41-phi-15-ml\/","url_meta":{"origin":3966,"position":0},"title":"Elixir Ocean n\u00b041 PHI 15 ml","author":"eveapprill","date":"9 March 2025","format":false,"excerpt":"800x600 Normal 0 21 false false false FR X-NONE X-NONE \/* Style Definitions *\/ table.MsoNormalTable {mso-style-name:\"Tableau Normal\"; mso-tstyle-rowband-size:0; mso-tstyle-colband-size:0; mso-style-noshow:yes; mso-style-priority:99; mso-style-parent:\"\"; mso-padding-alt:0cm 5.4pt 0cm 5.4pt; mso-para-margin:0cm; mso-para-margin-bottom:.0001pt; mso-pagination:widow-orphan; font-size:10.0pt; font-family:\"Calibri\",sans-serif; mso-bidi-font-family:\"Times New Roman\";} Cet \u00e9lixir apporte r\u00e9sistance et pers\u00e9v\u00e9rance. En particulier dans les moments difficiles, il nous aide \u00e0\u2026","rel":"","context":"Similar post","block_context":{"text":"Similar post","link":""},"img":{"alt_text":"","src":"https:\/\/i0.wp.com\/artstella-elixirs-floraux.com\/wp-content\/uploads\/2025\/03\/wp-image2461.png?resize=350%2C200&ssl=1","width":350,"height":200},"classes":[]},{"id":6237,"url":"https:\/\/artstella-elixirs-floraux.com\/en\/product\/purete-zuivering-compose-bloesem-remedies\/","url_meta":{"origin":3966,"position":1},"title":"PURET\u00c9 &#8211; ZUIVERING COMPOSE BLOESEM REMEDIES","author":"eveapprill","date":"9 March 2025","format":false,"excerpt":"Il purifie l\u2019\u00e2me et le corps et nous met en contact avec la terre. Il agit en nous faisant sentir vraiment bien dans notre peau et nous met en contact avec la puret\u00e9 originelle de notre \u00e2me. 12.00 Normal 0 21 false false false FR X-NONE X-NONE MicrosoftInternetExplorer4 \/* Style\u2026","rel":"","context":"Similar post","block_context":{"text":"Similar post","link":""},"img":{"alt_text":"","src":"","width":0,"height":0},"classes":[]},{"id":2749,"url":"https:\/\/artstella-elixirs-floraux.com\/en\/product\/woman-femme-bush-30ml\/","url_meta":{"origin":3966,"position":2},"title":"WOMAN Femme BUSH 30ml","author":"eveapprill","date":"9 March 2025","format":false,"excerpt":"Woman -\u00a0Femme Harmonise tous les d\u00e9s\u00e9quilibres durant les p\u00e9riodes de menstruations et de m\u00e9nopause. Permet \u00e0 la femme de d\u00e9couvrir son propre corps et sa beaut\u00e9, et de se trouver bien avec.","rel":"","context":"Similar post","block_context":{"text":"Similar post","link":""},"img":{"alt_text":"","src":"https:\/\/i0.wp.com\/artstella-elixirs-floraux.com\/wp-content\/uploads\/2025\/03\/5e65c23c-78a1-4c2c-944d-7fae066eb8e4.jpg?resize=350%2C200&ssl=1","width":350,"height":200,"srcset":"https:\/\/i0.wp.com\/artstella-elixirs-floraux.com\/wp-content\/uploads\/2025\/03\/5e65c23c-78a1-4c2c-944d-7fae066eb8e4.jpg?resize=350%2C200&ssl=1 1x, https:\/\/i0.wp.com\/artstella-elixirs-floraux.com\/wp-content\/uploads\/2025\/03\/5e65c23c-78a1-4c2c-944d-7fae066eb8e4.jpg?resize=525%2C300&ssl=1 1.5x, https:\/\/i0.wp.com\/artstella-elixirs-floraux.com\/wp-content\/uploads\/2025\/03\/5e65c23c-78a1-4c2c-944d-7fae066eb8e4.jpg?resize=700%2C400&ssl=1 2x"},"classes":[]}],"_links":{"self":[{"href":"https:\/\/artstella-elixirs-floraux.com\/en\/wp-json\/wp\/v2\/product\/3966","targetHints":{"allow":["GET"]}}],"collection":[{"href":"https:\/\/artstella-elixirs-floraux.com\/en\/wp-json\/wp\/v2\/product"}],"about":[{"href":"https:\/\/artstella-elixirs-floraux.com\/en\/wp-json\/wp\/v2\/types\/product"}],"version-history":[{"count":0,"href":"https:\/\/artstella-elixirs-floraux.com\/en\/wp-json\/wp\/v2\/product\/3966\/revisions"}],"wp:featuredmedia":[{"embeddable":true,"href":"https:\/\/artstella-elixirs-floraux.com\/en\/wp-json\/wp\/v2\/media\/3967"}],"wp:attachment":[{"href":"https:\/\/artstella-elixirs-floraux.com\/en\/wp-json\/wp\/v2\/media?parent=3966"}],"wp:term":[{"taxonomy":"product_brand","embeddable":true,"href":"https:\/\/artstella-elixirs-floraux.com\/en\/wp-json\/wp\/v2\/product_brand?post=3966"},{"taxonomy":"product_cat","embeddable":true,"href":"https:\/\/artstella-elixirs-floraux.com\/en\/wp-json\/wp\/v2\/product_cat?post=3966"},{"taxonomy":"product_tag","embeddable":true,"href":"https:\/\/artstella-elixirs-floraux.com\/en\/wp-json\/wp\/v2\/product_tag?post=3966"}],"curies":[{"name":"wp","href":"https:\/\/api.w.org\/{rel}","templated":true}]}}