{"id":3970,"date":"2025-03-09T13:18:56","date_gmt":"2025-03-09T13:18:56","guid":{"rendered":"https:\/\/artstella-elixirs-floraux.com\/product\/lapin-a-e-15-ml-phi\/"},"modified":"2025-06-08T12:51:49","modified_gmt":"2025-06-08T12:51:49","slug":"lapin-a-e-15-ml-phi","status":"publish","type":"product","link":"https:\/\/artstella-elixirs-floraux.com\/en\/product\/lapin-a-e-15-ml-phi\/","title":{"rendered":"LAPIN A.E 15 ML PHI"},"content":{"rendered":"<p><strong><em>Lapin (Lepus europaeus) Hase <\/em><\/strong>am\u00e9liore la perception des sens et notamment l\u2019ouie. Il favorise une perception plus fine et plus subtile de l\u2019environnement. Il convient \u00e0 des personnes qui sont \u00e9loign\u00e9es de la nature notamment celles submerg\u00e9es par les m\u00e9dias. Il leur donne la possibilit\u00e9 de se recentrer sur leurs propres sens et sur l\u2019essentiel. L\u2019\u00e9lixir favorise \u00e9galement la communication entre les personnes et d\u2019une mani\u00e8re g\u00e9n\u00e9rale renforce la sensation de vivre et la qualit\u00e9 du v\u00e9cu.<\/p>","protected":false},"excerpt":{"rendered":"<p><strong><em>Lapin (Lepus europaeus) Hase <\/em><\/strong>am\u00e9liore la perception des sens et notamment l\u2019ouie.<\/p>","protected":false},"featured_media":3971,"template":"","meta":[],"product_brand":[],"product_cat":[137],"product_tag":[],"class_list":{"0":"post-3970","1":"product","2":"type-product","3":"status-publish","4":"has-post-thumbnail","6":"product_cat-les-elixirs-d-animlaux-europeens","8":"first","9":"instock","10":"taxable","11":"shipping-taxable","12":"purchasable","13":"product-type-simple"},"etheme_brands":{"errors":{"invalid_taxonomy":["Invalid taxonomy."]},"error_data":[]},"jetpack_sharing_enabled":true,"jetpack-related-posts":[{"id":3871,"url":"https:\/\/artstella-elixirs-floraux.com\/en\/product\/etoile-de-mer-15-ml-phi\/","url_meta":{"origin":3970,"position":0},"title":"ETOILE DE MER 15 ML PHI","author":"eveapprill","date":"9 March 2025","format":false,"excerpt":"Etoile de mer Seestern Elle d\u00e9veloppe au travers de l\u2019\u00e9lixir une conscience plus fine dans la perception des sens. Ainsi, les relations interpersonnelles peuvent \u00eatre mieux per\u00e7ues. Les contacts sociaux et la communication sont favoris\u00e9s.","rel":"","context":"Similar post","block_context":{"text":"Similar post","link":""},"img":{"alt_text":"","src":"","width":0,"height":0},"classes":[]},{"id":2070,"url":"https:\/\/artstella-elixirs-floraux.com\/en\/product\/alder\/","url_meta":{"origin":3970,"position":1},"title":"Alder 7.5 ML","author":"eveapprill","date":"9 March 2025","format":false,"excerpt":"Aulne, Alnus crispa, Aulne Pour ceux qui\u00a0 ont des difficult\u00e9s \u00e0 voir le sens profond des le\u00e7ons de la vie, qui n'envisagent la vie que superficielement . Favorise la Clart\u00e9 de perception \u00e0 tous les niveau, permet de reconnaitre la v\u00e9rit\u00e9 sup\u00e9rieure dans chaque exp\u00e9rience de vie","rel":"","context":"Similar post","block_context":{"text":"Similar post","link":""},"img":{"alt_text":"","src":"https:\/\/i0.wp.com\/artstella-elixirs-floraux.com\/wp-content\/uploads\/2025\/03\/wp-image37-e1749400586511-1.webp?resize=350%2C200&ssl=1","width":350,"height":200},"classes":[]},{"id":4255,"url":"https:\/\/artstella-elixirs-floraux.com\/en\/product\/rabbit-lapin-wea-30-ml\/","url_meta":{"origin":3970,"position":2},"title":"RABBIT\/LAPIN WEA 30 ML","author":"eveapprill","date":"9 March 2025","format":false,"excerpt":"Rabbit (lapin) Pour soutenir la cr\u00e9ation de l\u2019abondance \u00e0 tous les niveaux de sa vie. D\u00e9veloppe la cr\u00e9ativit\u00e9 et la manifestation dans tous les aspects de sa vie. D\u00e9veloppe la cr\u00e9ativit\u00e9 et la manifestation dans tous les aspects de la vie. Aide \u00e0 cr\u00e9er la vie de ses r\u00eaves.","rel":"","context":"Similar post","block_context":{"text":"Similar post","link":""},"img":{"alt_text":"","src":"https:\/\/i0.wp.com\/artstella-elixirs-floraux.com\/wp-content\/uploads\/2025\/03\/wp-image2271.png?resize=350%2C200&ssl=1","width":350,"height":200,"srcset":"https:\/\/i0.wp.com\/artstella-elixirs-floraux.com\/wp-content\/uploads\/2025\/03\/wp-image2271.png?resize=350%2C200&ssl=1 1x, https:\/\/i0.wp.com\/artstella-elixirs-floraux.com\/wp-content\/uploads\/2025\/03\/wp-image2271.png?resize=525%2C300&ssl=1 1.5x, https:\/\/i0.wp.com\/artstella-elixirs-floraux.com\/wp-content\/uploads\/2025\/03\/wp-image2271.png?resize=700%2C400&ssl=1 2x"},"classes":[]},{"id":3936,"url":"https:\/\/artstella-elixirs-floraux.com\/en\/product\/loup-a-e-15-ml-phi\/","url_meta":{"origin":3970,"position":3},"title":"LOUP A.E 15 ML PHI","author":"eveapprill","date":"9 March 2025","format":false,"excerpt":"Loup (Canis lupus) Wolf\u00a0 renforce les perceptions de nos sens et notre vigilance. Il renforce notre conscience du groupe et de sa dynamique.","rel":"","context":"Similar post","block_context":{"text":"Similar post","link":""},"img":{"alt_text":"","src":"","width":0,"height":0},"classes":[]},{"id":3926,"url":"https:\/\/artstella-elixirs-floraux.com\/en\/product\/araignee-a-e-15-ml-phi\/","url_meta":{"origin":3970,"position":4},"title":"ARAIGNEE A.E 15 ML PHI","author":"eveapprill","date":"9 March 2025","format":false,"excerpt":"Araign\u00e9e (Araneus didematus) Spinne am\u00e9liore les perceptions de notre milieu.","rel":"","context":"Similar post","block_context":{"text":"Similar post","link":""},"img":{"alt_text":"","src":"","width":0,"height":0},"classes":[]},{"id":6054,"url":"https:\/\/artstella-elixirs-floraux.com\/en\/product\/elixir-ocean-n13-phi-15ml\/","url_meta":{"origin":3970,"position":5},"title":"ELIXIR OCEAN N\u00b013 PHI 15ML","author":"eveapprill","date":"9 March 2025","format":false,"excerpt":"Cet \u00e9lixir aide \u00e9motionnellement les personnes sensibles, facilement bless\u00e9es qui se trouvent invisibles au contact des autres. Il les aide \u00e0 se renforcer et \u00e0 devenir plus souples. Pour se sentir plus l\u00e9gitime et avancer plus surement.","rel":"","context":"Similar post","block_context":{"text":"Similar post","link":""},"img":{"alt_text":"","src":"https:\/\/i0.wp.com\/artstella-elixirs-floraux.com\/wp-content\/uploads\/2025\/03\/wp-image2051.png?resize=350%2C200&ssl=1","width":350,"height":200},"classes":[]}],"_links":{"self":[{"href":"https:\/\/artstella-elixirs-floraux.com\/en\/wp-json\/wp\/v2\/product\/3970","targetHints":{"allow":["GET"]}}],"collection":[{"href":"https:\/\/artstella-elixirs-floraux.com\/en\/wp-json\/wp\/v2\/product"}],"about":[{"href":"https:\/\/artstella-elixirs-floraux.com\/en\/wp-json\/wp\/v2\/types\/product"}],"version-history":[{"count":0,"href":"https:\/\/artstella-elixirs-floraux.com\/en\/wp-json\/wp\/v2\/product\/3970\/revisions"}],"wp:featuredmedia":[{"embeddable":true,"href":"https:\/\/artstella-elixirs-floraux.com\/en\/wp-json\/wp\/v2\/media\/3971"}],"wp:attachment":[{"href":"https:\/\/artstella-elixirs-floraux.com\/en\/wp-json\/wp\/v2\/media?parent=3970"}],"wp:term":[{"taxonomy":"product_brand","embeddable":true,"href":"https:\/\/artstella-elixirs-floraux.com\/en\/wp-json\/wp\/v2\/product_brand?post=3970"},{"taxonomy":"product_cat","embeddable":true,"href":"https:\/\/artstella-elixirs-floraux.com\/en\/wp-json\/wp\/v2\/product_cat?post=3970"},{"taxonomy":"product_tag","embeddable":true,"href":"https:\/\/artstella-elixirs-floraux.com\/en\/wp-json\/wp\/v2\/product_tag?post=3970"}],"curies":[{"name":"wp","href":"https:\/\/api.w.org\/{rel}","templated":true}]}}