{"id":3972,"date":"2025-03-09T13:18:57","date_gmt":"2025-03-09T13:18:57","guid":{"rendered":"https:\/\/artstella-elixirs-floraux.com\/product\/cygne-a-e-15-ml-phi\/"},"modified":"2025-06-08T12:51:49","modified_gmt":"2025-06-08T12:51:49","slug":"cygne-a-e-15-ml-phi","status":"publish","type":"product","link":"https:\/\/artstella-elixirs-floraux.com\/en\/product\/cygne-a-e-15-ml-phi\/","title":{"rendered":"CYGNE A.E 15 ML PHI"},"content":{"rendered":"<p><strong><em>Cygne (Cygnus olor) Schwan<\/em><\/strong><\/p>\n<p>L\u2019\u00e9lixir refl\u00e8te en nous la beaut\u00e9 et l\u2019harmonie. Il aide ceux qui sont prisonniers de peurs et de contraintes \u00e0 se lib\u00e9rer. Il apporte une meilleure harmonie dans le couple, la vie sociale ou le groupe. Sa vibration est apaisante et agr\u00e9able.<\/p>","protected":false},"excerpt":{"rendered":"<p><strong><em>Cygne (Cygnus olor) Schwan<\/em><\/strong><\/p>\n<p>L\u2019\u00e9lixir refl\u00e8te en nous la beaut\u00e9 et l\u2019harmonie. Il aide ceux qui sont prisonniers de peurs et de contraintes \u00e0 se lib\u00e9rer.<\/p>","protected":false},"featured_media":3973,"template":"","meta":[],"product_brand":[],"product_cat":[137],"product_tag":[],"class_list":{"0":"post-3972","1":"product","2":"type-product","3":"status-publish","4":"has-post-thumbnail","6":"product_cat-les-elixirs-d-animlaux-europeens","8":"first","9":"instock","10":"taxable","11":"shipping-taxable","12":"purchasable","13":"product-type-simple"},"etheme_brands":{"errors":{"invalid_taxonomy":["Invalid taxonomy."]},"error_data":[]},"jetpack_sharing_enabled":true,"jetpack-related-posts":[{"id":4275,"url":"https:\/\/artstella-elixirs-floraux.com\/en\/product\/swan-cygne-wea-30-ml\/","url_meta":{"origin":3972,"position":0},"title":"SWAN\/CYGNE WEA 30 ML","author":"eveapprill","date":"9 March 2025","format":false,"excerpt":"Swan (cygne) Pour augmenter la capacit\u00e9 \u00e0 reconna\u00eetre et accepter sa propre bont\u00e9 et beaut\u00e9. D\u00e9veloppe un sens de Gr\u00e2ce et aide \u00e0 voir les choses comme un miroir du Divin. Favorise l\u2019estime de soi.","rel":"","context":"Similar post","block_context":{"text":"Similar post","link":""},"img":{"alt_text":"","src":"https:\/\/i0.wp.com\/artstella-elixirs-floraux.com\/wp-content\/uploads\/2025\/03\/wp-image2279.png?resize=350%2C200&ssl=1","width":350,"height":200,"srcset":"https:\/\/i0.wp.com\/artstella-elixirs-floraux.com\/wp-content\/uploads\/2025\/03\/wp-image2279.png?resize=350%2C200&ssl=1 1x, https:\/\/i0.wp.com\/artstella-elixirs-floraux.com\/wp-content\/uploads\/2025\/03\/wp-image2279.png?resize=525%2C300&ssl=1 1.5x, https:\/\/i0.wp.com\/artstella-elixirs-floraux.com\/wp-content\/uploads\/2025\/03\/wp-image2279.png?resize=700%2C400&ssl=1 2x, https:\/\/i0.wp.com\/artstella-elixirs-floraux.com\/wp-content\/uploads\/2025\/03\/wp-image2279.png?resize=1050%2C600&ssl=1 3x"},"classes":[]},{"id":3621,"url":"https:\/\/artstella-elixirs-floraux.com\/en\/product\/messager-du-coeur-ltoe-15-ml\/","url_meta":{"origin":3972,"position":1},"title":"Messager du c\u0153ur LTOE 15 ML","author":"eveapprill","date":"9 March 2025","format":false,"excerpt":"Messenger of the Heart \/ Messager du c\u0153ur Tel un messager sur un cheval blanc, galopant au travers du coeur et pouss\u00e9 par un d\u00e9sir vif d\u2019\u00eatre honn\u00eate et int\u00e8gre, cet \u00e9lixir r\u00e9v\u00e8le les valeurs que l\u2019on tient le plus profond\u00e9ment \u00e0 c\u0153ur. Il aide le c\u0153ur \u00e0 exprimer sa\u2026","rel":"","context":"Similar post","block_context":{"text":"Similar post","link":""},"img":{"alt_text":"","src":"https:\/\/i0.wp.com\/artstella-elixirs-floraux.com\/wp-content\/uploads\/2025\/03\/7c5bf41d-e65b-4d8e-832d-86be0faa2182.jpg?resize=350%2C200&ssl=1","width":350,"height":200,"srcset":"https:\/\/i0.wp.com\/artstella-elixirs-floraux.com\/wp-content\/uploads\/2025\/03\/7c5bf41d-e65b-4d8e-832d-86be0faa2182.jpg?resize=350%2C200&ssl=1 1x, https:\/\/i0.wp.com\/artstella-elixirs-floraux.com\/wp-content\/uploads\/2025\/03\/7c5bf41d-e65b-4d8e-832d-86be0faa2182.jpg?resize=525%2C300&ssl=1 1.5x, https:\/\/i0.wp.com\/artstella-elixirs-floraux.com\/wp-content\/uploads\/2025\/03\/7c5bf41d-e65b-4d8e-832d-86be0faa2182.jpg?resize=700%2C400&ssl=1 2x"},"classes":[]},{"id":6203,"url":"https:\/\/artstella-elixirs-floraux.com\/en\/product\/elixir-ocean-n-22-phi-15ml\/","url_meta":{"origin":3972,"position":2},"title":"ELIXIR OCEAN N\u00b0 22 PHI 15ml","author":"eveapprill","date":"9 March 2025","format":false,"excerpt":"ELIXIR OCEAN N\u00b0 22\u00a0 aide \u00e0 se centrer \u00e9motionnellement et \u00e0 s'harmoniser. Il aide les personnes ayant tendance \u00e0 vouloir contr\u00f4ler les autres \u00e0 pouvoir l\u00e2cher prise. Il favorise \u00e9nerg\u00e9tiquement la lib\u00e9ration de peurs telle la perte de contr\u00f4le.","rel":"","context":"Similar post","block_context":{"text":"Similar post","link":""},"img":{"alt_text":"","src":"https:\/\/i0.wp.com\/artstella-elixirs-floraux.com\/wp-content\/uploads\/2025\/03\/wp-image2196.png?resize=350%2C200&ssl=1","width":350,"height":200},"classes":[]},{"id":5514,"url":"https:\/\/artstella-elixirs-floraux.com\/en\/product\/hypselodoris\/","url_meta":{"origin":3972,"position":3},"title":"HYPSELODORIS &#8211;","author":"eveapprill","date":"9 March 2025","format":false,"excerpt":"HYPSELODORIS \u00a0- \u00a0Sternschnecke \u00a0( Hypselodoris picta webbi,)\u00a0Accroit la confiance en soi, agissant sur le plexus solaire. L\u2019estime de soi et la confiance de base sont renforc\u00e9es, notamment apr\u00e8s des exp\u00e9riences traumatisantes.","rel":"","context":"Similar post","block_context":{"text":"Similar post","link":""},"img":{"alt_text":"","src":"https:\/\/i0.wp.com\/artstella-elixirs-floraux.com\/wp-content\/uploads\/2025\/03\/wp-image1752.png?resize=350%2C200&ssl=1","width":350,"height":200},"classes":[]},{"id":3609,"url":"https:\/\/artstella-elixirs-floraux.com\/en\/product\/papillons-rieurs-ltoe-15-ml\/","url_meta":{"origin":3972,"position":4},"title":"Papillons rieurs LTOE 15 ml","author":"eveapprill","date":"9 March 2025","format":false,"excerpt":"Papillons rieurs \/ Laughing Butterflies\u00a0 Un \u00e9lixir, tr\u00e8s enjou\u00e9 qui favorise le pardon, tel un gros rire du Bouddha heureux. Aide \u00e0 se d\u00e9faire des pr\u00e9occupations, qui s\u2019\u00e9vaporent sans effort.","rel":"","context":"Similar post","block_context":{"text":"Similar post","link":""},"img":{"alt_text":"","src":"https:\/\/i0.wp.com\/artstella-elixirs-floraux.com\/wp-content\/uploads\/2025\/03\/12f7cb6a-ba10-4402-ab26-fd2f78bc80e0.jpg?resize=350%2C200&ssl=1","width":350,"height":200,"srcset":"https:\/\/i0.wp.com\/artstella-elixirs-floraux.com\/wp-content\/uploads\/2025\/03\/12f7cb6a-ba10-4402-ab26-fd2f78bc80e0.jpg?resize=350%2C200&ssl=1 1x, https:\/\/i0.wp.com\/artstella-elixirs-floraux.com\/wp-content\/uploads\/2025\/03\/12f7cb6a-ba10-4402-ab26-fd2f78bc80e0.jpg?resize=525%2C300&ssl=1 1.5x, https:\/\/i0.wp.com\/artstella-elixirs-floraux.com\/wp-content\/uploads\/2025\/03\/12f7cb6a-ba10-4402-ab26-fd2f78bc80e0.jpg?resize=700%2C400&ssl=1 2x"},"classes":[]},{"id":6062,"url":"https:\/\/artstella-elixirs-floraux.com\/en\/product\/elixir-ocean-n17-phi-15ml\/","url_meta":{"origin":3972,"position":5},"title":"ELIXIR OCEAN N\u00b017 PHI 15ML","author":"eveapprill","date":"9 March 2025","format":false,"excerpt":"L\u2019\u00e9lixir agit sur les blocages tr\u00e8s profond\u00e9ment ancr\u00e9s dans le subconscient. Les sentiments tels la peur et la honte peuvent \u00eatre lib\u00e9r\u00e9s. Il aide \u00e0 d\u00e9velopper une clart\u00e9 int\u00e9rieure et am\u00e9liore l\u2019estime de soi.e.","rel":"","context":"Similar post","block_context":{"text":"Similar post","link":""},"img":{"alt_text":"","src":"","width":0,"height":0},"classes":[]}],"_links":{"self":[{"href":"https:\/\/artstella-elixirs-floraux.com\/en\/wp-json\/wp\/v2\/product\/3972","targetHints":{"allow":["GET"]}}],"collection":[{"href":"https:\/\/artstella-elixirs-floraux.com\/en\/wp-json\/wp\/v2\/product"}],"about":[{"href":"https:\/\/artstella-elixirs-floraux.com\/en\/wp-json\/wp\/v2\/types\/product"}],"version-history":[{"count":0,"href":"https:\/\/artstella-elixirs-floraux.com\/en\/wp-json\/wp\/v2\/product\/3972\/revisions"}],"wp:featuredmedia":[{"embeddable":true,"href":"https:\/\/artstella-elixirs-floraux.com\/en\/wp-json\/wp\/v2\/media\/3973"}],"wp:attachment":[{"href":"https:\/\/artstella-elixirs-floraux.com\/en\/wp-json\/wp\/v2\/media?parent=3972"}],"wp:term":[{"taxonomy":"product_brand","embeddable":true,"href":"https:\/\/artstella-elixirs-floraux.com\/en\/wp-json\/wp\/v2\/product_brand?post=3972"},{"taxonomy":"product_cat","embeddable":true,"href":"https:\/\/artstella-elixirs-floraux.com\/en\/wp-json\/wp\/v2\/product_cat?post=3972"},{"taxonomy":"product_tag","embeddable":true,"href":"https:\/\/artstella-elixirs-floraux.com\/en\/wp-json\/wp\/v2\/product_tag?post=3972"}],"curies":[{"name":"wp","href":"https:\/\/api.w.org\/{rel}","templated":true}]}}